{"id":26864,"date":"2024-12-03T05:56:34","date_gmt":"2024-12-03T04:56:34","guid":{"rendered":"https:\/\/craftyminis.com\/sem categoria\/ts2-dark-green\/"},"modified":"2024-12-03T05:56:34","modified_gmt":"2024-12-03T04:56:34","slug":"ts2-dark-green","status":"publish","type":"product","link":"https:\/\/craftyminis.com\/pt-pt\/tintas\/ts2-dark-green\/","title":{"rendered":"TS2 Dark Green"},"content":{"rendered":"<p>D\u00ea aos seus modelos o acabamento perfeito com <strong>Tamiya TS2 Dark Green<\/strong> spray. Este spray de 100ml, parte de <strong>Tamiya Color Spray Paints<\/strong>, \u00e9 ideal para cobrir grandes superf\u00edcies com facilidade e precis\u00e3o. A sua f\u00f3rmula de verniz sint\u00e9tico seca rapidamente, permitindo que trabalhe de forma eficiente nos seus projetos de modelismo.<\/p>\n<p><strong>Caracter\u00edsticas Principais:<\/strong><\/p>\n<ul>\n<li><strong>Cobertura Superior:<\/strong> Uma lata \u00e9 suficiente para pintar completamente duas ou tr\u00eas carro\u00e7arias de carros \u00e0 escala 1\/24.<\/li>\n<li><strong>Versatilidade Total:<\/strong> Compat\u00edvel com tintas acr\u00edlicas e esmalte, permitindo adicionar detalhes ap\u00f3s aplicar a camada base.<\/li>\n<li><strong>F\u00e1cil de Usar:<\/strong> Simplifica e melhora o acabamento dos seus modelos em pl\u00e1stico.<\/li>\n<\/ul>\n<p>A cor <strong>Dark Green (TS2)<\/strong> \u00e9 perfeita para criar tons realistas em ve\u00edculos, aeronaves ou qualquer modelo que exija um acabamento verde escuro elegante e profissional.<\/p>\n<p><strong>Porqu\u00ea Escolher a Tamiya?<\/strong><\/p>\n<p>A Tamiya \u00e9 l\u00edder mundial na ind\u00fastria do modelismo, oferecendo produtos de alta qualidade que garantem resultados impec\u00e1veis. Este spray foi concebido para satisfazer as necessidades tanto de iniciantes como de modelistas experientes.<\/p>\n<p><strong>Destaque os seus modelos com Tamiya TS2 Dark Green!<\/strong><\/p>\n<p><em>Nota: Utilize sempre o spray numa \u00e1rea bem ventilada e siga as instru\u00e7\u00f5es de uso fornecidas pelo fabricante.<\/em><\/p>\n","protected":false},"excerpt":{"rendered":"<p>Tamiya TS2 Dark Green tinta spray (100ml) \u00e9 perfeita para modelismo, oferecendo cobertura uniforme, secagem r\u00e1pida e compatibilidade com tintas acr\u00edlicas e esmalte. Ideal para um acabamento profissional nos seus modelos.<\/p>\n","protected":false},"featured_media":26865,"comment_status":"open","ping_status":"closed","template":"","meta":{"site-sidebar-layout":"default","site-content-layout":"","ast-site-content-layout":"default","site-content-style":"default","site-sidebar-style":"default","ast-global-header-display":"","ast-banner-title-visibility":"","ast-main-header-display":"","ast-hfb-above-header-display":"","ast-hfb-below-header-display":"","ast-hfb-mobile-header-display":"","site-post-title":"","ast-breadcrumbs-content":"","ast-featured-img":"","footer-sml-layout":"","ast-disable-related-posts":"","theme-transparent-header-meta":"default","adv-header-id-meta":"","stick-header-meta":"default","header-above-stick-meta":"","header-main-stick-meta":"","header-below-stick-meta":"","astra-migrate-meta-layouts":"default","ast-page-background-enabled":"default","ast-page-background-meta":{"desktop":{"background-color":"var(--ast-global-color-4)","background-image":"","background-repeat":"repeat","background-position":"center center","background-size":"auto","background-attachment":"scroll","background-type":"","background-media":"","overlay-type":"","overlay-color":"","overlay-opacity":"","overlay-gradient":""},"tablet":{"background-color":"","background-image":"","background-repeat":"repeat","background-position":"center center","background-size":"auto","background-attachment":"scroll","background-type":"","background-media":"","overlay-type":"","overlay-color":"","overlay-opacity":"","overlay-gradient":""},"mobile":{"background-color":"","background-image":"","background-repeat":"repeat","background-position":"center center","background-size":"auto","background-attachment":"scroll","background-type":"","background-media":"","overlay-type":"","overlay-color":"","overlay-opacity":"","overlay-gradient":""}},"ast-content-background-meta":{"desktop":{"background-color":"var(--ast-global-color-5)","background-image":"","background-repeat":"repeat","background-position":"center center","background-size":"auto","background-attachment":"scroll","background-type":"","background-media":"","overlay-type":"","overlay-color":"","overlay-opacity":"","overlay-gradient":""},"tablet":{"background-color":"var(--ast-global-color-5)","background-image":"","background-repeat":"repeat","background-position":"center center","background-size":"auto","background-attachment":"scroll","background-type":"","background-media":"","overlay-type":"","overlay-color":"","overlay-opacity":"","overlay-gradient":""},"mobile":{"background-color":"var(--ast-global-color-5)","background-image":"","background-repeat":"repeat","background-position":"center center","background-size":"auto","background-attachment":"scroll","background-type":"","background-media":"","overlay-type":"","overlay-color":"","overlay-opacity":"","overlay-gradient":""}}},"product_brand":[2236],"product_cat":[1952,2112,2088],"product_tag":[],"class_list":{"0":"post-26864","1":"product","2":"type-product","3":"status-publish","4":"has-post-thumbnail","6":"product_brand-tamiya","7":"product_cat-tintas","8":"product_cat-tintas-acrilicas","9":"product_cat-ts-spray-paints-tamiya","10":"desktop-align-left","11":"tablet-align-left","12":"mobile-align-left","13":"ast-product-gallery-layout-first-image-large","14":"ast-product-gallery-with-no-image","15":"ast-magnify-disabled","16":"ast-product-tabs-layout-accordion","18":"first","19":"instock","20":"taxable","21":"shipping-taxable","22":"purchasable","23":"product-type-simple"},"_links":{"self":[{"href":"https:\/\/craftyminis.com\/pt-pt\/wp-json\/wp\/v2\/product\/26864","targetHints":{"allow":["GET"]}}],"collection":[{"href":"https:\/\/craftyminis.com\/pt-pt\/wp-json\/wp\/v2\/product"}],"about":[{"href":"https:\/\/craftyminis.com\/pt-pt\/wp-json\/wp\/v2\/types\/product"}],"replies":[{"embeddable":true,"href":"https:\/\/craftyminis.com\/pt-pt\/wp-json\/wp\/v2\/comments?post=26864"}],"wp:featuredmedia":[{"embeddable":true,"href":"https:\/\/craftyminis.com\/pt-pt\/wp-json\/wp\/v2\/media\/26865"}],"wp:attachment":[{"href":"https:\/\/craftyminis.com\/pt-pt\/wp-json\/wp\/v2\/media?parent=26864"}],"wp:term":[{"taxonomy":"product_brand","embeddable":true,"href":"https:\/\/craftyminis.com\/pt-pt\/wp-json\/wp\/v2\/product_brand?post=26864"},{"taxonomy":"product_cat","embeddable":true,"href":"https:\/\/craftyminis.com\/pt-pt\/wp-json\/wp\/v2\/product_cat?post=26864"},{"taxonomy":"product_tag","embeddable":true,"href":"https:\/\/craftyminis.com\/pt-pt\/wp-json\/wp\/v2\/product_tag?post=26864"}],"curies":[{"name":"wp","href":"https:\/\/api.w.org\/{rel}","templated":true}]}}