{"id":26159,"date":"2024-04-26T19:59:40","date_gmt":"2024-04-26T18:59:40","guid":{"rendered":"https:\/\/craftyminis.com\/sem categoria\/transparator-thinner-a-mig-2016\/"},"modified":"2024-04-26T19:59:40","modified_gmt":"2024-04-26T18:59:40","slug":"transparator-thinner-a-mig-2016","status":"publish","type":"product","link":"https:\/\/craftyminis.com\/pt-pt\/tintas\/transparator-thinner-a-mig-2016\/","title":{"rendered":"Transparator Thinner A.MIG-2016"},"content":{"rendered":"<p>Aperfei\u00e7oe as suas miniaturas e modelos com o <strong>Diluente para Transparator A.MIG-2016<\/strong>.<\/p>\n<p>Este diluente \u00e0 base de \u00e1gua \u00e9 especialmente concebido para os acr\u00edlicos AMMO, mas tamb\u00e9m \u00e9 compat\u00edvel com outras marcas de tinta acr\u00edlica. \u00c9 o produto ideal para aplicar camadas semi-transparentes tanto com pincel como com aer\u00f3grafo, preservando a qualidade e acabamento originais da tinta. Sol\u00favel em \u00e1gua, inodoro e n\u00e3o t\u00f3xico, garante uma aplica\u00e7\u00e3o segura e eficaz.<\/p>\n<p>Cada frasco inclui um agitador em a\u00e7o inoxid\u00e1vel para assegurar uma mistura r\u00e1pida e uniforme. A tinta dilu\u00edda seca completamente em 24 horas.<\/p>\n<p>Adicione o Diluente para Transparator da AMMO MIG ao seu kit de pintura para otimizar a aplica\u00e7\u00e3o das suas tintas acr\u00edlicas, garantindo <strong>camadas suaves e uniformes<\/strong> quer utilize pincel ou aer\u00f3grafo.<\/p>\n","protected":false},"excerpt":{"rendered":"<p>Diluente para Transparator 17 ml, concebido para otimizar a aplica\u00e7\u00e3o das suas tintas acr\u00edlicas, garantindo <strong>camadas suaves e uniformes<\/strong> quer utilize um pincel ou aer\u00f3grafo.<\/p>\n","protected":false},"featured_media":26160,"comment_status":"open","ping_status":"closed","template":"","meta":{"site-sidebar-layout":"default","site-content-layout":"","ast-site-content-layout":"default","site-content-style":"default","site-sidebar-style":"default","ast-global-header-display":"","ast-banner-title-visibility":"","ast-main-header-display":"","ast-hfb-above-header-display":"","ast-hfb-below-header-display":"","ast-hfb-mobile-header-display":"","site-post-title":"","ast-breadcrumbs-content":"","ast-featured-img":"","footer-sml-layout":"","ast-disable-related-posts":"","theme-transparent-header-meta":"default","adv-header-id-meta":"","stick-header-meta":"default","header-above-stick-meta":"","header-main-stick-meta":"","header-below-stick-meta":"","astra-migrate-meta-layouts":"default","ast-page-background-enabled":"default","ast-page-background-meta":{"desktop":{"background-color":"var(--ast-global-color-4)","background-image":"","background-repeat":"repeat","background-position":"center center","background-size":"auto","background-attachment":"scroll","background-type":"","background-media":"","overlay-type":"","overlay-color":"","overlay-opacity":"","overlay-gradient":""},"tablet":{"background-color":"","background-image":"","background-repeat":"repeat","background-position":"center center","background-size":"auto","background-attachment":"scroll","background-type":"","background-media":"","overlay-type":"","overlay-color":"","overlay-opacity":"","overlay-gradient":""},"mobile":{"background-color":"","background-image":"","background-repeat":"repeat","background-position":"center center","background-size":"auto","background-attachment":"scroll","background-type":"","background-media":"","overlay-type":"","overlay-color":"","overlay-opacity":"","overlay-gradient":""}},"ast-content-background-meta":{"desktop":{"background-color":"var(--ast-global-color-5)","background-image":"","background-repeat":"repeat","background-position":"center center","background-size":"auto","background-attachment":"scroll","background-type":"","background-media":"","overlay-type":"","overlay-color":"","overlay-opacity":"","overlay-gradient":""},"tablet":{"background-color":"var(--ast-global-color-5)","background-image":"","background-repeat":"repeat","background-position":"center center","background-size":"auto","background-attachment":"scroll","background-type":"","background-media":"","overlay-type":"","overlay-color":"","overlay-opacity":"","overlay-gradient":""},"mobile":{"background-color":"var(--ast-global-color-5)","background-image":"","background-repeat":"repeat","background-position":"center center","background-size":"auto","background-attachment":"scroll","background-type":"","background-media":"","overlay-type":"","overlay-color":"","overlay-opacity":"","overlay-gradient":""}}},"product_brand":[1076],"product_cat":[262,186],"product_tag":[],"class_list":{"0":"post-26159","1":"product","2":"type-product","3":"status-publish","4":"has-post-thumbnail","6":"product_brand-ammo-mig-jimenez","7":"product_cat-productos-auxiliares","8":"product_cat-pinturas","9":"desktop-align-left","10":"tablet-align-left","11":"mobile-align-left","12":"ast-product-gallery-layout-first-image-large","13":"ast-product-gallery-with-no-image","14":"ast-magnify-disabled","15":"ast-product-tabs-layout-accordion","17":"first","18":"instock","19":"taxable","20":"shipping-taxable","21":"purchasable","22":"product-type-simple"},"_links":{"self":[{"href":"https:\/\/craftyminis.com\/pt-pt\/wp-json\/wp\/v2\/product\/26159","targetHints":{"allow":["GET"]}}],"collection":[{"href":"https:\/\/craftyminis.com\/pt-pt\/wp-json\/wp\/v2\/product"}],"about":[{"href":"https:\/\/craftyminis.com\/pt-pt\/wp-json\/wp\/v2\/types\/product"}],"replies":[{"embeddable":true,"href":"https:\/\/craftyminis.com\/pt-pt\/wp-json\/wp\/v2\/comments?post=26159"}],"wp:featuredmedia":[{"embeddable":true,"href":"https:\/\/craftyminis.com\/pt-pt\/wp-json\/wp\/v2\/media\/26160"}],"wp:attachment":[{"href":"https:\/\/craftyminis.com\/pt-pt\/wp-json\/wp\/v2\/media?parent=26159"}],"wp:term":[{"taxonomy":"product_brand","embeddable":true,"href":"https:\/\/craftyminis.com\/pt-pt\/wp-json\/wp\/v2\/product_brand?post=26159"},{"taxonomy":"product_cat","embeddable":true,"href":"https:\/\/craftyminis.com\/pt-pt\/wp-json\/wp\/v2\/product_cat?post=26159"},{"taxonomy":"product_tag","embeddable":true,"href":"https:\/\/craftyminis.com\/pt-pt\/wp-json\/wp\/v2\/product_tag?post=26159"}],"curies":[{"name":"wp","href":"https:\/\/api.w.org\/{rel}","templated":true}]}}