{"id":26151,"date":"2025-01-07T21:28:42","date_gmt":"2025-01-07T20:28:42","guid":{"rendered":"https:\/\/craftyminis.com\/sem categoria\/vallejo-airbrush-thinner-71161\/"},"modified":"2025-01-07T21:28:42","modified_gmt":"2025-01-07T20:28:42","slug":"vallejo-airbrush-thinner-71161","status":"publish","type":"product","link":"https:\/\/craftyminis.com\/pt-pt\/tintas\/vallejo-airbrush-thinner-71161\/","title":{"rendered":"Vallejo Airbrush Thinner 200ml 71161"},"content":{"rendered":"<p>Melhore as suas tintas com o Vallejo <strong>Airbrush Thinner<\/strong> 71161<\/p>\n<p>Este diluente \u00e9 especialmente concebido para preservar a ades\u00e3o, durabilidade e consist\u00eancia das suas tintas enquanto as dilui. Para uso com aer\u00f3grafo, recomenda-se adicionar at\u00e9 25% de diluente; para pintura com pincel, pode diluir at\u00e9 50%.<\/p>\n<p>Fa\u00e7a do Vallejo Airbrush Thinner uma parte essencial do seu kit de pintura para alcan\u00e7ar a <strong>consist\u00eancia perfeita<\/strong> em todos os seus projetos.<\/p>\n<p>Dispon\u00edvel numa pr\u00e1tica embalagem de 200 ml.<\/p>\n","protected":false},"excerpt":{"rendered":"<p>Maximize o desempenho das suas tintas com o Vallejo Airbrush Thinner, concebido para um afinamento preciso e melhor ades\u00e3o e consist\u00eancia em aplica\u00e7\u00f5es com aer\u00f3grafo e pincel.<\/p>\n","protected":false},"featured_media":26152,"comment_status":"open","ping_status":"closed","template":"","meta":{"site-sidebar-layout":"default","site-content-layout":"","ast-site-content-layout":"default","site-content-style":"default","site-sidebar-style":"default","ast-global-header-display":"","ast-banner-title-visibility":"","ast-main-header-display":"","ast-hfb-above-header-display":"","ast-hfb-below-header-display":"","ast-hfb-mobile-header-display":"","site-post-title":"","ast-breadcrumbs-content":"","ast-featured-img":"","footer-sml-layout":"","ast-disable-related-posts":"","theme-transparent-header-meta":"default","adv-header-id-meta":"","stick-header-meta":"default","header-above-stick-meta":"","header-main-stick-meta":"","header-below-stick-meta":"","astra-migrate-meta-layouts":"default","ast-page-background-enabled":"default","ast-page-background-meta":{"desktop":{"background-color":"var(--ast-global-color-4)","background-image":"","background-repeat":"repeat","background-position":"center center","background-size":"auto","background-attachment":"scroll","background-type":"","background-media":"","overlay-type":"","overlay-color":"","overlay-opacity":"","overlay-gradient":""},"tablet":{"background-color":"","background-image":"","background-repeat":"repeat","background-position":"center center","background-size":"auto","background-attachment":"scroll","background-type":"","background-media":"","overlay-type":"","overlay-color":"","overlay-opacity":"","overlay-gradient":""},"mobile":{"background-color":"","background-image":"","background-repeat":"repeat","background-position":"center center","background-size":"auto","background-attachment":"scroll","background-type":"","background-media":"","overlay-type":"","overlay-color":"","overlay-opacity":"","overlay-gradient":""}},"ast-content-background-meta":{"desktop":{"background-color":"var(--ast-global-color-5)","background-image":"","background-repeat":"repeat","background-position":"center center","background-size":"auto","background-attachment":"scroll","background-type":"","background-media":"","overlay-type":"","overlay-color":"","overlay-opacity":"","overlay-gradient":""},"tablet":{"background-color":"var(--ast-global-color-5)","background-image":"","background-repeat":"repeat","background-position":"center center","background-size":"auto","background-attachment":"scroll","background-type":"","background-media":"","overlay-type":"","overlay-color":"","overlay-opacity":"","overlay-gradient":""},"mobile":{"background-color":"var(--ast-global-color-5)","background-image":"","background-repeat":"repeat","background-position":"center center","background-size":"auto","background-attachment":"scroll","background-type":"","background-media":"","overlay-type":"","overlay-color":"","overlay-opacity":"","overlay-gradient":""}}},"product_brand":[2244],"product_cat":[1952,2160,2156],"product_tag":[],"class_list":{"0":"post-26151","1":"product","2":"type-product","3":"status-publish","4":"has-post-thumbnail","6":"product_brand-vallejo","7":"product_cat-tintas","8":"product_cat-auxiliary-products-vallejo","9":"product_cat-produtos-auxiliares","10":"desktop-align-left","11":"tablet-align-left","12":"mobile-align-left","13":"ast-product-gallery-layout-first-image-large","14":"ast-product-gallery-with-no-image","15":"ast-magnify-disabled","16":"ast-product-tabs-layout-accordion","18":"first","19":"instock","20":"taxable","21":"shipping-taxable","22":"purchasable","23":"product-type-simple"},"_links":{"self":[{"href":"https:\/\/craftyminis.com\/pt-pt\/wp-json\/wp\/v2\/product\/26151","targetHints":{"allow":["GET"]}}],"collection":[{"href":"https:\/\/craftyminis.com\/pt-pt\/wp-json\/wp\/v2\/product"}],"about":[{"href":"https:\/\/craftyminis.com\/pt-pt\/wp-json\/wp\/v2\/types\/product"}],"replies":[{"embeddable":true,"href":"https:\/\/craftyminis.com\/pt-pt\/wp-json\/wp\/v2\/comments?post=26151"}],"wp:featuredmedia":[{"embeddable":true,"href":"https:\/\/craftyminis.com\/pt-pt\/wp-json\/wp\/v2\/media\/26152"}],"wp:attachment":[{"href":"https:\/\/craftyminis.com\/pt-pt\/wp-json\/wp\/v2\/media?parent=26151"}],"wp:term":[{"taxonomy":"product_brand","embeddable":true,"href":"https:\/\/craftyminis.com\/pt-pt\/wp-json\/wp\/v2\/product_brand?post=26151"},{"taxonomy":"product_cat","embeddable":true,"href":"https:\/\/craftyminis.com\/pt-pt\/wp-json\/wp\/v2\/product_cat?post=26151"},{"taxonomy":"product_tag","embeddable":true,"href":"https:\/\/craftyminis.com\/pt-pt\/wp-json\/wp\/v2\/product_tag?post=26151"}],"curies":[{"name":"wp","href":"https:\/\/api.w.org\/{rel}","templated":true}]}}