{"id":26135,"date":"2025-01-07T21:55:33","date_gmt":"2025-01-07T20:55:33","guid":{"rendered":"https:\/\/craftyminis.com\/sem categoria\/decal-softener-73212-vallejo\/"},"modified":"2025-01-07T21:55:33","modified_gmt":"2025-01-07T20:55:33","slug":"decal-softener-73212-vallejo","status":"publish","type":"product","link":"https:\/\/craftyminis.com\/pt-pt\/tintas\/decal-softener-73212-vallejo\/","title":{"rendered":"Decal Softener 73212 Vallejo"},"content":{"rendered":"<p><strong>Decal Softener 73212 Vallejo<\/strong><\/p>\n<p>O <strong>Decal Softener 73212 Vallejo<\/strong> \u00e9 especialmente formulado para proteger e amaciar decalques, facilitando a sua adapta\u00e7\u00e3o \u00e0s superf\u00edcies dos modelos \u00e0 escala. A sua composi\u00e7\u00e3o garante que os decalques adiram precisamente aos detalhes intrincados do modelo, como linhas de pain\u00e9is, superf\u00edcies elevadas, parafusos e rebites. Dependendo da espessura e qualidade dos decalques, podem ser necess\u00e1rias v\u00e1rias aplica\u00e7\u00f5es.<\/p>\n<p>Opcionalmente, uma vez aplicado e fixado o decalque, pode ser adicionada uma camada final de verniz para prote\u00e7\u00e3o extra.<\/p>\n<p><strong>Cuidado:<\/strong> Este produto cont\u00e9m \u00e1lcool, \u00e9 inflam\u00e1vel e deve ser usado de acordo com as normas de seguran\u00e7a.<\/p>\n","protected":false},"excerpt":{"rendered":"<p>Remove res\u00edduos de tinta e preserva os mecanismos do aer\u00f3grafo sem causar danos. Perfeito para a limpeza precisa da v\u00e1lvula e do bico.<\/p>\n","protected":false},"featured_media":26136,"comment_status":"open","ping_status":"closed","template":"","meta":{"site-sidebar-layout":"default","site-content-layout":"","ast-site-content-layout":"default","site-content-style":"default","site-sidebar-style":"default","ast-global-header-display":"","ast-banner-title-visibility":"","ast-main-header-display":"","ast-hfb-above-header-display":"","ast-hfb-below-header-display":"","ast-hfb-mobile-header-display":"","site-post-title":"","ast-breadcrumbs-content":"","ast-featured-img":"","footer-sml-layout":"","ast-disable-related-posts":"","theme-transparent-header-meta":"default","adv-header-id-meta":"","stick-header-meta":"default","header-above-stick-meta":"","header-main-stick-meta":"","header-below-stick-meta":"","astra-migrate-meta-layouts":"default","ast-page-background-enabled":"default","ast-page-background-meta":{"desktop":{"background-color":"var(--ast-global-color-4)","background-image":"","background-repeat":"repeat","background-position":"center center","background-size":"auto","background-attachment":"scroll","background-type":"","background-media":"","overlay-type":"","overlay-color":"","overlay-opacity":"","overlay-gradient":""},"tablet":{"background-color":"","background-image":"","background-repeat":"repeat","background-position":"center center","background-size":"auto","background-attachment":"scroll","background-type":"","background-media":"","overlay-type":"","overlay-color":"","overlay-opacity":"","overlay-gradient":""},"mobile":{"background-color":"","background-image":"","background-repeat":"repeat","background-position":"center center","background-size":"auto","background-attachment":"scroll","background-type":"","background-media":"","overlay-type":"","overlay-color":"","overlay-opacity":"","overlay-gradient":""}},"ast-content-background-meta":{"desktop":{"background-color":"var(--ast-global-color-5)","background-image":"","background-repeat":"repeat","background-position":"center center","background-size":"auto","background-attachment":"scroll","background-type":"","background-media":"","overlay-type":"","overlay-color":"","overlay-opacity":"","overlay-gradient":""},"tablet":{"background-color":"var(--ast-global-color-5)","background-image":"","background-repeat":"repeat","background-position":"center center","background-size":"auto","background-attachment":"scroll","background-type":"","background-media":"","overlay-type":"","overlay-color":"","overlay-opacity":"","overlay-gradient":""},"mobile":{"background-color":"var(--ast-global-color-5)","background-image":"","background-repeat":"repeat","background-position":"center center","background-size":"auto","background-attachment":"scroll","background-type":"","background-media":"","overlay-type":"","overlay-color":"","overlay-opacity":"","overlay-gradient":""}}},"product_brand":[2244],"product_cat":[1952,2160,2156],"product_tag":[],"class_list":{"0":"post-26135","1":"product","2":"type-product","3":"status-publish","4":"has-post-thumbnail","6":"product_brand-vallejo","7":"product_cat-tintas","8":"product_cat-auxiliary-products-vallejo","9":"product_cat-produtos-auxiliares","10":"desktop-align-left","11":"tablet-align-left","12":"mobile-align-left","13":"ast-product-gallery-layout-first-image-large","14":"ast-product-gallery-with-no-image","15":"ast-magnify-disabled","16":"ast-product-tabs-layout-accordion","18":"first","19":"instock","20":"taxable","21":"shipping-taxable","22":"purchasable","23":"product-type-simple"},"_links":{"self":[{"href":"https:\/\/craftyminis.com\/pt-pt\/wp-json\/wp\/v2\/product\/26135","targetHints":{"allow":["GET"]}}],"collection":[{"href":"https:\/\/craftyminis.com\/pt-pt\/wp-json\/wp\/v2\/product"}],"about":[{"href":"https:\/\/craftyminis.com\/pt-pt\/wp-json\/wp\/v2\/types\/product"}],"replies":[{"embeddable":true,"href":"https:\/\/craftyminis.com\/pt-pt\/wp-json\/wp\/v2\/comments?post=26135"}],"wp:featuredmedia":[{"embeddable":true,"href":"https:\/\/craftyminis.com\/pt-pt\/wp-json\/wp\/v2\/media\/26136"}],"wp:attachment":[{"href":"https:\/\/craftyminis.com\/pt-pt\/wp-json\/wp\/v2\/media?parent=26135"}],"wp:term":[{"taxonomy":"product_brand","embeddable":true,"href":"https:\/\/craftyminis.com\/pt-pt\/wp-json\/wp\/v2\/product_brand?post=26135"},{"taxonomy":"product_cat","embeddable":true,"href":"https:\/\/craftyminis.com\/pt-pt\/wp-json\/wp\/v2\/product_cat?post=26135"},{"taxonomy":"product_tag","embeddable":true,"href":"https:\/\/craftyminis.com\/pt-pt\/wp-json\/wp\/v2\/product_tag?post=26135"}],"curies":[{"name":"wp","href":"https:\/\/api.w.org\/{rel}","templated":true}]}}