{"id":25971,"date":"2024-04-28T08:39:08","date_gmt":"2024-04-28T07:39:08","guid":{"rendered":"https:\/\/craftyminis.com\/sem categoria\/lucky-varnish-ultra-matt-varnish-a-mig-2054\/"},"modified":"2024-04-28T08:39:08","modified_gmt":"2024-04-28T07:39:08","slug":"lucky-varnish-ultra-matt-varnish-a-mig-2054","status":"publish","type":"product","link":"https:\/\/craftyminis.com\/pt-pt\/tintas\/lucky-varnish-ultra-matt-varnish-a-mig-2054\/","title":{"rendered":"Ultra-Matt Varnish A.MIG-2054"},"content":{"rendered":"<p>Melhore as suas miniaturas e modelos com <strong>Verniz Ultra-Mate A.MIG-2054.<\/strong><\/p>\n<p>Um verniz mate adequado para todas as tintas acr\u00edlicas, proporcionando um acabamento completamente plano. Este produto oferece duas aplica\u00e7\u00f5es principais:<\/p>\n<ul>\n<li>Pode ser usado diretamente do frasco como verniz final para um acabamento ultra-mate.<\/li>\n<li>Tamb\u00e9m pode ser misturado com outras tintas acr\u00edlicas para reduzir o seu brilho.<\/li>\n<\/ul>\n<p>Aplicar verniz tem sido sempre um desafio significativo para os modelistas. Muitos j\u00e1 experimentaram resultados desfavor\u00e1veis ao usar vernizes inadequados ou de baixa qualidade. O envernizamento \u00e9, de facto, uma etapa cr\u00edtica na constru\u00e7\u00e3o de modelos. A AMMO apresenta agora uma linha completa de vernizes que garantem sucesso em todos os projetos de modelismo.<\/p>\n<p>Este verniz acr\u00edlico simplifica a obten\u00e7\u00e3o de efici\u00eancia \u00f3tima quer com aer\u00f3grafo quer com pincel. Pode ser aplicado em camadas finas diretamente do frasco sem diluir, garantindo um acabamento impec\u00e1vel. Ao usar aer\u00f3grafo, pulverize a uma dist\u00e2ncia de cerca de 15 cm. O produto \u00e9 n\u00e3o t\u00f3xico, inodoro, sol\u00favel em \u00e1gua e deve ser bem agitado antes de usar. <strong>seca completamente em 24 horas.<\/strong><\/p>\n<p>Esta linha de vernizes foi aperfei\u00e7oada ao longo de v\u00e1rios anos para garantir que os modelistas obtenham resultados excecionais em cada aplica\u00e7\u00e3o. N\u00e3o deixe nada ao acaso\u2014confie na superioridade do novo LUCKY VARNISH. Com estes produtos, os acabamentos dos seus modelos deixar\u00e3o de depender da inconsist\u00eancia dos vernizes comuns. Expanda o seu conjunto com esta s\u00e9rie para cobrir todas as necessidades de modelismo, desde acabamentos de alto brilho a ultra-mate.<\/p>\n<p>Adicione AMMO MIG Verniz Ultra-Mate ao seu kit de pintura para proporcionar <strong>acabamentos transparentes excecionais para qualquer modelo e tema.<\/strong> N\u00e3o amarele nem altere as cores originais. Perfeito para uso com aer\u00f3grafo ou pincel.<br \/>\n1- Ao usar aer\u00f3grafo, fa\u00e7a passagens leves e breves a uma press\u00e3o de 1,2 bar (17 psi) para evitar acumula\u00e7\u00e3o.<br \/>\n2- Deixe secar pelo menos 5 minutos entre camadas. Evite saturar a superf\u00edcie.<br \/>\n3- Deixe secar completamente por 12 horas.<br \/>\n4- N\u00e3o \u00e9 necess\u00e1ria dilui\u00e7\u00e3o. Limpe as ferramentas com A.MIG-2000 Acrylic Thinner ou \u00e1gua.<\/p>\n","protected":false},"excerpt":{"rendered":"<p>Verniz mate multifuncional para tintas acr\u00edlicas, <strong>perfeito para obter acabamentos ultra-mate e ajustar os n\u00edveis de brilho<\/strong>, com aplica\u00e7\u00e3o direta e sem necessidade de dilui\u00e7\u00e3o.<\/p>\n","protected":false},"featured_media":25972,"comment_status":"open","ping_status":"closed","template":"","meta":{"site-sidebar-layout":"default","site-content-layout":"","ast-site-content-layout":"default","site-content-style":"default","site-sidebar-style":"default","ast-global-header-display":"","ast-banner-title-visibility":"","ast-main-header-display":"","ast-hfb-above-header-display":"","ast-hfb-below-header-display":"","ast-hfb-mobile-header-display":"","site-post-title":"","ast-breadcrumbs-content":"","ast-featured-img":"","footer-sml-layout":"","ast-disable-related-posts":"","theme-transparent-header-meta":"default","adv-header-id-meta":"","stick-header-meta":"default","header-above-stick-meta":"","header-main-stick-meta":"","header-below-stick-meta":"","astra-migrate-meta-layouts":"default","ast-page-background-enabled":"default","ast-page-background-meta":{"desktop":{"background-color":"var(--ast-global-color-4)","background-image":"","background-repeat":"repeat","background-position":"center center","background-size":"auto","background-attachment":"scroll","background-type":"","background-media":"","overlay-type":"","overlay-color":"","overlay-opacity":"","overlay-gradient":""},"tablet":{"background-color":"","background-image":"","background-repeat":"repeat","background-position":"center center","background-size":"auto","background-attachment":"scroll","background-type":"","background-media":"","overlay-type":"","overlay-color":"","overlay-opacity":"","overlay-gradient":""},"mobile":{"background-color":"","background-image":"","background-repeat":"repeat","background-position":"center center","background-size":"auto","background-attachment":"scroll","background-type":"","background-media":"","overlay-type":"","overlay-color":"","overlay-opacity":"","overlay-gradient":""}},"ast-content-background-meta":{"desktop":{"background-color":"var(--ast-global-color-5)","background-image":"","background-repeat":"repeat","background-position":"center center","background-size":"auto","background-attachment":"scroll","background-type":"","background-media":"","overlay-type":"","overlay-color":"","overlay-opacity":"","overlay-gradient":""},"tablet":{"background-color":"var(--ast-global-color-5)","background-image":"","background-repeat":"repeat","background-position":"center center","background-size":"auto","background-attachment":"scroll","background-type":"","background-media":"","overlay-type":"","overlay-color":"","overlay-opacity":"","overlay-gradient":""},"mobile":{"background-color":"var(--ast-global-color-5)","background-image":"","background-repeat":"repeat","background-position":"center center","background-size":"auto","background-attachment":"scroll","background-type":"","background-media":"","overlay-type":"","overlay-color":"","overlay-opacity":"","overlay-gradient":""}}},"product_brand":[2184],"product_cat":[1952,1965],"product_tag":[],"class_list":{"0":"post-25971","1":"product","2":"type-product","3":"status-publish","4":"has-post-thumbnail","6":"product_brand-ammo-mig-jimenez","7":"product_cat-tintas","8":"product_cat-vernizes","9":"desktop-align-left","10":"tablet-align-left","11":"mobile-align-left","12":"ast-product-gallery-layout-first-image-large","13":"ast-product-gallery-with-no-image","14":"ast-magnify-disabled","15":"ast-product-tabs-layout-accordion","17":"first","18":"outofstock","19":"taxable","20":"shipping-taxable","21":"purchasable","22":"product-type-simple"},"_links":{"self":[{"href":"https:\/\/craftyminis.com\/pt-pt\/wp-json\/wp\/v2\/product\/25971","targetHints":{"allow":["GET"]}}],"collection":[{"href":"https:\/\/craftyminis.com\/pt-pt\/wp-json\/wp\/v2\/product"}],"about":[{"href":"https:\/\/craftyminis.com\/pt-pt\/wp-json\/wp\/v2\/types\/product"}],"replies":[{"embeddable":true,"href":"https:\/\/craftyminis.com\/pt-pt\/wp-json\/wp\/v2\/comments?post=25971"}],"wp:featuredmedia":[{"embeddable":true,"href":"https:\/\/craftyminis.com\/pt-pt\/wp-json\/wp\/v2\/media\/25972"}],"wp:attachment":[{"href":"https:\/\/craftyminis.com\/pt-pt\/wp-json\/wp\/v2\/media?parent=25971"}],"wp:term":[{"taxonomy":"product_brand","embeddable":true,"href":"https:\/\/craftyminis.com\/pt-pt\/wp-json\/wp\/v2\/product_brand?post=25971"},{"taxonomy":"product_cat","embeddable":true,"href":"https:\/\/craftyminis.com\/pt-pt\/wp-json\/wp\/v2\/product_cat?post=25971"},{"taxonomy":"product_tag","embeddable":true,"href":"https:\/\/craftyminis.com\/pt-pt\/wp-json\/wp\/v2\/product_tag?post=25971"}],"curies":[{"name":"wp","href":"https:\/\/api.w.org\/{rel}","templated":true}]}}