{"id":25963,"date":"2024-04-28T09:29:14","date_gmt":"2024-04-28T08:29:14","guid":{"rendered":"https:\/\/craftyminis.com\/sem categoria\/lucky-varnish-matt-varnish-a-mig-2055\/"},"modified":"2024-04-28T09:29:14","modified_gmt":"2024-04-28T08:29:14","slug":"lucky-varnish-matt-varnish-a-mig-2055","status":"publish","type":"product","link":"https:\/\/craftyminis.com\/pt-pt\/tintas\/lucky-varnish-matt-varnish-a-mig-2055\/","title":{"rendered":"Matt Varnish A.MIG-2055"},"content":{"rendered":"<p>Aperfei\u00e7oe as suas miniaturas e modelos com <strong>Verniz Mate A.MIG-2055.<\/strong><\/p>\n<p>Aplicar vernizes tem sido sempre um desafio significativo para os modelistas. Muitos j\u00e1 experienciaram resultados desfavor\u00e1veis ao usar vernizes inadequados ou de baixa qualidade. O envernizamento \u00e9, de facto, uma etapa cr\u00edtica na constru\u00e7\u00e3o de modelos. A AMMO oferece agora uma gama completa que garante sucesso em todos os projetos de modelismo.<\/p>\n<p>Este verniz acr\u00edlico simplifica a obten\u00e7\u00e3o de resultados \u00f3timos com aer\u00f3grafo ou pincel, aplicando camadas finas. Pode ser usado diretamente do frasco sem dilui\u00e7\u00e3o para um acabamento perfeito. Ao usar aer\u00f3grafo, recomenda-se pulverizar a cerca de 15 cm de dist\u00e2ncia. O produto \u00e9 n\u00e3o t\u00f3xico, inodoro, sol\u00favel em \u00e1gua, e deve ser bem agitado antes de usar. Ele <strong>seca completamente em 24 horas.<\/strong><\/p>\n<p>Esta linha de vernizes foi aperfei\u00e7oada ao longo de v\u00e1rios anos para garantir que os modelistas obtenham consistentemente resultados excecionais em cada aplica\u00e7\u00e3o. N\u00e3o deixe nada ao acaso\u2014confie na superioridade do novo LUCKY VARNISH. Com estes produtos, assegura que os acabamentos dos seus modelos n\u00e3o dependem mais da inconsist\u00eancia dos vernizes comuns. Expanda o seu conjunto com esta s\u00e9rie para cobrir todas as suas necessidades de modelismo, desde acabamentos de alto brilho at\u00e9 acabamentos completamente mate.<\/p>\n<p>Adicione AMMO MIG Verniz Mate ao seu kit de pintura para proporcionar <strong>acabamentos transparentes excecionais para qualquer modelo e tema.<\/strong> N\u00e3o amarele nem altere as cores originais. Ideal para uso com aer\u00f3grafo ou pincel.<br \/>\n1- Ao usar aer\u00f3grafo, fa\u00e7a passagens leves e curtas a uma press\u00e3o de 1,2 bar (17 psi) para evitar acumula\u00e7\u00e3o.<br \/>\n2- Deixe secar pelo menos 5 minutos entre camadas. Evite saturar a superf\u00edcie.<br \/>\n3- Deixe secar completamente por 12 horas.<br \/>\n4- N\u00e3o \u00e9 necess\u00e1ria dilui\u00e7\u00e3o. Limpe as ferramentas com A.MIG-2000 Acrylic Thinner ou \u00e1gua.<\/p>\n","protected":false},"excerpt":{"rendered":"<p>Verniz mate multifuncional para tintas acr\u00edlicas, <strong>ideal para obter acabamentos mate<\/strong>, com aplica\u00e7\u00e3o direta e sem necessidade de dilui\u00e7\u00e3o.<\/p>\n","protected":false},"featured_media":25964,"comment_status":"open","ping_status":"closed","template":"","meta":{"site-sidebar-layout":"default","site-content-layout":"","ast-site-content-layout":"default","site-content-style":"default","site-sidebar-style":"default","ast-global-header-display":"","ast-banner-title-visibility":"","ast-main-header-display":"","ast-hfb-above-header-display":"","ast-hfb-below-header-display":"","ast-hfb-mobile-header-display":"","site-post-title":"","ast-breadcrumbs-content":"","ast-featured-img":"","footer-sml-layout":"","ast-disable-related-posts":"","theme-transparent-header-meta":"default","adv-header-id-meta":"","stick-header-meta":"default","header-above-stick-meta":"","header-main-stick-meta":"","header-below-stick-meta":"","astra-migrate-meta-layouts":"default","ast-page-background-enabled":"default","ast-page-background-meta":{"desktop":{"background-color":"var(--ast-global-color-4)","background-image":"","background-repeat":"repeat","background-position":"center center","background-size":"auto","background-attachment":"scroll","background-type":"","background-media":"","overlay-type":"","overlay-color":"","overlay-opacity":"","overlay-gradient":""},"tablet":{"background-color":"","background-image":"","background-repeat":"repeat","background-position":"center center","background-size":"auto","background-attachment":"scroll","background-type":"","background-media":"","overlay-type":"","overlay-color":"","overlay-opacity":"","overlay-gradient":""},"mobile":{"background-color":"","background-image":"","background-repeat":"repeat","background-position":"center center","background-size":"auto","background-attachment":"scroll","background-type":"","background-media":"","overlay-type":"","overlay-color":"","overlay-opacity":"","overlay-gradient":""}},"ast-content-background-meta":{"desktop":{"background-color":"var(--ast-global-color-5)","background-image":"","background-repeat":"repeat","background-position":"center center","background-size":"auto","background-attachment":"scroll","background-type":"","background-media":"","overlay-type":"","overlay-color":"","overlay-opacity":"","overlay-gradient":""},"tablet":{"background-color":"var(--ast-global-color-5)","background-image":"","background-repeat":"repeat","background-position":"center center","background-size":"auto","background-attachment":"scroll","background-type":"","background-media":"","overlay-type":"","overlay-color":"","overlay-opacity":"","overlay-gradient":""},"mobile":{"background-color":"var(--ast-global-color-5)","background-image":"","background-repeat":"repeat","background-position":"center center","background-size":"auto","background-attachment":"scroll","background-type":"","background-media":"","overlay-type":"","overlay-color":"","overlay-opacity":"","overlay-gradient":""}}},"product_brand":[2184],"product_cat":[1952,1965],"product_tag":[],"class_list":{"0":"post-25963","1":"product","2":"type-product","3":"status-publish","4":"has-post-thumbnail","6":"product_brand-ammo-mig-jimenez","7":"product_cat-tintas","8":"product_cat-vernizes","9":"desktop-align-left","10":"tablet-align-left","11":"mobile-align-left","12":"ast-product-gallery-layout-first-image-large","13":"ast-product-gallery-with-no-image","14":"ast-magnify-disabled","15":"ast-product-tabs-layout-accordion","17":"first","18":"instock","19":"taxable","20":"shipping-taxable","21":"purchasable","22":"product-type-simple"},"_links":{"self":[{"href":"https:\/\/craftyminis.com\/pt-pt\/wp-json\/wp\/v2\/product\/25963","targetHints":{"allow":["GET"]}}],"collection":[{"href":"https:\/\/craftyminis.com\/pt-pt\/wp-json\/wp\/v2\/product"}],"about":[{"href":"https:\/\/craftyminis.com\/pt-pt\/wp-json\/wp\/v2\/types\/product"}],"replies":[{"embeddable":true,"href":"https:\/\/craftyminis.com\/pt-pt\/wp-json\/wp\/v2\/comments?post=25963"}],"wp:featuredmedia":[{"embeddable":true,"href":"https:\/\/craftyminis.com\/pt-pt\/wp-json\/wp\/v2\/media\/25964"}],"wp:attachment":[{"href":"https:\/\/craftyminis.com\/pt-pt\/wp-json\/wp\/v2\/media?parent=25963"}],"wp:term":[{"taxonomy":"product_brand","embeddable":true,"href":"https:\/\/craftyminis.com\/pt-pt\/wp-json\/wp\/v2\/product_brand?post=25963"},{"taxonomy":"product_cat","embeddable":true,"href":"https:\/\/craftyminis.com\/pt-pt\/wp-json\/wp\/v2\/product_cat?post=25963"},{"taxonomy":"product_tag","embeddable":true,"href":"https:\/\/craftyminis.com\/pt-pt\/wp-json\/wp\/v2\/product_tag?post=25963"}],"curies":[{"name":"wp","href":"https:\/\/api.w.org\/{rel}","templated":true}]}}