{"id":25521,"date":"2024-04-18T12:24:43","date_gmt":"2024-04-18T11:24:43","guid":{"rendered":"https:\/\/craftyminis.com\/sem categoria\/vallejo-brown-splash-mud-effect-73805-weathering-fx\/"},"modified":"2024-04-18T12:24:43","modified_gmt":"2024-04-18T11:24:43","slug":"vallejo-brown-splash-mud-effect-73805-weathering-fx","status":"publish","type":"product","link":"https:\/\/craftyminis.com\/pt-pt\/tintas\/vallejo-brown-splash-mud-effect-73805-weathering-fx\/","title":{"rendered":"Brown Splash Mud 73805 Weathering FX Vallejo"},"content":{"rendered":"<p>Explore os efeitos realistas do Vallejo <strong>Brown Splash Mud<\/strong>. Weathering FX apresenta a sua linha \u00e0 base de \u00e1gua de efeitos ambientais, perfeita para modelistas que pretendem replicar autenticamente as condi\u00e7\u00f5es naturais em modelos e dioramas.<\/p>\n<p>Este produto foi cuidadosamente formulado para criar efeitos visuais impressionantes, como manchas h\u00famidas, musgo na madeira e lama nas rochas, permitindo-lhe contar hist\u00f3rias visuais cativantes sobre a vida operacional de cada elemento modelado. Aplique diretamente em qualquer superf\u00edcie para resultados r\u00e1pidos e eficazes. O seu tempo de secagem r\u00e1pido garante flexibilidade e um fluxo de trabalho ininterrupto.<\/p>\n<p><strong>Informa\u00e7\u00f5es de Seguran\u00e7a e Embalagem:<\/strong><br \/>\nWeathering FX \u00e9 n\u00e3o inflam\u00e1vel e isento de solventes. Vem em frascos de 40 ml concebidos para uma aplica\u00e7\u00e3o f\u00e1cil com desperd\u00edcio m\u00ednimo. A limpeza das ferramentas \u00e9 simples com \u00e1gua, garantindo uma experi\u00eancia de modela\u00e7\u00e3o segura e eficiente.<\/p>\n<p><strong>Recomenda\u00e7\u00f5es de Uso:<\/strong><br \/>\n<strong>Brown Splash Mud<\/strong> apresenta um tom escuro, caracter\u00edstico de \u00e1reas ricas em argila e f\u00e9rteis que ret\u00eam humidade durante longos per\u00edodos sazonais. Esta tonalidade \u00e9 comum nas regi\u00f5es mediterr\u00e2nicas e na Europa Ocidental. Aplique em superf\u00edcies n\u00e3o alcalinas para replicar realisticamente a apar\u00eancia mais t\u00edpica destes terrenos.<\/p>\n<p>Adicione Vallejo <strong>Brown Splash Mud<\/strong> ao seu kit de pintura e recrie os efeitos da exposi\u00e7\u00e3o aos elementos e \u00e0 natureza.<\/p>\n","protected":false},"excerpt":{"rendered":"<p>Descubra o <strong>Brown Splash Mud<\/strong> de Vallejo, apresentando um tom escuro caracter\u00edstico de \u00e1reas ricas em argila e f\u00e9rteis que ret\u00eam humidade durante longos per\u00edodos sazonais. Esta tonalidade \u00e9 comum em regi\u00f5es mediterr\u00e2nicas e na Europa Ocidental. Aplique-a em superf\u00edcies n\u00e3o alcalinas para replicar realisticamente a apar\u00eancia mais t\u00edpica destes terrenos.<\/p>\n","protected":false},"featured_media":25524,"comment_status":"open","ping_status":"closed","template":"","meta":{"site-sidebar-layout":"default","site-content-layout":"","ast-site-content-layout":"default","site-content-style":"default","site-sidebar-style":"default","ast-global-header-display":"","ast-banner-title-visibility":"","ast-main-header-display":"","ast-hfb-above-header-display":"","ast-hfb-below-header-display":"","ast-hfb-mobile-header-display":"","site-post-title":"","ast-breadcrumbs-content":"","ast-featured-img":"","footer-sml-layout":"","ast-disable-related-posts":"","theme-transparent-header-meta":"default","adv-header-id-meta":"","stick-header-meta":"default","header-above-stick-meta":"","header-main-stick-meta":"","header-below-stick-meta":"","astra-migrate-meta-layouts":"default","ast-page-background-enabled":"default","ast-page-background-meta":{"desktop":{"background-color":"var(--ast-global-color-4)","background-image":"","background-repeat":"repeat","background-position":"center center","background-size":"auto","background-attachment":"scroll","background-type":"","background-media":"","overlay-type":"","overlay-color":"","overlay-opacity":"","overlay-gradient":""},"tablet":{"background-color":"","background-image":"","background-repeat":"repeat","background-position":"center center","background-size":"auto","background-attachment":"scroll","background-type":"","background-media":"","overlay-type":"","overlay-color":"","overlay-opacity":"","overlay-gradient":""},"mobile":{"background-color":"","background-image":"","background-repeat":"repeat","background-position":"center center","background-size":"auto","background-attachment":"scroll","background-type":"","background-media":"","overlay-type":"","overlay-color":"","overlay-opacity":"","overlay-gradient":""}},"ast-content-background-meta":{"desktop":{"background-color":"var(--ast-global-color-5)","background-image":"","background-repeat":"repeat","background-position":"center center","background-size":"auto","background-attachment":"scroll","background-type":"","background-media":"","overlay-type":"","overlay-color":"","overlay-opacity":"","overlay-gradient":""},"tablet":{"background-color":"var(--ast-global-color-5)","background-image":"","background-repeat":"repeat","background-position":"center center","background-size":"auto","background-attachment":"scroll","background-type":"","background-media":"","overlay-type":"","overlay-color":"","overlay-opacity":"","overlay-gradient":""},"mobile":{"background-color":"var(--ast-global-color-5)","background-image":"","background-repeat":"repeat","background-position":"center center","background-size":"auto","background-attachment":"scroll","background-type":"","background-media":"","overlay-type":"","overlay-color":"","overlay-opacity":"","overlay-gradient":""}}},"product_brand":[2244],"product_cat":[1952,1985,2018],"product_tag":[],"class_list":{"0":"post-25521","1":"product","2":"type-product","3":"status-publish","4":"has-post-thumbnail","6":"product_brand-vallejo","7":"product_cat-tintas","8":"product_cat-efeitos","9":"product_cat-weathering-fx-vallejo","10":"desktop-align-left","11":"tablet-align-left","12":"mobile-align-left","13":"ast-product-gallery-layout-first-image-large","14":"ast-magnify-disabled","15":"ast-product-tabs-layout-accordion","17":"first","18":"instock","19":"taxable","20":"shipping-taxable","21":"purchasable","22":"product-type-simple"},"_links":{"self":[{"href":"https:\/\/craftyminis.com\/pt-pt\/wp-json\/wp\/v2\/product\/25521","targetHints":{"allow":["GET"]}}],"collection":[{"href":"https:\/\/craftyminis.com\/pt-pt\/wp-json\/wp\/v2\/product"}],"about":[{"href":"https:\/\/craftyminis.com\/pt-pt\/wp-json\/wp\/v2\/types\/product"}],"replies":[{"embeddable":true,"href":"https:\/\/craftyminis.com\/pt-pt\/wp-json\/wp\/v2\/comments?post=25521"}],"wp:featuredmedia":[{"embeddable":true,"href":"https:\/\/craftyminis.com\/pt-pt\/wp-json\/wp\/v2\/media\/25524"}],"wp:attachment":[{"href":"https:\/\/craftyminis.com\/pt-pt\/wp-json\/wp\/v2\/media?parent=25521"}],"wp:term":[{"taxonomy":"product_brand","embeddable":true,"href":"https:\/\/craftyminis.com\/pt-pt\/wp-json\/wp\/v2\/product_brand?post=25521"},{"taxonomy":"product_cat","embeddable":true,"href":"https:\/\/craftyminis.com\/pt-pt\/wp-json\/wp\/v2\/product_cat?post=25521"},{"taxonomy":"product_tag","embeddable":true,"href":"https:\/\/craftyminis.com\/pt-pt\/wp-json\/wp\/v2\/product_tag?post=25521"}],"curies":[{"name":"wp","href":"https:\/\/api.w.org\/{rel}","templated":true}]}}