{"id":25249,"date":"2024-04-18T17:22:40","date_gmt":"2024-04-18T16:22:40","guid":{"rendered":"https:\/\/craftyminis.com\/sem categoria\/slime-grime-light-effect-73823-weathering-fx-vallejo\/"},"modified":"2024-04-18T17:22:40","modified_gmt":"2024-04-18T16:22:40","slug":"slime-grime-light-effect-73823-weathering-fx-vallejo","status":"publish","type":"product","link":"https:\/\/craftyminis.com\/pt-pt\/tintas\/slime-grime-light-effect-73823-weathering-fx-vallejo\/","title":{"rendered":"Slime Grime Light 73823 Weathering FX Vallejo"},"content":{"rendered":"<div class=\"flex max-w-full flex-col flex-grow\">\n<div class=\"min-h-8 text-message flex w-full flex-col items-end gap-2 whitespace-normal break-words text-start [.text-message+&amp;]:mt-5\" dir=\"auto\" data-message-author-role=\"assistant\" data-message-id=\"dff1372c-8115-40b1-8340-34611218eaa7\" data-message-model-slug=\"gpt-4o\">\n<div class=\"flex w-full flex-col gap-1 empty:hidden first:pt-[3px]\">\n<div class=\"markdown prose w-full break-words dark:prose-invert light\">\n<p>Explore os efeitos realistas do <strong>Slime Grime Light<\/strong> da Vallejo. <strong>Weathering FX<\/strong> apresenta a sua linha de efeitos ambientais \u00e0 base de \u00e1gua, perfeita para modelistas que pretendem replicar autenticamente as condi\u00e7\u00f5es naturais em modelos e dioramas.<\/p>\n<p>Este produto foi cuidadosamente formulado para criar efeitos visuais impressionantes como manchas h\u00famidas, musgo na madeira e lama nas pedras, permitindo contar hist\u00f3rias visuais cativantes sobre a vida operacional de cada elemento modelado. Aplique diretamente em qualquer superf\u00edcie para resultados r\u00e1pidos e eficazes. O seu tempo de secagem r\u00e1pido garante flexibilidade e um fluxo de trabalho ininterrupto.<\/p>\n<p><strong>Informa\u00e7\u00f5es de Seguran\u00e7a e Embalagem:<\/strong><br \/>\nWeathering FX \u00e9 n\u00e3o inflam\u00e1vel e sem solventes. Vem em frascos de 40 ml concebidos para uma aplica\u00e7\u00e3o f\u00e1cil com desperd\u00edcio m\u00ednimo. A limpeza das ferramentas \u00e9 simples com \u00e1gua, garantindo uma experi\u00eancia de modelismo segura e eficiente.<\/p>\n<p><strong>Recomenda\u00e7\u00f5es de Uso:<\/strong><br \/>\nOs efeitos de humidade podem criar texturas de limo e bolor, mesmo em \u00e1reas expostas ao sol. O tom mais claro de sujidade \u00e9 ideal quando combinado com Dark Wet Dirt para reproduzir um gradiente tonal do claro ao escuro. Esta t\u00e9cnica permite simular realisticamente a varia\u00e7\u00e3o e profundidade da humidade acumulada, adequada para todos os tipos de superf\u00edcies em dioramas e modelos \u00e0 escala.<\/p>\n<p>Adicione o Efeito de Luz Slime Grime da Vallejo ao seu kit de pintura e recrie os efeitos da exposi\u00e7\u00e3o aos elementos e \u00e0 natureza.<\/p>\n<\/div>\n<\/div>\n<\/div>\n<\/div>\n<div class=\"mb-2 flex gap-3 empty:hidden -ml-2\">\n<div class=\"items-center justify-start rounded-xl p-1 flex\">\n<div class=\"flex items-center\"><\/div>\n<\/div>\n<\/div>\n","protected":false},"excerpt":{"rendered":"<p>Descubra o Efeito de Luz Slime Grime de Vallejo, concebido para simular realisticamente a varia\u00e7\u00e3o e profundidade da <strong>humidade acumulada<\/strong>, adequado para todos os tipos de superf\u00edcies em dioramas e modelos \u00e0 escala.<\/p>\n","protected":false},"featured_media":25252,"comment_status":"open","ping_status":"closed","template":"","meta":{"site-sidebar-layout":"default","site-content-layout":"","ast-site-content-layout":"default","site-content-style":"default","site-sidebar-style":"default","ast-global-header-display":"","ast-banner-title-visibility":"","ast-main-header-display":"","ast-hfb-above-header-display":"","ast-hfb-below-header-display":"","ast-hfb-mobile-header-display":"","site-post-title":"","ast-breadcrumbs-content":"","ast-featured-img":"","footer-sml-layout":"","ast-disable-related-posts":"","theme-transparent-header-meta":"default","adv-header-id-meta":"","stick-header-meta":"default","header-above-stick-meta":"","header-main-stick-meta":"","header-below-stick-meta":"","astra-migrate-meta-layouts":"default","ast-page-background-enabled":"default","ast-page-background-meta":{"desktop":{"background-color":"var(--ast-global-color-4)","background-image":"","background-repeat":"repeat","background-position":"center center","background-size":"auto","background-attachment":"scroll","background-type":"","background-media":"","overlay-type":"","overlay-color":"","overlay-opacity":"","overlay-gradient":""},"tablet":{"background-color":"","background-image":"","background-repeat":"repeat","background-position":"center center","background-size":"auto","background-attachment":"scroll","background-type":"","background-media":"","overlay-type":"","overlay-color":"","overlay-opacity":"","overlay-gradient":""},"mobile":{"background-color":"","background-image":"","background-repeat":"repeat","background-position":"center center","background-size":"auto","background-attachment":"scroll","background-type":"","background-media":"","overlay-type":"","overlay-color":"","overlay-opacity":"","overlay-gradient":""}},"ast-content-background-meta":{"desktop":{"background-color":"var(--ast-global-color-5)","background-image":"","background-repeat":"repeat","background-position":"center center","background-size":"auto","background-attachment":"scroll","background-type":"","background-media":"","overlay-type":"","overlay-color":"","overlay-opacity":"","overlay-gradient":""},"tablet":{"background-color":"var(--ast-global-color-5)","background-image":"","background-repeat":"repeat","background-position":"center center","background-size":"auto","background-attachment":"scroll","background-type":"","background-media":"","overlay-type":"","overlay-color":"","overlay-opacity":"","overlay-gradient":""},"mobile":{"background-color":"var(--ast-global-color-5)","background-image":"","background-repeat":"repeat","background-position":"center center","background-size":"auto","background-attachment":"scroll","background-type":"","background-media":"","overlay-type":"","overlay-color":"","overlay-opacity":"","overlay-gradient":""}}},"product_brand":[2244],"product_cat":[1952,1985,2018],"product_tag":[],"class_list":{"0":"post-25249","1":"product","2":"type-product","3":"status-publish","4":"has-post-thumbnail","6":"product_brand-vallejo","7":"product_cat-tintas","8":"product_cat-efeitos","9":"product_cat-weathering-fx-vallejo","10":"desktop-align-left","11":"tablet-align-left","12":"mobile-align-left","13":"ast-product-gallery-layout-first-image-large","14":"ast-magnify-disabled","15":"ast-product-tabs-layout-accordion","17":"first","18":"instock","19":"taxable","20":"shipping-taxable","21":"purchasable","22":"product-type-simple"},"_links":{"self":[{"href":"https:\/\/craftyminis.com\/pt-pt\/wp-json\/wp\/v2\/product\/25249","targetHints":{"allow":["GET"]}}],"collection":[{"href":"https:\/\/craftyminis.com\/pt-pt\/wp-json\/wp\/v2\/product"}],"about":[{"href":"https:\/\/craftyminis.com\/pt-pt\/wp-json\/wp\/v2\/types\/product"}],"replies":[{"embeddable":true,"href":"https:\/\/craftyminis.com\/pt-pt\/wp-json\/wp\/v2\/comments?post=25249"}],"wp:featuredmedia":[{"embeddable":true,"href":"https:\/\/craftyminis.com\/pt-pt\/wp-json\/wp\/v2\/media\/25252"}],"wp:attachment":[{"href":"https:\/\/craftyminis.com\/pt-pt\/wp-json\/wp\/v2\/media?parent=25249"}],"wp:term":[{"taxonomy":"product_brand","embeddable":true,"href":"https:\/\/craftyminis.com\/pt-pt\/wp-json\/wp\/v2\/product_brand?post=25249"},{"taxonomy":"product_cat","embeddable":true,"href":"https:\/\/craftyminis.com\/pt-pt\/wp-json\/wp\/v2\/product_cat?post=25249"},{"taxonomy":"product_tag","embeddable":true,"href":"https:\/\/craftyminis.com\/pt-pt\/wp-json\/wp\/v2\/product_tag?post=25249"}],"curies":[{"name":"wp","href":"https:\/\/api.w.org\/{rel}","templated":true}]}}