{"id":25134,"date":"2025-07-17T12:15:58","date_gmt":"2025-07-17T11:15:58","guid":{"rendered":"https:\/\/craftyminis.com\/sem categoria\/vallejo-diorama-fx-industrial-mud-26809\/"},"modified":"2025-07-17T12:15:58","modified_gmt":"2025-07-17T11:15:58","slug":"vallejo-diorama-fx-industrial-mud-26809","status":"publish","type":"product","link":"https:\/\/craftyminis.com\/pt-pt\/tintas\/vallejo-diorama-fx-industrial-mud-26809\/","title":{"rendered":"Vallejo Diorama FX \u2013 Industrial Mud (26809)"},"content":{"rendered":"<h4 data-start=\"49\" data-end=\"111\">Vallejo Diorama FX \u2013 Industrial Mud (26809) \u00e9 ideal para simular lama urbana em dioramas e jogos de guerra. Textura realista e aplica\u00e7\u00e3o f\u00e1cil.: efeitos realistas para dioramas<\/h4>\n<p data-start=\"113\" data-end=\"1043\">Parte de <strong>Vallejo Diorama FX<\/strong> \u2013 <strong>Lama Industrial<\/strong> (26809) \u00e9 ideal para simular lama urbana em dioramas e jogos de guerra. Textura realista e aplica\u00e7\u00e3o f\u00e1cil. permite-lhe recriar lama urbana altamente realista nas suas cenas de modelismo. A gama Diorama FX oferece aos modelistas tudo o que precisam para reproduzir texturas de terreno com uma variedade de efeitos \u2013 desde estradas empoeiradas a neve, lama e \u00e1gua \u2013 adicionando um realismo excecional a qualquer cena e integrando perfeitamente os modelos no seu ambiente. Todos os produtos Diorama FX s\u00e3o acr\u00edlicos \u00e0 base de \u00e1gua (n\u00e3o inflam\u00e1veis e <strong>sem solventes<\/strong>), garantindo um uso seguro mesmo em espa\u00e7os fechados. S\u00e3o f\u00e1ceis de aplicar com pincel, esp\u00e1tula ou outras ferramentas, e <strong>podem ser dilu\u00eddos em \u00e1gua<\/strong> para suavizar bordas ou criar texturas mais suaves.<\/p>\n<p data-start=\"113\" data-end=\"1043\">Gra\u00e7as \u00e0 sua versatilidade, estes produtos s\u00e3o adequados tanto para <strong>projetos de diorama<\/strong> <strong>tradicionais<\/strong> como para bases de miniaturas para <strong>jogos de guerra<\/strong>, que podem ser tratados como cenas em pequena escala cheias de detalhes realistas. Na nossa categoria <strong><a href=\"https:\/\/craftyminis.com\/en\/paintings\/effects\/diorama-fx-vallejo\/\">Diorama FX<\/a><\/strong>, encontrar\u00e1 todos estes efeitos especializados apoiados pela <a href=\"https:\/\/craftyminis.com\/en\/brand\/vallejo\/\"><strong>Vallejo<\/strong><\/a>, uma marca de renome no mundo do modelismo em escala.<\/p>\n<p data-start=\"113\" data-end=\"1043\"><strong>Vallejo Lama Industrial (26809) <\/strong>\u00e9 uma pasta texturizada com um tom <strong>acinzentado<\/strong>, perfeita para simular lama urbana em cenas industriais ou ambientes degradados. Evoca sinais de presen\u00e7a humana, sujidade e atividade urbana, oferecendo um acabamento mate realista com volume e textura. Ideal para dioramas modernos, ve\u00edculos militares ou bases de miniaturas de estilo urbano.<\/p>\n<p><small>Encontre mais detalhes t\u00e9cnicos no <a href=\"https:\/\/acrylicosvallejo.com\/en\/\" target=\"_blank\" rel=\"noopener\">site oficial da Vallejo<\/a>.<\/small><\/p>\n","protected":false},"excerpt":{"rendered":"<p><strong data-start=\"1511\" data-end=\"1594\">Crie Lama Urbana Realista nas Suas Dioramas com Vallejo Industrial Mud (26809). <\/strong>Este efeito texturizado acinzentado \u00e9 perfeito para cenas industriais e bases de miniaturas. Parte da gama segura, acr\u00edlica e f\u00e1cil de usar Diorama FX.<\/p>\n","protected":false},"featured_media":25135,"comment_status":"open","ping_status":"closed","template":"","meta":{"site-sidebar-layout":"default","site-content-layout":"","ast-site-content-layout":"default","site-content-style":"default","site-sidebar-style":"default","ast-global-header-display":"","ast-banner-title-visibility":"","ast-main-header-display":"","ast-hfb-above-header-display":"","ast-hfb-below-header-display":"","ast-hfb-mobile-header-display":"","site-post-title":"","ast-breadcrumbs-content":"","ast-featured-img":"","footer-sml-layout":"","ast-disable-related-posts":"","theme-transparent-header-meta":"default","adv-header-id-meta":"","stick-header-meta":"default","header-above-stick-meta":"","header-main-stick-meta":"","header-below-stick-meta":"","astra-migrate-meta-layouts":"default","ast-page-background-enabled":"default","ast-page-background-meta":{"desktop":{"background-color":"var(--ast-global-color-4)","background-image":"","background-repeat":"repeat","background-position":"center center","background-size":"auto","background-attachment":"scroll","background-type":"","background-media":"","overlay-type":"","overlay-color":"","overlay-opacity":"","overlay-gradient":""},"tablet":{"background-color":"","background-image":"","background-repeat":"repeat","background-position":"center center","background-size":"auto","background-attachment":"scroll","background-type":"","background-media":"","overlay-type":"","overlay-color":"","overlay-opacity":"","overlay-gradient":""},"mobile":{"background-color":"","background-image":"","background-repeat":"repeat","background-position":"center center","background-size":"auto","background-attachment":"scroll","background-type":"","background-media":"","overlay-type":"","overlay-color":"","overlay-opacity":"","overlay-gradient":""}},"ast-content-background-meta":{"desktop":{"background-color":"var(--ast-global-color-5)","background-image":"","background-repeat":"repeat","background-position":"center center","background-size":"auto","background-attachment":"scroll","background-type":"","background-media":"","overlay-type":"","overlay-color":"","overlay-opacity":"","overlay-gradient":""},"tablet":{"background-color":"var(--ast-global-color-5)","background-image":"","background-repeat":"repeat","background-position":"center center","background-size":"auto","background-attachment":"scroll","background-type":"","background-media":"","overlay-type":"","overlay-color":"","overlay-opacity":"","overlay-gradient":""},"mobile":{"background-color":"var(--ast-global-color-5)","background-image":"","background-repeat":"repeat","background-position":"center center","background-size":"auto","background-attachment":"scroll","background-type":"","background-media":"","overlay-type":"","overlay-color":"","overlay-opacity":"","overlay-gradient":""}}},"product_brand":[2244],"product_cat":[1952,2007,1985],"product_tag":[],"class_list":{"0":"post-25134","1":"product","2":"type-product","3":"status-publish","4":"has-post-thumbnail","6":"product_brand-vallejo","7":"product_cat-tintas","8":"product_cat-diorama-fx-vallejo","9":"product_cat-efeitos","10":"desktop-align-left","11":"tablet-align-left","12":"mobile-align-left","13":"ast-product-gallery-layout-first-image-large","14":"ast-magnify-disabled","15":"ast-product-tabs-layout-accordion","17":"first","18":"instock","19":"taxable","20":"shipping-taxable","21":"purchasable","22":"product-type-simple"},"_links":{"self":[{"href":"https:\/\/craftyminis.com\/pt-pt\/wp-json\/wp\/v2\/product\/25134","targetHints":{"allow":["GET"]}}],"collection":[{"href":"https:\/\/craftyminis.com\/pt-pt\/wp-json\/wp\/v2\/product"}],"about":[{"href":"https:\/\/craftyminis.com\/pt-pt\/wp-json\/wp\/v2\/types\/product"}],"replies":[{"embeddable":true,"href":"https:\/\/craftyminis.com\/pt-pt\/wp-json\/wp\/v2\/comments?post=25134"}],"wp:featuredmedia":[{"embeddable":true,"href":"https:\/\/craftyminis.com\/pt-pt\/wp-json\/wp\/v2\/media\/25135"}],"wp:attachment":[{"href":"https:\/\/craftyminis.com\/pt-pt\/wp-json\/wp\/v2\/media?parent=25134"}],"wp:term":[{"taxonomy":"product_brand","embeddable":true,"href":"https:\/\/craftyminis.com\/pt-pt\/wp-json\/wp\/v2\/product_brand?post=25134"},{"taxonomy":"product_cat","embeddable":true,"href":"https:\/\/craftyminis.com\/pt-pt\/wp-json\/wp\/v2\/product_cat?post=25134"},{"taxonomy":"product_tag","embeddable":true,"href":"https:\/\/craftyminis.com\/pt-pt\/wp-json\/wp\/v2\/product_tag?post=25134"}],"curies":[{"name":"wp","href":"https:\/\/api.w.org\/{rel}","templated":true}]}}