{"id":25018,"date":"2025-07-17T23:54:49","date_gmt":"2025-07-17T22:54:49","guid":{"rendered":"https:\/\/craftyminis.com\/sem categoria\/vallejo-diorama-fx-snow-26820\/"},"modified":"2025-07-17T23:54:49","modified_gmt":"2025-07-17T22:54:49","slug":"vallejo-diorama-fx-snow-26820","status":"publish","type":"product","link":"https:\/\/craftyminis.com\/pt-pt\/tintas\/vallejo-diorama-fx-snow-26820\/","title":{"rendered":"Vallejo Diorama FX \u2013 Snow (26820)"},"content":{"rendered":"<h4>Vallejo Diorama FX \u2013 Snow (26820): textura realista de neve para dioramas<\/h4>\n<p>Na gama <strong>Diorama FX<\/strong> da <strong>Vallejo<\/strong>, o produto <strong>Snow<\/strong> (26820) destaca-se por permitir a cria\u00e7\u00e3o de paisagens de inverno com uma textura de neve realista e cintilante. Esta linha oferece aos modelistas tudo o que \u00e9 necess\u00e1rio para recriar terrenos e efeitos ambientais \u2014 desde estradas empoeiradas a lama, \u00e1gua e neve \u2014 adicionando coer\u00eancia, atmosfera e narrativa aos seus projetos em escala. Todos os artigos Diorama FX s\u00e3o \u00e0 base de acr\u00edlico, <strong>n\u00e3o inflam\u00e1veis e sem solventes<\/strong>, garantindo um uso seguro, e podem ser aplicados facilmente com pinc\u00e9is, esp\u00e1tulas ou outras ferramentas.<\/p>\n<p>Gra\u00e7as \u00e0 sua versatilidade, esta linha \u00e9 adequada tanto para projetos de <strong>modelismo em escala<\/strong> como para bases de miniaturas em <strong>wargames<\/strong>, onde a neve acrescenta impacto visual e contexto a pequenas cenas. Encontre este e outros efeitos na nossa <a href=\"https:\/\/craftyminis.com\/en\/paintings\/effects\/diorama-fx-vallejo\/\"><strong>categoria Diorama FX<\/strong><\/a> ou explore a qualidade da renomada <a href=\"https:\/\/craftyminis.com\/en\/brand\/vallejo\/\"><strong>marca Vallejo<\/strong><\/a>.<\/p>\n<p>O <strong>Snow Vallejo (26820)<\/strong> \u00e9 um gel espesso e cintilante que imita perfeitamente a neve real, quer espalhado numa camada fina, quer empilhado em montes. Adere bem a qualquer superf\u00edcie e seca em aproximadamente 24 horas, permitindo m\u00faltiplas camadas para aumentar o volume ou criar acumula\u00e7\u00f5es. Este produto ajuda a dar vida a cenas de inverno, florestas nevadas, dioramas de campos de batalha ou ve\u00edculos cobertos de neve com um acabamento n\u00edtido e realista.<\/p>\n<p><small>Consulte todos os detalhes t\u00e9cnicos no <a href=\"https:\/\/acrylicosvallejo.com\/\" target=\"_blank\" rel=\"noopener\">site oficial da Vallejo<\/a>.<\/small><\/p>\n","protected":false},"excerpt":{"rendered":"<p><strong>Recrie neve realista nos seus dioramas com Vallejo Snow (26820).<\/strong> Gel acr\u00edlico espesso e cintilante, seca em 24 h, ideal para cenas de inverno e acumula\u00e7\u00f5es de neve.<\/p>\n","protected":false},"featured_media":25019,"comment_status":"open","ping_status":"closed","template":"","meta":{"site-sidebar-layout":"default","site-content-layout":"","ast-site-content-layout":"default","site-content-style":"default","site-sidebar-style":"default","ast-global-header-display":"","ast-banner-title-visibility":"","ast-main-header-display":"","ast-hfb-above-header-display":"","ast-hfb-below-header-display":"","ast-hfb-mobile-header-display":"","site-post-title":"","ast-breadcrumbs-content":"","ast-featured-img":"","footer-sml-layout":"","ast-disable-related-posts":"","theme-transparent-header-meta":"default","adv-header-id-meta":"","stick-header-meta":"default","header-above-stick-meta":"","header-main-stick-meta":"","header-below-stick-meta":"","astra-migrate-meta-layouts":"default","ast-page-background-enabled":"default","ast-page-background-meta":{"desktop":{"background-color":"var(--ast-global-color-4)","background-image":"","background-repeat":"repeat","background-position":"center center","background-size":"auto","background-attachment":"scroll","background-type":"","background-media":"","overlay-type":"","overlay-color":"","overlay-opacity":"","overlay-gradient":""},"tablet":{"background-color":"","background-image":"","background-repeat":"repeat","background-position":"center center","background-size":"auto","background-attachment":"scroll","background-type":"","background-media":"","overlay-type":"","overlay-color":"","overlay-opacity":"","overlay-gradient":""},"mobile":{"background-color":"","background-image":"","background-repeat":"repeat","background-position":"center center","background-size":"auto","background-attachment":"scroll","background-type":"","background-media":"","overlay-type":"","overlay-color":"","overlay-opacity":"","overlay-gradient":""}},"ast-content-background-meta":{"desktop":{"background-color":"var(--ast-global-color-5)","background-image":"","background-repeat":"repeat","background-position":"center center","background-size":"auto","background-attachment":"scroll","background-type":"","background-media":"","overlay-type":"","overlay-color":"","overlay-opacity":"","overlay-gradient":""},"tablet":{"background-color":"var(--ast-global-color-5)","background-image":"","background-repeat":"repeat","background-position":"center center","background-size":"auto","background-attachment":"scroll","background-type":"","background-media":"","overlay-type":"","overlay-color":"","overlay-opacity":"","overlay-gradient":""},"mobile":{"background-color":"var(--ast-global-color-5)","background-image":"","background-repeat":"repeat","background-position":"center center","background-size":"auto","background-attachment":"scroll","background-type":"","background-media":"","overlay-type":"","overlay-color":"","overlay-opacity":"","overlay-gradient":""}}},"product_brand":[2244],"product_cat":[1952,2007,1985],"product_tag":[],"class_list":{"0":"post-25018","1":"product","2":"type-product","3":"status-publish","4":"has-post-thumbnail","6":"product_brand-vallejo","7":"product_cat-tintas","8":"product_cat-diorama-fx-vallejo","9":"product_cat-efeitos","10":"desktop-align-left","11":"tablet-align-left","12":"mobile-align-left","13":"ast-product-gallery-layout-first-image-large","14":"ast-magnify-disabled","15":"ast-product-tabs-layout-accordion","17":"first","18":"instock","19":"taxable","20":"shipping-taxable","21":"purchasable","22":"product-type-simple"},"_links":{"self":[{"href":"https:\/\/craftyminis.com\/pt-pt\/wp-json\/wp\/v2\/product\/25018","targetHints":{"allow":["GET"]}}],"collection":[{"href":"https:\/\/craftyminis.com\/pt-pt\/wp-json\/wp\/v2\/product"}],"about":[{"href":"https:\/\/craftyminis.com\/pt-pt\/wp-json\/wp\/v2\/types\/product"}],"replies":[{"embeddable":true,"href":"https:\/\/craftyminis.com\/pt-pt\/wp-json\/wp\/v2\/comments?post=25018"}],"wp:featuredmedia":[{"embeddable":true,"href":"https:\/\/craftyminis.com\/pt-pt\/wp-json\/wp\/v2\/media\/25019"}],"wp:attachment":[{"href":"https:\/\/craftyminis.com\/pt-pt\/wp-json\/wp\/v2\/media?parent=25018"}],"wp:term":[{"taxonomy":"product_brand","embeddable":true,"href":"https:\/\/craftyminis.com\/pt-pt\/wp-json\/wp\/v2\/product_brand?post=25018"},{"taxonomy":"product_cat","embeddable":true,"href":"https:\/\/craftyminis.com\/pt-pt\/wp-json\/wp\/v2\/product_cat?post=25018"},{"taxonomy":"product_tag","embeddable":true,"href":"https:\/\/craftyminis.com\/pt-pt\/wp-json\/wp\/v2\/product_tag?post=25018"}],"curies":[{"name":"wp","href":"https:\/\/api.w.org\/{rel}","templated":true}]}}