{"id":24946,"date":"2025-07-18T07:48:03","date_gmt":"2025-07-18T06:48:03","guid":{"rendered":"https:\/\/craftyminis.com\/sem categoria\/vallejo-diorama-fx-russian-mud-dense-26808\/"},"modified":"2025-07-18T07:48:03","modified_gmt":"2025-07-18T06:48:03","slug":"vallejo-diorama-fx-russian-mud-dense-26808","status":"publish","type":"product","link":"https:\/\/craftyminis.com\/pt-pt\/tintas\/vallejo-diorama-fx-russian-mud-dense-26808\/","title":{"rendered":"Vallejo Diorama FX \u2013 Russian Mud Dense (26808)"},"content":{"rendered":"<h4>Vallejo Diorama FX \u2013 Russian Mud Dense (26808): efeitos realistas de lama para dioramas<\/h4>\n<p>Na gama <strong>Diorama FX<\/strong> da <strong>Vallejo<\/strong>, destaca-se o produto <strong>Russian Mud Dense<\/strong> (26808) por oferecer uma pasta escura e espessa que recria com precis\u00e3o a famosa \u201cterra preta\u201d da Europa de Leste\u2014perfeita para modelismo hist\u00f3rico e dioramas de batalha. A Diorama FX oferece aos modelistas efeitos de terreno de qualidade profissional\u2014desde lama, neve e \u00e1gua a p\u00f3 e caminhos\u2014integrando os modelos em ambientes cred\u00edveis com fundo e hist\u00f3ria. Todos os produtos s\u00e3o \u00e0 base de acr\u00edlico, <strong>n\u00e3o inflam\u00e1veis e sem solventes<\/strong>, e s\u00e3o f\u00e1ceis de trabalhar com pinc\u00e9is, esp\u00e1tulas ou outras ferramentas. S\u00e3o tamb\u00e9m <strong>sol\u00faveis em \u00e1gua<\/strong> para criar transi\u00e7\u00f5es subtis de textura. :contentReference[oaicite:3]{index=3}<\/p>\n<p>Este efeito encaixa-se tamb\u00e9m perfeitamente em bases de jogos de miniaturas, adicionando volume e atmosfera contextual. Na nossa <a href=\"https:\/\/craftyminis.com\/en\/paintings\/effects\/diorama-fx-vallejo\/\"><strong>categoria Diorama FX<\/strong><\/a> encontrar\u00e1 este e outros produtos especializados, todos apoiados pela excel\u00eancia da <a href=\"https:\/\/craftyminis.com\/en\/brand\/vallejo\/\"><strong>marca Vallejo<\/strong><\/a>.<\/p>\n<p>O <strong>Russian Mud Dense Vallejo (26808)<\/strong> \u00e9 uma pasta com um tom castanho escuro rico que inclui part\u00edculas de vegeta\u00e7\u00e3o, proporcionando densidade e realismo que lembram solos h\u00famidos e f\u00e9rteis encontrados em florestas ou trincheiras. A sua textura permite criar efeitos de terreno elevados e em camadas, secando com um acabamento natural e mate. Ideal para dioramas hist\u00f3ricos, cenas de guerra ou bases ambientadas em terrenos boreais, estradas lamacentas e ambientes rurais. :contentReference[oaicite:4]{index=4}<\/p>\n<p><small>Consulte os detalhes t\u00e9cnicos completos no <a href=\"https:\/\/acrylicosvallejo.com\/\" target=\"_blank\" rel=\"noopener\">site oficial da Vallejo<\/a>.<\/small><\/p>\n","protected":false},"excerpt":{"rendered":"<p><strong>Recrie a \u201cterra preta\u201d da Europa de Leste nos seus dioramas com Vallejo Russian Mud Dense (26808).<\/strong> Pasta texturizada castanho escuro com part\u00edculas de vegeta\u00e7\u00e3o, perfeita para cenas hist\u00f3ricas.<\/p>\n","protected":false},"featured_media":24947,"comment_status":"open","ping_status":"closed","template":"","meta":{"site-sidebar-layout":"default","site-content-layout":"","ast-site-content-layout":"default","site-content-style":"default","site-sidebar-style":"default","ast-global-header-display":"","ast-banner-title-visibility":"","ast-main-header-display":"","ast-hfb-above-header-display":"","ast-hfb-below-header-display":"","ast-hfb-mobile-header-display":"","site-post-title":"","ast-breadcrumbs-content":"","ast-featured-img":"","footer-sml-layout":"","ast-disable-related-posts":"","theme-transparent-header-meta":"default","adv-header-id-meta":"","stick-header-meta":"default","header-above-stick-meta":"","header-main-stick-meta":"","header-below-stick-meta":"","astra-migrate-meta-layouts":"default","ast-page-background-enabled":"default","ast-page-background-meta":{"desktop":{"background-color":"var(--ast-global-color-4)","background-image":"","background-repeat":"repeat","background-position":"center center","background-size":"auto","background-attachment":"scroll","background-type":"","background-media":"","overlay-type":"","overlay-color":"","overlay-opacity":"","overlay-gradient":""},"tablet":{"background-color":"","background-image":"","background-repeat":"repeat","background-position":"center center","background-size":"auto","background-attachment":"scroll","background-type":"","background-media":"","overlay-type":"","overlay-color":"","overlay-opacity":"","overlay-gradient":""},"mobile":{"background-color":"","background-image":"","background-repeat":"repeat","background-position":"center center","background-size":"auto","background-attachment":"scroll","background-type":"","background-media":"","overlay-type":"","overlay-color":"","overlay-opacity":"","overlay-gradient":""}},"ast-content-background-meta":{"desktop":{"background-color":"var(--ast-global-color-5)","background-image":"","background-repeat":"repeat","background-position":"center center","background-size":"auto","background-attachment":"scroll","background-type":"","background-media":"","overlay-type":"","overlay-color":"","overlay-opacity":"","overlay-gradient":""},"tablet":{"background-color":"var(--ast-global-color-5)","background-image":"","background-repeat":"repeat","background-position":"center center","background-size":"auto","background-attachment":"scroll","background-type":"","background-media":"","overlay-type":"","overlay-color":"","overlay-opacity":"","overlay-gradient":""},"mobile":{"background-color":"var(--ast-global-color-5)","background-image":"","background-repeat":"repeat","background-position":"center center","background-size":"auto","background-attachment":"scroll","background-type":"","background-media":"","overlay-type":"","overlay-color":"","overlay-opacity":"","overlay-gradient":""}}},"product_brand":[2244],"product_cat":[1952,2007,1985],"product_tag":[],"class_list":{"0":"post-24946","1":"product","2":"type-product","3":"status-publish","4":"has-post-thumbnail","6":"product_brand-vallejo","7":"product_cat-tintas","8":"product_cat-diorama-fx-vallejo","9":"product_cat-efeitos","10":"desktop-align-left","11":"tablet-align-left","12":"mobile-align-left","13":"ast-product-gallery-layout-first-image-large","14":"ast-magnify-disabled","15":"ast-product-tabs-layout-accordion","17":"first","18":"instock","19":"taxable","20":"shipping-taxable","21":"purchasable","22":"product-type-simple"},"_links":{"self":[{"href":"https:\/\/craftyminis.com\/pt-pt\/wp-json\/wp\/v2\/product\/24946","targetHints":{"allow":["GET"]}}],"collection":[{"href":"https:\/\/craftyminis.com\/pt-pt\/wp-json\/wp\/v2\/product"}],"about":[{"href":"https:\/\/craftyminis.com\/pt-pt\/wp-json\/wp\/v2\/types\/product"}],"replies":[{"embeddable":true,"href":"https:\/\/craftyminis.com\/pt-pt\/wp-json\/wp\/v2\/comments?post=24946"}],"wp:featuredmedia":[{"embeddable":true,"href":"https:\/\/craftyminis.com\/pt-pt\/wp-json\/wp\/v2\/media\/24947"}],"wp:attachment":[{"href":"https:\/\/craftyminis.com\/pt-pt\/wp-json\/wp\/v2\/media?parent=24946"}],"wp:term":[{"taxonomy":"product_brand","embeddable":true,"href":"https:\/\/craftyminis.com\/pt-pt\/wp-json\/wp\/v2\/product_brand?post=24946"},{"taxonomy":"product_cat","embeddable":true,"href":"https:\/\/craftyminis.com\/pt-pt\/wp-json\/wp\/v2\/product_cat?post=24946"},{"taxonomy":"product_tag","embeddable":true,"href":"https:\/\/craftyminis.com\/pt-pt\/wp-json\/wp\/v2\/product_tag?post=24946"}],"curies":[{"name":"wp","href":"https:\/\/api.w.org\/{rel}","templated":true}]}}