{"id":24934,"date":"2025-07-18T07:52:12","date_gmt":"2025-07-18T06:52:12","guid":{"rendered":"https:\/\/craftyminis.com\/sem categoria\/vallejo-diorama-fx-light-mud-thick-26810\/"},"modified":"2025-07-18T07:52:12","modified_gmt":"2025-07-18T06:52:12","slug":"vallejo-diorama-fx-light-mud-thick-26810","status":"publish","type":"product","link":"https:\/\/craftyminis.com\/pt-pt\/tintas\/vallejo-diorama-fx-light-mud-thick-26810\/","title":{"rendered":"Vallejo Diorama FX \u2013 Light Mud Thick (26810)"},"content":{"rendered":"<h4>Vallejo Diorama FX \u2013 Light Mud Thick (26810): efeito realista de lama seca e arenosa<\/h4>\n<p>Na gama <strong>Diorama FX<\/strong> da <strong>Vallejo<\/strong>, o produto <strong>Light Mud Thick<\/strong> (26810) permite recriar a lama seca e arenosa realista encontrada em solos alcalinos, t\u00edpicos de ambientes \u00e1ridos, des\u00e9rticos ou mediterr\u00e2nicos. A linha Diorama FX oferece aos modelistas todos os materiais necess\u00e1rios para replicar efeitos de terreno \u2014 desde neve e lama at\u00e9 \u00e1gua ou lava \u2014 integrando cada modelo perfeitamente no seu cen\u00e1rio. Todos os produtos s\u00e3o \u00e0 base de acr\u00edlico, <strong>n\u00e3o inflam\u00e1veis e sem solventes<\/strong>, permitindo o uso seguro em interiores. S\u00e3o tamb\u00e9m f\u00e1ceis de aplicar com pincel, esp\u00e1tula ou esponja e s\u00e3o <strong>sol\u00faveis em \u00e1gua<\/strong> para ajustes de textura ou mistura de bordas.<\/p>\n<p>Gra\u00e7as \u00e0 sua versatilidade, esta gama \u00e9 ideal tanto para dioramas como para bases de miniaturas para <strong>wargames<\/strong>, funcionando como cenas completas em escala. Explore a gama completa na <a href=\"https:\/\/craftyminis.com\/en\/paintings\/effects\/diorama-fx-vallejo\/\"><strong>categoria Diorama FX<\/strong><\/a> ou confira a qualidade da <a href=\"https:\/\/craftyminis.com\/en\/brand\/vallejo\/\"><strong>marca Vallejo<\/strong><\/a>, l\u00edder no mundo do modelismo.<\/p>\n<p>O <strong>Light Mud Thick Vallejo (26810)<\/strong> \u00e9 uma pasta espessa, castanho clara com nuances arenosas que simulam solos absorventes de humidade. Ideal para representar terreno seco, com textura granulada e volume. A sua consist\u00eancia permite esculpir fissuras, manchas secas ou solo ressequido. Depois de seco, deixa um acabamento mate e com aspeto natural. Perfeito para dioramas de deserto, bases de miniaturas em climas \u00e1ridos ou cenas militares em ambientes secos.<\/p>\n<p><small>Consulte os detalhes t\u00e9cnicos no <a href=\"https:\/\/acrylicosvallejo.com\/\" target=\"_blank\" rel=\"noopener\">site oficial da Vallejo<\/a>.<\/small><\/p>\n","protected":false},"excerpt":{"rendered":"<p><strong>Replicar terreno seco e arenoso com Vallejo Light Mud Thick (26810).<\/strong> Pasta castanha clara com textura granulada, ideal para dioramas de deserto ou mediterr\u00e2neos.<\/p>\n","protected":false},"featured_media":24935,"comment_status":"open","ping_status":"closed","template":"","meta":{"site-sidebar-layout":"default","site-content-layout":"","ast-site-content-layout":"default","site-content-style":"default","site-sidebar-style":"default","ast-global-header-display":"","ast-banner-title-visibility":"","ast-main-header-display":"","ast-hfb-above-header-display":"","ast-hfb-below-header-display":"","ast-hfb-mobile-header-display":"","site-post-title":"","ast-breadcrumbs-content":"","ast-featured-img":"","footer-sml-layout":"","ast-disable-related-posts":"","theme-transparent-header-meta":"default","adv-header-id-meta":"","stick-header-meta":"default","header-above-stick-meta":"","header-main-stick-meta":"","header-below-stick-meta":"","astra-migrate-meta-layouts":"default","ast-page-background-enabled":"default","ast-page-background-meta":{"desktop":{"background-color":"var(--ast-global-color-4)","background-image":"","background-repeat":"repeat","background-position":"center center","background-size":"auto","background-attachment":"scroll","background-type":"","background-media":"","overlay-type":"","overlay-color":"","overlay-opacity":"","overlay-gradient":""},"tablet":{"background-color":"","background-image":"","background-repeat":"repeat","background-position":"center center","background-size":"auto","background-attachment":"scroll","background-type":"","background-media":"","overlay-type":"","overlay-color":"","overlay-opacity":"","overlay-gradient":""},"mobile":{"background-color":"","background-image":"","background-repeat":"repeat","background-position":"center center","background-size":"auto","background-attachment":"scroll","background-type":"","background-media":"","overlay-type":"","overlay-color":"","overlay-opacity":"","overlay-gradient":""}},"ast-content-background-meta":{"desktop":{"background-color":"var(--ast-global-color-5)","background-image":"","background-repeat":"repeat","background-position":"center center","background-size":"auto","background-attachment":"scroll","background-type":"","background-media":"","overlay-type":"","overlay-color":"","overlay-opacity":"","overlay-gradient":""},"tablet":{"background-color":"var(--ast-global-color-5)","background-image":"","background-repeat":"repeat","background-position":"center center","background-size":"auto","background-attachment":"scroll","background-type":"","background-media":"","overlay-type":"","overlay-color":"","overlay-opacity":"","overlay-gradient":""},"mobile":{"background-color":"var(--ast-global-color-5)","background-image":"","background-repeat":"repeat","background-position":"center center","background-size":"auto","background-attachment":"scroll","background-type":"","background-media":"","overlay-type":"","overlay-color":"","overlay-opacity":"","overlay-gradient":""}}},"product_brand":[2244],"product_cat":[1952,2007,1985],"product_tag":[],"class_list":{"0":"post-24934","1":"product","2":"type-product","3":"status-publish","4":"has-post-thumbnail","6":"product_brand-vallejo","7":"product_cat-tintas","8":"product_cat-diorama-fx-vallejo","9":"product_cat-efeitos","10":"desktop-align-left","11":"tablet-align-left","12":"mobile-align-left","13":"ast-product-gallery-layout-first-image-large","14":"ast-magnify-disabled","15":"ast-product-tabs-layout-accordion","17":"first","18":"instock","19":"taxable","20":"shipping-taxable","21":"purchasable","22":"product-type-simple"},"_links":{"self":[{"href":"https:\/\/craftyminis.com\/pt-pt\/wp-json\/wp\/v2\/product\/24934","targetHints":{"allow":["GET"]}}],"collection":[{"href":"https:\/\/craftyminis.com\/pt-pt\/wp-json\/wp\/v2\/product"}],"about":[{"href":"https:\/\/craftyminis.com\/pt-pt\/wp-json\/wp\/v2\/types\/product"}],"replies":[{"embeddable":true,"href":"https:\/\/craftyminis.com\/pt-pt\/wp-json\/wp\/v2\/comments?post=24934"}],"wp:featuredmedia":[{"embeddable":true,"href":"https:\/\/craftyminis.com\/pt-pt\/wp-json\/wp\/v2\/media\/24935"}],"wp:attachment":[{"href":"https:\/\/craftyminis.com\/pt-pt\/wp-json\/wp\/v2\/media?parent=24934"}],"wp:term":[{"taxonomy":"product_brand","embeddable":true,"href":"https:\/\/craftyminis.com\/pt-pt\/wp-json\/wp\/v2\/product_brand?post=24934"},{"taxonomy":"product_cat","embeddable":true,"href":"https:\/\/craftyminis.com\/pt-pt\/wp-json\/wp\/v2\/product_cat?post=24934"},{"taxonomy":"product_tag","embeddable":true,"href":"https:\/\/craftyminis.com\/pt-pt\/wp-json\/wp\/v2\/product_tag?post=24934"}],"curies":[{"name":"wp","href":"https:\/\/api.w.org\/{rel}","templated":true}]}}