{"id":24805,"date":"2025-08-27T17:22:06","date_gmt":"2025-08-27T16:22:06","guid":{"rendered":"https:\/\/craftyminis.com\/sem categoria\/natural-umber-vallejo-73109\/"},"modified":"2025-08-27T17:22:06","modified_gmt":"2025-08-27T16:22:06","slug":"natural-umber-vallejo-73109","status":"publish","type":"product","link":"https:\/\/craftyminis.com\/pt-pt\/tintas\/natural-umber-vallejo-73109\/","title":{"rendered":"Vallejo Pigment FX \u2013 Natural Umber (73109)"},"content":{"rendered":"<h4 data-start=\"517\" data-end=\"1059\"><strong data-start=\"479\" data-end=\"567\">Natural Umber Vallejo 73109: terra escura, sujidade e sombras realistas<\/strong><\/h4>\n<p data-start=\"479\" data-end=\"1180\">Pigmento em p\u00f3 extra-fino concebido para <strong data-start=\"626\" data-end=\"643\">terra escura<\/strong>, <strong data-start=\"645\" data-end=\"659\">gordura seca<\/strong> e <strong data-start=\"662\" data-end=\"687\">sujidade acumulada<\/strong> com resultados de aspeto natural. O seu <strong data-start=\"721\" data-end=\"745\">tom castanho escuro neutro<\/strong> acrescenta <strong data-start=\"753\" data-end=\"768\">profundidade<\/strong> e <strong data-start=\"771\" data-end=\"784\" data-is-only-node=\"\">contraste<\/strong> nos recessos, liga diferentes tons de p\u00f3 e faz transi\u00e7\u00f5es f\u00e1ceis para <strong data-start=\"849\" data-end=\"859\">preto<\/strong>, <strong data-start=\"861\" data-end=\"870\">ocres<\/strong> e <strong data-start=\"873\" data-end=\"883\">sienas<\/strong>. O <strong data-start=\"888\" data-end=\"910\">gr\u00e3o fino<\/strong> permite veladuras e transi\u00e7\u00f5es suaves sobre metal, pl\u00e1stico ou resina, e a sua natureza <strong data-start=\"1000\" data-end=\"1017\">n\u00e3o inflam\u00e1vel<\/strong> torna-o seguro para usar em ambientes interiores. O <strong data-start=\"1065\" data-end=\"1085\">frasco de 35 ml<\/strong> \u00e9 suficiente para m\u00faltiplos <strong data-start=\"1120\" data-end=\"1134\">projetos de envelhecimento<\/strong> e seca sem brilho indesejado.<\/p>\n<p data-start=\"1182\" data-end=\"1755\">Para <strong data-start=\"1185\" data-end=\"1207\">aplica\u00e7\u00e3o a seco<\/strong>, coloque o pigmento com um pincel macio sempre que a sujidade se acumulasse naturalmente por gravidade (superf\u00edcies horizontais, recessos, trilhos e trem de rodagem). Misture com um pincel limpo para <strong data-start=\"1373\" data-end=\"1392\">suavizar pain\u00e9is<\/strong> ou <strong data-start=\"1395\" data-end=\"1419\">quebrar \u00e1reas uniformes<\/strong>. Se pretender <strong data-start=\"1431\" data-end=\"1450\">uma fixa\u00e7\u00e3o leve<\/strong> sem perder a textura, toque o pigmento com um pincel humedecido num <strong data-start=\"1516\" data-end=\"1539\">fixador\/ligante<\/strong>; para maior <strong data-start=\"1546\" data-end=\"1557\">volume<\/strong>, misture-o com ligante at\u00e9 obter uma pasta e crie <strong data-start=\"1613\" data-end=\"1624\">crostas<\/strong>, <strong data-start=\"1626\" data-end=\"1640\">lama seca<\/strong> e <strong data-start=\"1643\" data-end=\"1660\">ac\u00famulos pesados<\/strong>. <strong data-start=\"1662\" data-end=\"1676\">Compat\u00edvel<\/strong> com \u00e1gua, acr\u00edlicos e vernizes; <strong data-start=\"1709\" data-end=\"1721\">limpe<\/strong> as ferramentas com \u00e1gua e sab\u00e3o.<\/p>\n<p data-start=\"1815\" data-end=\"2462\">Descubra mais efeitos na <a href=\"https:\/\/craftyminis.com\/pt-pt\/tintas\/efeitos\/pigment-fx-vallejo\/\"><strong>categoria Pigment FX<\/strong><\/a> ou explore outros produtos da <a href=\"https:\/\/craftyminis.com\/en\/brand\/vallejo\/\"><strong>marca Vallejo<\/strong><\/a>.<\/p>\n<p data-start=\"2464\" data-end=\"2965\"><strong data-start=\"1757\" data-end=\"1783\">Usos sugeridos<\/strong>: em <strong data-start=\"1798\" data-end=\"1835\">ve\u00edculos militares, civis e industriais<\/strong> cria <strong data-start=\"1841\" data-end=\"1860\">sujidade escura<\/strong> em <strong data-start=\"1864\" data-end=\"1908\">partes inferiores, chassis, rodas e trem de rodagem<\/strong>; em <strong data-start=\"1922\" data-end=\"1931\">compartimentos do motor<\/strong> e <strong data-start=\"1934\" data-end=\"1946\">grelhas<\/strong> acrescenta <strong data-start=\"1954\" data-end=\"1963\">sujidade<\/strong> e <strong data-start=\"1966\" data-end=\"1980\">gordura seca<\/strong>; em dioramas rurais ou urbanos simula <strong data-start=\"2019\" data-end=\"2043\" data-is-only-node=\"\">terra h\u00famida escura<\/strong>, <strong data-start=\"2045\" data-end=\"2056\">valas<\/strong>, <strong data-start=\"2058\" data-end=\"2075\">po\u00e7as secas<\/strong> e <strong data-start=\"2078\" data-end=\"2099\">madeira envelhecida<\/strong>. Alterne camadas com <strong data-start=\"2119\" data-end=\"2128\">ocres<\/strong>, <strong data-start=\"2130\" data-end=\"2140\">sienas<\/strong> e <strong data-start=\"2143\" data-end=\"2153\">pretos<\/strong>, selando quando necess\u00e1rio para preservar o efeito de envelhecimento <strong data-start=\"2202\" data-end=\"2221\">estratificado<\/strong>. <\/p>\n<p><small>Encontre mais detalhes t\u00e9cnicos no <a href=\"https:\/\/acrylicosvallejo.com\/\" target=\"_blank\" rel=\"noopener\">site oficial da Vallejo<\/a>.<\/small><\/p>\n","protected":false},"excerpt":{"rendered":"<p><strong data-start=\"98\" data-end=\"139\">Natural Umber Vallejo 73109<\/strong>, <strong data-start=\"141\" data-end=\"158\">frasco de 35 ml<\/strong> com <strong data-start=\"161\" data-end=\"188\">granula\u00e7\u00e3o extra-fina<\/strong>. Ideal para <strong data-start=\"201\" data-end=\"218\">terra escura<\/strong>, <strong data-start=\"220\" data-end=\"242\">sujidade acumulada<\/strong> e <strong data-start=\"245\" data-end=\"266\">sombras profundas<\/strong> em modelos e dioramas; perfeito para <strong data-start=\"305\" data-end=\"325\">real\u00e7ar reentr\u00e2ncias<\/strong>, <strong data-start=\"327\" data-end=\"340\">linhas de painel<\/strong> e <strong data-start=\"343\" data-end=\"352\" data-is-only-node=\"\">faces inferiores<\/strong>. Use-o <strong data-start=\"360\" data-end=\"371\">seco<\/strong> ou com <strong data-start=\"378\" data-end=\"408\">ligante para pigmentos<\/strong>; <strong data-start=\"410\" data-end=\"423\">mistur\u00e1vel<\/strong> com \u00e1gua, acr\u00edlicos e vernizes.<\/p>\n","protected":false},"featured_media":24807,"comment_status":"closed","ping_status":"closed","template":"","meta":{"site-sidebar-layout":"default","site-content-layout":"","ast-site-content-layout":"default","site-content-style":"default","site-sidebar-style":"default","ast-global-header-display":"","ast-banner-title-visibility":"","ast-main-header-display":"","ast-hfb-above-header-display":"","ast-hfb-below-header-display":"","ast-hfb-mobile-header-display":"","site-post-title":"","ast-breadcrumbs-content":"","ast-featured-img":"","footer-sml-layout":"","ast-disable-related-posts":"","theme-transparent-header-meta":"default","adv-header-id-meta":"","stick-header-meta":"default","header-above-stick-meta":"","header-main-stick-meta":"","header-below-stick-meta":"","astra-migrate-meta-layouts":"default","ast-page-background-enabled":"default","ast-page-background-meta":{"desktop":{"background-color":"var(--ast-global-color-4)","background-image":"","background-repeat":"repeat","background-position":"center center","background-size":"auto","background-attachment":"scroll","background-type":"","background-media":"","overlay-type":"","overlay-color":"","overlay-opacity":"","overlay-gradient":""},"tablet":{"background-color":"","background-image":"","background-repeat":"repeat","background-position":"center center","background-size":"auto","background-attachment":"scroll","background-type":"","background-media":"","overlay-type":"","overlay-color":"","overlay-opacity":"","overlay-gradient":""},"mobile":{"background-color":"","background-image":"","background-repeat":"repeat","background-position":"center center","background-size":"auto","background-attachment":"scroll","background-type":"","background-media":"","overlay-type":"","overlay-color":"","overlay-opacity":"","overlay-gradient":""}},"ast-content-background-meta":{"desktop":{"background-color":"var(--ast-global-color-5)","background-image":"","background-repeat":"repeat","background-position":"center center","background-size":"auto","background-attachment":"scroll","background-type":"","background-media":"","overlay-type":"","overlay-color":"","overlay-opacity":"","overlay-gradient":""},"tablet":{"background-color":"var(--ast-global-color-5)","background-image":"","background-repeat":"repeat","background-position":"center center","background-size":"auto","background-attachment":"scroll","background-type":"","background-media":"","overlay-type":"","overlay-color":"","overlay-opacity":"","overlay-gradient":""},"mobile":{"background-color":"var(--ast-global-color-5)","background-image":"","background-repeat":"repeat","background-position":"center center","background-size":"auto","background-attachment":"scroll","background-type":"","background-media":"","overlay-type":"","overlay-color":"","overlay-opacity":"","overlay-gradient":""}}},"product_brand":[2244],"product_cat":[1952,1985,2009],"product_tag":[],"class_list":{"0":"post-24805","1":"product","2":"type-product","3":"status-publish","4":"has-post-thumbnail","6":"product_brand-vallejo","7":"product_cat-tintas","8":"product_cat-efeitos","9":"product_cat-pigment-fx-vallejo","10":"desktop-align-left","11":"tablet-align-left","12":"mobile-align-left","13":"ast-product-gallery-layout-first-image-large","14":"ast-magnify-disabled","15":"ast-product-tabs-layout-accordion","17":"first","18":"instock","19":"taxable","20":"shipping-taxable","21":"purchasable","22":"product-type-simple"},"_links":{"self":[{"href":"https:\/\/craftyminis.com\/pt-pt\/wp-json\/wp\/v2\/product\/24805","targetHints":{"allow":["GET"]}}],"collection":[{"href":"https:\/\/craftyminis.com\/pt-pt\/wp-json\/wp\/v2\/product"}],"about":[{"href":"https:\/\/craftyminis.com\/pt-pt\/wp-json\/wp\/v2\/types\/product"}],"replies":[{"embeddable":true,"href":"https:\/\/craftyminis.com\/pt-pt\/wp-json\/wp\/v2\/comments?post=24805"}],"wp:featuredmedia":[{"embeddable":true,"href":"https:\/\/craftyminis.com\/pt-pt\/wp-json\/wp\/v2\/media\/24807"}],"wp:attachment":[{"href":"https:\/\/craftyminis.com\/pt-pt\/wp-json\/wp\/v2\/media?parent=24805"}],"wp:term":[{"taxonomy":"product_brand","embeddable":true,"href":"https:\/\/craftyminis.com\/pt-pt\/wp-json\/wp\/v2\/product_brand?post=24805"},{"taxonomy":"product_cat","embeddable":true,"href":"https:\/\/craftyminis.com\/pt-pt\/wp-json\/wp\/v2\/product_cat?post=24805"},{"taxonomy":"product_tag","embeddable":true,"href":"https:\/\/craftyminis.com\/pt-pt\/wp-json\/wp\/v2\/product_tag?post=24805"}],"curies":[{"name":"wp","href":"https:\/\/api.w.org\/{rel}","templated":true}]}}