{"id":24781,"date":"2025-08-27T17:33:54","date_gmt":"2025-08-27T16:33:54","guid":{"rendered":"https:\/\/craftyminis.com\/sem categoria\/green-earth-vallejo-73111\/"},"modified":"2025-08-27T17:33:54","modified_gmt":"2025-08-27T16:33:54","slug":"green-earth-vallejo-73111","status":"publish","type":"product","link":"https:\/\/craftyminis.com\/pt-pt\/tintas\/green-earth-vallejo-73111\/","title":{"rendered":"Vallejo Pigment FX \u2013 Green Earth (73111)"},"content":{"rendered":"<h4 data-start=\"517\" data-end=\"1059\"><strong data-start=\"420\" data-end=\"504\">Green Earth Vallejo 73111: terra h\u00famida, musgo e p\u00e1tinas naturais<\/strong><\/h4>\n<p data-start=\"420\" data-end=\"1076\">Pigmento em p\u00f3 extra-fino concebido para <strong data-start=\"563\" data-end=\"579\">terra verde<\/strong>, <strong data-start=\"581\" data-end=\"598\">p\u00f3 esverdeado<\/strong> e <strong data-start=\"601\" data-end=\"625\">dep\u00f3sitos de humidade<\/strong> com acabamentos naturais. O seu <strong data-start=\"659\" data-end=\"675\">tom esverdeado frio<\/strong> adiciona realismo a <strong data-start=\"695\" data-end=\"727\">ambientes h\u00famidos e arborizados<\/strong> e ajuda a unificar os efeitos de p\u00f3 com um tom org\u00e2nico. O <strong data-start=\"784\" data-end=\"806\" data-is-only-node=\"\">gr\u00e3o fino<\/strong> permite glac\u00eas e transi\u00e7\u00f5es suaves sobre metal, pl\u00e1stico ou resina, e a sua natureza <strong data-start=\"896\" data-end=\"913\">n\u00e3o inflam\u00e1vel<\/strong> torna-o seguro para uso em interiores. O <strong data-start=\"961\" data-end=\"981\">frasco de 35 ml<\/strong> \u00e9 suficiente para m\u00faltiplos projetos de <strong data-start=\"1016\" data-end=\"1030\">envelhecimento<\/strong> e seca sem brilho indesejado.<\/p>\n<p data-start=\"1078\" data-end=\"1635\">Para <strong data-start=\"1081\" data-end=\"1103\">aplica\u00e7\u00e3o a seco<\/strong>, coloque o pigmento com um pincel macio onde naturalmente se acumularia por gravidade (superf\u00edcies horizontais, reentr\u00e2ncias, esteiras e rodados). Misture com um pincel limpo para <strong data-start=\"1269\" data-end=\"1288\">suavizar pain\u00e9is<\/strong> ou <strong data-start=\"1291\" data-end=\"1315\">quebrar \u00e1reas uniformes<\/strong>. Se desejar <strong data-start=\"1327\" data-end=\"1346\">fixa\u00e7\u00e3o leve<\/strong> sem perder textura, toque o pigmento com um pincel humedecido em <strong data-start=\"1412\" data-end=\"1435\">fixador\/aglutinante de pigmento<\/strong>; para maior <strong data-start=\"1442\" data-end=\"1453\">volume<\/strong>, misture com aglutinante para obter uma pasta e criar <strong data-start=\"1509\" data-end=\"1520\">crostas<\/strong> e <strong data-start=\"1523\" data-end=\"1540\">ac\u00famulos<\/strong>. <strong data-start=\"1542\" data-end=\"1556\">Compat\u00edvel<\/strong> com \u00e1gua, acr\u00edlicos e vernizes; <strong data-start=\"1589\" data-end=\"1601\">limpe<\/strong> as ferramentas com \u00e1gua e sab\u00e3o.<\/p>\n<p data-start=\"1815\" data-end=\"2462\">Pode descobrir mais efeitos na <a href=\"https:\/\/craftyminis.com\/pt-pt\/tintas\/efeitos\/pigment-fx-vallejo\/\"><strong>categoria Pigment FX<\/strong><\/a> ou explorar outros produtos da <a href=\"https:\/\/craftyminis.com\/en\/brand\/vallejo\/\"><strong>marca Vallejo<\/strong><\/a>.<\/p>\n<p data-start=\"2464\" data-end=\"2965\"><strong data-start=\"1637\" data-end=\"1663\">Usos sugeridos<\/strong>: em ve\u00edculos que operam em <strong data-start=\"1689\" data-end=\"1713\">teatros temperados e florestais<\/strong> cria <strong data-start=\"1719\" data-end=\"1749\">sujeira com tonalidade esverdeada<\/strong> em <strong data-start=\"1753\" data-end=\"1779\">partes inferiores, chassis e esteiras<\/strong>; em dioramas de <strong data-start=\"1796\" data-end=\"1826\">margem de rio, selva ou p\u00e2ntano<\/strong> simula <strong data-start=\"1834\" data-end=\"1843\">musgo<\/strong>, <strong data-start=\"1845\" data-end=\"1860\">algas secas<\/strong> e <strong data-start=\"1863\" data-end=\"1880\">terra h\u00famida<\/strong>; em <strong data-start=\"1898\" data-end=\"1920\" data-is-only-node=\"\">cen\u00e1rios urbanos e de pedra<\/strong> adiciona <strong data-start=\"1928\" data-end=\"1948\">p\u00e1tinas esverdeadas<\/strong> a <strong data-start=\"1952\" data-end=\"1991\">paredes, fontes, caleiras e \u00e1reas sombreadas<\/strong>. Alterne camadas com <strong data-start=\"2011\" data-end=\"2020\">\u00f3xidos<\/strong>, <strong data-start=\"2022\" data-end=\"2032\">sienas<\/strong> e <strong data-start=\"2035\" data-end=\"2045\">pretos<\/strong>, selando quando necess\u00e1rio para preservar o efeito de <strong data-start=\"2094\" data-end=\"2113\">envelhecimento estratificado<\/strong>. <\/p>\n<p><small>Encontre mais detalhes t\u00e9cnicos no <a href=\"https:\/\/acrylicosvallejo.com\/\" target=\"_blank\" rel=\"noopener\">site oficial da Vallejo<\/a>.<\/small><\/p>\n","protected":false},"excerpt":{"rendered":"<p><strong data-start=\"98\" data-end=\"137\">Green Earth Vallejo 73111<\/strong>, <strong data-start=\"139\" data-end=\"156\">frasco de 35 ml<\/strong> com <strong data-start=\"159\" data-end=\"186\">granula\u00e7\u00e3o extra-fina<\/strong>. Ideal para <strong data-start=\"199\" data-end=\"217\">terra esverdeada<\/strong>, <strong data-start=\"219\" data-end=\"228\">musgo<\/strong>, <strong data-start=\"230\" data-end=\"245\">algas secas<\/strong> e <strong data-start=\"248\" data-end=\"270\">manchas h\u00famidas<\/strong> em modelos e dioramas. Use-o <strong data-start=\"301\" data-end=\"312\">a seco<\/strong> ou com <strong data-start=\"319\" data-end=\"349\" data-is-only-node=\"\">ligante para pigmentos<\/strong>; <strong data-start=\"351\" data-end=\"364\">mistur\u00e1vel<\/strong> com \u00e1gua, acr\u00edlicos e vernizes.<\/p>\n","protected":false},"featured_media":24783,"comment_status":"closed","ping_status":"closed","template":"","meta":{"site-sidebar-layout":"default","site-content-layout":"","ast-site-content-layout":"default","site-content-style":"default","site-sidebar-style":"default","ast-global-header-display":"","ast-banner-title-visibility":"","ast-main-header-display":"","ast-hfb-above-header-display":"","ast-hfb-below-header-display":"","ast-hfb-mobile-header-display":"","site-post-title":"","ast-breadcrumbs-content":"","ast-featured-img":"","footer-sml-layout":"","ast-disable-related-posts":"","theme-transparent-header-meta":"default","adv-header-id-meta":"","stick-header-meta":"default","header-above-stick-meta":"","header-main-stick-meta":"","header-below-stick-meta":"","astra-migrate-meta-layouts":"default","ast-page-background-enabled":"default","ast-page-background-meta":{"desktop":{"background-color":"var(--ast-global-color-4)","background-image":"","background-repeat":"repeat","background-position":"center center","background-size":"auto","background-attachment":"scroll","background-type":"","background-media":"","overlay-type":"","overlay-color":"","overlay-opacity":"","overlay-gradient":""},"tablet":{"background-color":"","background-image":"","background-repeat":"repeat","background-position":"center center","background-size":"auto","background-attachment":"scroll","background-type":"","background-media":"","overlay-type":"","overlay-color":"","overlay-opacity":"","overlay-gradient":""},"mobile":{"background-color":"","background-image":"","background-repeat":"repeat","background-position":"center center","background-size":"auto","background-attachment":"scroll","background-type":"","background-media":"","overlay-type":"","overlay-color":"","overlay-opacity":"","overlay-gradient":""}},"ast-content-background-meta":{"desktop":{"background-color":"var(--ast-global-color-5)","background-image":"","background-repeat":"repeat","background-position":"center center","background-size":"auto","background-attachment":"scroll","background-type":"","background-media":"","overlay-type":"","overlay-color":"","overlay-opacity":"","overlay-gradient":""},"tablet":{"background-color":"var(--ast-global-color-5)","background-image":"","background-repeat":"repeat","background-position":"center center","background-size":"auto","background-attachment":"scroll","background-type":"","background-media":"","overlay-type":"","overlay-color":"","overlay-opacity":"","overlay-gradient":""},"mobile":{"background-color":"var(--ast-global-color-5)","background-image":"","background-repeat":"repeat","background-position":"center center","background-size":"auto","background-attachment":"scroll","background-type":"","background-media":"","overlay-type":"","overlay-color":"","overlay-opacity":"","overlay-gradient":""}}},"product_brand":[2244],"product_cat":[1952,1985,2009],"product_tag":[],"class_list":{"0":"post-24781","1":"product","2":"type-product","3":"status-publish","4":"has-post-thumbnail","6":"product_brand-vallejo","7":"product_cat-tintas","8":"product_cat-efeitos","9":"product_cat-pigment-fx-vallejo","10":"desktop-align-left","11":"tablet-align-left","12":"mobile-align-left","13":"ast-product-gallery-layout-first-image-large","14":"ast-magnify-disabled","15":"ast-product-tabs-layout-accordion","17":"first","18":"instock","19":"taxable","20":"shipping-taxable","21":"purchasable","22":"product-type-simple"},"_links":{"self":[{"href":"https:\/\/craftyminis.com\/pt-pt\/wp-json\/wp\/v2\/product\/24781","targetHints":{"allow":["GET"]}}],"collection":[{"href":"https:\/\/craftyminis.com\/pt-pt\/wp-json\/wp\/v2\/product"}],"about":[{"href":"https:\/\/craftyminis.com\/pt-pt\/wp-json\/wp\/v2\/types\/product"}],"replies":[{"embeddable":true,"href":"https:\/\/craftyminis.com\/pt-pt\/wp-json\/wp\/v2\/comments?post=24781"}],"wp:featuredmedia":[{"embeddable":true,"href":"https:\/\/craftyminis.com\/pt-pt\/wp-json\/wp\/v2\/media\/24783"}],"wp:attachment":[{"href":"https:\/\/craftyminis.com\/pt-pt\/wp-json\/wp\/v2\/media?parent=24781"}],"wp:term":[{"taxonomy":"product_brand","embeddable":true,"href":"https:\/\/craftyminis.com\/pt-pt\/wp-json\/wp\/v2\/product_brand?post=24781"},{"taxonomy":"product_cat","embeddable":true,"href":"https:\/\/craftyminis.com\/pt-pt\/wp-json\/wp\/v2\/product_cat?post=24781"},{"taxonomy":"product_tag","embeddable":true,"href":"https:\/\/craftyminis.com\/pt-pt\/wp-json\/wp\/v2\/product_tag?post=24781"}],"curies":[{"name":"wp","href":"https:\/\/api.w.org\/{rel}","templated":true}]}}