{"id":23997,"date":"2024-04-22T15:33:16","date_gmt":"2024-04-22T14:33:16","guid":{"rendered":"https:\/\/craftyminis.com\/sem categoria\/pincel-marta-kolinsky-no-2-municao-sep-sitename\/"},"modified":"2024-04-22T15:33:16","modified_gmt":"2024-04-22T14:33:16","slug":"pincel-marta-kolinsky-no-2-municao-sep-sitename","status":"publish","type":"product","link":"https:\/\/craftyminis.com\/pt-pt\/acessorios\/pinceis\/pincel-marta-kolinsky-no-2-municao-sep-sitename\/","title":{"rendered":"Pincel Marta Kolinsky N\u00ba 2 MUNI\u00c7\u00c3O"},"content":{"rendered":"<p>Domine a arte do detalhe com o AMMO Pincel Marta Kolinsky N\u00ba 2.<\/p>\n<p>Este pincel premium, feito com <strong>pelo natural de marta Kolinsky<\/strong>, \u00e9 a ferramenta definitiva para modeladores exigentes que procuram precis\u00e3o e controlo em cada pincelada. A sua ponta afiada \u00e9 perfeita para aplica\u00e7\u00f5es meticulosas que requerem detalhes finos, como pintar figuras intrincadas, interiores detalhados de tanques e cockpits de avi\u00f5es em escala.<\/p>\n<p>A durabilidade do AMMO Pincel Marta Kolinsky N\u00ba 2, juntamente com a sua capacidade de manter a forma original e excelente carga de tinta, faz dele um aliado essencial para todos os tipos de t\u00e9cnicas de modelismo. \u00c9 compat\u00edvel com uma ampla gama de tintas, incluindo acr\u00edlicas, esmaltes e \u00f3leos, e \u00e9 ideal para executar t\u00e9cnicas especializadas como <strong>glazing, blending, outlining, washes, and highlights<\/strong>. Para os cuidados adequados, recomenda-se limpar o pincel com o diluente apropriado para cada tipo de tinta e usar o produto de manuten\u00e7\u00e3o Long Live the Brushes A.MIG-8579.<\/p>\n<p>Antes de guardar, certifique-se de que a ponta est\u00e1 bem formada e protegida com a sua tampa de pl\u00e1stico.<\/p>\n","protected":false},"excerpt":{"rendered":"<p>A AMMO Pincel Marta Kolinsky N\u00ba 2 \u00e9 perfeita para t\u00e9cnicas detalhadas em modelagem e pintura de miniaturas, compat\u00edvel com v\u00e1rios tipos de tinta, e projetada para <strong>durabilidade e precis\u00e3o excepcionais<\/strong>.<\/p>\n","protected":false},"featured_media":23998,"comment_status":"open","ping_status":"closed","template":"","meta":{"site-sidebar-layout":"default","site-content-layout":"","ast-site-content-layout":"default","site-content-style":"default","site-sidebar-style":"default","ast-global-header-display":"","ast-banner-title-visibility":"","ast-main-header-display":"","ast-hfb-above-header-display":"","ast-hfb-below-header-display":"","ast-hfb-mobile-header-display":"","site-post-title":"","ast-breadcrumbs-content":"","ast-featured-img":"","footer-sml-layout":"","ast-disable-related-posts":"","theme-transparent-header-meta":"default","adv-header-id-meta":"","stick-header-meta":"default","header-above-stick-meta":"","header-main-stick-meta":"","header-below-stick-meta":"","astra-migrate-meta-layouts":"default","ast-page-background-enabled":"default","ast-page-background-meta":{"desktop":{"background-color":"var(--ast-global-color-4)","background-image":"","background-repeat":"repeat","background-position":"center center","background-size":"auto","background-attachment":"scroll","background-type":"","background-media":"","overlay-type":"","overlay-color":"","overlay-opacity":"","overlay-gradient":""},"tablet":{"background-color":"","background-image":"","background-repeat":"repeat","background-position":"center center","background-size":"auto","background-attachment":"scroll","background-type":"","background-media":"","overlay-type":"","overlay-color":"","overlay-opacity":"","overlay-gradient":""},"mobile":{"background-color":"","background-image":"","background-repeat":"repeat","background-position":"center center","background-size":"auto","background-attachment":"scroll","background-type":"","background-media":"","overlay-type":"","overlay-color":"","overlay-opacity":"","overlay-gradient":""}},"ast-content-background-meta":{"desktop":{"background-color":"var(--ast-global-color-5)","background-image":"","background-repeat":"repeat","background-position":"center center","background-size":"auto","background-attachment":"scroll","background-type":"","background-media":"","overlay-type":"","overlay-color":"","overlay-opacity":"","overlay-gradient":""},"tablet":{"background-color":"var(--ast-global-color-5)","background-image":"","background-repeat":"repeat","background-position":"center center","background-size":"auto","background-attachment":"scroll","background-type":"","background-media":"","overlay-type":"","overlay-color":"","overlay-opacity":"","overlay-gradient":""},"mobile":{"background-color":"var(--ast-global-color-5)","background-image":"","background-repeat":"repeat","background-position":"center center","background-size":"auto","background-attachment":"scroll","background-type":"","background-media":"","overlay-type":"","overlay-color":"","overlay-opacity":"","overlay-gradient":""}}},"product_brand":[2184],"product_cat":[1724,1585,1725],"product_tag":[],"class_list":{"0":"post-23997","1":"product","2":"type-product","3":"status-publish","4":"has-post-thumbnail","6":"product_brand-ammo-mig-jimenez","7":"product_cat-pinceis","8":"product_cat-acessorios","9":"product_cat-pinceis-ammo","10":"desktop-align-left","11":"tablet-align-left","12":"mobile-align-left","13":"ast-product-gallery-layout-first-image-large","14":"ast-product-gallery-with-no-image","15":"ast-magnify-disabled","16":"ast-product-tabs-layout-accordion","18":"first","19":"outofstock","20":"taxable","21":"shipping-taxable","22":"purchasable","23":"product-type-simple"},"_links":{"self":[{"href":"https:\/\/craftyminis.com\/pt-pt\/wp-json\/wp\/v2\/product\/23997","targetHints":{"allow":["GET"]}}],"collection":[{"href":"https:\/\/craftyminis.com\/pt-pt\/wp-json\/wp\/v2\/product"}],"about":[{"href":"https:\/\/craftyminis.com\/pt-pt\/wp-json\/wp\/v2\/types\/product"}],"replies":[{"embeddable":true,"href":"https:\/\/craftyminis.com\/pt-pt\/wp-json\/wp\/v2\/comments?post=23997"}],"wp:featuredmedia":[{"embeddable":true,"href":"https:\/\/craftyminis.com\/pt-pt\/wp-json\/wp\/v2\/media\/23998"}],"wp:attachment":[{"href":"https:\/\/craftyminis.com\/pt-pt\/wp-json\/wp\/v2\/media?parent=23997"}],"wp:term":[{"taxonomy":"product_brand","embeddable":true,"href":"https:\/\/craftyminis.com\/pt-pt\/wp-json\/wp\/v2\/product_brand?post=23997"},{"taxonomy":"product_cat","embeddable":true,"href":"https:\/\/craftyminis.com\/pt-pt\/wp-json\/wp\/v2\/product_cat?post=23997"},{"taxonomy":"product_tag","embeddable":true,"href":"https:\/\/craftyminis.com\/pt-pt\/wp-json\/wp\/v2\/product_tag?post=23997"}],"curies":[{"name":"wp","href":"https:\/\/api.w.org\/{rel}","templated":true}]}}