{"id":23469,"date":"2024-04-21T16:53:25","date_gmt":"2024-04-21T15:53:25","guid":{"rendered":"https:\/\/craftyminis.com\/sem categoria\/deluxe-roket-hot\/"},"modified":"2024-04-21T16:53:25","modified_gmt":"2024-04-21T15:53:25","slug":"deluxe-roket-hot","status":"publish","type":"product","link":"https:\/\/craftyminis.com\/pt-pt\/acessorios\/adesivos\/deluxe-roket-hot\/","title":{"rendered":"Deluxe Roket Hot"},"content":{"rendered":"<p>Assegure <strong>ades\u00e3o r\u00e1pida e eficaz<\/strong> com Deluxe Roket Hot.<\/p>\n<p>Este adesivo de cianoacrilato de alta qualidade foi concebido para oferecer resultados r\u00e1pidos e eficientes. Com uma f\u00f3rmula ultra-fina e penetrante, seca em apenas 1-5 segundos, tornando-o ideal para projetos que exigem precis\u00e3o e rapidez. Perfeito para colar madeira, metal, pl\u00e1sticos r\u00edgidos como estireno e PVC, e espumas como EPO e EPP, a sua capacidade de penetrar em juntas apertadas faz do Roket Hot uma excelente escolha para modeladores e artes\u00e3os.<\/p>\n<p>Embalado numa garrafa de 20 g, <strong>Deluxe Roket Hot<\/strong> \u00e9 adequado tanto para projetos grandes como pequenos, proporcionando um desempenho fi\u00e1vel e duradouro.<\/p>\n","protected":false},"excerpt":{"rendered":"<p>Deluxe Roket Hot, um <strong>adesivo de cianoacrilato super fino e de secagem r\u00e1pida<\/strong> que cola em <strong>1-5 segundos<\/strong>, perfeito para madeira, metal e pl\u00e1sticos r\u00edgidos.<\/p>\n","protected":false},"featured_media":23470,"comment_status":"open","ping_status":"closed","template":"","meta":{"site-sidebar-layout":"default","site-content-layout":"","ast-site-content-layout":"default","site-content-style":"default","site-sidebar-style":"default","ast-global-header-display":"","ast-banner-title-visibility":"","ast-main-header-display":"","ast-hfb-above-header-display":"","ast-hfb-below-header-display":"","ast-hfb-mobile-header-display":"","site-post-title":"","ast-breadcrumbs-content":"","ast-featured-img":"","footer-sml-layout":"","ast-disable-related-posts":"","theme-transparent-header-meta":"default","adv-header-id-meta":"","stick-header-meta":"default","header-above-stick-meta":"","header-main-stick-meta":"","header-below-stick-meta":"","astra-migrate-meta-layouts":"default","ast-page-background-enabled":"default","ast-page-background-meta":{"desktop":{"background-color":"var(--ast-global-color-4)","background-image":"","background-repeat":"repeat","background-position":"center center","background-size":"auto","background-attachment":"scroll","background-type":"","background-media":"","overlay-type":"","overlay-color":"","overlay-opacity":"","overlay-gradient":""},"tablet":{"background-color":"","background-image":"","background-repeat":"repeat","background-position":"center center","background-size":"auto","background-attachment":"scroll","background-type":"","background-media":"","overlay-type":"","overlay-color":"","overlay-opacity":"","overlay-gradient":""},"mobile":{"background-color":"","background-image":"","background-repeat":"repeat","background-position":"center center","background-size":"auto","background-attachment":"scroll","background-type":"","background-media":"","overlay-type":"","overlay-color":"","overlay-opacity":"","overlay-gradient":""}},"ast-content-background-meta":{"desktop":{"background-color":"var(--ast-global-color-5)","background-image":"","background-repeat":"repeat","background-position":"center center","background-size":"auto","background-attachment":"scroll","background-type":"","background-media":"","overlay-type":"","overlay-color":"","overlay-opacity":"","overlay-gradient":""},"tablet":{"background-color":"var(--ast-global-color-5)","background-image":"","background-repeat":"repeat","background-position":"center center","background-size":"auto","background-attachment":"scroll","background-type":"","background-media":"","overlay-type":"","overlay-color":"","overlay-opacity":"","overlay-gradient":""},"mobile":{"background-color":"var(--ast-global-color-5)","background-image":"","background-repeat":"repeat","background-position":"center center","background-size":"auto","background-attachment":"scroll","background-type":"","background-media":"","overlay-type":"","overlay-color":"","overlay-opacity":"","overlay-gradient":""}}},"product_brand":[2192],"product_cat":[1589,1585,1607],"product_tag":[],"class_list":{"0":"post-23469","1":"product","2":"type-product","3":"status-publish","4":"has-post-thumbnail","6":"product_brand-deluxe-materials","7":"product_cat-adesivos","8":"product_cat-acessorios","9":"product_cat-adesivos-deluxe-materials","10":"desktop-align-left","11":"tablet-align-left","12":"mobile-align-left","13":"ast-product-gallery-layout-first-image-large","14":"ast-product-gallery-with-no-image","15":"ast-magnify-disabled","16":"ast-product-tabs-layout-accordion","18":"first","19":"instock","20":"taxable","21":"shipping-taxable","22":"purchasable","23":"product-type-simple"},"_links":{"self":[{"href":"https:\/\/craftyminis.com\/pt-pt\/wp-json\/wp\/v2\/product\/23469","targetHints":{"allow":["GET"]}}],"collection":[{"href":"https:\/\/craftyminis.com\/pt-pt\/wp-json\/wp\/v2\/product"}],"about":[{"href":"https:\/\/craftyminis.com\/pt-pt\/wp-json\/wp\/v2\/types\/product"}],"replies":[{"embeddable":true,"href":"https:\/\/craftyminis.com\/pt-pt\/wp-json\/wp\/v2\/comments?post=23469"}],"wp:featuredmedia":[{"embeddable":true,"href":"https:\/\/craftyminis.com\/pt-pt\/wp-json\/wp\/v2\/media\/23470"}],"wp:attachment":[{"href":"https:\/\/craftyminis.com\/pt-pt\/wp-json\/wp\/v2\/media?parent=23469"}],"wp:term":[{"taxonomy":"product_brand","embeddable":true,"href":"https:\/\/craftyminis.com\/pt-pt\/wp-json\/wp\/v2\/product_brand?post=23469"},{"taxonomy":"product_cat","embeddable":true,"href":"https:\/\/craftyminis.com\/pt-pt\/wp-json\/wp\/v2\/product_cat?post=23469"},{"taxonomy":"product_tag","embeddable":true,"href":"https:\/\/craftyminis.com\/pt-pt\/wp-json\/wp\/v2\/product_tag?post=23469"}],"curies":[{"name":"wp","href":"https:\/\/api.w.org\/{rel}","templated":true}]}}