{"id":23461,"date":"2024-04-21T17:27:57","date_gmt":"2024-04-21T16:27:57","guid":{"rendered":"https:\/\/craftyminis.com\/sem categoria\/deluxe-roket-rapid\/"},"modified":"2024-04-21T17:27:57","modified_gmt":"2024-04-21T16:27:57","slug":"deluxe-roket-rapid","status":"publish","type":"product","link":"https:\/\/craftyminis.com\/pt-pt\/acessorios\/adesivos\/deluxe-roket-rapid\/","title":{"rendered":"Deluxe Roket Rapid"},"content":{"rendered":"<p>Maximize efficiency with <strong>Deluxe Roket Rapid.<\/strong><\/p>\n<p>Este adesivo de cianoacrilato de viscosidade m\u00e9dia \u00e9 da mais alta qualidade, concebido para uma colagem r\u00e1pida com um tempo de secagem de 5 a 10 segundos. \u00c9 perfeito para projetos que requerem ades\u00e3o forte e r\u00e1pida. Basta aplicar o adesivo numa superf\u00edcie, pressionar as pe\u00e7as juntas e obter uma liga\u00e7\u00e3o duradoura em segundos.<\/p>\n<p>Armazene este produto num local fresco, seco e escuro para manter a sua efic\u00e1cia.<\/p>\n<p>Embalado numa garrafa de 20 g, <strong>Deluxe Roket Rapid<\/strong> \u00e9 adequado para madeira, metal, pl\u00e1sticos r\u00edgidos como estireno e PVC, bem como espumas como EPO e EPP.<\/p>\n","protected":false},"excerpt":{"rendered":"<p>Deluxe Roket Rapid, um <strong>adesivo de cianoacrilato de viscosidade m\u00e9dia<\/strong> com tempo de secagem ultra-r\u00e1pido (<strong>5-10 segundos<\/strong>), perfeito para madeira, metal e pl\u00e1sticos r\u00edgidos.<\/p>\n","protected":false},"featured_media":23462,"comment_status":"open","ping_status":"closed","template":"","meta":{"site-sidebar-layout":"default","site-content-layout":"","ast-site-content-layout":"default","site-content-style":"default","site-sidebar-style":"default","ast-global-header-display":"","ast-banner-title-visibility":"","ast-main-header-display":"","ast-hfb-above-header-display":"","ast-hfb-below-header-display":"","ast-hfb-mobile-header-display":"","site-post-title":"","ast-breadcrumbs-content":"","ast-featured-img":"","footer-sml-layout":"","ast-disable-related-posts":"","theme-transparent-header-meta":"default","adv-header-id-meta":"","stick-header-meta":"default","header-above-stick-meta":"","header-main-stick-meta":"","header-below-stick-meta":"","astra-migrate-meta-layouts":"default","ast-page-background-enabled":"default","ast-page-background-meta":{"desktop":{"background-color":"var(--ast-global-color-4)","background-image":"","background-repeat":"repeat","background-position":"center center","background-size":"auto","background-attachment":"scroll","background-type":"","background-media":"","overlay-type":"","overlay-color":"","overlay-opacity":"","overlay-gradient":""},"tablet":{"background-color":"","background-image":"","background-repeat":"repeat","background-position":"center center","background-size":"auto","background-attachment":"scroll","background-type":"","background-media":"","overlay-type":"","overlay-color":"","overlay-opacity":"","overlay-gradient":""},"mobile":{"background-color":"","background-image":"","background-repeat":"repeat","background-position":"center center","background-size":"auto","background-attachment":"scroll","background-type":"","background-media":"","overlay-type":"","overlay-color":"","overlay-opacity":"","overlay-gradient":""}},"ast-content-background-meta":{"desktop":{"background-color":"var(--ast-global-color-5)","background-image":"","background-repeat":"repeat","background-position":"center center","background-size":"auto","background-attachment":"scroll","background-type":"","background-media":"","overlay-type":"","overlay-color":"","overlay-opacity":"","overlay-gradient":""},"tablet":{"background-color":"var(--ast-global-color-5)","background-image":"","background-repeat":"repeat","background-position":"center center","background-size":"auto","background-attachment":"scroll","background-type":"","background-media":"","overlay-type":"","overlay-color":"","overlay-opacity":"","overlay-gradient":""},"mobile":{"background-color":"var(--ast-global-color-5)","background-image":"","background-repeat":"repeat","background-position":"center center","background-size":"auto","background-attachment":"scroll","background-type":"","background-media":"","overlay-type":"","overlay-color":"","overlay-opacity":"","overlay-gradient":""}}},"product_brand":[2192],"product_cat":[1589,1585,1607],"product_tag":[],"class_list":{"0":"post-23461","1":"product","2":"type-product","3":"status-publish","4":"has-post-thumbnail","6":"product_brand-deluxe-materials","7":"product_cat-adesivos","8":"product_cat-acessorios","9":"product_cat-adesivos-deluxe-materials","10":"desktop-align-left","11":"tablet-align-left","12":"mobile-align-left","13":"ast-product-gallery-layout-first-image-large","14":"ast-product-gallery-with-no-image","15":"ast-magnify-disabled","16":"ast-product-tabs-layout-accordion","18":"first","19":"instock","20":"taxable","21":"shipping-taxable","22":"purchasable","23":"product-type-simple"},"_links":{"self":[{"href":"https:\/\/craftyminis.com\/pt-pt\/wp-json\/wp\/v2\/product\/23461","targetHints":{"allow":["GET"]}}],"collection":[{"href":"https:\/\/craftyminis.com\/pt-pt\/wp-json\/wp\/v2\/product"}],"about":[{"href":"https:\/\/craftyminis.com\/pt-pt\/wp-json\/wp\/v2\/types\/product"}],"replies":[{"embeddable":true,"href":"https:\/\/craftyminis.com\/pt-pt\/wp-json\/wp\/v2\/comments?post=23461"}],"wp:featuredmedia":[{"embeddable":true,"href":"https:\/\/craftyminis.com\/pt-pt\/wp-json\/wp\/v2\/media\/23462"}],"wp:attachment":[{"href":"https:\/\/craftyminis.com\/pt-pt\/wp-json\/wp\/v2\/media?parent=23461"}],"wp:term":[{"taxonomy":"product_brand","embeddable":true,"href":"https:\/\/craftyminis.com\/pt-pt\/wp-json\/wp\/v2\/product_brand?post=23461"},{"taxonomy":"product_cat","embeddable":true,"href":"https:\/\/craftyminis.com\/pt-pt\/wp-json\/wp\/v2\/product_cat?post=23461"},{"taxonomy":"product_tag","embeddable":true,"href":"https:\/\/craftyminis.com\/pt-pt\/wp-json\/wp\/v2\/product_tag?post=23461"}],"curies":[{"name":"wp","href":"https:\/\/api.w.org\/{rel}","templated":true}]}}