{"id":23353,"date":"2024-04-24T15:31:20","date_gmt":"2024-04-24T14:31:20","guid":{"rendered":"https:\/\/craftyminis.com\/sem categoria\/ral-7028-dark-yellow-aus-44-dg-iii-a-mig-0012\/"},"modified":"2024-04-24T15:31:20","modified_gmt":"2024-04-24T14:31:20","slug":"ral-7028-dark-yellow-aus-44-dg-iii-a-mig-0012","status":"publish","type":"product","link":"https:\/\/craftyminis.com\/pt-pt\/tintas\/ral-7028-dark-yellow-aus-44-dg-iii-a-mig-0012\/","title":{"rendered":"RAL 7028 Dark Yellow AUS &#8217;44 DG III A.MIG-0012"},"content":{"rendered":"<p>Aperfei\u00e7oe as suas miniaturas e modelos com <strong>RAL 7028 Dunkelgelb AUS &#8217;44 DG III A.MIG-0011 cor acr\u00edlica.<\/strong><\/p>\n<p>Esta cor acr\u00edlica \u00e9 perfeita para representar ve\u00edculos alem\u00e3es de 1945, usando o tom RAL 7028 DG III Dunkelgelb. Este tom \u00e9 mais suave do que o RAL 7028 DG I Dunkelgelb e menos amarelo do que o RAL 7028 do meio da guerra. Introduzido no final de 1944, este tom faz parte das novas varia\u00e7\u00f5es nas cores dos ve\u00edculos usadas pelo ex\u00e9rcito alem\u00e3o, como esta vers\u00e3o tardia do Dunkelgelb. Este produto permite aos modelistas recriar com precis\u00e3o e facilidade os tons espec\u00edficos dos ve\u00edculos alem\u00e3es do final da guerra.<\/p>\n<p>A sua f\u00f3rmula otimizada permite um uso eficaz tanto com pincel como com aer\u00f3grafo, proporcionando uma cobertura uniforme e precisa. A tinta, numa embalagem de 17 mL, inclui um efeito de redu\u00e7\u00e3o de escala para garantir que a cor pare\u00e7a aut\u00eantica em modelos \u00e0 escala. Sol\u00favel em \u00e1gua, inodora e n\u00e3o t\u00f3xica, recomenda-se o uso de um diluente acr\u00edlico para uma dissolu\u00e7\u00e3o adequada.<\/p>\n<p>Seca completamente em 24 horas, garantindo um acabamento duradouro e profissional.<\/p>\n<p>Incorpore a cor acr\u00edlica RAL 7028 Dunkelgelb AUS &#8217;44 DG III da AMMO MIG ao seu kit de pintura para real\u00e7ar o <strong>detalhe e realismo nas suas miniaturas e dioramas<\/strong>.<\/p>\n","protected":false},"excerpt":{"rendered":"<p>Cor acr\u00edlica RAL 7028 Dunkelgelb AUS &#8217;44 DG III 17 mL, ideal para <strong>modelismo militar e pintura de miniaturas<\/strong>, com f\u00f3rmula otimizada para pincel e aer\u00f3grafo, efeito de redu\u00e7\u00e3o de escala para realismo aprimorado.<\/p>\n","protected":false},"featured_media":23354,"comment_status":"open","ping_status":"closed","template":"","meta":{"site-sidebar-layout":"default","site-content-layout":"","ast-site-content-layout":"default","site-content-style":"default","site-sidebar-style":"default","ast-global-header-display":"","ast-banner-title-visibility":"","ast-main-header-display":"","ast-hfb-above-header-display":"","ast-hfb-below-header-display":"","ast-hfb-mobile-header-display":"","site-post-title":"","ast-breadcrumbs-content":"","ast-featured-img":"","footer-sml-layout":"","ast-disable-related-posts":"","theme-transparent-header-meta":"default","adv-header-id-meta":"","stick-header-meta":"default","header-above-stick-meta":"","header-main-stick-meta":"","header-below-stick-meta":"","astra-migrate-meta-layouts":"default","ast-page-background-enabled":"default","ast-page-background-meta":{"desktop":{"background-color":"var(--ast-global-color-4)","background-image":"","background-repeat":"repeat","background-position":"center center","background-size":"auto","background-attachment":"scroll","background-type":"","background-media":"","overlay-type":"","overlay-color":"","overlay-opacity":"","overlay-gradient":""},"tablet":{"background-color":"","background-image":"","background-repeat":"repeat","background-position":"center center","background-size":"auto","background-attachment":"scroll","background-type":"","background-media":"","overlay-type":"","overlay-color":"","overlay-opacity":"","overlay-gradient":""},"mobile":{"background-color":"","background-image":"","background-repeat":"repeat","background-position":"center center","background-size":"auto","background-attachment":"scroll","background-type":"","background-media":"","overlay-type":"","overlay-color":"","overlay-opacity":"","overlay-gradient":""}},"ast-content-background-meta":{"desktop":{"background-color":"var(--ast-global-color-5)","background-image":"","background-repeat":"repeat","background-position":"center center","background-size":"auto","background-attachment":"scroll","background-type":"","background-media":"","overlay-type":"","overlay-color":"","overlay-opacity":"","overlay-gradient":""},"tablet":{"background-color":"var(--ast-global-color-5)","background-image":"","background-repeat":"repeat","background-position":"center center","background-size":"auto","background-attachment":"scroll","background-type":"","background-media":"","overlay-type":"","overlay-color":"","overlay-opacity":"","overlay-gradient":""},"mobile":{"background-color":"var(--ast-global-color-5)","background-image":"","background-repeat":"repeat","background-position":"center center","background-size":"auto","background-attachment":"scroll","background-type":"","background-media":"","overlay-type":"","overlay-color":"","overlay-opacity":"","overlay-gradient":""}}},"product_brand":[2184],"product_cat":[1952,2124,2112],"product_tag":[],"class_list":{"0":"post-23353","1":"product","2":"type-product","3":"status-publish","4":"has-post-thumbnail","6":"product_brand-ammo-mig-jimenez","7":"product_cat-tintas","8":"product_cat-a-mig-acrylics-ammo","9":"product_cat-tintas-acrilicas","10":"desktop-align-left","11":"tablet-align-left","12":"mobile-align-left","13":"ast-product-gallery-layout-first-image-large","14":"ast-product-gallery-with-no-image","15":"ast-magnify-disabled","16":"ast-product-tabs-layout-accordion","18":"first","19":"instock","20":"sale","21":"taxable","22":"shipping-taxable","23":"purchasable","24":"product-type-simple"},"_links":{"self":[{"href":"https:\/\/craftyminis.com\/pt-pt\/wp-json\/wp\/v2\/product\/23353","targetHints":{"allow":["GET"]}}],"collection":[{"href":"https:\/\/craftyminis.com\/pt-pt\/wp-json\/wp\/v2\/product"}],"about":[{"href":"https:\/\/craftyminis.com\/pt-pt\/wp-json\/wp\/v2\/types\/product"}],"replies":[{"embeddable":true,"href":"https:\/\/craftyminis.com\/pt-pt\/wp-json\/wp\/v2\/comments?post=23353"}],"wp:featuredmedia":[{"embeddable":true,"href":"https:\/\/craftyminis.com\/pt-pt\/wp-json\/wp\/v2\/media\/23354"}],"wp:attachment":[{"href":"https:\/\/craftyminis.com\/pt-pt\/wp-json\/wp\/v2\/media?parent=23353"}],"wp:term":[{"taxonomy":"product_brand","embeddable":true,"href":"https:\/\/craftyminis.com\/pt-pt\/wp-json\/wp\/v2\/product_brand?post=23353"},{"taxonomy":"product_cat","embeddable":true,"href":"https:\/\/craftyminis.com\/pt-pt\/wp-json\/wp\/v2\/product_cat?post=23353"},{"taxonomy":"product_tag","embeddable":true,"href":"https:\/\/craftyminis.com\/pt-pt\/wp-json\/wp\/v2\/product_tag?post=23353"}],"curies":[{"name":"wp","href":"https:\/\/api.w.org\/{rel}","templated":true}]}}