{"id":23305,"date":"2024-04-24T16:35:53","date_gmt":"2024-04-24T15:35:53","guid":{"rendered":"https:\/\/craftyminis.com\/sem categoria\/fs-33446-modern-vehicles-usa-a-mig-0025\/"},"modified":"2024-04-24T16:35:53","modified_gmt":"2024-04-24T15:35:53","slug":"fs-33446-modern-vehicles-usa-a-mig-0025","status":"publish","type":"product","link":"https:\/\/craftyminis.com\/pt-pt\/tintas\/fs-33446-modern-vehicles-usa-a-mig-0025\/","title":{"rendered":"FS-33446 Modern Vehicles USA A.MIG-0025"},"content":{"rendered":"<p>Aperfei\u00e7oe as suas miniaturas e modelos com <strong>cor acr\u00edlica FS-33446 Modern Vehicles USA A.MIG-0025<br \/>\n<\/strong><\/p>\n<p>Nos \u00faltimos anos, o Ex\u00e9rcito dos EUA tem utilizado v\u00e1rias cores para camuflar os seus ve\u00edculos de opera\u00e7\u00f5es no deserto, sendo o FS 33446 a mais significativa e comum. Este tom foi aplicado numa vasta gama de ve\u00edculos, incluindo o tanque Abrams M1, M-ATV, Buffalo, MaxxPro, Hummers, Bradley, entre outros. Esta tinta acr\u00edlica reproduz com precis\u00e3o o FS 33446, oferecendo aos modelistas a oportunidade de recriar de forma aut\u00eantica e detalhada o acabamento espec\u00edfico visto no equipamento moderno do Ex\u00e9rcito dos EUA.<\/p>\n<p>A sua f\u00f3rmula otimizada permite um uso eficaz tanto com pincel como com aer\u00f3grafo, proporcionando uma cobertura uniforme e precisa. A tinta, numa embalagem de 17 mL, inclui um efeito de redu\u00e7\u00e3o de escala para garantir que a cor pare\u00e7a aut\u00eantica em modelos \u00e0 escala. Sol\u00favel em \u00e1gua, inodora e n\u00e3o t\u00f3xica, recomenda-se o uso de um diluente acr\u00edlico para a dissolu\u00e7\u00e3o adequada.<\/p>\n<p>Seca completamente em 24 horas, garantindo um acabamento duradouro e profissional.<\/p>\n<p>Incorpore a cor acr\u00edlica FS-33446 Modern Vehicles USA da AMMO MIG ao seu kit de pintura para real\u00e7ar o <strong>detalhe e realismo nas suas miniaturas e dioramas<\/strong>.<\/p>\n","protected":false},"excerpt":{"rendered":"<p>Cor acr\u00edlica FS-33446 Modern Vehicles USA 17 mL, ideal para <strong>modelismo militar e pintura de miniaturas<\/strong>, com f\u00f3rmula otimizada para pincel e aer\u00f3grafo, efeito de redu\u00e7\u00e3o de escala para realismo aprimorado.<\/p>\n","protected":false},"featured_media":23306,"comment_status":"open","ping_status":"closed","template":"","meta":{"site-sidebar-layout":"default","site-content-layout":"","ast-site-content-layout":"default","site-content-style":"default","site-sidebar-style":"default","ast-global-header-display":"","ast-banner-title-visibility":"","ast-main-header-display":"","ast-hfb-above-header-display":"","ast-hfb-below-header-display":"","ast-hfb-mobile-header-display":"","site-post-title":"","ast-breadcrumbs-content":"","ast-featured-img":"","footer-sml-layout":"","ast-disable-related-posts":"","theme-transparent-header-meta":"default","adv-header-id-meta":"","stick-header-meta":"default","header-above-stick-meta":"","header-main-stick-meta":"","header-below-stick-meta":"","astra-migrate-meta-layouts":"default","ast-page-background-enabled":"default","ast-page-background-meta":{"desktop":{"background-color":"var(--ast-global-color-4)","background-image":"","background-repeat":"repeat","background-position":"center center","background-size":"auto","background-attachment":"scroll","background-type":"","background-media":"","overlay-type":"","overlay-color":"","overlay-opacity":"","overlay-gradient":""},"tablet":{"background-color":"","background-image":"","background-repeat":"repeat","background-position":"center center","background-size":"auto","background-attachment":"scroll","background-type":"","background-media":"","overlay-type":"","overlay-color":"","overlay-opacity":"","overlay-gradient":""},"mobile":{"background-color":"","background-image":"","background-repeat":"repeat","background-position":"center center","background-size":"auto","background-attachment":"scroll","background-type":"","background-media":"","overlay-type":"","overlay-color":"","overlay-opacity":"","overlay-gradient":""}},"ast-content-background-meta":{"desktop":{"background-color":"var(--ast-global-color-5)","background-image":"","background-repeat":"repeat","background-position":"center center","background-size":"auto","background-attachment":"scroll","background-type":"","background-media":"","overlay-type":"","overlay-color":"","overlay-opacity":"","overlay-gradient":""},"tablet":{"background-color":"var(--ast-global-color-5)","background-image":"","background-repeat":"repeat","background-position":"center center","background-size":"auto","background-attachment":"scroll","background-type":"","background-media":"","overlay-type":"","overlay-color":"","overlay-opacity":"","overlay-gradient":""},"mobile":{"background-color":"var(--ast-global-color-5)","background-image":"","background-repeat":"repeat","background-position":"center center","background-size":"auto","background-attachment":"scroll","background-type":"","background-media":"","overlay-type":"","overlay-color":"","overlay-opacity":"","overlay-gradient":""}}},"product_brand":[2184],"product_cat":[1952,2124,2112],"product_tag":[],"class_list":{"0":"post-23305","1":"product","2":"type-product","3":"status-publish","4":"has-post-thumbnail","6":"product_brand-ammo-mig-jimenez","7":"product_cat-tintas","8":"product_cat-a-mig-acrylics-ammo","9":"product_cat-tintas-acrilicas","10":"desktop-align-left","11":"tablet-align-left","12":"mobile-align-left","13":"ast-product-gallery-layout-first-image-large","14":"ast-product-gallery-with-no-image","15":"ast-magnify-disabled","16":"ast-product-tabs-layout-accordion","18":"first","19":"instock","20":"sale","21":"taxable","22":"shipping-taxable","23":"purchasable","24":"product-type-simple"},"_links":{"self":[{"href":"https:\/\/craftyminis.com\/pt-pt\/wp-json\/wp\/v2\/product\/23305","targetHints":{"allow":["GET"]}}],"collection":[{"href":"https:\/\/craftyminis.com\/pt-pt\/wp-json\/wp\/v2\/product"}],"about":[{"href":"https:\/\/craftyminis.com\/pt-pt\/wp-json\/wp\/v2\/types\/product"}],"replies":[{"embeddable":true,"href":"https:\/\/craftyminis.com\/pt-pt\/wp-json\/wp\/v2\/comments?post=23305"}],"wp:featuredmedia":[{"embeddable":true,"href":"https:\/\/craftyminis.com\/pt-pt\/wp-json\/wp\/v2\/media\/23306"}],"wp:attachment":[{"href":"https:\/\/craftyminis.com\/pt-pt\/wp-json\/wp\/v2\/media?parent=23305"}],"wp:term":[{"taxonomy":"product_brand","embeddable":true,"href":"https:\/\/craftyminis.com\/pt-pt\/wp-json\/wp\/v2\/product_brand?post=23305"},{"taxonomy":"product_cat","embeddable":true,"href":"https:\/\/craftyminis.com\/pt-pt\/wp-json\/wp\/v2\/product_cat?post=23305"},{"taxonomy":"product_tag","embeddable":true,"href":"https:\/\/craftyminis.com\/pt-pt\/wp-json\/wp\/v2\/product_tag?post=23305"}],"curies":[{"name":"wp","href":"https:\/\/api.w.org\/{rel}","templated":true}]}}