{"id":23017,"date":"2024-04-25T09:55:40","date_gmt":"2024-04-25T08:55:40","guid":{"rendered":"https:\/\/craftyminis.com\/sem categoria\/washable-powder-ral-8000-a-mig-0105\/"},"modified":"2024-04-25T09:55:40","modified_gmt":"2024-04-25T08:55:40","slug":"washable-powder-ral-8000-a-mig-0105","status":"publish","type":"product","link":"https:\/\/craftyminis.com\/pt-pt\/tintas\/washable-powder-ral-8000-a-mig-0105\/","title":{"rendered":"Washable Powder (RAL 8000) A.MIG-0105"},"content":{"rendered":"<p>Aperfei\u00e7oe as suas miniaturas e modelos com <strong>cor acr\u00edlica <\/strong><strong>Washable Powder (RAL 8000) A.MIG-0105.<\/strong><\/p>\n<p>Este produto acr\u00edlico reproduz com precis\u00e3o as cores improvisadas usadas por alguns ex\u00e9rcitos durante a Segunda Guerra Mundial para camuflar ve\u00edculos em frentes como a \u00c1frica do Norte ou a Frente Oriental. Estas tintas eram feitas no local, misturando terra local com ligantes como \u00f3leo ou gasolina, resultando num acabamento de baixa qualidade que se desgastava rapidamente. A chuva e o uso cont\u00ednuo dos ve\u00edculos corro\u00edam a tinta, deixando uma apar\u00eancia distintiva e caracter\u00edstica. Esta cor n\u00e3o s\u00f3 imita o tom exato, como tamb\u00e9m permite recriar esses efeitos progressivos de desgaste com um pincel e \u00e1gua, proporcionando um acabamento aut\u00eantico e realista, ideal para camuflagens do Ex\u00e9rcito Alem\u00e3o em \u00c1frica (DAK) ou para ve\u00edculos alem\u00e3es do in\u00edcio da guerra na Europa Central ou R\u00fassia.<\/p>\n<p>A sua f\u00f3rmula otimizada permite o uso eficaz tanto com pincel como com aer\u00f3grafo, proporcionando uma cobertura uniforme e precisa. A tinta, numa embalagem de 17 mL, inclui um efeito de redu\u00e7\u00e3o de escala para garantir que a cor pare\u00e7a aut\u00eantica em modelos \u00e0 escala. Sol\u00favel em \u00e1gua, inodora e n\u00e3o t\u00f3xica, recomenda-se o uso de diluente acr\u00edlico para uma dilui\u00e7\u00e3o adequada.<\/p>\n<p>Seca completamente em 24 horas, garantindo um acabamento dur\u00e1vel e profissional.<\/p>\n<p>Incorpore a cor acr\u00edlica AMMO MIG Washable Powder (RAL 8000) ao seu kit de pintura para real\u00e7ar o <strong>detalhe e realismo nas suas miniaturas e dioramas<\/strong>.<\/p>\n","protected":false},"excerpt":{"rendered":"<p>P\u00f3 de Cor Acr\u00edlica Lav\u00e1vel (RAL 8000) 17 mL, ideal para <strong>modelismo militar e pintura de miniaturas<\/strong>, com f\u00f3rmula otimizada para pincel e aer\u00f3grafo, efeito de redu\u00e7\u00e3o de escala para realismo aprimorado.<\/p>\n","protected":false},"featured_media":23018,"comment_status":"open","ping_status":"closed","template":"","meta":{"site-sidebar-layout":"default","site-content-layout":"","ast-site-content-layout":"default","site-content-style":"default","site-sidebar-style":"default","ast-global-header-display":"","ast-banner-title-visibility":"","ast-main-header-display":"","ast-hfb-above-header-display":"","ast-hfb-below-header-display":"","ast-hfb-mobile-header-display":"","site-post-title":"","ast-breadcrumbs-content":"","ast-featured-img":"","footer-sml-layout":"","ast-disable-related-posts":"","theme-transparent-header-meta":"default","adv-header-id-meta":"","stick-header-meta":"default","header-above-stick-meta":"","header-main-stick-meta":"","header-below-stick-meta":"","astra-migrate-meta-layouts":"default","ast-page-background-enabled":"default","ast-page-background-meta":{"desktop":{"background-color":"var(--ast-global-color-4)","background-image":"","background-repeat":"repeat","background-position":"center center","background-size":"auto","background-attachment":"scroll","background-type":"","background-media":"","overlay-type":"","overlay-color":"","overlay-opacity":"","overlay-gradient":""},"tablet":{"background-color":"","background-image":"","background-repeat":"repeat","background-position":"center center","background-size":"auto","background-attachment":"scroll","background-type":"","background-media":"","overlay-type":"","overlay-color":"","overlay-opacity":"","overlay-gradient":""},"mobile":{"background-color":"","background-image":"","background-repeat":"repeat","background-position":"center center","background-size":"auto","background-attachment":"scroll","background-type":"","background-media":"","overlay-type":"","overlay-color":"","overlay-opacity":"","overlay-gradient":""}},"ast-content-background-meta":{"desktop":{"background-color":"var(--ast-global-color-5)","background-image":"","background-repeat":"repeat","background-position":"center center","background-size":"auto","background-attachment":"scroll","background-type":"","background-media":"","overlay-type":"","overlay-color":"","overlay-opacity":"","overlay-gradient":""},"tablet":{"background-color":"var(--ast-global-color-5)","background-image":"","background-repeat":"repeat","background-position":"center center","background-size":"auto","background-attachment":"scroll","background-type":"","background-media":"","overlay-type":"","overlay-color":"","overlay-opacity":"","overlay-gradient":""},"mobile":{"background-color":"var(--ast-global-color-5)","background-image":"","background-repeat":"repeat","background-position":"center center","background-size":"auto","background-attachment":"scroll","background-type":"","background-media":"","overlay-type":"","overlay-color":"","overlay-opacity":"","overlay-gradient":""}}},"product_brand":[2184],"product_cat":[1952,2124,2112],"product_tag":[],"class_list":{"0":"post-23017","1":"product","2":"type-product","3":"status-publish","4":"has-post-thumbnail","6":"product_brand-ammo-mig-jimenez","7":"product_cat-tintas","8":"product_cat-a-mig-acrylics-ammo","9":"product_cat-tintas-acrilicas","10":"desktop-align-left","11":"tablet-align-left","12":"mobile-align-left","13":"ast-product-gallery-layout-first-image-large","14":"ast-product-gallery-with-no-image","15":"ast-magnify-disabled","16":"ast-product-tabs-layout-accordion","18":"first","19":"instock","20":"sale","21":"taxable","22":"shipping-taxable","23":"purchasable","24":"product-type-simple"},"_links":{"self":[{"href":"https:\/\/craftyminis.com\/pt-pt\/wp-json\/wp\/v2\/product\/23017","targetHints":{"allow":["GET"]}}],"collection":[{"href":"https:\/\/craftyminis.com\/pt-pt\/wp-json\/wp\/v2\/product"}],"about":[{"href":"https:\/\/craftyminis.com\/pt-pt\/wp-json\/wp\/v2\/types\/product"}],"replies":[{"embeddable":true,"href":"https:\/\/craftyminis.com\/pt-pt\/wp-json\/wp\/v2\/comments?post=23017"}],"wp:featuredmedia":[{"embeddable":true,"href":"https:\/\/craftyminis.com\/pt-pt\/wp-json\/wp\/v2\/media\/23018"}],"wp:attachment":[{"href":"https:\/\/craftyminis.com\/pt-pt\/wp-json\/wp\/v2\/media?parent=23017"}],"wp:term":[{"taxonomy":"product_brand","embeddable":true,"href":"https:\/\/craftyminis.com\/pt-pt\/wp-json\/wp\/v2\/product_brand?post=23017"},{"taxonomy":"product_cat","embeddable":true,"href":"https:\/\/craftyminis.com\/pt-pt\/wp-json\/wp\/v2\/product_cat?post=23017"},{"taxonomy":"product_tag","embeddable":true,"href":"https:\/\/craftyminis.com\/pt-pt\/wp-json\/wp\/v2\/product_tag?post=23017"}],"curies":[{"name":"wp","href":"https:\/\/api.w.org\/{rel}","templated":true}]}}