{"id":23009,"date":"2024-04-25T10:25:15","date_gmt":"2024-04-25T09:25:15","guid":{"rendered":"https:\/\/craftyminis.com\/sem categoria\/washable-earth-a-mig-0107\/"},"modified":"2024-04-25T10:25:15","modified_gmt":"2024-04-25T09:25:15","slug":"washable-earth-a-mig-0107","status":"publish","type":"product","link":"https:\/\/craftyminis.com\/pt-pt\/tintas\/washable-earth-a-mig-0107\/","title":{"rendered":"WASHABLE Earth A.MIG-0107"},"content":{"rendered":"<p>Aperfei\u00e7oe as suas miniaturas e modelos com <strong>tinta acr\u00edlica <\/strong><strong>AMMO MIG WASHABLE Earth A.MIG-0107.<\/strong><\/p>\n<p>Esta tinta lav\u00e1vel de cor terra foi concebida para simular os camuflagens improvisados que as tripula\u00e7\u00f5es de ve\u00edculos militares frequentemente tinham de fazer em diferentes teatros de opera\u00e7\u00f5es durante conflitos, devido \u00e0 escassez de fornecimentos de tinta. Ao misturar terra local com \u00f3leo ou outros materiais dispon\u00edveis, as tripula\u00e7\u00f5es tentavam camuflar os seus ve\u00edculos. Este produto permite-lhe reproduzir autenticamente estas camuflagens em modelos e dioramas. A sua capacidade lav\u00e1vel facilita a simula\u00e7\u00e3o do desgaste natural causado pela chuva e pelo uso cont\u00ednuo, oferecendo aos modelistas a possibilidade de criar efeitos realistas de envelhecimento e eros\u00e3o nos seus modelos, tal como acontecia no campo de batalha.<\/p>\n<p>A sua f\u00f3rmula otimizada permite um uso eficaz tanto com pincel como com aer\u00f3grafo, proporcionando uma cobertura uniforme e precisa. A tinta, numa embalagem de 17 mL, inclui um efeito de redu\u00e7\u00e3o de escala para garantir que a cor parece aut\u00eantica em modelos \u00e0 escala. Sol\u00favel em \u00e1gua, inodora e n\u00e3o t\u00f3xica, recomenda-se o uso de um diluente acr\u00edlico para a dissolu\u00e7\u00e3o adequada.<\/p>\n<p>Seca completamente em 24 horas, garantindo um acabamento duradouro e profissional.<\/p>\n<p>Incorpore a tinta acr\u00edlica AMMO MIG Washable Earth no seu kit de pintura para real\u00e7ar o <strong>detalhe e realismo nas suas miniaturas e dioramas<\/strong>.<\/p>\n","protected":false},"excerpt":{"rendered":"<p>Tinta acr\u00edlica Earth LAV\u00c1VEL 17 mL, ideal para <strong>modelismo militar e pintura de miniaturas<\/strong>, com f\u00f3rmula otimizada para pincel e aer\u00f3grafo, efeito de redu\u00e7\u00e3o de escala para realismo aprimorado.<\/p>\n","protected":false},"featured_media":23010,"comment_status":"open","ping_status":"closed","template":"","meta":{"site-sidebar-layout":"default","site-content-layout":"","ast-site-content-layout":"default","site-content-style":"default","site-sidebar-style":"default","ast-global-header-display":"","ast-banner-title-visibility":"","ast-main-header-display":"","ast-hfb-above-header-display":"","ast-hfb-below-header-display":"","ast-hfb-mobile-header-display":"","site-post-title":"","ast-breadcrumbs-content":"","ast-featured-img":"","footer-sml-layout":"","ast-disable-related-posts":"","theme-transparent-header-meta":"default","adv-header-id-meta":"","stick-header-meta":"default","header-above-stick-meta":"","header-main-stick-meta":"","header-below-stick-meta":"","astra-migrate-meta-layouts":"default","ast-page-background-enabled":"default","ast-page-background-meta":{"desktop":{"background-color":"var(--ast-global-color-4)","background-image":"","background-repeat":"repeat","background-position":"center center","background-size":"auto","background-attachment":"scroll","background-type":"","background-media":"","overlay-type":"","overlay-color":"","overlay-opacity":"","overlay-gradient":""},"tablet":{"background-color":"","background-image":"","background-repeat":"repeat","background-position":"center center","background-size":"auto","background-attachment":"scroll","background-type":"","background-media":"","overlay-type":"","overlay-color":"","overlay-opacity":"","overlay-gradient":""},"mobile":{"background-color":"","background-image":"","background-repeat":"repeat","background-position":"center center","background-size":"auto","background-attachment":"scroll","background-type":"","background-media":"","overlay-type":"","overlay-color":"","overlay-opacity":"","overlay-gradient":""}},"ast-content-background-meta":{"desktop":{"background-color":"var(--ast-global-color-5)","background-image":"","background-repeat":"repeat","background-position":"center center","background-size":"auto","background-attachment":"scroll","background-type":"","background-media":"","overlay-type":"","overlay-color":"","overlay-opacity":"","overlay-gradient":""},"tablet":{"background-color":"var(--ast-global-color-5)","background-image":"","background-repeat":"repeat","background-position":"center center","background-size":"auto","background-attachment":"scroll","background-type":"","background-media":"","overlay-type":"","overlay-color":"","overlay-opacity":"","overlay-gradient":""},"mobile":{"background-color":"var(--ast-global-color-5)","background-image":"","background-repeat":"repeat","background-position":"center center","background-size":"auto","background-attachment":"scroll","background-type":"","background-media":"","overlay-type":"","overlay-color":"","overlay-opacity":"","overlay-gradient":""}}},"product_brand":[2184],"product_cat":[1952,2124,2112],"product_tag":[],"class_list":{"0":"post-23009","1":"product","2":"type-product","3":"status-publish","4":"has-post-thumbnail","6":"product_brand-ammo-mig-jimenez","7":"product_cat-tintas","8":"product_cat-a-mig-acrylics-ammo","9":"product_cat-tintas-acrilicas","10":"desktop-align-left","11":"tablet-align-left","12":"mobile-align-left","13":"ast-product-gallery-layout-first-image-large","14":"ast-product-gallery-with-no-image","15":"ast-magnify-disabled","16":"ast-product-tabs-layout-accordion","18":"first","19":"instock","20":"sale","21":"taxable","22":"shipping-taxable","23":"purchasable","24":"product-type-simple"},"_links":{"self":[{"href":"https:\/\/craftyminis.com\/pt-pt\/wp-json\/wp\/v2\/product\/23009","targetHints":{"allow":["GET"]}}],"collection":[{"href":"https:\/\/craftyminis.com\/pt-pt\/wp-json\/wp\/v2\/product"}],"about":[{"href":"https:\/\/craftyminis.com\/pt-pt\/wp-json\/wp\/v2\/types\/product"}],"replies":[{"embeddable":true,"href":"https:\/\/craftyminis.com\/pt-pt\/wp-json\/wp\/v2\/comments?post=23009"}],"wp:featuredmedia":[{"embeddable":true,"href":"https:\/\/craftyminis.com\/pt-pt\/wp-json\/wp\/v2\/media\/23010"}],"wp:attachment":[{"href":"https:\/\/craftyminis.com\/pt-pt\/wp-json\/wp\/v2\/media?parent=23009"}],"wp:term":[{"taxonomy":"product_brand","embeddable":true,"href":"https:\/\/craftyminis.com\/pt-pt\/wp-json\/wp\/v2\/product_brand?post=23009"},{"taxonomy":"product_cat","embeddable":true,"href":"https:\/\/craftyminis.com\/pt-pt\/wp-json\/wp\/v2\/product_cat?post=23009"},{"taxonomy":"product_tag","embeddable":true,"href":"https:\/\/craftyminis.com\/pt-pt\/wp-json\/wp\/v2\/product_tag?post=23009"}],"curies":[{"name":"wp","href":"https:\/\/api.w.org\/{rel}","templated":true}]}}