{"id":22873,"date":"2024-04-26T09:33:30","date_gmt":"2024-04-26T08:33:30","guid":{"rendered":"https:\/\/craftyminis.com\/sem categoria\/metallic-gold-a-mig-0198\/"},"modified":"2024-04-26T09:33:30","modified_gmt":"2024-04-26T08:33:30","slug":"metallic-gold-a-mig-0198","status":"publish","type":"product","link":"https:\/\/craftyminis.com\/pt-pt\/tintas\/metallic-gold-a-mig-0198\/","title":{"rendered":"METALLIC Gold A.MIG-0198"},"content":{"rendered":"<p>Aperfei\u00e7oe as suas miniaturas e modelos \u00e0 escala com <strong>tinta acr\u00edlica <\/strong><strong>METALLIC Gold A.MIG-0198.<\/strong><\/p>\n<div class=\"flex flex-grow flex-col max-w-full\">\n<div class=\"min-h-[20px] text-message flex flex-col items-start gap-3 whitespace-pre-wrap break-words [.text-message+&amp;]:mt-5 overflow-x-auto\" dir=\"auto\" data-message-author-role=\"assistant\" data-message-id=\"a40ed529-1742-4a93-878a-21eb2b8a3a1c\">\n<div class=\"markdown prose w-full break-words dark:prose-invert light\">\n<p>Ideal para fic\u00e7\u00e3o cient\u00edfica, componentes eletr\u00f3nicos, figuras hist\u00f3ricas e todo o tipo de detalhes. Esta cor reproduz realisticamente o aspeto brilhante do ouro, adicionando um toque de eleg\u00e2ncia e riqueza a qualquer objeto ou modelo.<\/p>\n<\/div>\n<\/div>\n<\/div>\n<p>A sua f\u00f3rmula otimizada permite um uso eficaz tanto com pincel como com aer\u00f3grafo, proporcionando uma cobertura uniforme e precisa. A tinta, num frasco de 17 mL, inclui um efeito de redu\u00e7\u00e3o de escala para garantir que a cor parece aut\u00eantica em modelos \u00e0 escala. Sol\u00favel em \u00e1gua, inodora e n\u00e3o t\u00f3xica; recomenda-se o uso de um diluente acr\u00edlico para uma dilui\u00e7\u00e3o adequada.<\/p>\n<p>Seca completamente em 24 horas, garantindo um acabamento duradouro e profissional.<\/p>\n<p>Incorpore a cor acr\u00edlica MET\u00c1LICA Ouro da AMMO MIG no seu kit de pintura para real\u00e7ar o <strong>detalhe e realismo nas suas miniaturas e dioramas<\/strong>.<\/p>\n","protected":false},"excerpt":{"rendered":"<p>Tinta acr\u00edlica met\u00e1lica Ouro, 17 mL, ideal para <strong>modelismo militar e pintura de miniaturas<\/strong>, com uma f\u00f3rmula otimizada para pincel e aer\u00f3grafo, efeito de redu\u00e7\u00e3o de escala para realismo aprimorado.<\/p>\n","protected":false},"featured_media":22874,"comment_status":"open","ping_status":"closed","template":"","meta":{"site-sidebar-layout":"default","site-content-layout":"","ast-site-content-layout":"default","site-content-style":"default","site-sidebar-style":"default","ast-global-header-display":"","ast-banner-title-visibility":"","ast-main-header-display":"","ast-hfb-above-header-display":"","ast-hfb-below-header-display":"","ast-hfb-mobile-header-display":"","site-post-title":"","ast-breadcrumbs-content":"","ast-featured-img":"","footer-sml-layout":"","ast-disable-related-posts":"","theme-transparent-header-meta":"default","adv-header-id-meta":"","stick-header-meta":"default","header-above-stick-meta":"","header-main-stick-meta":"","header-below-stick-meta":"","astra-migrate-meta-layouts":"default","ast-page-background-enabled":"default","ast-page-background-meta":{"desktop":{"background-color":"var(--ast-global-color-4)","background-image":"","background-repeat":"repeat","background-position":"center center","background-size":"auto","background-attachment":"scroll","background-type":"","background-media":"","overlay-type":"","overlay-color":"","overlay-opacity":"","overlay-gradient":""},"tablet":{"background-color":"","background-image":"","background-repeat":"repeat","background-position":"center center","background-size":"auto","background-attachment":"scroll","background-type":"","background-media":"","overlay-type":"","overlay-color":"","overlay-opacity":"","overlay-gradient":""},"mobile":{"background-color":"","background-image":"","background-repeat":"repeat","background-position":"center center","background-size":"auto","background-attachment":"scroll","background-type":"","background-media":"","overlay-type":"","overlay-color":"","overlay-opacity":"","overlay-gradient":""}},"ast-content-background-meta":{"desktop":{"background-color":"var(--ast-global-color-5)","background-image":"","background-repeat":"repeat","background-position":"center center","background-size":"auto","background-attachment":"scroll","background-type":"","background-media":"","overlay-type":"","overlay-color":"","overlay-opacity":"","overlay-gradient":""},"tablet":{"background-color":"var(--ast-global-color-5)","background-image":"","background-repeat":"repeat","background-position":"center center","background-size":"auto","background-attachment":"scroll","background-type":"","background-media":"","overlay-type":"","overlay-color":"","overlay-opacity":"","overlay-gradient":""},"mobile":{"background-color":"var(--ast-global-color-5)","background-image":"","background-repeat":"repeat","background-position":"center center","background-size":"auto","background-attachment":"scroll","background-type":"","background-media":"","overlay-type":"","overlay-color":"","overlay-opacity":"","overlay-gradient":""}}},"product_brand":[2184],"product_cat":[1952,2124,2112],"product_tag":[],"class_list":{"0":"post-22873","1":"product","2":"type-product","3":"status-publish","4":"has-post-thumbnail","6":"product_brand-ammo-mig-jimenez","7":"product_cat-tintas","8":"product_cat-a-mig-acrylics-ammo","9":"product_cat-tintas-acrilicas","10":"desktop-align-left","11":"tablet-align-left","12":"mobile-align-left","13":"ast-product-gallery-layout-first-image-large","14":"ast-product-gallery-with-no-image","15":"ast-magnify-disabled","16":"ast-product-tabs-layout-accordion","18":"first","19":"instock","20":"sale","21":"taxable","22":"shipping-taxable","23":"purchasable","24":"product-type-simple"},"_links":{"self":[{"href":"https:\/\/craftyminis.com\/pt-pt\/wp-json\/wp\/v2\/product\/22873","targetHints":{"allow":["GET"]}}],"collection":[{"href":"https:\/\/craftyminis.com\/pt-pt\/wp-json\/wp\/v2\/product"}],"about":[{"href":"https:\/\/craftyminis.com\/pt-pt\/wp-json\/wp\/v2\/types\/product"}],"replies":[{"embeddable":true,"href":"https:\/\/craftyminis.com\/pt-pt\/wp-json\/wp\/v2\/comments?post=22873"}],"wp:featuredmedia":[{"embeddable":true,"href":"https:\/\/craftyminis.com\/pt-pt\/wp-json\/wp\/v2\/media\/22874"}],"wp:attachment":[{"href":"https:\/\/craftyminis.com\/pt-pt\/wp-json\/wp\/v2\/media?parent=22873"}],"wp:term":[{"taxonomy":"product_brand","embeddable":true,"href":"https:\/\/craftyminis.com\/pt-pt\/wp-json\/wp\/v2\/product_brand?post=22873"},{"taxonomy":"product_cat","embeddable":true,"href":"https:\/\/craftyminis.com\/pt-pt\/wp-json\/wp\/v2\/product_cat?post=22873"},{"taxonomy":"product_tag","embeddable":true,"href":"https:\/\/craftyminis.com\/pt-pt\/wp-json\/wp\/v2\/product_tag?post=22873"}],"curies":[{"name":"wp","href":"https:\/\/api.w.org\/{rel}","templated":true}]}}