{"id":22645,"date":"2024-12-26T14:00:20","date_gmt":"2024-12-26T13:00:20","guid":{"rendered":"https:\/\/craftyminis.com\/sem categoria\/aquamarine-atom-20116\/"},"modified":"2024-12-26T14:00:20","modified_gmt":"2024-12-26T13:00:20","slug":"aquamarine-atom-20116","status":"publish","type":"product","link":"https:\/\/craftyminis.com\/pt-pt\/tintas\/aquamarine-atom-20116\/","title":{"rendered":"Aquamarine ATOM-20116"},"content":{"rendered":"<p><strong>Aperfei\u00e7oe as suas miniaturas e modelos com a ATOM-20116 Aquamarine cor acr\u00edlica.<\/strong><\/p>\n<p>Descubra as tintas acr\u00edlicas ATOM, uma inova\u00e7\u00e3o revolucion\u00e1ria em modelismo \u00e0 escala que combina as melhores qualidades das tintas acr\u00edlicas e de laca. Especificamente concebidas para modelistas exigentes, as tintas ATOM oferecem uma f\u00f3rmula \u00e0 base de \u00e1gua com propriedades autonivelantes, cobertura r\u00e1pida e durabilidade excecional. Estas tintas s\u00e3o n\u00e3o t\u00f3xicas, inodoras e cumprem as normas de seguran\u00e7a internacionais.<\/p>\n<p><strong>Principais caracter\u00edsticas:<\/strong><\/p>\n<ul>\n<li><strong>Aplica\u00e7\u00e3o vers\u00e1til:<\/strong> Perfeitas para t\u00e9cnicas de aer\u00f3grafo e pincel, sem necessidade de primer.<\/li>\n<li><strong>Durabilidade excecional:<\/strong> Depois de secas, permitem a aplica\u00e7\u00e3o de esmaltes, acr\u00edlicos, fitas de mascaramento ou mesmo produtos agressivos como solu\u00e7\u00f5es para decalques.<\/li>\n<li><strong>Acabamento impec\u00e1vel:<\/strong> Garantem um acabamento mate liso e uniforme sem ocultar os pormenores mais finos dos seus modelos ou dioramas.<\/li>\n<li><strong>Embalagem conveniente:<\/strong> Frascos conta-gotas transparentes de 20 ml permitem uma opera\u00e7\u00e3o f\u00e1cil com uma s\u00f3 m\u00e3o para um uso limpo e sem complica\u00e7\u00f5es.<\/li>\n<\/ul>\n<p><strong>Gama de cores extensa:<\/strong> A ATOM oferece 180 cores abrangendo todo o espectro, desde tons prim\u00e1rios a matizes vivos e intensos, incluindo met\u00e1licos, cores lav\u00e1veis e tons de camuflagem precisos para modelos militares. A gama inclui tamb\u00e9m diluentes dedicados, com ou sem retardadores, para um controlo \u00f3timo das suas t\u00e9cnicas de pintura.<\/p>\n<p><strong>Aplica\u00e7\u00f5es ilimitadas:<\/strong> Estas tintas s\u00e3o adequadas para uma variedade de superf\u00edcies, como pl\u00e1stico, resina, madeira, metal e mais, tornando-as perfeitas para ve\u00edculos militares, temas de fic\u00e7\u00e3o cient\u00edfica, wargames e dioramas.<\/p>\n<p>As tintas ATOM s\u00e3o a escolha definitiva para modelistas que procuram qualidade de topo, facilidade de uso e resultados de n\u00edvel profissional. Eleve os seus projetos de modelismo ao pr\u00f3ximo n\u00edvel com esta linha inovadora de tintas.<\/p>\n<p>Adicione <strong>AMMO MIG\u2019s Aquamarine cor acr\u00edlica<\/strong> \u00e0 sua cole\u00e7\u00e3o e eleve o detalhe e o realismo das suas miniaturas e dioramas.<\/p>\n","protected":false},"excerpt":{"rendered":"<p>Aquamarine Cor Acr\u00edlica (20 mL), Perfeito para Modelismo Militar e Pintura de Miniaturas, F\u00f3rmula Otimizada para Aplica\u00e7\u00e3o com Pincel e Aer\u00f3grafo, Efeito de Redu\u00e7\u00e3o de Escala para Realismo Aprimorado.<\/p>\n","protected":false},"featured_media":22646,"comment_status":"open","ping_status":"closed","template":"","meta":{"site-sidebar-layout":"default","site-content-layout":"","ast-site-content-layout":"default","site-content-style":"default","site-sidebar-style":"default","ast-global-header-display":"","ast-banner-title-visibility":"","ast-main-header-display":"","ast-hfb-above-header-display":"","ast-hfb-below-header-display":"","ast-hfb-mobile-header-display":"","site-post-title":"","ast-breadcrumbs-content":"","ast-featured-img":"","footer-sml-layout":"","ast-disable-related-posts":"","theme-transparent-header-meta":"default","adv-header-id-meta":"","stick-header-meta":"default","header-above-stick-meta":"","header-main-stick-meta":"","header-below-stick-meta":"","astra-migrate-meta-layouts":"default","ast-page-background-enabled":"default","ast-page-background-meta":{"desktop":{"background-color":"var(--ast-global-color-4)","background-image":"","background-repeat":"repeat","background-position":"center center","background-size":"auto","background-attachment":"scroll","background-type":"","background-media":"","overlay-type":"","overlay-color":"","overlay-opacity":"","overlay-gradient":""},"tablet":{"background-color":"","background-image":"","background-repeat":"repeat","background-position":"center center","background-size":"auto","background-attachment":"scroll","background-type":"","background-media":"","overlay-type":"","overlay-color":"","overlay-opacity":"","overlay-gradient":""},"mobile":{"background-color":"","background-image":"","background-repeat":"repeat","background-position":"center center","background-size":"auto","background-attachment":"scroll","background-type":"","background-media":"","overlay-type":"","overlay-color":"","overlay-opacity":"","overlay-gradient":""}},"ast-content-background-meta":{"desktop":{"background-color":"var(--ast-global-color-5)","background-image":"","background-repeat":"repeat","background-position":"center center","background-size":"auto","background-attachment":"scroll","background-type":"","background-media":"","overlay-type":"","overlay-color":"","overlay-opacity":"","overlay-gradient":""},"tablet":{"background-color":"var(--ast-global-color-5)","background-image":"","background-repeat":"repeat","background-position":"center center","background-size":"auto","background-attachment":"scroll","background-type":"","background-media":"","overlay-type":"","overlay-color":"","overlay-opacity":"","overlay-gradient":""},"mobile":{"background-color":"var(--ast-global-color-5)","background-image":"","background-repeat":"repeat","background-position":"center center","background-size":"auto","background-attachment":"scroll","background-type":"","background-media":"","overlay-type":"","overlay-color":"","overlay-opacity":"","overlay-gradient":""}}},"product_brand":[2184],"product_cat":[1952,2128,2112],"product_tag":[],"class_list":{"0":"post-22645","1":"product","2":"type-product","3":"status-publish","4":"has-post-thumbnail","6":"product_brand-ammo-mig-jimenez","7":"product_cat-tintas","8":"product_cat-atom-ammo","9":"product_cat-tintas-acrilicas","10":"desktop-align-left","11":"tablet-align-left","12":"mobile-align-left","13":"ast-product-gallery-layout-first-image-large","14":"ast-product-gallery-with-no-image","15":"ast-magnify-disabled","16":"ast-product-tabs-layout-accordion","18":"first","19":"instock","20":"taxable","21":"shipping-taxable","22":"purchasable","23":"product-type-simple"},"_links":{"self":[{"href":"https:\/\/craftyminis.com\/pt-pt\/wp-json\/wp\/v2\/product\/22645","targetHints":{"allow":["GET"]}}],"collection":[{"href":"https:\/\/craftyminis.com\/pt-pt\/wp-json\/wp\/v2\/product"}],"about":[{"href":"https:\/\/craftyminis.com\/pt-pt\/wp-json\/wp\/v2\/types\/product"}],"replies":[{"embeddable":true,"href":"https:\/\/craftyminis.com\/pt-pt\/wp-json\/wp\/v2\/comments?post=22645"}],"wp:featuredmedia":[{"embeddable":true,"href":"https:\/\/craftyminis.com\/pt-pt\/wp-json\/wp\/v2\/media\/22646"}],"wp:attachment":[{"href":"https:\/\/craftyminis.com\/pt-pt\/wp-json\/wp\/v2\/media?parent=22645"}],"wp:term":[{"taxonomy":"product_brand","embeddable":true,"href":"https:\/\/craftyminis.com\/pt-pt\/wp-json\/wp\/v2\/product_brand?post=22645"},{"taxonomy":"product_cat","embeddable":true,"href":"https:\/\/craftyminis.com\/pt-pt\/wp-json\/wp\/v2\/product_cat?post=22645"},{"taxonomy":"product_tag","embeddable":true,"href":"https:\/\/craftyminis.com\/pt-pt\/wp-json\/wp\/v2\/product_tag?post=22645"}],"curies":[{"name":"wp","href":"https:\/\/api.w.org\/{rel}","templated":true}]}}