{"id":22425,"date":"2024-12-30T15:28:45","date_gmt":"2024-12-30T14:28:45","guid":{"rendered":"https:\/\/craftyminis.com\/sem categoria\/clear-green-ak11216-ak-interactive\/"},"modified":"2024-12-30T15:28:45","modified_gmt":"2024-12-30T14:28:45","slug":"clear-green-ak11216-ak-interactive","status":"publish","type":"product","link":"https:\/\/craftyminis.com\/pt-pt\/tintas\/clear-green-ak11216-ak-interactive\/","title":{"rendered":"Clear Green AK11216 AK Interactive"},"content":{"rendered":"<div class=\"flex max-w-full flex-col flex-grow\">\n<div class=\"min-h-8 text-message flex w-full flex-col items-end gap-2 whitespace-normal break-words text-start [.text-message+&amp;]:mt-5\" dir=\"auto\" data-message-author-role=\"assistant\" data-message-id=\"db673303-eb9e-4da6-a0fe-b224b63e6554\" data-message-model-slug=\"gpt-4o\">\n<div class=\"flex w-full flex-col gap-1 empty:hidden first:pt-[3px]\">\n<div class=\"markdown prose w-full break-words dark:prose-invert light\">\n<p>Melhore as suas miniaturas e modelos com o <strong>3GEN Verde Claro AK11216<\/strong> <strong>tinta acr\u00edlica<\/strong>.<\/p>\n<p>Descubra os acr\u00edlicos 3GEN, a mais recente inova\u00e7\u00e3o em formula\u00e7\u00e3o de tintas concebida especificamente para modelistas e artistas. Esta tecnologia avan\u00e7ada garante cobertura excecional, ades\u00e3o superior e aplica\u00e7\u00e3o sem esfor\u00e7o, quer com pincel quer com aer\u00f3grafo. Perfeita para miniaturas, modelos e todos os projetos de modelismo.<\/p>\n<p><strong>Principais Caracter\u00edsticas:<\/strong><\/p>\n<ul>\n<li><strong>Cobertura consistente e alta pigmenta\u00e7\u00e3o:<\/strong> Concebida para proporcionar acabamentos precisos, preservando at\u00e9 os mais pequenos detalhes.<\/li>\n<li><strong>Uso vers\u00e1til:<\/strong> Ideal para t\u00e9cnicas com pincel e aer\u00f3grafo. Evita entupimentos quando dilu\u00edda com o seu diluente espec\u00edfico.<\/li>\n<li><strong>F\u00f3rmula n\u00e3o t\u00f3xica:<\/strong> Segura para os utilizadores e amiga do ambiente.<\/li>\n<li><strong>Formula\u00e7\u00e3o de ponta:<\/strong> Proporciona resultados consistentes e duradouros em v\u00e1rias superf\u00edcies.<\/li>\n<\/ul>\n<p><strong>Dicas de Utiliza\u00e7\u00e3o:<\/strong><\/p>\n<p>Para resultados \u00f3timos, utilize um diluente espec\u00edfico para aer\u00f3grafo para manter as propriedades da tinta. Garanta que a superf\u00edcie esteja imprimada de antem\u00e3o e aplique camadas finas e uniformes para real\u00e7ar os detalhes mais finos.<\/p>\n<p>A tinta acr\u00edlica 3GEN \u00e9 a escolha perfeita para criadores que procuram qualidade, inova\u00e7\u00e3o e facilidade de utiliza\u00e7\u00e3o. D\u00ea vida \u00e0s suas miniaturas e modelos com acabamentos profissionais e duradouros.<\/p>\n<p>Leve os seus projetos para o pr\u00f3ximo n\u00edvel com <strong>3GEN Verde Claro AK11216 tinta acr\u00edlica<\/strong>. Alcance resultados precisos e profissionais em cada detalhe.<\/p>\n<\/div>\n<\/div>\n<\/div>\n<\/div>\n<div class=\"mb-2 flex gap-3 empty:hidden -ml-2\">\n<div class=\"items-center justify-start rounded-xl p-1 flex\">\n<div class=\"flex items-center\"><\/div>\n<\/div>\n<\/div>\n","protected":false},"excerpt":{"rendered":"<div class=\"flex max-w-full flex-col flex-grow\">\n<div class=\"min-h-8 text-message flex w-full flex-col items-end gap-2 whitespace-normal break-words text-start [.text-message+&amp;]:mt-5\" dir=\"auto\" data-message-author-role=\"assistant\" data-message-id=\"8112ca67-1b08-4592-b271-2e8ad4943a41\" data-message-model-slug=\"gpt-4o\">\n<div class=\"flex w-full flex-col gap-1 empty:hidden first:pt-[3px]\">\n<div class=\"markdown prose w-full break-words dark:prose-invert light\">\n<p><strong>Tinta Acr\u00edlica Transparente Verde 3GEN, 17 ml, concebida para modeladores e artistas exigentes.<\/strong> Uma f\u00f3rmula inovadora, n\u00e3o t\u00f3xica, com alta pigmenta\u00e7\u00e3o, cobertura consistente e excelente ader\u00eancia. Perfeita para aplica\u00e7\u00e3o com pincel e aer\u00f3grafo, proporcionando acabamentos profissionais para miniaturas e modelos.<\/p>\n<\/div>\n<\/div>\n<\/div>\n<\/div>\n","protected":false},"featured_media":22426,"comment_status":"open","ping_status":"closed","template":"","meta":{"site-sidebar-layout":"default","site-content-layout":"","ast-site-content-layout":"default","site-content-style":"default","site-sidebar-style":"default","ast-global-header-display":"","ast-banner-title-visibility":"","ast-main-header-display":"","ast-hfb-above-header-display":"","ast-hfb-below-header-display":"","ast-hfb-mobile-header-display":"","site-post-title":"","ast-breadcrumbs-content":"","ast-featured-img":"","footer-sml-layout":"","ast-disable-related-posts":"","theme-transparent-header-meta":"default","adv-header-id-meta":"","stick-header-meta":"default","header-above-stick-meta":"","header-main-stick-meta":"","header-below-stick-meta":"","astra-migrate-meta-layouts":"default","ast-page-background-enabled":"default","ast-page-background-meta":{"desktop":{"background-color":"var(--ast-global-color-4)","background-image":"","background-repeat":"repeat","background-position":"center center","background-size":"auto","background-attachment":"scroll","background-type":"","background-media":"","overlay-type":"","overlay-color":"","overlay-opacity":"","overlay-gradient":""},"tablet":{"background-color":"","background-image":"","background-repeat":"repeat","background-position":"center center","background-size":"auto","background-attachment":"scroll","background-type":"","background-media":"","overlay-type":"","overlay-color":"","overlay-opacity":"","overlay-gradient":""},"mobile":{"background-color":"","background-image":"","background-repeat":"repeat","background-position":"center center","background-size":"auto","background-attachment":"scroll","background-type":"","background-media":"","overlay-type":"","overlay-color":"","overlay-opacity":"","overlay-gradient":""}},"ast-content-background-meta":{"desktop":{"background-color":"var(--ast-global-color-5)","background-image":"","background-repeat":"repeat","background-position":"center center","background-size":"auto","background-attachment":"scroll","background-type":"","background-media":"","overlay-type":"","overlay-color":"","overlay-opacity":"","overlay-gradient":""},"tablet":{"background-color":"var(--ast-global-color-5)","background-image":"","background-repeat":"repeat","background-position":"center center","background-size":"auto","background-attachment":"scroll","background-type":"","background-media":"","overlay-type":"","overlay-color":"","overlay-opacity":"","overlay-gradient":""},"mobile":{"background-color":"var(--ast-global-color-5)","background-image":"","background-repeat":"repeat","background-position":"center center","background-size":"auto","background-attachment":"scroll","background-type":"","background-media":"","overlay-type":"","overlay-color":"","overlay-opacity":"","overlay-gradient":""}}},"product_brand":[2180],"product_cat":[1952,2121,2112],"product_tag":[],"class_list":{"0":"post-22425","1":"product","2":"type-product","3":"status-publish","4":"has-post-thumbnail","6":"product_brand-ak-interactive","7":"product_cat-tintas","8":"product_cat-3gen-acrylics-ak-interactive","9":"product_cat-tintas-acrilicas","10":"desktop-align-left","11":"tablet-align-left","12":"mobile-align-left","13":"ast-product-gallery-layout-first-image-large","14":"ast-product-gallery-with-no-image","15":"ast-magnify-disabled","16":"ast-product-tabs-layout-accordion","18":"first","19":"instock","20":"taxable","21":"shipping-taxable","22":"purchasable","23":"product-type-simple"},"_links":{"self":[{"href":"https:\/\/craftyminis.com\/pt-pt\/wp-json\/wp\/v2\/product\/22425","targetHints":{"allow":["GET"]}}],"collection":[{"href":"https:\/\/craftyminis.com\/pt-pt\/wp-json\/wp\/v2\/product"}],"about":[{"href":"https:\/\/craftyminis.com\/pt-pt\/wp-json\/wp\/v2\/types\/product"}],"replies":[{"embeddable":true,"href":"https:\/\/craftyminis.com\/pt-pt\/wp-json\/wp\/v2\/comments?post=22425"}],"wp:featuredmedia":[{"embeddable":true,"href":"https:\/\/craftyminis.com\/pt-pt\/wp-json\/wp\/v2\/media\/22426"}],"wp:attachment":[{"href":"https:\/\/craftyminis.com\/pt-pt\/wp-json\/wp\/v2\/media?parent=22425"}],"wp:term":[{"taxonomy":"product_brand","embeddable":true,"href":"https:\/\/craftyminis.com\/pt-pt\/wp-json\/wp\/v2\/product_brand?post=22425"},{"taxonomy":"product_cat","embeddable":true,"href":"https:\/\/craftyminis.com\/pt-pt\/wp-json\/wp\/v2\/product_cat?post=22425"},{"taxonomy":"product_tag","embeddable":true,"href":"https:\/\/craftyminis.com\/pt-pt\/wp-json\/wp\/v2\/product_tag?post=22425"}],"curies":[{"name":"wp","href":"https:\/\/api.w.org\/{rel}","templated":true}]}}