{"id":20681,"date":"2024-04-12T14:57:05","date_gmt":"2024-04-12T13:57:05","guid":{"rendered":"https:\/\/craftyminis.com\/sem categoria\/game-color-pale-flesh-72003-vallejo\/"},"modified":"2024-04-12T14:57:05","modified_gmt":"2024-04-12T13:57:05","slug":"game-color-pale-flesh-72003-vallejo","status":"publish","type":"product","link":"https:\/\/craftyminis.com\/pt-pt\/tintas\/game-color-pale-flesh-72003-vallejo\/","title":{"rendered":"Pale Flesh 72003 Game Color Vallejo"},"content":{"rendered":"<p>Est\u00e1 \u00e0 procura da tinta perfeita para as suas miniaturas e jogos de guerra? A tinta acr\u00edlica <strong>Cor do Jogo Pele P\u00e1lida<\/strong> da Vallejo oferece uma aplica\u00e7\u00e3o suave e um acabamento que realmente se destaca nas suas miniaturas. Estas <strong>tintas acr\u00edlicas<\/strong> s\u00e3o concebidas para uma f\u00e1cil espalhabilidade e cobertura eficaz, gra\u00e7as \u00e0 sua alta concentra\u00e7\u00e3o de pigmento que garante cores vibrantes e duradouras.<\/p>\n<p>S\u00e3o <strong>f\u00e1ceis de misturar e aplicar<\/strong>, e a sua f\u00f3rmula avan\u00e7ada previne marcas de pincel, deixando um acabamento suave e profissional. Al\u00e9m disso, a embalagem em frasco conta-gotas de 18 ml torna o uso e a conserva\u00e7\u00e3o da tinta simples e pr\u00e1tica.<\/p>\n<p><strong>Uso Sugerido:<\/strong><br \/>\nAplique diretamente com pincel ou dilua para uso em aer\u00f3grafo. Ideal para alcan\u00e7ar detalhes precisos e acabamentos consistentes.<\/p>\n<p>Cada cor vem num frasco desenhado para preservar a qualidade da tinta, prevenindo a evapora\u00e7\u00e3o e o secar. Perfeito para manter as suas cores prontas para qualquer projeto.<\/p>\n<p>Incorpore a tinta acr\u00edlica Cor do Jogo Pele P\u00e1lida da Vallejo no seu kit de pintura para resultados profissionais com alta cobertura e aplica\u00e7\u00e3o f\u00e1cil.<\/p>\n","protected":false},"excerpt":{"rendered":"<p>Descubra Vallejo Pale Flesh, uma <strong>tinta acr\u00edlica para miniaturas<\/strong> que garante alta cobertura e aplica\u00e7\u00e3o f\u00e1cil. Perfeita para uso com pincel e aer\u00f3grafo.<\/p>\n","protected":false},"featured_media":20683,"comment_status":"open","ping_status":"closed","template":"","meta":{"site-sidebar-layout":"default","site-content-layout":"","ast-site-content-layout":"default","site-content-style":"default","site-sidebar-style":"default","ast-global-header-display":"","ast-banner-title-visibility":"","ast-main-header-display":"","ast-hfb-above-header-display":"","ast-hfb-below-header-display":"","ast-hfb-mobile-header-display":"","site-post-title":"","ast-breadcrumbs-content":"","ast-featured-img":"","footer-sml-layout":"","ast-disable-related-posts":"","theme-transparent-header-meta":"default","adv-header-id-meta":"","stick-header-meta":"default","header-above-stick-meta":"","header-main-stick-meta":"","header-below-stick-meta":"","astra-migrate-meta-layouts":"default","ast-page-background-enabled":"default","ast-page-background-meta":{"desktop":{"background-color":"var(--ast-global-color-4)","background-image":"","background-repeat":"repeat","background-position":"center center","background-size":"auto","background-attachment":"scroll","background-type":"","background-media":"","overlay-type":"","overlay-color":"","overlay-opacity":"","overlay-gradient":""},"tablet":{"background-color":"","background-image":"","background-repeat":"repeat","background-position":"center center","background-size":"auto","background-attachment":"scroll","background-type":"","background-media":"","overlay-type":"","overlay-color":"","overlay-opacity":"","overlay-gradient":""},"mobile":{"background-color":"","background-image":"","background-repeat":"repeat","background-position":"center center","background-size":"auto","background-attachment":"scroll","background-type":"","background-media":"","overlay-type":"","overlay-color":"","overlay-opacity":"","overlay-gradient":""}},"ast-content-background-meta":{"desktop":{"background-color":"var(--ast-global-color-5)","background-image":"","background-repeat":"repeat","background-position":"center center","background-size":"auto","background-attachment":"scroll","background-type":"","background-media":"","overlay-type":"","overlay-color":"","overlay-opacity":"","overlay-gradient":""},"tablet":{"background-color":"var(--ast-global-color-5)","background-image":"","background-repeat":"repeat","background-position":"center center","background-size":"auto","background-attachment":"scroll","background-type":"","background-media":"","overlay-type":"","overlay-color":"","overlay-opacity":"","overlay-gradient":""},"mobile":{"background-color":"var(--ast-global-color-5)","background-image":"","background-repeat":"repeat","background-position":"center center","background-size":"auto","background-attachment":"scroll","background-type":"","background-media":"","overlay-type":"","overlay-color":"","overlay-opacity":"","overlay-gradient":""}}},"product_brand":[2244],"product_cat":[1952,2136,2112],"product_tag":[],"class_list":{"0":"post-20681","1":"product","2":"type-product","3":"status-publish","4":"has-post-thumbnail","6":"product_brand-vallejo","7":"product_cat-tintas","8":"product_cat-game-color-vallejo","9":"product_cat-tintas-acrilicas","10":"desktop-align-left","11":"tablet-align-left","12":"mobile-align-left","13":"ast-product-gallery-layout-first-image-large","14":"ast-product-gallery-with-no-image","15":"ast-magnify-disabled","16":"ast-product-tabs-layout-accordion","18":"first","19":"instock","20":"taxable","21":"shipping-taxable","22":"purchasable","23":"product-type-simple"},"_links":{"self":[{"href":"https:\/\/craftyminis.com\/pt-pt\/wp-json\/wp\/v2\/product\/20681","targetHints":{"allow":["GET"]}}],"collection":[{"href":"https:\/\/craftyminis.com\/pt-pt\/wp-json\/wp\/v2\/product"}],"about":[{"href":"https:\/\/craftyminis.com\/pt-pt\/wp-json\/wp\/v2\/types\/product"}],"replies":[{"embeddable":true,"href":"https:\/\/craftyminis.com\/pt-pt\/wp-json\/wp\/v2\/comments?post=20681"}],"wp:featuredmedia":[{"embeddable":true,"href":"https:\/\/craftyminis.com\/pt-pt\/wp-json\/wp\/v2\/media\/20683"}],"wp:attachment":[{"href":"https:\/\/craftyminis.com\/pt-pt\/wp-json\/wp\/v2\/media?parent=20681"}],"wp:term":[{"taxonomy":"product_brand","embeddable":true,"href":"https:\/\/craftyminis.com\/pt-pt\/wp-json\/wp\/v2\/product_brand?post=20681"},{"taxonomy":"product_cat","embeddable":true,"href":"https:\/\/craftyminis.com\/pt-pt\/wp-json\/wp\/v2\/product_cat?post=20681"},{"taxonomy":"product_tag","embeddable":true,"href":"https:\/\/craftyminis.com\/pt-pt\/wp-json\/wp\/v2\/product_tag?post=20681"}],"curies":[{"name":"wp","href":"https:\/\/api.w.org\/{rel}","templated":true}]}}