{"id":18157,"date":"2024-12-26T21:19:23","date_gmt":"2024-12-26T20:19:23","guid":{"rendered":"https:\/\/craftyminis.com\/sem categoria\/airbus-a350-900-lufthansa\/"},"modified":"2024-12-26T21:19:23","modified_gmt":"2024-12-26T20:19:23","slug":"airbus-a350-900-lufthansa","status":"publish","type":"product","link":"https:\/\/craftyminis.com\/pt-pt\/kits-de-modelismo\/airbus-a350-900-lufthansa\/","title":{"rendered":"Airbus A350-900 Lufthansa &#8211; Revell 1:144"},"content":{"rendered":"<p><strong>Traga o Airbus A350-900 Lufthansa, a aeronave de longo curso mais moderna e ecol\u00f3gica do mundo, diretamente para a sua casa.<\/strong> Desde 2018, a Lufthansa opera este not\u00e1vel avi\u00e3o com a sua nova pintura, acomodando at\u00e9 293 passageiros. Com 120 pe\u00e7as, um comprimento de 464 mm, uma altura de 124 mm e uma envergadura de 447 mm, este kit de modelo \u00e0 escala 1:144 \u00e9 a adi\u00e7\u00e3o perfeita para a cole\u00e7\u00e3o de qualquer entusiasta da avia\u00e7\u00e3o. Recomendado para maiores de 12 anos.<\/p>\n<h3><strong>O que est\u00e1 inclu\u00eddo:<\/strong><\/h3>\n<ul>\n<li>Kit de modelo pl\u00e1stico por montar<\/li>\n<li>Instru\u00e7\u00f5es de montagem ilustradas e multil\u00edngues<\/li>\n<li>Decalques que replicam o design da cabine da Nova Pintura da Lufthansa<\/li>\n<li>Motores detalhados com ventoinha frontal rotativa<\/li>\n<li>Tren de aterragem principal detalhado<\/li>\n<li>Base de exposi\u00e7\u00e3o<\/li>\n<\/ul>\n<h3><strong>Caracter\u00edsticas especiais:<\/strong><\/h3>\n<p>Este kit do Airbus A350-900 impressiona pela sua r\u00e9plica detalhada. Destaques como o cockpit intrincadamente desenhado, motores precisos e ventoinha frontal rotativa demonstram a alta qualidade deste kit. Os decalques inclu\u00eddos para a Nova Pintura da Lufthansa tornam este modelo uma verdadeira pe\u00e7a de destaque.<\/p>\n<p>Com uma classifica\u00e7\u00e3o de N\u00edvel 4, este kit \u00e9 perfeito para modelistas avan\u00e7ados. Recomenda-se experi\u00eancia pr\u00e9via em colagem e pintura de modelos para aproveitar ao m\u00e1ximo este conjunto.<\/p>\n<h3><strong>Contexto:<\/strong><\/h3>\n<p>O Airbus A350-900 Lufthansa \u00e9 um marco na hist\u00f3ria da avia\u00e7\u00e3o, reconhecido como a aeronave de longo curso mais moderna e ecol\u00f3gica do mundo. Estabelecendo novos padr\u00f5es em efici\u00eancia e conforto, o A350 combina materiais e tecnologia de ponta para oferecer aos passageiros uma experi\u00eancia de voo incompar\u00e1vel, reduzindo significativamente as emiss\u00f5es de CO2 e os n\u00edveis de ru\u00eddo.<\/p>\n<p>Este kit traz um peda\u00e7o desta hist\u00f3ria inovadora da avia\u00e7\u00e3o para a sua casa, permitindo-lhe recriar uma verdadeira maravilha da engenharia. Um item indispens\u00e1vel para f\u00e3s, entusiastas e colecionadores de avia\u00e7\u00e3o!<\/p>\n","protected":false},"excerpt":{"rendered":"<p><strong>Recrie o ic\u00f3nico Airbus A350-900 com este modelo \u00e0 escala 1:144.<\/strong> Com cockpit e motores detalhados, \u00e9 perfeito para montar, pintar e exibir como uma pe\u00e7a de destaque na sua cole\u00e7\u00e3o de avia\u00e7\u00e3o.<\/p>\n<p>[paints_data]<\/p>\n","protected":false},"featured_media":18162,"comment_status":"open","ping_status":"closed","template":"","meta":{"site-sidebar-layout":"default","site-content-layout":"","ast-site-content-layout":"default","site-content-style":"default","site-sidebar-style":"default","ast-global-header-display":"","ast-banner-title-visibility":"","ast-main-header-display":"","ast-hfb-above-header-display":"","ast-hfb-below-header-display":"","ast-hfb-mobile-header-display":"","site-post-title":"","ast-breadcrumbs-content":"","ast-featured-img":"","footer-sml-layout":"","ast-disable-related-posts":"","theme-transparent-header-meta":"default","adv-header-id-meta":"","stick-header-meta":"default","header-above-stick-meta":"","header-main-stick-meta":"","header-below-stick-meta":"","astra-migrate-meta-layouts":"default","ast-page-background-enabled":"default","ast-page-background-meta":{"desktop":{"background-color":"var(--ast-global-color-4)","background-image":"","background-repeat":"repeat","background-position":"center center","background-size":"auto","background-attachment":"scroll","background-type":"","background-media":"","overlay-type":"","overlay-color":"","overlay-opacity":"","overlay-gradient":""},"tablet":{"background-color":"","background-image":"","background-repeat":"repeat","background-position":"center center","background-size":"auto","background-attachment":"scroll","background-type":"","background-media":"","overlay-type":"","overlay-color":"","overlay-opacity":"","overlay-gradient":""},"mobile":{"background-color":"","background-image":"","background-repeat":"repeat","background-position":"center center","background-size":"auto","background-attachment":"scroll","background-type":"","background-media":"","overlay-type":"","overlay-color":"","overlay-opacity":"","overlay-gradient":""}},"ast-content-background-meta":{"desktop":{"background-color":"var(--ast-global-color-5)","background-image":"","background-repeat":"repeat","background-position":"center center","background-size":"auto","background-attachment":"scroll","background-type":"","background-media":"","overlay-type":"","overlay-color":"","overlay-opacity":"","overlay-gradient":""},"tablet":{"background-color":"var(--ast-global-color-5)","background-image":"","background-repeat":"repeat","background-position":"center center","background-size":"auto","background-attachment":"scroll","background-type":"","background-media":"","overlay-type":"","overlay-color":"","overlay-opacity":"","overlay-gradient":""},"mobile":{"background-color":"var(--ast-global-color-5)","background-image":"","background-repeat":"repeat","background-position":"center center","background-size":"auto","background-attachment":"scroll","background-type":"","background-media":"","overlay-type":"","overlay-color":"","overlay-opacity":"","overlay-gradient":""}}},"product_brand":[2228],"product_cat":[1743,1747,1774,1751],"product_tag":[],"class_list":{"0":"post-18157","1":"product","2":"type-product","3":"status-publish","4":"has-post-thumbnail","6":"product_brand-revell","7":"product_cat-kits-de-modelismo","8":"product_cat-avioes","9":"product_cat-avioes-revell","10":"product_cat-avioes-comerciais","11":"desktop-align-left","12":"tablet-align-left","13":"mobile-align-left","14":"ast-product-gallery-layout-first-image-large","15":"ast-magnify-disabled","16":"ast-product-tabs-layout-accordion","18":"first","19":"instock","20":"taxable","21":"shipping-taxable","22":"purchasable","23":"product-type-simple"},"_links":{"self":[{"href":"https:\/\/craftyminis.com\/pt-pt\/wp-json\/wp\/v2\/product\/18157","targetHints":{"allow":["GET"]}}],"collection":[{"href":"https:\/\/craftyminis.com\/pt-pt\/wp-json\/wp\/v2\/product"}],"about":[{"href":"https:\/\/craftyminis.com\/pt-pt\/wp-json\/wp\/v2\/types\/product"}],"replies":[{"embeddable":true,"href":"https:\/\/craftyminis.com\/pt-pt\/wp-json\/wp\/v2\/comments?post=18157"}],"wp:featuredmedia":[{"embeddable":true,"href":"https:\/\/craftyminis.com\/pt-pt\/wp-json\/wp\/v2\/media\/18162"}],"wp:attachment":[{"href":"https:\/\/craftyminis.com\/pt-pt\/wp-json\/wp\/v2\/media?parent=18157"}],"wp:term":[{"taxonomy":"product_brand","embeddable":true,"href":"https:\/\/craftyminis.com\/pt-pt\/wp-json\/wp\/v2\/product_brand?post=18157"},{"taxonomy":"product_cat","embeddable":true,"href":"https:\/\/craftyminis.com\/pt-pt\/wp-json\/wp\/v2\/product_cat?post=18157"},{"taxonomy":"product_tag","embeddable":true,"href":"https:\/\/craftyminis.com\/pt-pt\/wp-json\/wp\/v2\/product_tag?post=18157"}],"curies":[{"name":"wp","href":"https:\/\/api.w.org\/{rel}","templated":true}]}}