{"id":18046,"date":"2025-01-02T11:47:13","date_gmt":"2025-01-02T10:47:13","guid":{"rendered":"https:\/\/craftyminis.com\/sem categoria\/battleship-bismarck-1700\/"},"modified":"2025-01-02T11:47:13","modified_gmt":"2025-01-02T10:47:13","slug":"battleship-bismarck-1700","status":"publish","type":"product","link":"https:\/\/craftyminis.com\/pt-pt\/kits-de-modelismo\/battleship-bismarck-1700\/","title":{"rendered":"Battleship Bismarck &#8211; Revell 1:700"},"content":{"rendered":"<p>O encoura\u00e7ado Bismarck, um dos navios de guerra mais ic\u00f3nicos da Segunda Guerra Mundial, era uma embarca\u00e7\u00e3o imponente de 251 metros comissionada a 24 de agosto de 1940. O seu papel na Opera\u00e7\u00e3o Rhein\u00fcbung consolidou o seu lugar na hist\u00f3ria naval. Em maio de 1941, participou numa batalha naval perto da Gronel\u00e2ndia, afundando o cruzador de batalha brit\u00e2nico HMS Hood. No entanto, ap\u00f3s sofrer danos na proa, foi perseguido pelas for\u00e7as brit\u00e2nicas e acabou por ser afundado no Atl\u00e2ntico a 27 de maio de 1941.<\/p>\n<p>Este kit de modelo recria fielmente o encoura\u00e7ado Bismarck com detalhes intrincados, como rebites e juntas embutidas. As principais caracter\u00edsticas do kit incluem:<\/p>\n<ul>\n<li>Um casco detalhado com um sistema de propuls\u00e3o preciso.<\/li>\n<li>Conv\u00e9s realistas estruturados em t\u00e1buas.<\/li>\n<li>Torre\u00f5es com canos m\u00f3veis individualmente.<\/li>\n<li>M\u00e1stiles finamente trabalhados.<\/li>\n<li>18 barcos e 2 hidroavi\u00f5es Arado 196.<\/li>\n<li>Guindastes detalhados com cabos.<\/li>\n<li>Base de exposi\u00e7\u00e3o inclu\u00edda para uma apresenta\u00e7\u00e3o polida.<\/li>\n<\/ul>\n<p><strong>Op\u00e7\u00f5es de esquema de pintura:<\/strong><\/p>\n<ul>\n<li>Mar B\u00e1ltico, Inverno 1940\/41.<\/li>\n<li>Mar B\u00e1ltico, mar\u00e7o de 1941.<\/li>\n<\/ul>\n<p><strong>Conte\u00fado do kit:<\/strong><br \/>\nInclui todos os componentes necess\u00e1rios para montar o modelo, instru\u00e7\u00f5es detalhadas e decalques para decora\u00e7\u00e3o historicamente precisa.<\/p>\n","protected":false},"excerpt":{"rendered":"<p>Construa uma maquete \u00e0 escala 1:25 do lend\u00e1rio Mustang Boss 351 de 1971. Com 120 pe\u00e7as, um motor V8 detalhado, cap\u00f4 funcional e detalhes cromados, este kit captura a ess\u00eancia dos muscle cars americanos e \u00e9 uma pe\u00e7a de destaque para qualquer cole\u00e7\u00e3o.<\/p>\n<p>[paints_data]<\/p>\n","protected":false},"featured_media":18050,"comment_status":"open","ping_status":"closed","template":"","meta":{"site-sidebar-layout":"default","site-content-layout":"","ast-site-content-layout":"default","site-content-style":"default","site-sidebar-style":"default","ast-global-header-display":"","ast-banner-title-visibility":"","ast-main-header-display":"","ast-hfb-above-header-display":"","ast-hfb-below-header-display":"","ast-hfb-mobile-header-display":"","site-post-title":"","ast-breadcrumbs-content":"","ast-featured-img":"","footer-sml-layout":"","ast-disable-related-posts":"","theme-transparent-header-meta":"default","adv-header-id-meta":"","stick-header-meta":"default","header-above-stick-meta":"","header-main-stick-meta":"","header-below-stick-meta":"","astra-migrate-meta-layouts":"default","ast-page-background-enabled":"default","ast-page-background-meta":{"desktop":{"background-color":"var(--ast-global-color-4)","background-image":"","background-repeat":"repeat","background-position":"center center","background-size":"auto","background-attachment":"scroll","background-type":"","background-media":"","overlay-type":"","overlay-color":"","overlay-opacity":"","overlay-gradient":""},"tablet":{"background-color":"","background-image":"","background-repeat":"repeat","background-position":"center center","background-size":"auto","background-attachment":"scroll","background-type":"","background-media":"","overlay-type":"","overlay-color":"","overlay-opacity":"","overlay-gradient":""},"mobile":{"background-color":"","background-image":"","background-repeat":"repeat","background-position":"center center","background-size":"auto","background-attachment":"scroll","background-type":"","background-media":"","overlay-type":"","overlay-color":"","overlay-opacity":"","overlay-gradient":""}},"ast-content-background-meta":{"desktop":{"background-color":"var(--ast-global-color-5)","background-image":"","background-repeat":"repeat","background-position":"center center","background-size":"auto","background-attachment":"scroll","background-type":"","background-media":"","overlay-type":"","overlay-color":"","overlay-opacity":"","overlay-gradient":""},"tablet":{"background-color":"var(--ast-global-color-5)","background-image":"","background-repeat":"repeat","background-position":"center center","background-size":"auto","background-attachment":"scroll","background-type":"","background-media":"","overlay-type":"","overlay-color":"","overlay-opacity":"","overlay-gradient":""},"mobile":{"background-color":"var(--ast-global-color-5)","background-image":"","background-repeat":"repeat","background-position":"center center","background-size":"auto","background-attachment":"scroll","background-type":"","background-media":"","overlay-type":"","overlay-color":"","overlay-opacity":"","overlay-gradient":""}}},"product_brand":[2228],"product_cat":[1743,1785,1786],"product_tag":[],"class_list":{"0":"post-18046","1":"product","2":"type-product","3":"status-publish","4":"has-post-thumbnail","6":"product_brand-revell","7":"product_cat-kits-de-modelismo","8":"product_cat-navios","9":"product_cat-navios-revell","10":"desktop-align-left","11":"tablet-align-left","12":"mobile-align-left","13":"ast-product-gallery-layout-first-image-large","14":"ast-magnify-disabled","15":"ast-product-tabs-layout-accordion","17":"first","18":"instock","19":"taxable","20":"shipping-taxable","21":"purchasable","22":"product-type-simple"},"_links":{"self":[{"href":"https:\/\/craftyminis.com\/pt-pt\/wp-json\/wp\/v2\/product\/18046","targetHints":{"allow":["GET"]}}],"collection":[{"href":"https:\/\/craftyminis.com\/pt-pt\/wp-json\/wp\/v2\/product"}],"about":[{"href":"https:\/\/craftyminis.com\/pt-pt\/wp-json\/wp\/v2\/types\/product"}],"replies":[{"embeddable":true,"href":"https:\/\/craftyminis.com\/pt-pt\/wp-json\/wp\/v2\/comments?post=18046"}],"wp:featuredmedia":[{"embeddable":true,"href":"https:\/\/craftyminis.com\/pt-pt\/wp-json\/wp\/v2\/media\/18050"}],"wp:attachment":[{"href":"https:\/\/craftyminis.com\/pt-pt\/wp-json\/wp\/v2\/media?parent=18046"}],"wp:term":[{"taxonomy":"product_brand","embeddable":true,"href":"https:\/\/craftyminis.com\/pt-pt\/wp-json\/wp\/v2\/product_brand?post=18046"},{"taxonomy":"product_cat","embeddable":true,"href":"https:\/\/craftyminis.com\/pt-pt\/wp-json\/wp\/v2\/product_cat?post=18046"},{"taxonomy":"product_tag","embeddable":true,"href":"https:\/\/craftyminis.com\/pt-pt\/wp-json\/wp\/v2\/product_tag?post=18046"}],"curies":[{"name":"wp","href":"https:\/\/api.w.org\/{rel}","templated":true}]}}