{"id":18007,"date":"2025-01-02T22:15:23","date_gmt":"2025-01-02T21:15:23","guid":{"rendered":"https:\/\/craftyminis.com\/sem categoria\/leopard-2a4-135\/"},"modified":"2025-01-02T22:15:23","modified_gmt":"2025-01-02T21:15:23","slug":"leopard-2a4-135","status":"publish","type":"product","link":"https:\/\/craftyminis.com\/pt-pt\/kits-de-modelismo\/tanques\/leopard-2a4-135\/","title":{"rendered":"Leopard 2A4 &#8211; Italeri 1:35"},"content":{"rendered":"<p>O<strong> Leopard 2A4<\/strong> entrou em servi\u00e7o no final dos anos 1970 e in\u00edcio dos anos 1980, rapidamente ganhando reconhecimento como um dos tanques de batalha mais renomados do mundo. Trouxe uma moderniza\u00e7\u00e3o significativa para o Ex\u00e9rcito Alem\u00e3o (&#8220;Bundeswehr&#8221;) e substituiu o Leopard 1. O seu armamento inclui um canh\u00e3o de alma lisa Rheinmetall L\/55 de 120 mm.<\/p>\n<p>Apesar da sua blindagem pesada, o tanque pode atingir velocidades de at\u00e9 65 km\/h. O seu design garante um desempenho excelente em v\u00e1rios terrenos. O amplamente utilizado Leopard 2A4 apresenta um sistema avan\u00e7ado de controlo de fogo e materiais modernos que melhoram as suas capacidades de prote\u00e7\u00e3o.<\/p>\n<p>O Leopard 2 alcan\u00e7ou um sucesso comercial not\u00e1vel em v\u00e1rios pa\u00edses, incluindo os Pa\u00edses Baixos, Turquia, \u00c1ustria e Gr\u00e9cia.<\/p>\n<p>Este kit de modelo <strong> inclui decalques para cinco vers\u00f5es <\/strong>, instru\u00e7\u00f5es de cor e novas esteiras de borracha col\u00e1veis.<\/p>\n","protected":false},"excerpt":{"rendered":"<p>Um modelo detalhado do Leopard 2 A4, um dos tanques de batalha mais renomados do mundo. Inclui decalques para <strong>5 vers\u00f5es<\/strong>, instru\u00e7\u00f5es de cor e lagartas de borracha col\u00e1veis.<\/p>\n<p>[paints_data]<\/p>\n","protected":false},"featured_media":18014,"comment_status":"open","ping_status":"closed","template":"","meta":{"site-sidebar-layout":"default","site-content-layout":"","ast-site-content-layout":"default","site-content-style":"default","site-sidebar-style":"default","ast-global-header-display":"","ast-banner-title-visibility":"","ast-main-header-display":"","ast-hfb-above-header-display":"","ast-hfb-below-header-display":"","ast-hfb-mobile-header-display":"","site-post-title":"","ast-breadcrumbs-content":"","ast-featured-img":"","footer-sml-layout":"","ast-disable-related-posts":"","theme-transparent-header-meta":"default","adv-header-id-meta":"","stick-header-meta":"default","header-above-stick-meta":"","header-main-stick-meta":"","header-below-stick-meta":"","astra-migrate-meta-layouts":"default","ast-page-background-enabled":"default","ast-page-background-meta":{"desktop":{"background-color":"var(--ast-global-color-4)","background-image":"","background-repeat":"repeat","background-position":"center center","background-size":"auto","background-attachment":"scroll","background-type":"","background-media":"","overlay-type":"","overlay-color":"","overlay-opacity":"","overlay-gradient":""},"tablet":{"background-color":"","background-image":"","background-repeat":"repeat","background-position":"center center","background-size":"auto","background-attachment":"scroll","background-type":"","background-media":"","overlay-type":"","overlay-color":"","overlay-opacity":"","overlay-gradient":""},"mobile":{"background-color":"","background-image":"","background-repeat":"repeat","background-position":"center center","background-size":"auto","background-attachment":"scroll","background-type":"","background-media":"","overlay-type":"","overlay-color":"","overlay-opacity":"","overlay-gradient":""}},"ast-content-background-meta":{"desktop":{"background-color":"var(--ast-global-color-5)","background-image":"","background-repeat":"repeat","background-position":"center center","background-size":"auto","background-attachment":"scroll","background-type":"","background-media":"","overlay-type":"","overlay-color":"","overlay-opacity":"","overlay-gradient":""},"tablet":{"background-color":"var(--ast-global-color-5)","background-image":"","background-repeat":"repeat","background-position":"center center","background-size":"auto","background-attachment":"scroll","background-type":"","background-media":"","overlay-type":"","overlay-color":"","overlay-opacity":"","overlay-gradient":""},"mobile":{"background-color":"var(--ast-global-color-5)","background-image":"","background-repeat":"repeat","background-position":"center center","background-size":"auto","background-attachment":"scroll","background-type":"","background-media":"","overlay-type":"","overlay-color":"","overlay-opacity":"","overlay-gradient":""}}},"product_brand":[2208],"product_cat":[1894,1743,1895],"product_tag":[],"class_list":{"0":"post-18007","1":"product","2":"type-product","3":"status-publish","4":"has-post-thumbnail","6":"product_brand-italeri","7":"product_cat-tanques","8":"product_cat-kits-de-modelismo","9":"product_cat-tanques-italeri","10":"desktop-align-left","11":"tablet-align-left","12":"mobile-align-left","13":"ast-product-gallery-layout-first-image-large","14":"ast-magnify-disabled","15":"ast-product-tabs-layout-accordion","17":"first","18":"instock","19":"taxable","20":"shipping-taxable","21":"purchasable","22":"product-type-simple"},"_links":{"self":[{"href":"https:\/\/craftyminis.com\/pt-pt\/wp-json\/wp\/v2\/product\/18007","targetHints":{"allow":["GET"]}}],"collection":[{"href":"https:\/\/craftyminis.com\/pt-pt\/wp-json\/wp\/v2\/product"}],"about":[{"href":"https:\/\/craftyminis.com\/pt-pt\/wp-json\/wp\/v2\/types\/product"}],"replies":[{"embeddable":true,"href":"https:\/\/craftyminis.com\/pt-pt\/wp-json\/wp\/v2\/comments?post=18007"}],"wp:featuredmedia":[{"embeddable":true,"href":"https:\/\/craftyminis.com\/pt-pt\/wp-json\/wp\/v2\/media\/18014"}],"wp:attachment":[{"href":"https:\/\/craftyminis.com\/pt-pt\/wp-json\/wp\/v2\/media?parent=18007"}],"wp:term":[{"taxonomy":"product_brand","embeddable":true,"href":"https:\/\/craftyminis.com\/pt-pt\/wp-json\/wp\/v2\/product_brand?post=18007"},{"taxonomy":"product_cat","embeddable":true,"href":"https:\/\/craftyminis.com\/pt-pt\/wp-json\/wp\/v2\/product_cat?post=18007"},{"taxonomy":"product_tag","embeddable":true,"href":"https:\/\/craftyminis.com\/pt-pt\/wp-json\/wp\/v2\/product_tag?post=18007"}],"curies":[{"name":"wp","href":"https:\/\/api.w.org\/{rel}","templated":true}]}}