{"id":17917,"date":"2025-01-04T20:01:53","date_gmt":"2025-01-04T19:01:53","guid":{"rendered":"https:\/\/craftyminis.com\/sem categoria\/nissan-skyline-gt-r-v-spec-ii-tamiya-124\/"},"modified":"2025-01-04T20:01:53","modified_gmt":"2025-01-04T19:01:53","slug":"nissan-skyline-gt-r-v-spec-ii-tamiya-124","status":"publish","type":"product","link":"https:\/\/craftyminis.com\/pt-pt\/kits-de-modelismo\/nissan-skyline-gt-r-v-spec-ii-tamiya-124\/","title":{"rendered":"Nissan Skyline GT-R V spec II &#8211; Tamiya 1:24"},"content":{"rendered":"<div class=\"flex max-w-full flex-col flex-grow\">\n<div class=\"min-h-8 text-message flex w-full flex-col items-end gap-2 whitespace-normal break-words text-start [.text-message+&amp;]:mt-5\" dir=\"auto\" data-message-author-role=\"assistant\" data-message-id=\"2d9e0ff9-65a3-4043-b742-fa8fbde119b9\" data-message-model-slug=\"gpt-4o\">\n<div class=\"flex w-full flex-col gap-1 empty:hidden first:pt-[3px]\">\n<div class=\"markdown prose w-full break-words dark:prose-invert light\">\n<p>Os entusiastas de carros de alto desempenho, tanto para corridas como para uso rodovi\u00e1rio, celebraram o lan\u00e7amento do Nissan Skyline GT-R V Spec II em outubro de 2000. Este modelo em escala de pl\u00e1stico reproduz fielmente o ve\u00edculo ic\u00f3nico, apresentando atualiza\u00e7\u00f5es em rela\u00e7\u00e3o \u00e0s vers\u00f5es anteriores, como um cap\u00f4 com entradas de ar NACA e uma asa traseira ampliada. Tamb\u00e9m recria com precis\u00e3o caracter\u00edsticas distintivas, como os discos de trav\u00e3o espec\u00edficos da vers\u00e3o V Spec II.<\/p>\n<p>O kit de modelo do Nissan Skyline GT-R V Spec II destaca-se pelos detalhes t\u00e9cnicos, apresentando uma representa\u00e7\u00e3o realista da suspens\u00e3o multi-link, do sistema de tra\u00e7\u00e3o integral e de um difusor fabricado com pe\u00e7as transparentes. Para os entusiastas de tuning, o kit inclui acess\u00f3rios como jantes Nismo, um suporte para asa GT e discos de trav\u00e3o perfurados. Tamb\u00e9m s\u00e3o fornecidos decalques para replicar a vers\u00e3o limitada &#8220;N\u00fcr&#8221; deste carro lend\u00e1rio.<\/p>\n<\/div>\n<\/div>\n<\/div>\n<\/div>\n","protected":false},"excerpt":{"rendered":"<div class=\"flex max-w-full flex-col flex-grow\">\n<div class=\"min-h-8 text-message flex w-full flex-col items-end gap-2 whitespace-normal break-words text-start [.text-message+&amp;]:mt-5\" dir=\"auto\" data-message-author-role=\"assistant\" data-message-id=\"e327890b-e52b-428d-be6c-c7619ed41317\" data-message-model-slug=\"gpt-4o\">\n<div class=\"flex w-full flex-col gap-1 empty:hidden first:pt-[3px]\">\n<div class=\"markdown prose w-full break-words dark:prose-invert light\">\n<p>Modelo \u00e0 escala do ic\u00f3nico Skyline GT-R V Spec II, lan\u00e7ado em 2000. As caracter\u00edsticas incluem um capot com condutas NACA, uma asa traseira alargada, suspens\u00e3o multi-link e op\u00e7\u00f5es de afina\u00e7\u00e3o como jantes Nismo e discos de trav\u00e3o perfurados. Inclui decalques para a edi\u00e7\u00e3o limitada &#8220;N\u00fcr&#8221;.<\/p>\n<\/div>\n<\/div>\n<\/div>\n<\/div>\n<p>[paints_data]<\/p>\n","protected":false},"featured_media":17918,"comment_status":"open","ping_status":"closed","template":"","meta":{"site-sidebar-layout":"default","site-content-layout":"","ast-site-content-layout":"default","site-content-style":"default","site-sidebar-style":"default","ast-global-header-display":"","ast-banner-title-visibility":"","ast-main-header-display":"","ast-hfb-above-header-display":"","ast-hfb-below-header-display":"","ast-hfb-mobile-header-display":"","site-post-title":"","ast-breadcrumbs-content":"","ast-featured-img":"","footer-sml-layout":"","ast-disable-related-posts":"","theme-transparent-header-meta":"default","adv-header-id-meta":"","stick-header-meta":"default","header-above-stick-meta":"","header-main-stick-meta":"","header-below-stick-meta":"","astra-migrate-meta-layouts":"default","ast-page-background-enabled":"default","ast-page-background-meta":{"desktop":{"background-color":"var(--ast-global-color-4)","background-image":"","background-repeat":"repeat","background-position":"center center","background-size":"auto","background-attachment":"scroll","background-type":"","background-media":"","overlay-type":"","overlay-color":"","overlay-opacity":"","overlay-gradient":""},"tablet":{"background-color":"","background-image":"","background-repeat":"repeat","background-position":"center center","background-size":"auto","background-attachment":"scroll","background-type":"","background-media":"","overlay-type":"","overlay-color":"","overlay-opacity":"","overlay-gradient":""},"mobile":{"background-color":"","background-image":"","background-repeat":"repeat","background-position":"center center","background-size":"auto","background-attachment":"scroll","background-type":"","background-media":"","overlay-type":"","overlay-color":"","overlay-opacity":"","overlay-gradient":""}},"ast-content-background-meta":{"desktop":{"background-color":"var(--ast-global-color-5)","background-image":"","background-repeat":"repeat","background-position":"center center","background-size":"auto","background-attachment":"scroll","background-type":"","background-media":"","overlay-type":"","overlay-color":"","overlay-opacity":"","overlay-gradient":""},"tablet":{"background-color":"var(--ast-global-color-5)","background-image":"","background-repeat":"repeat","background-position":"center center","background-size":"auto","background-attachment":"scroll","background-type":"","background-media":"","overlay-type":"","overlay-color":"","overlay-opacity":"","overlay-gradient":""},"mobile":{"background-color":"var(--ast-global-color-5)","background-image":"","background-repeat":"repeat","background-position":"center center","background-size":"auto","background-attachment":"scroll","background-type":"","background-media":"","overlay-type":"","overlay-color":"","overlay-opacity":"","overlay-gradient":""}}},"product_brand":[2236],"product_cat":[1743,1806,1811],"product_tag":[],"class_list":{"0":"post-17917","1":"product","2":"type-product","3":"status-publish","4":"has-post-thumbnail","6":"product_brand-tamiya","7":"product_cat-kits-de-modelismo","8":"product_cat-carros","9":"product_cat-carros-tamiya","10":"desktop-align-left","11":"tablet-align-left","12":"mobile-align-left","13":"ast-product-gallery-layout-first-image-large","14":"ast-magnify-disabled","15":"ast-product-tabs-layout-accordion","17":"first","18":"instock","19":"taxable","20":"shipping-taxable","21":"purchasable","22":"product-type-simple"},"_links":{"self":[{"href":"https:\/\/craftyminis.com\/pt-pt\/wp-json\/wp\/v2\/product\/17917","targetHints":{"allow":["GET"]}}],"collection":[{"href":"https:\/\/craftyminis.com\/pt-pt\/wp-json\/wp\/v2\/product"}],"about":[{"href":"https:\/\/craftyminis.com\/pt-pt\/wp-json\/wp\/v2\/types\/product"}],"replies":[{"embeddable":true,"href":"https:\/\/craftyminis.com\/pt-pt\/wp-json\/wp\/v2\/comments?post=17917"}],"wp:featuredmedia":[{"embeddable":true,"href":"https:\/\/craftyminis.com\/pt-pt\/wp-json\/wp\/v2\/media\/17918"}],"wp:attachment":[{"href":"https:\/\/craftyminis.com\/pt-pt\/wp-json\/wp\/v2\/media?parent=17917"}],"wp:term":[{"taxonomy":"product_brand","embeddable":true,"href":"https:\/\/craftyminis.com\/pt-pt\/wp-json\/wp\/v2\/product_brand?post=17917"},{"taxonomy":"product_cat","embeddable":true,"href":"https:\/\/craftyminis.com\/pt-pt\/wp-json\/wp\/v2\/product_cat?post=17917"},{"taxonomy":"product_tag","embeddable":true,"href":"https:\/\/craftyminis.com\/pt-pt\/wp-json\/wp\/v2\/product_tag?post=17917"}],"curies":[{"name":"wp","href":"https:\/\/api.w.org\/{rel}","templated":true}]}}