{"id":17627,"date":"2025-01-07T17:46:11","date_gmt":"2025-01-07T16:46:11","guid":{"rendered":"https:\/\/craftyminis.com\/sem categoria\/german-motorcycle-sidecar-tamiya-148\/"},"modified":"2025-01-07T17:46:11","modified_gmt":"2025-01-07T16:46:11","slug":"german-motorcycle-sidecar-tamiya-148","status":"publish","type":"product","link":"https:\/\/craftyminis.com\/pt-pt\/kits-de-modelismo\/german-motorcycle-sidecar-tamiya-148\/","title":{"rendered":"German Motorcycle &#038; Sidecar &#8211; Tamiya 1:48"},"content":{"rendered":"<div class=\"flex max-w-full flex-col flex-grow\">\n<div class=\"min-h-8 text-message flex w-full flex-col items-end gap-2 whitespace-normal break-words text-start [.text-message+&amp;]:mt-5\" dir=\"auto\" data-message-author-role=\"assistant\" data-message-id=\"2d9e0ff9-65a3-4043-b742-fa8fbde119b9\" data-message-model-slug=\"gpt-4o\">\n<div class=\"flex w-full flex-col gap-1 empty:hidden first:pt-[3px]\">\n<div class=\"markdown prose w-full break-words dark:prose-invert light\">\n<div class=\"flex max-w-full flex-col flex-grow\">\n<div class=\"min-h-8 text-message flex w-full flex-col items-end gap-2 whitespace-normal break-words text-start [.text-message+&amp;]:mt-5\" dir=\"auto\" data-message-author-role=\"assistant\" data-message-id=\"23ac4595-bea1-4700-b3fb-d40dbaa5a21f\" data-message-model-slug=\"gpt-4o\">\n<div class=\"flex w-full flex-col gap-1 empty:hidden first:pt-[3px]\">\n<div class=\"markdown prose w-full break-words dark:prose-invert light\">\n<p><strong>Modelo de Motociclo Alem\u00e3o com Sidecar em Escala 1\/48 da II Guerra Mundial<\/strong><\/p>\n<p>Este modelo em escala 1\/48 replica fielmente uma motocicleta alem\u00e3 de 750cc amplamente utilizada durante a Segunda Guerra Mundial. Alimentada por um motor bicil\u00edndrico capaz de atingir velocidades de at\u00e9 95 km\/h, este ve\u00edculo era conhecido pela sua versatilidade. O sidecar, com tra\u00e7\u00e3o adicional na sua roda, garantia um desempenho fi\u00e1vel mesmo em terrenos dif\u00edceis. Ao longo da guerra, foi utilizado em diversos locais, desde o Norte de \u00c1frica at\u00e9 \u00e0 Frente Oriental, desempenhando fun\u00e7\u00f5es como reconhecimento e transporte. Em alguns casos, foi equipado com uma metralhadora MG34 para opera\u00e7\u00f5es ofensivas.<\/p>\n<p><strong>Principais Caracter\u00edsticas do Modelo de Motociclo Alem\u00e3o com Sidecar:<\/strong><\/p>\n<ul>\n<li>Escala: 1\/48.<\/li>\n<li>Dimens\u00f5es aproximadas: 50 mm de comprimento e 36 mm de largura.<\/li>\n<li>Desenhado com precis\u00e3o com um quadro robusto e motor bicil\u00edndrico plano.<\/li>\n<li>Inclui pe\u00e7as intercambi\u00e1veis para filtros de ar padr\u00e3o ou espec\u00edficos para o Norte de \u00c1frica.<\/li>\n<li>Acess\u00f3rios detalhados como equipamento e armas pequenas.<\/li>\n<li>Figuras do condutor e passageiro, com op\u00e7\u00f5es para equipar uma MG34 ou MP40 dependendo das pe\u00e7as de bra\u00e7o selecionadas.<\/li>\n<li>Duas op\u00e7\u00f5es de decalques para representar ve\u00edculos da Frente Oriental ou do Norte de \u00c1frica.<\/li>\n<\/ul>\n<p>Este modelo \u00e9 uma adi\u00e7\u00e3o fant\u00e1stica a qualquer diorama de ve\u00edculos militares alem\u00e3es em escala 1\/48.<\/p>\n<\/div>\n<\/div>\n<\/div>\n<\/div>\n<\/div>\n<\/div>\n<\/div>\n<\/div>\n","protected":false},"excerpt":{"rendered":"<div class=\"flex max-w-full flex-col flex-grow\">\n<div class=\"min-h-8 text-message flex w-full flex-col items-end gap-2 whitespace-normal break-words text-start [.text-message+&amp;]:mt-5\" dir=\"auto\" data-message-author-role=\"assistant\" data-message-id=\"e327890b-e52b-428d-be6c-c7619ed41317\" data-message-model-slug=\"gpt-4o\">\n<div class=\"flex w-full flex-col gap-1 empty:hidden first:pt-[3px]\">\n<div class=\"markdown prose w-full break-words dark:prose-invert light\">\n<div class=\"flex max-w-full flex-col flex-grow\">\n<div class=\"min-h-8 text-message flex w-full flex-col items-end gap-2 whitespace-normal break-words text-start [.text-message+&amp;]:mt-5\" dir=\"auto\" data-message-author-role=\"assistant\" data-message-id=\"bf2e8976-46ca-41b5-86c3-80d6c99be9d7\" data-message-model-slug=\"gpt-4o\">\n<div class=\"flex w-full flex-col gap-1 empty:hidden first:pt-[3px]\">\n<div class=\"markdown prose w-full break-words dark:prose-invert light\">\n<div class=\"flex max-w-full flex-col flex-grow\">\n<div class=\"min-h-8 text-message flex w-full flex-col items-end gap-2 whitespace-normal break-words text-start [.text-message+&amp;]:mt-5\" dir=\"auto\" data-message-author-role=\"assistant\" data-message-id=\"1dbfcc70-0af1-4e21-9d7f-3fabab6c69fb\" data-message-model-slug=\"gpt-4o\">\n<div class=\"flex w-full flex-col gap-1 empty:hidden first:pt-[3px]\">\n<div class=\"markdown prose w-full break-words dark:prose-invert light\">\n<div class=\"flex max-w-full flex-col flex-grow\">\n<div class=\"min-h-8 text-message flex w-full flex-col items-end gap-2 whitespace-normal break-words text-start [.text-message+&amp;]:mt-5\" dir=\"auto\" data-message-author-role=\"assistant\" data-message-id=\"9423dcb0-b733-4187-ad86-cf5eb4d9ea7f\" data-message-model-slug=\"gpt-4o\">\n<div class=\"flex w-full flex-col gap-1 empty:hidden first:pt-[3px]\">\n<div class=\"markdown prose w-full break-words dark:prose-invert light\"><\/div>\n<\/div>\n<\/div>\n<\/div>\n<\/div>\n<\/div>\n<\/div>\n<\/div>\n<\/div>\n<\/div>\n<\/div>\n<\/div>\n<\/div>\n<\/div>\n<\/div>\n<\/div>\n<p>Uma r\u00e9plica detalhada de uma motocicleta alem\u00e3 da II Guerra Mundial com sidecar. Inclui figuras, acess\u00f3rios e op\u00e7\u00f5es de personaliza\u00e7\u00e3o para dioramas da Frente Oriental ou do Norte de \u00c1frica.<\/p>\n<p>[paints_data]<\/p>\n","protected":false},"featured_media":17628,"comment_status":"open","ping_status":"closed","template":"","meta":{"site-sidebar-layout":"default","site-content-layout":"","ast-site-content-layout":"default","site-content-style":"default","site-sidebar-style":"default","ast-global-header-display":"","ast-banner-title-visibility":"","ast-main-header-display":"","ast-hfb-above-header-display":"","ast-hfb-below-header-display":"","ast-hfb-mobile-header-display":"","site-post-title":"","ast-breadcrumbs-content":"","ast-featured-img":"","footer-sml-layout":"","ast-disable-related-posts":"","theme-transparent-header-meta":"default","adv-header-id-meta":"","stick-header-meta":"default","header-above-stick-meta":"","header-main-stick-meta":"","header-below-stick-meta":"","astra-migrate-meta-layouts":"default","ast-page-background-enabled":"default","ast-page-background-meta":{"desktop":{"background-color":"var(--ast-global-color-4)","background-image":"","background-repeat":"repeat","background-position":"center center","background-size":"auto","background-attachment":"scroll","background-type":"","background-media":"","overlay-type":"","overlay-color":"","overlay-opacity":"","overlay-gradient":""},"tablet":{"background-color":"","background-image":"","background-repeat":"repeat","background-position":"center center","background-size":"auto","background-attachment":"scroll","background-type":"","background-media":"","overlay-type":"","overlay-color":"","overlay-opacity":"","overlay-gradient":""},"mobile":{"background-color":"","background-image":"","background-repeat":"repeat","background-position":"center center","background-size":"auto","background-attachment":"scroll","background-type":"","background-media":"","overlay-type":"","overlay-color":"","overlay-opacity":"","overlay-gradient":""}},"ast-content-background-meta":{"desktop":{"background-color":"var(--ast-global-color-5)","background-image":"","background-repeat":"repeat","background-position":"center center","background-size":"auto","background-attachment":"scroll","background-type":"","background-media":"","overlay-type":"","overlay-color":"","overlay-opacity":"","overlay-gradient":""},"tablet":{"background-color":"var(--ast-global-color-5)","background-image":"","background-repeat":"repeat","background-position":"center center","background-size":"auto","background-attachment":"scroll","background-type":"","background-media":"","overlay-type":"","overlay-color":"","overlay-opacity":"","overlay-gradient":""},"mobile":{"background-color":"var(--ast-global-color-5)","background-image":"","background-repeat":"repeat","background-position":"center center","background-size":"auto","background-attachment":"scroll","background-type":"","background-media":"","overlay-type":"","overlay-color":"","overlay-opacity":"","overlay-gradient":""}}},"product_brand":[2236],"product_cat":[1743,1858,1862],"product_tag":[],"class_list":{"0":"post-17627","1":"product","2":"type-product","3":"status-publish","4":"has-post-thumbnail","6":"product_brand-tamiya","7":"product_cat-kits-de-modelismo","8":"product_cat-motos","9":"product_cat-motos-tamiya","10":"desktop-align-left","11":"tablet-align-left","12":"mobile-align-left","13":"ast-product-gallery-layout-first-image-large","14":"ast-magnify-disabled","15":"ast-product-tabs-layout-accordion","17":"first","18":"instock","19":"sale","20":"taxable","21":"shipping-taxable","22":"purchasable","23":"product-type-simple"},"_links":{"self":[{"href":"https:\/\/craftyminis.com\/pt-pt\/wp-json\/wp\/v2\/product\/17627","targetHints":{"allow":["GET"]}}],"collection":[{"href":"https:\/\/craftyminis.com\/pt-pt\/wp-json\/wp\/v2\/product"}],"about":[{"href":"https:\/\/craftyminis.com\/pt-pt\/wp-json\/wp\/v2\/types\/product"}],"replies":[{"embeddable":true,"href":"https:\/\/craftyminis.com\/pt-pt\/wp-json\/wp\/v2\/comments?post=17627"}],"wp:featuredmedia":[{"embeddable":true,"href":"https:\/\/craftyminis.com\/pt-pt\/wp-json\/wp\/v2\/media\/17628"}],"wp:attachment":[{"href":"https:\/\/craftyminis.com\/pt-pt\/wp-json\/wp\/v2\/media?parent=17627"}],"wp:term":[{"taxonomy":"product_brand","embeddable":true,"href":"https:\/\/craftyminis.com\/pt-pt\/wp-json\/wp\/v2\/product_brand?post=17627"},{"taxonomy":"product_cat","embeddable":true,"href":"https:\/\/craftyminis.com\/pt-pt\/wp-json\/wp\/v2\/product_cat?post=17627"},{"taxonomy":"product_tag","embeddable":true,"href":"https:\/\/craftyminis.com\/pt-pt\/wp-json\/wp\/v2\/product_tag?post=17627"}],"curies":[{"name":"wp","href":"https:\/\/api.w.org\/{rel}","templated":true}]}}