{"id":17370,"date":"2025-01-11T23:31:17","date_gmt":"2025-01-11T22:31:17","guid":{"rendered":"https:\/\/craftyminis.com\/sem%20categoria\/mercedes-benz-type-170v-cabrio-saloon-miniart-135\/"},"modified":"2026-02-24T13:55:16","modified_gmt":"2026-02-24T12:55:16","slug":"mercedes-benz-type-170v-cabrio-saloon-miniart-135","status":"publish","type":"product","link":"https:\/\/craftyminis.com\/pt-pt\/kits-de-modelismo\/mercedes-benz-type-170v-cabrio-saloon-miniart-135\/","title":{"rendered":"Mercedes-Benz Type 170V Cabrio Saloon &#8211; MiniArt 1:35"},"content":{"rendered":"<div class=\"flex max-w-full flex-col flex-grow\">\n<div class=\"min-h-8 text-message flex w-full flex-col items-end gap-2 whitespace-normal break-words text-start [.text-message+&amp;]:mt-5\" dir=\"auto\" data-message-author-role=\"assistant\" data-message-id=\"ec58c06d-028f-4b4d-861b-187c6bf83d28\" data-message-model-slug=\"gpt-4o\">\n<div class=\"flex w-full flex-col gap-1 empty:hidden first:pt-[3px]\">\n<div class=\"markdown prose w-full break-words dark:prose-invert light\">\n<p>O <strong>Mercedes-Benz Tipo 170V Cabrio Saloon<\/strong> \u00e9 um verdadeiro \u00edcone da hist\u00f3ria autom\u00f3vel cl\u00e1ssica. Foi fabricado entre 1936 e 1942 e teve um breve regresso ap\u00f3s a Segunda Guerra Mundial. Este modelo destacou-se pela sua versatilidade, acessibilidade e pela sua capacidade de proporcionar uma experi\u00eancia de condu\u00e7\u00e3o confort\u00e1vel, eficiente e elegante.<\/p>\n<p>O 170V deve o seu nome ao motor de 1,7 litros. Combinava fiabilidade com um design aerodin\u00e2mico e sofisticado. A vers\u00e3o Cabrio Saloon era especialmente not\u00e1vel pelo seu estilo distinto. O seu tejadilho descapot\u00e1vel permitia aos condutores desfrutar da liberdade do ar livre, mantendo o conforto de um sedan fechado. Este carro foi muito popular entre propriet\u00e1rios privados e tamb\u00e9m serviu extensivamente como t\u00e1xi e ve\u00edculo comercial ligeiro.<\/p>\n<p>Construir o <strong>Mercedes-Benz Tipo 170V Cabrio Saloon<\/strong> como modelo \u00e0 escala permite reviver um cap\u00edtulo emocionante da hist\u00f3ria autom\u00f3vel. O seu design intemporal, com linhas suaves e detalhes aut\u00eanticos, captura perfeitamente o sentido de luxo da era pr\u00e9-guerra. Este \u00e9 um projeto excecional para colecionadores e modelistas apaixonados.<\/p>\n<p>Adicione este ve\u00edculo lend\u00e1rio \u00e0 sua cole\u00e7\u00e3o e traga a hist\u00f3ria \u00e0 vida nas suas m\u00e3os!<\/p>\n<\/div>\n<\/div>\n<\/div>\n<\/div>\n","protected":false},"excerpt":{"rendered":"<p>Experimente o luxo e a eleg\u00e2ncia dos anos 1930 com este modelo \u00e0 escala do ic\u00f3nico Mercedes-Benz Tipo 170V Cabrio Saloon, um verdadeiro s\u00edmbolo de estilo e refinamento autom\u00f3vel.<br \/>\n[paints_data]<\/p>\n","protected":false},"featured_media":17371,"comment_status":"open","ping_status":"closed","template":"","meta":{"site-sidebar-layout":"default","site-content-layout":"","ast-site-content-layout":"default","site-content-style":"default","site-sidebar-style":"default","ast-global-header-display":"","ast-banner-title-visibility":"","ast-main-header-display":"","ast-hfb-above-header-display":"","ast-hfb-below-header-display":"","ast-hfb-mobile-header-display":"","site-post-title":"","ast-breadcrumbs-content":"","ast-featured-img":"","footer-sml-layout":"","ast-disable-related-posts":"","theme-transparent-header-meta":"default","adv-header-id-meta":"","stick-header-meta":"default","header-above-stick-meta":"","header-main-stick-meta":"","header-below-stick-meta":"","astra-migrate-meta-layouts":"default","ast-page-background-enabled":"default","ast-page-background-meta":{"desktop":{"background-color":"var(--ast-global-color-4)","background-image":"","background-repeat":"repeat","background-position":"center center","background-size":"auto","background-attachment":"scroll","background-type":"","background-media":"","overlay-type":"","overlay-color":"","overlay-opacity":"","overlay-gradient":""},"tablet":{"background-color":"","background-image":"","background-repeat":"repeat","background-position":"center center","background-size":"auto","background-attachment":"scroll","background-type":"","background-media":"","overlay-type":"","overlay-color":"","overlay-opacity":"","overlay-gradient":""},"mobile":{"background-color":"","background-image":"","background-repeat":"repeat","background-position":"center center","background-size":"auto","background-attachment":"scroll","background-type":"","background-media":"","overlay-type":"","overlay-color":"","overlay-opacity":"","overlay-gradient":""}},"ast-content-background-meta":{"desktop":{"background-color":"var(--ast-global-color-5)","background-image":"","background-repeat":"repeat","background-position":"center center","background-size":"auto","background-attachment":"scroll","background-type":"","background-media":"","overlay-type":"","overlay-color":"","overlay-opacity":"","overlay-gradient":""},"tablet":{"background-color":"var(--ast-global-color-5)","background-image":"","background-repeat":"repeat","background-position":"center center","background-size":"auto","background-attachment":"scroll","background-type":"","background-media":"","overlay-type":"","overlay-color":"","overlay-opacity":"","overlay-gradient":""},"mobile":{"background-color":"var(--ast-global-color-5)","background-image":"","background-repeat":"repeat","background-position":"center center","background-size":"auto","background-attachment":"scroll","background-type":"","background-media":"","overlay-type":"","overlay-color":"","overlay-opacity":"","overlay-gradient":""}}},"product_brand":[2220],"product_cat":[1743,1806,1809],"product_tag":[],"class_list":{"0":"post-17370","1":"product","2":"type-product","3":"status-publish","4":"has-post-thumbnail","6":"product_brand-miniart","7":"product_cat-kits-de-modelismo","8":"product_cat-carros","9":"product_cat-carros-miniart","10":"desktop-align-left","11":"tablet-align-left","12":"mobile-align-left","13":"ast-product-gallery-layout-first-image-large","14":"ast-magnify-disabled","15":"ast-product-tabs-layout-accordion","17":"first","18":"instock","19":"taxable","20":"shipping-taxable","21":"purchasable","22":"product-type-simple"},"_links":{"self":[{"href":"https:\/\/craftyminis.com\/pt-pt\/wp-json\/wp\/v2\/product\/17370","targetHints":{"allow":["GET"]}}],"collection":[{"href":"https:\/\/craftyminis.com\/pt-pt\/wp-json\/wp\/v2\/product"}],"about":[{"href":"https:\/\/craftyminis.com\/pt-pt\/wp-json\/wp\/v2\/types\/product"}],"replies":[{"embeddable":true,"href":"https:\/\/craftyminis.com\/pt-pt\/wp-json\/wp\/v2\/comments?post=17370"}],"wp:featuredmedia":[{"embeddable":true,"href":"https:\/\/craftyminis.com\/pt-pt\/wp-json\/wp\/v2\/media\/17371"}],"wp:attachment":[{"href":"https:\/\/craftyminis.com\/pt-pt\/wp-json\/wp\/v2\/media?parent=17370"}],"wp:term":[{"taxonomy":"product_brand","embeddable":true,"href":"https:\/\/craftyminis.com\/pt-pt\/wp-json\/wp\/v2\/product_brand?post=17370"},{"taxonomy":"product_cat","embeddable":true,"href":"https:\/\/craftyminis.com\/pt-pt\/wp-json\/wp\/v2\/product_cat?post=17370"},{"taxonomy":"product_tag","embeddable":true,"href":"https:\/\/craftyminis.com\/pt-pt\/wp-json\/wp\/v2\/product_tag?post=17370"}],"curies":[{"name":"wp","href":"https:\/\/api.w.org\/{rel}","templated":true}]}}