{"id":17254,"date":"2025-01-13T09:45:50","date_gmt":"2025-01-13T08:45:50","guid":{"rendered":"https:\/\/craftyminis.com\/sem%20categoria\/soviet-ball-tank-miniart-135\/"},"modified":"2026-02-24T13:54:50","modified_gmt":"2026-02-24T12:54:50","slug":"soviet-ball-tank-miniart-135","status":"publish","type":"product","link":"https:\/\/craftyminis.com\/pt-pt\/kits-de-modelismo\/soviet-ball-tank-miniart-135\/","title":{"rendered":"Soviet Ball Tank with Winter Ski &#8211; MiniArt 1:35"},"content":{"rendered":"<div class=\"flex max-w-full flex-col flex-grow\">\n<div class=\"min-h-8 text-message flex w-full flex-col items-end gap-2 whitespace-normal break-words text-start [.text-message+&amp;]:mt-5\" dir=\"auto\" data-message-author-role=\"assistant\" data-message-id=\"ec58c06d-028f-4b4d-861b-187c6bf83d28\" data-message-model-slug=\"gpt-4o\">\n<div class=\"flex w-full flex-col gap-1 empty:hidden first:pt-[3px]\">\n<div class=\"markdown prose w-full break-words dark:prose-invert light\">\n<div class=\"flex max-w-full flex-col flex-grow\">\n<div class=\"min-h-8 text-message flex w-full flex-col items-end gap-2 whitespace-normal break-words text-start [.text-message+&amp;]:mt-5\" dir=\"auto\" data-message-author-role=\"assistant\" data-message-id=\"dba85688-f9bb-448b-a451-a3b85f4fc592\" data-message-model-slug=\"gpt-4o\">\n<div class=\"flex w-full flex-col gap-1 empty:hidden first:pt-[3px]\">\n<div class=\"markdown prose w-full break-words dark:prose-invert light\">\n<div class=\"flex max-w-full flex-col flex-grow\">\n<div class=\"min-h-8 text-message flex w-full flex-col items-end gap-2 whitespace-normal break-words text-start [.text-message+&amp;]:mt-5\" dir=\"auto\" data-message-author-role=\"assistant\" data-message-id=\"ba58fbe1-8cd0-4041-8866-04a1ba796c5f\" data-message-model-slug=\"gpt-4o\">\n<div class=\"flex w-full flex-col gap-1 empty:hidden first:pt-[3px]\">\n<div class=\"markdown prose w-full break-words dark:prose-invert light\">\n<p>Descubra o cativante modelo \u00e0 escala 1:35 do <strong>Tanque de Bolas Sovi\u00e9tico com Esqui de Inverno da Miniart<\/strong>, uma obra-prima concebida para entusiastas de modelos e amantes da hist\u00f3ria. Este kit \u00fanico, inspirado num design conceptual da Segunda Guerra Mundial, demonstra a engenhosidade e ambi\u00e7\u00e3o dos engenheiros sovi\u00e9ticos na procura de solu\u00e7\u00f5es inovadoras para o combate.<\/p>\n<p>O <strong>Tanque de Bolas Sovi\u00e9tico<\/strong>, tamb\u00e9m conhecido como tanque esf\u00e9rico, foi uma ideia revolucion\u00e1ria destinada a maximizar a manobrabilidade em terrenos acidentados, minimizando ao mesmo tempo a sua visibilidade para o inimigo. Embora nunca tenha entrado em produ\u00e7\u00e3o em massa, o conceito permanece como um s\u00edmbolo da engenharia militar audaciosa.<\/p>\n<p>Este kit oferece um detalhe excecional, tornando-o ideal para modelistas avan\u00e7ados que desejam recriar todos os aspetos deste ve\u00edculo extraordin\u00e1rio. Apresenta um <strong>interior totalmente detalhado<\/strong>, pe\u00e7as transparentes para maior realismo, e a op\u00e7\u00e3o de exibir as escotilhas abertas ou fechadas. Equipado com esquis de inverno, o modelo captura as condi\u00e7\u00f5es rigorosas para as quais foi projetado, resultando numa r\u00e9plica verdadeiramente impressionante.<\/p>\n<p>Com uma folha de decalques que oferece seis variantes diferentes, este kit permite personalizar o seu projeto para refletir a precis\u00e3o hist\u00f3rica ou a sua pr\u00f3pria vis\u00e3o criativa. Perfeito para exposi\u00e7\u00e3o ou como tela para aprimorar t\u00e9cnicas avan\u00e7adas de pintura e envelhecimento, este modelo \u00e9 indispens\u00e1vel para hobbyistas dedicados.<\/p>\n<\/div>\n<\/div>\n<\/div>\n<\/div>\n<div class=\"mb-2 flex gap-3 empty:hidden -ml-2\">\n<div class=\"items-center justify-start rounded-xl p-1 flex\">\n<div class=\"flex items-center\"><\/div>\n<\/div>\n<\/div>\n<\/div>\n<\/div>\n<\/div>\n<\/div>\n<\/div>\n<\/div>\n<\/div>\n<\/div>\n","protected":false},"excerpt":{"rendered":"<p>Explore o incr\u00edvel modelo <strong>Tanque de Bolas Sovi\u00e9tico da Miniart<\/strong> em escala 1:35, com um interior totalmente detalhado, pe\u00e7as transparentes e esquis de inverno. Perfeito para modeladores avan\u00e7ados e entusiastas de hist\u00f3ria.<br \/>\n[paints_data]<\/p>\n","protected":false},"featured_media":17255,"comment_status":"open","ping_status":"closed","template":"","meta":{"site-sidebar-layout":"default","site-content-layout":"","ast-site-content-layout":"default","site-content-style":"default","site-sidebar-style":"default","ast-global-header-display":"","ast-banner-title-visibility":"","ast-main-header-display":"","ast-hfb-above-header-display":"","ast-hfb-below-header-display":"","ast-hfb-mobile-header-display":"","site-post-title":"","ast-breadcrumbs-content":"","ast-featured-img":"","footer-sml-layout":"","ast-disable-related-posts":"","theme-transparent-header-meta":"default","adv-header-id-meta":"","stick-header-meta":"default","header-above-stick-meta":"","header-main-stick-meta":"","header-below-stick-meta":"","astra-migrate-meta-layouts":"default","ast-page-background-enabled":"default","ast-page-background-meta":{"desktop":{"background-color":"var(--ast-global-color-4)","background-image":"","background-repeat":"repeat","background-position":"center center","background-size":"auto","background-attachment":"scroll","background-type":"","background-media":"","overlay-type":"","overlay-color":"","overlay-opacity":"","overlay-gradient":""},"tablet":{"background-color":"","background-image":"","background-repeat":"repeat","background-position":"center center","background-size":"auto","background-attachment":"scroll","background-type":"","background-media":"","overlay-type":"","overlay-color":"","overlay-opacity":"","overlay-gradient":""},"mobile":{"background-color":"","background-image":"","background-repeat":"repeat","background-position":"center center","background-size":"auto","background-attachment":"scroll","background-type":"","background-media":"","overlay-type":"","overlay-color":"","overlay-opacity":"","overlay-gradient":""}},"ast-content-background-meta":{"desktop":{"background-color":"var(--ast-global-color-5)","background-image":"","background-repeat":"repeat","background-position":"center center","background-size":"auto","background-attachment":"scroll","background-type":"","background-media":"","overlay-type":"","overlay-color":"","overlay-opacity":"","overlay-gradient":""},"tablet":{"background-color":"var(--ast-global-color-5)","background-image":"","background-repeat":"repeat","background-position":"center center","background-size":"auto","background-attachment":"scroll","background-type":"","background-media":"","overlay-type":"","overlay-color":"","overlay-opacity":"","overlay-gradient":""},"mobile":{"background-color":"var(--ast-global-color-5)","background-image":"","background-repeat":"repeat","background-position":"center center","background-size":"auto","background-attachment":"scroll","background-type":"","background-media":"","overlay-type":"","overlay-color":"","overlay-opacity":"","overlay-gradient":""}}},"product_brand":[2220],"product_cat":[1743,1894,1897],"product_tag":[],"class_list":{"0":"post-17254","1":"product","2":"type-product","3":"status-publish","4":"has-post-thumbnail","6":"product_brand-miniart","7":"product_cat-kits-de-modelismo","8":"product_cat-tanques","9":"product_cat-tanques-miniart","10":"desktop-align-left","11":"tablet-align-left","12":"mobile-align-left","13":"ast-product-gallery-layout-first-image-large","14":"ast-magnify-disabled","15":"ast-product-tabs-layout-accordion","17":"first","18":"instock","19":"taxable","20":"shipping-taxable","21":"purchasable","22":"product-type-simple"},"_links":{"self":[{"href":"https:\/\/craftyminis.com\/pt-pt\/wp-json\/wp\/v2\/product\/17254","targetHints":{"allow":["GET"]}}],"collection":[{"href":"https:\/\/craftyminis.com\/pt-pt\/wp-json\/wp\/v2\/product"}],"about":[{"href":"https:\/\/craftyminis.com\/pt-pt\/wp-json\/wp\/v2\/types\/product"}],"replies":[{"embeddable":true,"href":"https:\/\/craftyminis.com\/pt-pt\/wp-json\/wp\/v2\/comments?post=17254"}],"wp:featuredmedia":[{"embeddable":true,"href":"https:\/\/craftyminis.com\/pt-pt\/wp-json\/wp\/v2\/media\/17255"}],"wp:attachment":[{"href":"https:\/\/craftyminis.com\/pt-pt\/wp-json\/wp\/v2\/media?parent=17254"}],"wp:term":[{"taxonomy":"product_brand","embeddable":true,"href":"https:\/\/craftyminis.com\/pt-pt\/wp-json\/wp\/v2\/product_brand?post=17254"},{"taxonomy":"product_cat","embeddable":true,"href":"https:\/\/craftyminis.com\/pt-pt\/wp-json\/wp\/v2\/product_cat?post=17254"},{"taxonomy":"product_tag","embeddable":true,"href":"https:\/\/craftyminis.com\/pt-pt\/wp-json\/wp\/v2\/product_tag?post=17254"}],"curies":[{"name":"wp","href":"https:\/\/api.w.org\/{rel}","templated":true}]}}