{"id":26454,"date":"2023-11-28T18:53:32","date_gmt":"2023-11-28T17:53:32","guid":{"rendered":"https:\/\/craftyminis.com\/politica-de-privacidade\/"},"modified":"2026-02-25T12:17:26","modified_gmt":"2026-02-25T11:17:26","slug":"politica-de-privacidade","status":"publish","type":"page","link":"https:\/\/craftyminis.com\/pt-pt\/politica-de-privacidade\/","title":{"rendered":"Pol\u00edtica de privacidade"},"content":{"rendered":"\n<p>O Titular informa-o sobre a sua Pol\u00edtica de Privacidade relativamente ao tratamento e prote\u00e7\u00e3o dos dados pessoais dos utilizadores e clientes que possam ser recolhidos durante a navega\u00e7\u00e3o, ao comprar um produto ou ao contratar um servi\u00e7o atrav\u00e9s do Site Web: <a href=\"https:\/\/craftyminis.com\/pt-pt\/politica-de-privacidade\/\">https:\/\/craftyminis.com<\/a><\/p>\n\n<p>Neste sentido, o Titular garante o cumprimento da normativa vigente em mat\u00e9ria de prote\u00e7\u00e3o de dados pessoais, refletida na Lei Org\u00e2nica 3\/2018, de 5 de dezembro, de Prote\u00e7\u00e3o de Dados Pessoais e de Garantia de Direitos Digitais (LOPD GDD). Cumpre tamb\u00e9m com o Regulamento (UE) 2016\/679 do Parlamento Europeu e do Conselho de 27 de abril de 2016 relativo \u00e0 prote\u00e7\u00e3o das pessoas singulares (RGPD).<\/p>\n\n<p>O uso do site Web implica a aceita\u00e7\u00e3o desta Pol\u00edtica de Privacidade assim como as condi\u00e7\u00f5es inclu\u00eddas no <a href=\"https:\/\/craftyminis.com\/aviso-legal\/\">Aviso Legal<\/a>.<\/p>\n\n<h2 class=\"wp-block-heading\">Identidade do Respons\u00e1vel<\/h2>\n\n<ul class=\"wp-block-list\">\n<li><strong>Respons\u00e1vel:<\/strong>\u00a0 Marc Garcia Gustems.<\/li>\n\n\n\n<li><strong>NIF:<\/strong>\u00a077318268L<\/li>\n\n\n\n<li><strong>Morada:<\/strong>\u00a0 Rua Gregal 2 Begues, Barcelona &#8211; Espanha.<\/li>\n\n\n\n<li><strong>Correio eletr\u00f3nico:<\/strong>\u00a0 hola@craftyminis.com<\/li>\n\n\n\n<li><strong>Website:<\/strong>  <a href=\"https:\/\/craftyminis.com\/pt-pt\/politica-de-privacidade\/\">https:\/\/craftyminis.com<\/a><\/li>\n<\/ul>\n\n<figure class=\"wp-block-image size-large is-resized\"><img decoding=\"async\" src=\"https:\/\/craftyminis.com\/wp-content\/uploads\/2024\/07\/CONBANDERA_KITDIGITAL2-1400x71.png\" alt=\"\" class=\"wp-image-4430\" style=\"width:800px\"\/><figcaption class=\"wp-element-caption\">Financiado pela Uni\u00e3o Europeia \u2013 NextGenerationUE<\/figcaption><\/figure>\n\n<h2 class=\"wp-block-heading\">Princ\u00edpios aplicados no tratamento de dados<\/h2>\n\n<p>No tratamento dos seus dados pessoais, o Titular aplicar\u00e1 os seguintes princ\u00edpios que se ajustam \u00e0s exig\u00eancias do novo regulamento europeu de prote\u00e7\u00e3o de dados (RGPD):<\/p>\n\n<ul class=\"wp-block-list\">\n<li>Princ\u00edpio de licitude, lealdade e transpar\u00eancia: O Titular requerer\u00e1 sempre o consentimento para o tratamento dos dados pessoais que pode ser para um ou v\u00e1rios fins espec\u00edficos sobre os quais o Titular informar\u00e1 o Utilizador previamente com absoluta transpar\u00eancia.<\/li>\n\n\n\n<li>Princ\u00edpio da minimiza\u00e7\u00e3o de dados: O Titular solicitar\u00e1 apenas os dados estritamente necess\u00e1rios para o fim ou fins para os quais os solicita.<\/li>\n\n\n\n<li>Princ\u00edpio de limita\u00e7\u00e3o do prazo de conserva\u00e7\u00e3o: O Titular manter\u00e1 os dados pessoais recolhidos durante o tempo estritamente necess\u00e1rio para a finalidade ou finalidades do tratamento. O Titular informar\u00e1 o Utilizador do prazo de conserva\u00e7\u00e3o correspondente conforme a finalidade.<br\/>No caso de subscri\u00e7\u00f5es, o Titular rever\u00e1 periodicamente as listas e eliminar\u00e1 aqueles registos inativos durante um per\u00edodo consider\u00e1vel.<\/li>\n\n\n\n<li>Princ\u00edpio de integridade e confidencialidade: Os dados pessoais recolhidos ser\u00e3o tratados de forma a garantir a sua seguran\u00e7a, confidencialidade e integridade.<br\/>O Titular toma as precau\u00e7\u00f5es necess\u00e1rias para evitar o acesso n\u00e3o autorizado ou uso indevido dos dados dos seus utilizadores por parte de terceiros.<\/li>\n<\/ul>\n\n<h2 class=\"wp-block-heading\">Obten\u00e7\u00e3o de dados pessoais<\/h2>\n\n<p>Para navegar pelo site Web n\u00e3o \u00e9 necess\u00e1rio que forne\u00e7a quaisquer dados pessoais.<\/p>\n\n<p>Os casos em que voc\u00ea fornece os seus dados pessoais s\u00e3o os seguintes:<\/p>\n\n<ul class=\"wp-block-list\">\n<li>Ao contactar atrav\u00e9s dos formul\u00e1rios de contacto ou enviar um correio eletr\u00f3nico.<\/li>\n\n\n\n<li>Ao comprar um produto ou contratar um servi\u00e7o.<\/li>\n\n\n\n<li>Ao inscrever-se num formul\u00e1rio de subscri\u00e7\u00e3o ou num boletim informativo que o Titular gere com MailChimp.<\/li>\n<\/ul>\n\n<h2 class=\"wp-block-heading\">Direitos<\/h2>\n\n<p>O Titular informa-lhe que sobre os seus dados pessoais tem direito a:<\/p>\n\n<ul class=\"wp-block-list\">\n<li>Solicitar o acesso aos dados armazenados.<\/li>\n\n\n\n<li>Solicitar uma retifica\u00e7\u00e3o ou a supress\u00e3o.<\/li>\n\n\n\n<li>Solicitar a limita\u00e7\u00e3o do seu tratamento.<\/li>\n\n\n\n<li>Opor-se ao tratamento.<\/li>\n<\/ul>\n\n<p>N\u00e3o pode exercer o direito \u00e0 portabilidade dos dados.<\/p>\n\n<p>O exerc\u00edcio destes direitos \u00e9 pessoal e, portanto, deve ser exercido diretamente pelo interessado, solicitando-o diretamente ao Titular, o que significa que qualquer cliente, subscritor ou colaborador que tenha fornecido os seus dados em algum momento, pode dirigir-se ao Titular e pedir informa\u00e7\u00f5es sobre os dados que tem armazenados e como os obteve, solicitar a retifica\u00e7\u00e3o dos mesmos, opor-se ao tratamento, limitar o seu uso ou solicitar a supress\u00e3o desses dados nos ficheiros do Titular.<\/p>\n\n<p>Para exercer os seus direitos tem de enviar o seu pedido juntamente com uma fotoc\u00f3pia do Documento Nacional de Identidade ou equivalente para o endere\u00e7o de correio eletr\u00f3nico: hola@craftyminis.com<\/p>\n\n<p>O exerc\u00edcio destes direitos n\u00e3o inclui quaisquer dados que o Titular esteja obrigado a conservar para fins administrativos, legais ou de seguran\u00e7a.<\/p>\n\n<p>Tem direito \u00e0 tutela judicial efetiva e a apresentar uma reclama\u00e7\u00e3o junto da autoridade de controlo, neste caso, a Ag\u00eancia Espanhola de Prote\u00e7\u00e3o de Dados, se considerar que o tratamento de dados pessoais que lhe dizem respeito infringe o Regulamento.<\/p>\n\n<h2 class=\"wp-block-heading\" id=\"finalidad-del-tratamiento-de-datos-personales\">Finalidade do tratamento de dados pessoais<\/h2>\n\n<p>Quando se liga ao Site para enviar um correio ao Titular, subscreve a sua newsletter ou contrata um produto ou servi\u00e7o, est\u00e1 a fornecer informa\u00e7\u00f5es de car\u00e1cter pessoal das quais o respons\u00e1vel \u00e9 o Titular. Estas informa\u00e7\u00f5es podem incluir dados de car\u00e1cter pessoal como o seu endere\u00e7o IP, nome e apelidos, morada f\u00edsica, endere\u00e7o de correio eletr\u00f3nico, n\u00famero de telefone, e outras informa\u00e7\u00f5es. Ao fornecer estas informa\u00e7\u00f5es, d\u00e1 o seu consentimento para que as suas informa\u00e7\u00f5es sejam recolhidas, utilizadas, geridas e armazenadas pela \u2014 IONOS \u2014 apenas conforme descrito nas p\u00e1ginas:<\/p>\n\n<ul class=\"wp-block-list\">\n<li><a href=\"https:\/\/craftyminis.com\/aviso-legal\/\">Aviso Legal<\/a><\/li>\n\n\n\n<li><a href=\"https:\/\/craftyminis.com\/pt-pt\/politica-de-privacidade\/\">Pol\u00edtica de Privacidade<\/a><\/li>\n<\/ul>\n\n<p>Os dados pessoais e a finalidade do tratamento por parte do Titular s\u00e3o diferentes consoante o sistema de captura de informa\u00e7\u00e3o:<\/p>\n\n<ul class=\"wp-block-list\">\n<li>Formul\u00e1rios de contacto: O Titular solicita dados pessoais entre os quais podem estar: nome e apelidos, endere\u00e7o de correio eletr\u00f3nico, n\u00famero de telefone e endere\u00e7o de site web com a finalidade de responder \u00e0s consultas dos Utilizadores, oferecer informa\u00e7\u00e3o e demonstra\u00e7\u00f5es dos produtos e servi\u00e7os do Titular, incluindo or\u00e7amentos.<br\/>Por exemplo, o Titular utiliza esses dados para dar resposta a mensagens, d\u00favidas, queixas, coment\u00e1rios ou inquieta\u00e7\u00f5es que os Utilizadores possam ter relativas \u00e0 informa\u00e7\u00e3o inclu\u00edda no site Web, aos produtos e servi\u00e7os prestados atrav\u00e9s do site Web, ao tratamento dos dados pessoais, quest\u00f5es referentes aos textos legais inclu\u00eddos no Site Web, bem como qualquer outra consulta que o Utilizador possa ter e que n\u00e3o esteja sujeita \u00e0s condi\u00e7\u00f5es do site Web ou \u00e0s condi\u00e7\u00f5es de contrata\u00e7\u00e3o.<\/li>\n\n\n\n<li>Formul\u00e1rios de contrata\u00e7\u00e3o de produtos ou servi\u00e7os: O Titular solicita dados pessoais entre os quais podem estar: nome e apelidos, documento de identidade (n\u00famero de identifica\u00e7\u00e3o fiscal, n\u00famero de identifica\u00e7\u00e3o de estrangeiro, passaporte ou autoriza\u00e7\u00e3o de resid\u00eancia), endere\u00e7o de correio eletr\u00f3nico, morada postal, n\u00famero de telefone e dados de pagamento (m\u00e9todos de pagamento ou dados banc\u00e1rios) com a finalidade de manter uma rela\u00e7\u00e3o comercial com o Utilizador, realizar o envio das encomendas, prestar os servi\u00e7os contratados e para realizar a fatura\u00e7\u00e3o e a cobran\u00e7a dos produtos ou servi\u00e7os contratados.<\/li>\n\n\n\n<li>Formul\u00e1rios de subscri\u00e7\u00e3o de conte\u00fados: O Titular solicita os seguintes dados pessoais: nome e apelidos, endere\u00e7o de correio eletr\u00f3nico, n\u00famero de telefone e endere\u00e7o de um s\u00edtio web para gerir a lista de subscri\u00e7\u00f5es, enviar boletins, promo\u00e7\u00f5es e ofertas especiais. Os dados pessoais fornecidos ao Titular estar\u00e3o localizados nos servidores da The Rocket Science Group LLC d\/b\/a, com sede nos EUA. (Mailchimp).<\/li>\n<\/ul>\n\n<p>Existem outras finalidades para as quais o Titular trata dados pessoais:<\/p>\n\n<ul class=\"wp-block-list\">\n<li>Para garantir o cumprimento das condi\u00e7\u00f5es recolhidas na p\u00e1gina de Aviso Legal e da lei aplic\u00e1vel. Isto pode incluir o desenvolvimento de ferramentas e algoritmos que ajudem o Site Web a garantir a confidencialidade dos dados pessoais que recolhe.<\/li>\n\n\n\n<li>Para apoiar e melhorar os servi\u00e7os que este Site Web oferece.<\/li>\n\n\n\n<li>Para gerir as redes sociais. O Titular tem presen\u00e7a nas redes sociais. Se voc\u00ea se tornar seguidor nas redes sociais do Titular, o tratamento dos dados pessoais ser\u00e1 regido por esta sec\u00e7\u00e3o, bem como pelas condi\u00e7\u00f5es de uso, pol\u00edticas de privacidade e regulamentos de acesso que perten\u00e7am \u00e0 rede social aplic\u00e1vel em cada caso e que tenha aceite previamente.<br\/>Pode consultar as pol\u00edticas de privacidade das principais redes sociais nestes links:<ul><li><a href=\"https:\/\/www.facebook.com\/help\/cookies\" rel=\"noreferrer noopener\" target=\"_blank\">Facebook<\/a><\/li><li><a href=\"https:\/\/twitter.com\/privacy\" rel=\"noreferrer noopener\" target=\"_blank\">Twitter<\/a><\/li><li><a href=\"https:\/\/www.linkedin.com\/legal\/cookie-policy\" rel=\"noreferrer noopener\" target=\"_blank\">Linkedin<\/a><\/li><li><a href=\"https:\/\/www.youtube.com\/privacy\" rel=\"noreferrer noopener\" target=\"_blank\">YouTube<\/a><\/li><li><a href=\"https:\/\/www.instagram.com\/legal\/privacy\/\" rel=\"noreferrer noopener\" target=\"_blank\">Instagram<\/a><\/li><\/ul>O Titular tratar\u00e1 os seus dados pessoais com a finalidade de administrar corretamente a sua presen\u00e7a na rede social, inform\u00e1-lo das suas atividades, produtos ou servi\u00e7os, bem como para qualquer outra finalidade que as normas das redes sociais permitam. Em nenhum caso o Titular utilizar\u00e1 os perfis de seguidores nas redes sociais para enviar publicidade de forma individual.<\/li>\n<\/ul>\n\n<h2 class=\"wp-block-heading\">Seguran\u00e7a dos dados pessoais<\/h2>\n\n<p>Para proteger os seus dados pessoais, o Titular toma todas as precau\u00e7\u00f5es razo\u00e1veis e segue as melhores pr\u00e1ticas da ind\u00fastria para evitar a sua perda, uso indevido, acesso n\u00e3o autorizado, divulga\u00e7\u00e3o, altera\u00e7\u00e3o ou destrui\u00e7\u00e3o dos mesmos.<\/p>\n\n<p>O site Web est\u00e1 alojado em: IONOS. A seguran\u00e7a dos dados est\u00e1 garantida, pois tomam todas as medidas de seguran\u00e7a necess\u00e1rias para tal. Pode consultar a sua pol\u00edtica de privacidade para obter mais informa\u00e7\u00f5es.<\/p>\n\n<p>O Titular informa o Utilizador de que os seus dados pessoais n\u00e3o ser\u00e3o cedidos a terceiros, salvo se essa cess\u00e3o de dados estiver amparada por uma obriga\u00e7\u00e3o legal ou quando a presta\u00e7\u00e3o de um servi\u00e7o implique a necessidade de uma rela\u00e7\u00e3o contratual com um respons\u00e1vel pelo tratamento. Neste \u00faltimo caso, a cess\u00e3o de dados ao terceiro s\u00f3 ser\u00e1 efetuada quando o Titular dispuser do consentimento expresso do Utilizador.<\/p>\n\n<p>No entanto, em alguns casos podem ser realizadas colabora\u00e7\u00f5es com outros profissionais, nesses casos, ser\u00e1 necess\u00e1rio o consentimento do Utilizador informando sobre a identidade do colaborador e a finalidade da colabora\u00e7\u00e3o. Ser\u00e1 sempre realizado com os mais rigorosos padr\u00f5es de seguran\u00e7a.<\/p>\n\n<h2 class=\"wp-block-heading\">Conte\u00fado de outros sites web<\/h2>\n\n<p>As p\u00e1ginas deste site podem incluir conte\u00fado incorporado (por exemplo, v\u00eddeos, imagens, artigos, etc.). O conte\u00fado incorporado de outros sites comporta-se exatamente da mesma forma como se tivesse visitado o outro site.<\/p>\n\n<p>Estes sites Web podem recolher dados sobre si, utilizar cookies, incorporar um c\u00f3digo de rastreio adicional de terceiros, e monitorizar a sua intera\u00e7\u00e3o usando este c\u00f3digo.<\/p>\n\n<h2 class=\"wp-block-heading\">Pol\u00edtica de Cookies<\/h2>\n\n<p>Para que este site Web funcione corretamente necessita utilizar cookies, que \u00e9 uma informa\u00e7\u00e3o que se armazena no seu navegador web.<\/p>\n\n<h2 class=\"wp-block-heading\">Legitima\u00e7\u00e3o para o tratamento de dados<\/h2>\n\n<p>A base legal para o tratamento dos seus dados \u00e9:<\/p>\n\n<ul class=\"wp-block-list\">\n<li>O consentimento do interessado.<\/li>\n\n\n\n<li>Execu\u00e7\u00e3o do contrato ou a aplica\u00e7\u00e3o de medidas pr\u00e9-contratuais com o interessado, com o fim de lhe fornecer um produto ou servi\u00e7o adquirido ao Titular.<\/li>\n\n\n\n<li>Para cumprir as obriga\u00e7\u00f5es legais.<\/li>\n<\/ul>\n\n<h2 class=\"wp-block-heading\">Categorias de dados pessoais<\/h2>\n\n<p>As categorias de dados pessoais que o Titular trata s\u00e3o:<\/p>\n\n<ul class=\"wp-block-list\">\n<li>Dados identificativos.<\/li>\n\n\n\n<li>N\u00e3o s\u00e3o tratados dados de categorias especialmente protegidas.<\/li>\n<\/ul>\n\n<h2 class=\"wp-block-heading\">Conserva\u00e7\u00e3o de dados pessoais<\/h2>\n\n<p>Os dados pessoais fornecidos ao Titular ser\u00e3o conservados at\u00e9 que solicite a sua elimina\u00e7\u00e3o.<\/p>\n\n<h2 class=\"wp-block-heading\">Destinat\u00e1rios de dados pessoais<\/h2>\n\n<ul class=\"wp-block-list\">\n<li><strong>Mailchimp<\/strong>\u00a0The Rocket Science Group LLC d\/b\/a , com sede nos EUA.<br\/>Mais informa\u00e7\u00f5es em:\u00a0<a href=\"https:\/\/mailchimp.com\/legal\/privacy\/\" rel=\"noreferrer noopener\" target=\"_blank\">https:\/\/mailchimp.com<\/a><br\/>The Rocket Science Group LLC d\/b\/a trata os dados com a finalidade de prestar os seus servi\u00e7os de email marketing ao Titular.<\/li>\n\n\n\n<li><strong>Google Analytics<\/strong> \u00e9 um servi\u00e7o de an\u00e1lise web prestado pela Google, Inc., uma empresa de Delaware cuja sede principal est\u00e1 em 1600 Amphitheatre Parkway, Mountain View (Calif\u00f3rnia), CA 94043, Estados Unidos (&#8220;Google&#8221;).<br\/>Google Analytics utiliza &#8220;cookies&#8221;, que s\u00e3o ficheiros de texto localizados no teu computador, para ajudar o Titular a analisar a utiliza\u00e7\u00e3o que os Utilizadores fazem do s\u00edtio Web. A informa\u00e7\u00e3o gerada pelo cookie acerca da utiliza\u00e7\u00e3o do s\u00edtio Web (incluindo o endere\u00e7o IP) ser\u00e1 diretamente transmitida e arquivada pela Google nos servidores dos Estados Unidos.<br\/>Mais informa\u00e7\u00f5es em: <a href=\"https:\/\/policies.google.com\/privacy?hl=es-ES\" rel=\"noreferrer noopener\" target=\"_blank\">https:\/\/analytics.google.com<\/a><\/li>\n\n\n\n<li><strong>Google AdSense<\/strong> \u00e9 um conjunto de servi\u00e7os publicit\u00e1rios fornecido pela Google, Inc., uma empresa de Delaware cuja sede principal est\u00e1 em 1600 Amphitheatre Parkway, Mountain View (Calif\u00f3rnia), CA 94043, Estados Unidos (&#8220;Google&#8221;).<br\/>O AdSense utiliza cookies para melhorar a publicidade, segment\u00e1-la de acordo com o conte\u00fado relevante para os utilizadores e melhorar os relat\u00f3rios de desempenho das campanhas.<br\/>Mais informa\u00e7\u00f5es em: <a href=\"https:\/\/policies.google.com\/privacy?hl=es-ES\" rel=\"noreferrer noopener\" target=\"_blank\">https:\/\/www.google.com\/adsense<\/a><\/li>\n<\/ul>\n\n<p>Pode consultar como o Google gere a privacidade no que respeita ao uso de cookies e outras informa\u00e7\u00f5es na p\u00e1gina de Pol\u00edtica de privacidade do Google: <a target=\"_blank\" href=\"https:\/\/policies.google.com\/privacy?hl=es\" rel=\"noreferrer noopener\">https:\/\/policies.google.com\/privacy?hl=es<\/a><\/p>\n\n<p>Tamb\u00e9m pode ver uma lista dos tipos de cookies que o Google e os seus colaboradores utilizam e toda a informa\u00e7\u00e3o relativa ao uso que fazem das cookies publicit\u00e1rias em:<\/p>\n\n<ul class=\"wp-block-list\">\n<li><a target=\"_blank\" href=\"https:\/\/policies.google.com\/technologies\/types?hl=es\" rel=\"noreferrer noopener\">Tipos de cookies que utiliza o Google<\/a><\/li>\n\n\n\n<li><a target=\"_blank\" rel=\"noreferrer noopener\" href=\"https:\/\/policies.google.com\/technologies\/ads?hl=es\">Como o Google utiliza cookies na publicidade<\/a>.<\/li>\n<\/ul>\n\n<h2 class=\"wp-block-heading\">Navega\u00e7\u00e3o Web<\/h2>\n\n<p>Ao navegar pelo Site podem ser recolhidos dados n\u00e3o identificativos, que podem incluir, o endere\u00e7o IP, geolocaliza\u00e7\u00e3o, um registo de como os servi\u00e7os e sites s\u00e3o utilizados, h\u00e1bitos de navega\u00e7\u00e3o e outros dados que n\u00e3o podem ser usados para o identificar.<\/p>\n\n<p>O site utiliza os seguintes servi\u00e7os de an\u00e1lise de terceiros:<\/p>\n\n<ul class=\"wp-block-list\">\n<li>Google Analytics.<\/li>\n\n\n\n<li>Google AdSense.<\/li>\n<\/ul>\n\n<p>O Titular utiliza a informa\u00e7\u00e3o obtida para obter dados estat\u00edsticos, analisar tend\u00eancias, administrar o site, estudar padr\u00f5es de navega\u00e7\u00e3o e para recolher informa\u00e7\u00e3o demogr\u00e1fica.<\/p>\n\n<p>O Titular n\u00e3o se responsabiliza pelo tratamento dos dados pessoais efetuado pelas p\u00e1ginas web \u00e0s quais possa aceder atrav\u00e9s dos diferentes links que cont\u00e9m o S\u00edtio Web.<\/p>\n\n<h2 class=\"wp-block-heading\">Exatid\u00e3o e veracidade dos dados pessoais<\/h2>\n\n<p>Voc\u00ea compromete-se a que os dados fornecidos ao Titular sejam corretos, completos, exatos e atuais, bem como a mant\u00ea-los devidamente atualizados.<\/p>\n\n<p>Como Utilizador do Site \u00e9 o \u00fanico respons\u00e1vel pela veracidade e corre\u00e7\u00e3o dos dados enviados ao Site, isentando o Titular de qualquer responsabilidade a esse respeito.<\/p>\n\n<h2 class=\"wp-block-heading\">Aceita\u00e7\u00e3o e consentimento<\/h2>\n\n<p>Como Utilizador do Site declara ter sido informado das condi\u00e7\u00f5es sobre prote\u00e7\u00e3o de dados de car\u00e1cter pessoal, aceita e consente o tratamento dos mesmos por parte do Titular na forma e para as finalidades indicadas nesta Pol\u00edtica de Privacidade.<\/p>\n\n<p>Para contactar com o Titular, subscrever um boletim ou fazer coment\u00e1rios neste site Web tem de aceitar a presente Pol\u00edtica de Privacidade.<\/p>\n\n<h2 class=\"wp-block-heading\">Altera\u00e7\u00f5es na Pol\u00edtica de Privacidade<\/h2>\n\n<p>O Titular reserva-se o direito de modificar a presente Pol\u00edtica de Privacidade para a adaptar a novidades legislativas ou jurisprudenciais, bem como a pr\u00e1ticas da ind\u00fastria.<\/p>\n\n<p>Estas pol\u00edticas estar\u00e3o vigentes at\u00e9 serem modificadas por outras devidamente publicadas.<\/p>\n\n<div style=\"height:30px\" aria-hidden=\"true\" class=\"wp-block-spacer uag-hide-desktop uag-hide-tab\"><\/div>\n","protected":false},"excerpt":{"rendered":"<p>O Titular informa-o sobre a sua Pol\u00edtica de Privacidade relativamente ao tratamento e prote\u00e7\u00e3o dos dados pessoais dos utilizadores e [&hellip;]<\/p>\n","protected":false},"author":1,"featured_media":0,"parent":0,"menu_order":-1,"comment_status":"closed","ping_status":"closed","template":"","meta":{"site-sidebar-layout":"default","site-content-layout":"","ast-site-content-layout":"default","site-content-style":"default","site-sidebar-style":"default","ast-global-header-display":"","ast-banner-title-visibility":"","ast-main-header-display":"","ast-hfb-above-header-display":"","ast-hfb-below-header-display":"","ast-hfb-mobile-header-display":"","site-post-title":"","ast-breadcrumbs-content":"","ast-featured-img":"","footer-sml-layout":"","ast-disable-related-posts":"","theme-transparent-header-meta":"","adv-header-id-meta":"","stick-header-meta":"","header-above-stick-meta":"","header-main-stick-meta":"","header-below-stick-meta":"","astra-migrate-meta-layouts":"default","ast-page-background-enabled":"default","ast-page-background-meta":{"desktop":{"background-color":"var(--ast-global-color-4)","background-image":"","background-repeat":"repeat","background-position":"center center","background-size":"auto","background-attachment":"scroll","background-type":"","background-media":"","overlay-type":"","overlay-color":"","overlay-opacity":"","overlay-gradient":""},"tablet":{"background-color":"","background-image":"","background-repeat":"repeat","background-position":"center center","background-size":"auto","background-attachment":"scroll","background-type":"","background-media":"","overlay-type":"","overlay-color":"","overlay-opacity":"","overlay-gradient":""},"mobile":{"background-color":"","background-image":"","background-repeat":"repeat","background-position":"center center","background-size":"auto","background-attachment":"scroll","background-type":"","background-media":"","overlay-type":"","overlay-color":"","overlay-opacity":"","overlay-gradient":""}},"ast-content-background-meta":{"desktop":{"background-color":"var(--ast-global-color-5)","background-image":"","background-repeat":"repeat","background-position":"center center","background-size":"auto","background-attachment":"scroll","background-type":"","background-media":"","overlay-type":"","overlay-color":"","overlay-opacity":"","overlay-gradient":""},"tablet":{"background-color":"var(--ast-global-color-5)","background-image":"","background-repeat":"repeat","background-position":"center center","background-size":"auto","background-attachment":"scroll","background-type":"","background-media":"","overlay-type":"","overlay-color":"","overlay-opacity":"","overlay-gradient":""},"mobile":{"background-color":"var(--ast-global-color-5)","background-image":"","background-repeat":"repeat","background-position":"center center","background-size":"auto","background-attachment":"scroll","background-type":"","background-media":"","overlay-type":"","overlay-color":"","overlay-opacity":"","overlay-gradient":""}},"footnotes":""},"class_list":["post-26454","page","type-page","status-publish","hentry"],"_links":{"self":[{"href":"https:\/\/craftyminis.com\/pt-pt\/wp-json\/wp\/v2\/pages\/26454","targetHints":{"allow":["GET"]}}],"collection":[{"href":"https:\/\/craftyminis.com\/pt-pt\/wp-json\/wp\/v2\/pages"}],"about":[{"href":"https:\/\/craftyminis.com\/pt-pt\/wp-json\/wp\/v2\/types\/page"}],"author":[{"embeddable":true,"href":"https:\/\/craftyminis.com\/pt-pt\/wp-json\/wp\/v2\/users\/1"}],"replies":[{"embeddable":true,"href":"https:\/\/craftyminis.com\/pt-pt\/wp-json\/wp\/v2\/comments?post=26454"}],"version-history":[{"count":1,"href":"https:\/\/craftyminis.com\/pt-pt\/wp-json\/wp\/v2\/pages\/26454\/revisions"}],"predecessor-version":[{"id":26455,"href":"https:\/\/craftyminis.com\/pt-pt\/wp-json\/wp\/v2\/pages\/26454\/revisions\/26455"}],"wp:attachment":[{"href":"https:\/\/craftyminis.com\/pt-pt\/wp-json\/wp\/v2\/media?parent=26454"}],"curies":[{"name":"wp","href":"https:\/\/api.w.org\/{rel}","templated":true}]}}