{"id":17727,"date":"2025-01-06T13:04:32","date_gmt":"2025-01-06T12:04:32","guid":{"rendered":"https:\/\/craftyminis.com\/niet-gecategoriseerd\/m1a2-abrams-tamiya-148\/"},"modified":"2025-01-06T13:04:32","modified_gmt":"2025-01-06T12:04:32","slug":"m1a2-abrams-tamiya-148","status":"publish","type":"product","link":"https:\/\/craftyminis.com\/nl\/bouwpakketten\/m1a2-abrams-tamiya-148\/","title":{"rendered":"M1A2 Abrams &#8211; Tamiya 1:48"},"content":{"rendered":"<div class=\"flex max-w-full flex-col flex-grow\">\n<div class=\"min-h-8 text-message flex w-full flex-col items-end gap-2 whitespace-normal break-words text-start [.text-message+&amp;]:mt-5\" dir=\"auto\" data-message-author-role=\"assistant\" data-message-id=\"2d9e0ff9-65a3-4043-b742-fa8fbde119b9\" data-message-model-slug=\"gpt-4o\">\n<div class=\"flex w-full flex-col gap-1 empty:hidden first:pt-[3px]\">\n<div class=\"markdown prose w-full break-words dark:prose-invert light\">\n<div class=\"flex max-w-full flex-col flex-grow\">\n<div class=\"min-h-8 text-message flex w-full flex-col items-end gap-2 whitespace-normal break-words text-start [.text-message+&amp;]:mt-5\" dir=\"auto\" data-message-author-role=\"assistant\" data-message-id=\"23ac4595-bea1-4700-b3fb-d40dbaa5a21f\" data-message-model-slug=\"gpt-4o\">\n<div class=\"flex w-full flex-col gap-1 empty:hidden first:pt-[3px]\">\n<div class=\"markdown prose w-full break-words dark:prose-invert light\">\n<h3>1\/48 Schaalmodel: M1A2 Abrams Hoofdgevechtstank<\/h3>\n<p>De M1A2 Abrams is een toonbeeld van moderne militaire techniek, voortgekomen uit de M1 Abrams, die voor het eerst werd ge\u00efntroduceerd in 1980. Het ontwerp wordt gekenmerkt door vlakke oppervlakken, hoekige vormen en een krachtige gasturbinemotor. Gebouwd voor eenvoudige upgrades, heeft deze tank voortdurende verbeteringen ondergaan, waardoor hij aan de voorhoede van militaire technologie blijft.<\/p>\n<p>Ge\u00efntroduceerd in 1992, beschikt het M1A2-model over geavanceerde systemen zoals het CITV-thermisch vizier, een ge\u00efntegreerd navigatiesysteem en IVIS-communicatietools die de co\u00f6rdinatie tussen geallieerde voertuigen verbeteren. De eerste inzet in gevechten was in 2003 tijdens operaties in Irak, waarmee het zijn status als elite gevechtsvoertuig bevestigde.<\/p>\n<h3>Over het model<\/h3>\n<ul>\n<li><strong>Schaal:<\/strong> 1\/48<\/li>\n<li><strong>Afmetingen:<\/strong> Lengte: 205 mm, Breedte: 77 mm<\/li>\n<li><strong>Belangrijkste kenmerken:<\/strong>\n<ul>\n<li>Nauwkeurige weergave van het kenmerkende ontwerp van de Abrams en het 120 mm kanon.<\/li>\n<li>Antisliptextuur op de romp en toren.<\/li>\n<li>Eenvoudig te monteren rupsbanden met eendelige rechte secties.<\/li>\n<li>Realistisch commandant torsofiguur inbegrepen.<\/li>\n<li>Twee decalopties voor de Irakoorlog.<\/li>\n<li>Interne gewicht voor een authentieker gevoel.<\/li>\n<\/ul>\n<\/li>\n<\/ul>\n<p>Dit model is perfect voor hobbyisten die een van de meest geavanceerde tanks uit de moderne militaire geschiedenis getrouw willen namaken.<\/p>\n<\/div>\n<\/div>\n<\/div>\n<\/div>\n<\/div>\n<\/div>\n<\/div>\n<\/div>\n","protected":false},"excerpt":{"rendered":"<div class=\"flex max-w-full flex-col flex-grow\">\n<div class=\"min-h-8 text-message flex w-full flex-col items-end gap-2 whitespace-normal break-words text-start [.text-message+&amp;]:mt-5\" dir=\"auto\" data-message-author-role=\"assistant\" data-message-id=\"e327890b-e52b-428d-be6c-c7619ed41317\" data-message-model-slug=\"gpt-4o\">\n<div class=\"flex w-full flex-col gap-1 empty:hidden first:pt-[3px]\">\n<div class=\"markdown prose w-full break-words dark:prose-invert light\">\n<div class=\"flex max-w-full flex-col flex-grow\">\n<div class=\"min-h-8 text-message flex w-full flex-col items-end gap-2 whitespace-normal break-words text-start [.text-message+&amp;]:mt-5\" dir=\"auto\" data-message-author-role=\"assistant\" data-message-id=\"bf2e8976-46ca-41b5-86c3-80d6c99be9d7\" data-message-model-slug=\"gpt-4o\">\n<div class=\"flex w-full flex-col gap-1 empty:hidden first:pt-[3px]\">\n<div class=\"markdown prose w-full break-words dark:prose-invert light\">\n<div class=\"flex max-w-full flex-col flex-grow\">\n<div class=\"min-h-8 text-message flex w-full flex-col items-end gap-2 whitespace-normal break-words text-start [.text-message+&amp;]:mt-5\" dir=\"auto\" data-message-author-role=\"assistant\" data-message-id=\"1dbfcc70-0af1-4e21-9d7f-3fabab6c69fb\" data-message-model-slug=\"gpt-4o\">\n<div class=\"flex w-full flex-col gap-1 empty:hidden first:pt-[3px]\">\n<div class=\"markdown prose w-full break-words dark:prose-invert light\">\n<p>Getrouw de iconische M1A2 Abrams tank recre\u00ebren, bekend om zijn geavanceerde technologie en rol in de Irakoorlog. Voorzien van realistische details zoals antisliptexturen, een commandantfiguur en decals voor twee versies. Perfect voor veeleisende modelbouwers.<\/p>\n<\/div>\n<\/div>\n<\/div>\n<\/div>\n<\/div>\n<\/div>\n<\/div>\n<\/div>\n<\/div>\n<\/div>\n<\/div>\n<\/div>\n<p>[paints_data]<\/p>\n","protected":false},"featured_media":17728,"comment_status":"open","ping_status":"closed","template":"","meta":{"site-sidebar-layout":"default","site-content-layout":"","ast-site-content-layout":"default","site-content-style":"default","site-sidebar-style":"default","ast-global-header-display":"","ast-banner-title-visibility":"","ast-main-header-display":"","ast-hfb-above-header-display":"","ast-hfb-below-header-display":"","ast-hfb-mobile-header-display":"","site-post-title":"","ast-breadcrumbs-content":"","ast-featured-img":"","footer-sml-layout":"","ast-disable-related-posts":"","theme-transparent-header-meta":"default","adv-header-id-meta":"","stick-header-meta":"default","header-above-stick-meta":"","header-main-stick-meta":"","header-below-stick-meta":"","astra-migrate-meta-layouts":"default","ast-page-background-enabled":"default","ast-page-background-meta":{"desktop":{"background-color":"var(--ast-global-color-4)","background-image":"","background-repeat":"repeat","background-position":"center center","background-size":"auto","background-attachment":"scroll","background-type":"","background-media":"","overlay-type":"","overlay-color":"","overlay-opacity":"","overlay-gradient":""},"tablet":{"background-color":"","background-image":"","background-repeat":"repeat","background-position":"center center","background-size":"auto","background-attachment":"scroll","background-type":"","background-media":"","overlay-type":"","overlay-color":"","overlay-opacity":"","overlay-gradient":""},"mobile":{"background-color":"","background-image":"","background-repeat":"repeat","background-position":"center center","background-size":"auto","background-attachment":"scroll","background-type":"","background-media":"","overlay-type":"","overlay-color":"","overlay-opacity":"","overlay-gradient":""}},"ast-content-background-meta":{"desktop":{"background-color":"var(--ast-global-color-5)","background-image":"","background-repeat":"repeat","background-position":"center center","background-size":"auto","background-attachment":"scroll","background-type":"","background-media":"","overlay-type":"","overlay-color":"","overlay-opacity":"","overlay-gradient":""},"tablet":{"background-color":"var(--ast-global-color-5)","background-image":"","background-repeat":"repeat","background-position":"center center","background-size":"auto","background-attachment":"scroll","background-type":"","background-media":"","overlay-type":"","overlay-color":"","overlay-opacity":"","overlay-gradient":""},"mobile":{"background-color":"var(--ast-global-color-5)","background-image":"","background-repeat":"repeat","background-position":"center center","background-size":"auto","background-attachment":"scroll","background-type":"","background-media":"","overlay-type":"","overlay-color":"","overlay-opacity":"","overlay-gradient":""}}},"product_brand":[2233],"product_cat":[1740,1863,1868],"product_tag":[],"class_list":{"0":"post-17727","1":"product","2":"type-product","3":"status-publish","4":"has-post-thumbnail","6":"product_brand-tamiya","7":"product_cat-bouwpakketten","8":"product_cat-tanks","9":"product_cat-tanks-tamiya","10":"desktop-align-left","11":"tablet-align-left","12":"mobile-align-left","13":"ast-product-gallery-layout-first-image-large","14":"ast-magnify-disabled","15":"ast-product-tabs-layout-accordion","17":"first","18":"outofstock","19":"taxable","20":"shipping-taxable","21":"purchasable","22":"product-type-simple"},"_links":{"self":[{"href":"https:\/\/craftyminis.com\/nl\/wp-json\/wp\/v2\/product\/17727","targetHints":{"allow":["GET"]}}],"collection":[{"href":"https:\/\/craftyminis.com\/nl\/wp-json\/wp\/v2\/product"}],"about":[{"href":"https:\/\/craftyminis.com\/nl\/wp-json\/wp\/v2\/types\/product"}],"replies":[{"embeddable":true,"href":"https:\/\/craftyminis.com\/nl\/wp-json\/wp\/v2\/comments?post=17727"}],"wp:featuredmedia":[{"embeddable":true,"href":"https:\/\/craftyminis.com\/nl\/wp-json\/wp\/v2\/media\/17728"}],"wp:attachment":[{"href":"https:\/\/craftyminis.com\/nl\/wp-json\/wp\/v2\/media?parent=17727"}],"wp:term":[{"taxonomy":"product_brand","embeddable":true,"href":"https:\/\/craftyminis.com\/nl\/wp-json\/wp\/v2\/product_brand?post=17727"},{"taxonomy":"product_cat","embeddable":true,"href":"https:\/\/craftyminis.com\/nl\/wp-json\/wp\/v2\/product_cat?post=17727"},{"taxonomy":"product_tag","embeddable":true,"href":"https:\/\/craftyminis.com\/nl\/wp-json\/wp\/v2\/product_tag?post=17727"}],"curies":[{"name":"wp","href":"https:\/\/api.w.org\/{rel}","templated":true}]}}