{"id":26718,"date":"2024-12-04T14:05:13","date_gmt":"2024-12-04T13:05:13","guid":{"rendered":"https:\/\/craftyminis.com\/senza-categoria\/ts47-chrome-yellow\/"},"modified":"2024-12-04T14:05:13","modified_gmt":"2024-12-04T13:05:13","slug":"ts47-chrome-yellow","status":"publish","type":"product","link":"https:\/\/craftyminis.com\/it\/colori\/ts47-chrome-yellow\/","title":{"rendered":"TS47 Chrome Yellow"},"content":{"rendered":"<p>Dai ai tuoi modelli la finitura perfetta con <strong>Tamiya TS47 Chrome Yellow<\/strong> spray. Questa bomboletta da 100 ml, parte di <strong>Tamiya Color Spray Paints<\/strong>, \u00e8 ideale per coprire ampie superfici con facilit\u00e0 e precisione. La sua formula a base di vernice sintetica si asciuga rapidamente, permettendoti di lavorare in modo efficiente sui tuoi progetti di modellismo.<\/p>\n<p><strong>Caratteristiche principali:<\/strong><\/p>\n<ul>\n<li><strong>Copertura superiore:<\/strong> Una bomboletta \u00e8 sufficiente per verniciare completamente due o tre carrozzerie di auto in scala 1\/24.<\/li>\n<li><strong>Massima versatilit\u00e0:<\/strong> Compatibile con vernici acriliche e smalti, permettendoti di aggiungere dettagli dopo l&#8217;applicazione del colore di base.<\/li>\n<li><strong>Facile da usare:<\/strong> Semplifica e migliora la finitura dei tuoi modelli in plastica.<\/li>\n<\/ul>\n<p>Il colore <strong>Chrome Yellow (TS47)<\/strong> \u00e8 perfetto per creare tonalit\u00e0 realistiche su veicoli, aeromobili o qualsiasi modello che richieda una finitura verde scuro elegante e professionale.<\/p>\n<p><strong>Perch\u00e9 scegliere Tamiya?<\/strong><\/p>\n<p>Tamiya \u00e8 un leader mondiale nel settore del modellismo, offrendo prodotti di alta qualit\u00e0 che garantiscono risultati impeccabili. Questa vernice spray \u00e8 progettata per soddisfare le esigenze sia dei principianti che dei modellisti esperti.<\/p>\n<p><strong>Fai risaltare i tuoi modelli con Tamiya TS47 Chrome Yellow!<\/strong><\/p>\n<p><em>Nota: Usa sempre la bomboletta spray in un&#8217;area ben ventilata e segui le istruzioni per l&#8217;uso fornite dal produttore.<\/em><\/p>\n","protected":false},"excerpt":{"rendered":"<p>Tamiya TS47 Chrome Yellow vernice spray (100ml) \u00e8 perfetta per il modellismo, offrendo una copertura uniforme, asciugatura rapida e compatibilit\u00e0 con vernici acriliche e smalti. Ideale per una finitura professionale sui tuoi modelli.<\/p>\n","protected":false},"featured_media":26719,"comment_status":"open","ping_status":"closed","template":"","meta":{"site-sidebar-layout":"default","site-content-layout":"","ast-site-content-layout":"default","site-content-style":"default","site-sidebar-style":"default","ast-global-header-display":"","ast-banner-title-visibility":"","ast-main-header-display":"","ast-hfb-above-header-display":"","ast-hfb-below-header-display":"","ast-hfb-mobile-header-display":"","site-post-title":"","ast-breadcrumbs-content":"","ast-featured-img":"","footer-sml-layout":"","ast-disable-related-posts":"","theme-transparent-header-meta":"default","adv-header-id-meta":"","stick-header-meta":"default","header-above-stick-meta":"","header-main-stick-meta":"","header-below-stick-meta":"","astra-migrate-meta-layouts":"default","ast-page-background-enabled":"default","ast-page-background-meta":{"desktop":{"background-color":"var(--ast-global-color-4)","background-image":"","background-repeat":"repeat","background-position":"center center","background-size":"auto","background-attachment":"scroll","background-type":"","background-media":"","overlay-type":"","overlay-color":"","overlay-opacity":"","overlay-gradient":""},"tablet":{"background-color":"","background-image":"","background-repeat":"repeat","background-position":"center center","background-size":"auto","background-attachment":"scroll","background-type":"","background-media":"","overlay-type":"","overlay-color":"","overlay-opacity":"","overlay-gradient":""},"mobile":{"background-color":"","background-image":"","background-repeat":"repeat","background-position":"center center","background-size":"auto","background-attachment":"scroll","background-type":"","background-media":"","overlay-type":"","overlay-color":"","overlay-opacity":"","overlay-gradient":""}},"ast-content-background-meta":{"desktop":{"background-color":"var(--ast-global-color-5)","background-image":"","background-repeat":"repeat","background-position":"center center","background-size":"auto","background-attachment":"scroll","background-type":"","background-media":"","overlay-type":"","overlay-color":"","overlay-opacity":"","overlay-gradient":""},"tablet":{"background-color":"var(--ast-global-color-5)","background-image":"","background-repeat":"repeat","background-position":"center center","background-size":"auto","background-attachment":"scroll","background-type":"","background-media":"","overlay-type":"","overlay-color":"","overlay-opacity":"","overlay-gradient":""},"mobile":{"background-color":"var(--ast-global-color-5)","background-image":"","background-repeat":"repeat","background-position":"center center","background-size":"auto","background-attachment":"scroll","background-type":"","background-media":"","overlay-type":"","overlay-color":"","overlay-opacity":"","overlay-gradient":""}}},"product_brand":[2235],"product_cat":[1950,2110,2085],"product_tag":[],"class_list":{"0":"post-26718","1":"product","2":"type-product","3":"status-publish","4":"has-post-thumbnail","6":"product_brand-tamiya","7":"product_cat-colori","8":"product_cat-colori-acrilici","9":"product_cat-ts-spray-paints-tamiya","10":"desktop-align-left","11":"tablet-align-left","12":"mobile-align-left","13":"ast-product-gallery-layout-first-image-large","14":"ast-product-gallery-with-no-image","15":"ast-magnify-disabled","16":"ast-product-tabs-layout-accordion","18":"first","19":"instock","20":"taxable","21":"shipping-taxable","22":"purchasable","23":"product-type-simple"},"_links":{"self":[{"href":"https:\/\/craftyminis.com\/it\/wp-json\/wp\/v2\/product\/26718","targetHints":{"allow":["GET"]}}],"collection":[{"href":"https:\/\/craftyminis.com\/it\/wp-json\/wp\/v2\/product"}],"about":[{"href":"https:\/\/craftyminis.com\/it\/wp-json\/wp\/v2\/types\/product"}],"replies":[{"embeddable":true,"href":"https:\/\/craftyminis.com\/it\/wp-json\/wp\/v2\/comments?post=26718"}],"wp:featuredmedia":[{"embeddable":true,"href":"https:\/\/craftyminis.com\/it\/wp-json\/wp\/v2\/media\/26719"}],"wp:attachment":[{"href":"https:\/\/craftyminis.com\/it\/wp-json\/wp\/v2\/media?parent=26718"}],"wp:term":[{"taxonomy":"product_brand","embeddable":true,"href":"https:\/\/craftyminis.com\/it\/wp-json\/wp\/v2\/product_brand?post=26718"},{"taxonomy":"product_cat","embeddable":true,"href":"https:\/\/craftyminis.com\/it\/wp-json\/wp\/v2\/product_cat?post=26718"},{"taxonomy":"product_tag","embeddable":true,"href":"https:\/\/craftyminis.com\/it\/wp-json\/wp\/v2\/product_tag?post=26718"}],"curies":[{"name":"wp","href":"https:\/\/api.w.org\/{rel}","templated":true}]}}