{"id":26189,"date":"2024-04-16T17:56:57","date_gmt":"2024-04-16T16:56:57","guid":{"rendered":"https:\/\/craftyminis.com\/senza-categoria\/medium-xpress-72448-game-color-vallejo\/"},"modified":"2024-04-16T17:56:57","modified_gmt":"2024-04-16T16:56:57","slug":"medium-xpress-72448-game-color-vallejo","status":"publish","type":"product","link":"https:\/\/craftyminis.com\/it\/colori\/medium-xpress-72448-game-color-vallejo\/","title":{"rendered":"Medium Xpress 72448 Game Color Vallejo"},"content":{"rendered":"<p><strong>Esplora le possibilit\u00e0 con Vallejo Xpress Color Medium Xpress<\/strong><\/p>\n<p>Espandi la tua tavolozza creativa con Xpress Medium, il compagno perfetto per la linea Xpress Color. Questo medium ti permette di mescolare i colori esistenti o diluirli per personalizzare tonalit\u00e0 ed effetti, offrendoti la libert\u00e0 di esplorare nuove possibilit\u00e0 artistiche nei tuoi progetti di pittura.<\/p>\n<p><strong>Presentazione ottimale:<\/strong><br \/>\nXpress Color, incluso Xpress Medium, \u00e8 disponibile in flaconi contagocce da 18 ml\/0,6 fl oz. Questo design intelligente minimizza l\u2019evaporazione e previene l\u2019essiccazione del colore, garantendo un uso efficiente e duraturo di ogni goccia.<\/p>\n<p>Aggiungi Vallejo Medium Xpress al tuo kit di pittura per diluire i colori Xpress.<\/p>\n","protected":false},"excerpt":{"rendered":"<p>Scopri <strong>Medium Xpress di Vallejo<\/strong>, un medium che ti permette di mescolare colori esistenti o diluirli per personalizzare tonalit\u00e0 ed effetti, offrendoti la libert\u00e0 di esplorare nuove possibilit\u00e0 artistiche nei tuoi progetti di pittura.<\/p>\n","protected":false},"featured_media":26190,"comment_status":"open","ping_status":"closed","template":"","meta":{"site-sidebar-layout":"default","site-content-layout":"","ast-site-content-layout":"default","site-content-style":"default","site-sidebar-style":"default","ast-global-header-display":"","ast-banner-title-visibility":"","ast-main-header-display":"","ast-hfb-above-header-display":"","ast-hfb-below-header-display":"","ast-hfb-mobile-header-display":"","site-post-title":"","ast-breadcrumbs-content":"","ast-featured-img":"","footer-sml-layout":"","ast-disable-related-posts":"","theme-transparent-header-meta":"default","adv-header-id-meta":"","stick-header-meta":"default","header-above-stick-meta":"","header-main-stick-meta":"","header-below-stick-meta":"","astra-migrate-meta-layouts":"default","ast-page-background-enabled":"default","ast-page-background-meta":{"desktop":{"background-color":"var(--ast-global-color-4)","background-image":"","background-repeat":"repeat","background-position":"center center","background-size":"auto","background-attachment":"scroll","background-type":"","background-media":"","overlay-type":"","overlay-color":"","overlay-opacity":"","overlay-gradient":""},"tablet":{"background-color":"","background-image":"","background-repeat":"repeat","background-position":"center center","background-size":"auto","background-attachment":"scroll","background-type":"","background-media":"","overlay-type":"","overlay-color":"","overlay-opacity":"","overlay-gradient":""},"mobile":{"background-color":"","background-image":"","background-repeat":"repeat","background-position":"center center","background-size":"auto","background-attachment":"scroll","background-type":"","background-media":"","overlay-type":"","overlay-color":"","overlay-opacity":"","overlay-gradient":""}},"ast-content-background-meta":{"desktop":{"background-color":"var(--ast-global-color-5)","background-image":"","background-repeat":"repeat","background-position":"center center","background-size":"auto","background-attachment":"scroll","background-type":"","background-media":"","overlay-type":"","overlay-color":"","overlay-opacity":"","overlay-gradient":""},"tablet":{"background-color":"var(--ast-global-color-5)","background-image":"","background-repeat":"repeat","background-position":"center center","background-size":"auto","background-attachment":"scroll","background-type":"","background-media":"","overlay-type":"","overlay-color":"","overlay-opacity":"","overlay-gradient":""},"mobile":{"background-color":"var(--ast-global-color-5)","background-image":"","background-repeat":"repeat","background-position":"center center","background-size":"auto","background-attachment":"scroll","background-type":"","background-media":"","overlay-type":"","overlay-color":"","overlay-opacity":"","overlay-gradient":""}}},"product_brand":[2243],"product_cat":[1950,2159,2155],"product_tag":[],"class_list":{"0":"post-26189","1":"product","2":"type-product","3":"status-publish","4":"has-post-thumbnail","6":"product_brand-vallejo","7":"product_cat-colori","8":"product_cat-auxiliary-products-vallejo","9":"product_cat-prodotti-ausiliari","10":"desktop-align-left","11":"tablet-align-left","12":"mobile-align-left","13":"ast-product-gallery-layout-first-image-large","14":"ast-product-gallery-with-no-image","15":"ast-magnify-disabled","16":"ast-product-tabs-layout-accordion","18":"first","19":"instock","20":"taxable","21":"shipping-taxable","22":"purchasable","23":"product-type-simple"},"_links":{"self":[{"href":"https:\/\/craftyminis.com\/it\/wp-json\/wp\/v2\/product\/26189","targetHints":{"allow":["GET"]}}],"collection":[{"href":"https:\/\/craftyminis.com\/it\/wp-json\/wp\/v2\/product"}],"about":[{"href":"https:\/\/craftyminis.com\/it\/wp-json\/wp\/v2\/types\/product"}],"replies":[{"embeddable":true,"href":"https:\/\/craftyminis.com\/it\/wp-json\/wp\/v2\/comments?post=26189"}],"wp:featuredmedia":[{"embeddable":true,"href":"https:\/\/craftyminis.com\/it\/wp-json\/wp\/v2\/media\/26190"}],"wp:attachment":[{"href":"https:\/\/craftyminis.com\/it\/wp-json\/wp\/v2\/media?parent=26189"}],"wp:term":[{"taxonomy":"product_brand","embeddable":true,"href":"https:\/\/craftyminis.com\/it\/wp-json\/wp\/v2\/product_brand?post=26189"},{"taxonomy":"product_cat","embeddable":true,"href":"https:\/\/craftyminis.com\/it\/wp-json\/wp\/v2\/product_cat?post=26189"},{"taxonomy":"product_tag","embeddable":true,"href":"https:\/\/craftyminis.com\/it\/wp-json\/wp\/v2\/product_tag?post=26189"}],"curies":[{"name":"wp","href":"https:\/\/api.w.org\/{rel}","templated":true}]}}