{"id":25517,"date":"2024-04-18T12:24:43","date_gmt":"2024-04-18T11:24:43","guid":{"rendered":"https:\/\/craftyminis.com\/senza-categoria\/vallejo-brown-splash-mud-effect-73805-weathering-fx\/"},"modified":"2024-04-18T12:24:43","modified_gmt":"2024-04-18T11:24:43","slug":"vallejo-brown-splash-mud-effect-73805-weathering-fx","status":"publish","type":"product","link":"https:\/\/craftyminis.com\/it\/colori\/vallejo-brown-splash-mud-effect-73805-weathering-fx\/","title":{"rendered":"Brown Splash Mud 73805 Weathering FX Vallejo"},"content":{"rendered":"<p>Esplora gli effetti realistici di Vallejo <strong>Brown Splash Mud<\/strong>. Weathering FX introduce la sua linea a base d&#8217;acqua di effetti ambientali, perfetta per modellisti che mirano a replicare autenticamente le condizioni naturali in modelli e diorami.<\/p>\n<p>Questo prodotto \u00e8 stato formulato con cura per creare effetti visivi sorprendenti come macchie di umidit\u00e0, muschio sul legno e fango sulle rocce, permettendoti di raccontare storie visive coinvolgenti sulla vita operativa di ogni elemento modellato. Applicalo direttamente su qualsiasi superficie per risultati rapidi ed efficaci. Il suo tempo di asciugatura rapido garantisce flessibilit\u00e0 e un flusso di lavoro ininterrotto.<\/p>\n<p><strong>Informazioni di sicurezza e confezionamento:<\/strong><br \/>\nWeathering FX \u00e8 non infiammabile e privo di solventi. \u00c8 disponibile in flaconi da 40 ml progettati per un&#8217;applicazione facile con sprechi minimi. La pulizia degli strumenti \u00e8 semplice con acqua, garantendo un&#8217;esperienza di modellismo sicura ed efficiente.<\/p>\n<p><strong>Raccomandazioni per l&#8217;uso:<\/strong><br \/>\n<strong>Brown Splash Mud<\/strong> presenta una tonalit\u00e0 scura, caratteristica delle aree ricche di argilla e fertili che trattengono l&#8217;umidit\u00e0 per lunghi periodi stagionali. Questa tonalit\u00e0 \u00e8 comunemente riscontrata nelle regioni mediterranee e nell&#8217;Europa occidentale. Applicalo su superfici non alcaline per replicare realisticamente l&#8217;aspetto pi\u00f9 tipico di questi terreni.<\/p>\n<p>Aggiungi Vallejo <strong>Brown Splash Mud<\/strong> al tuo kit di pittura e ricrea gli effetti dell&#8217;esposizione agli elementi e alla natura.<\/p>\n","protected":false},"excerpt":{"rendered":"<p>Scopri <strong>Brown Splash Mud<\/strong> di Vallejo, caratterizzato da una tonalit\u00e0 scura tipica delle aree ricche di argilla e fertili che trattengono l&#8217;umidit\u00e0 per lunghi periodi stagionali. Questa tonalit\u00e0 si trova comunemente nelle regioni mediterranee e nell&#8217;Europa occidentale. Applicala su superfici non alcaline per replicare realisticamente l&#8217;aspetto pi\u00f9 tipico di questi terreni.<\/p>\n","protected":false},"featured_media":25520,"comment_status":"open","ping_status":"closed","template":"","meta":{"site-sidebar-layout":"default","site-content-layout":"","ast-site-content-layout":"default","site-content-style":"default","site-sidebar-style":"default","ast-global-header-display":"","ast-banner-title-visibility":"","ast-main-header-display":"","ast-hfb-above-header-display":"","ast-hfb-below-header-display":"","ast-hfb-mobile-header-display":"","site-post-title":"","ast-breadcrumbs-content":"","ast-featured-img":"","footer-sml-layout":"","ast-disable-related-posts":"","theme-transparent-header-meta":"default","adv-header-id-meta":"","stick-header-meta":"default","header-above-stick-meta":"","header-main-stick-meta":"","header-below-stick-meta":"","astra-migrate-meta-layouts":"default","ast-page-background-enabled":"default","ast-page-background-meta":{"desktop":{"background-color":"var(--ast-global-color-4)","background-image":"","background-repeat":"repeat","background-position":"center center","background-size":"auto","background-attachment":"scroll","background-type":"","background-media":"","overlay-type":"","overlay-color":"","overlay-opacity":"","overlay-gradient":""},"tablet":{"background-color":"","background-image":"","background-repeat":"repeat","background-position":"center center","background-size":"auto","background-attachment":"scroll","background-type":"","background-media":"","overlay-type":"","overlay-color":"","overlay-opacity":"","overlay-gradient":""},"mobile":{"background-color":"","background-image":"","background-repeat":"repeat","background-position":"center center","background-size":"auto","background-attachment":"scroll","background-type":"","background-media":"","overlay-type":"","overlay-color":"","overlay-opacity":"","overlay-gradient":""}},"ast-content-background-meta":{"desktop":{"background-color":"var(--ast-global-color-5)","background-image":"","background-repeat":"repeat","background-position":"center center","background-size":"auto","background-attachment":"scroll","background-type":"","background-media":"","overlay-type":"","overlay-color":"","overlay-opacity":"","overlay-gradient":""},"tablet":{"background-color":"var(--ast-global-color-5)","background-image":"","background-repeat":"repeat","background-position":"center center","background-size":"auto","background-attachment":"scroll","background-type":"","background-media":"","overlay-type":"","overlay-color":"","overlay-opacity":"","overlay-gradient":""},"mobile":{"background-color":"var(--ast-global-color-5)","background-image":"","background-repeat":"repeat","background-position":"center center","background-size":"auto","background-attachment":"scroll","background-type":"","background-media":"","overlay-type":"","overlay-color":"","overlay-opacity":"","overlay-gradient":""}}},"product_brand":[2243],"product_cat":[1950,1983,2017],"product_tag":[],"class_list":{"0":"post-25517","1":"product","2":"type-product","3":"status-publish","4":"has-post-thumbnail","6":"product_brand-vallejo","7":"product_cat-colori","8":"product_cat-effetti","9":"product_cat-weathering-fx-vallejo","10":"desktop-align-left","11":"tablet-align-left","12":"mobile-align-left","13":"ast-product-gallery-layout-first-image-large","14":"ast-magnify-disabled","15":"ast-product-tabs-layout-accordion","17":"first","18":"instock","19":"taxable","20":"shipping-taxable","21":"purchasable","22":"product-type-simple"},"_links":{"self":[{"href":"https:\/\/craftyminis.com\/it\/wp-json\/wp\/v2\/product\/25517","targetHints":{"allow":["GET"]}}],"collection":[{"href":"https:\/\/craftyminis.com\/it\/wp-json\/wp\/v2\/product"}],"about":[{"href":"https:\/\/craftyminis.com\/it\/wp-json\/wp\/v2\/types\/product"}],"replies":[{"embeddable":true,"href":"https:\/\/craftyminis.com\/it\/wp-json\/wp\/v2\/comments?post=25517"}],"wp:featuredmedia":[{"embeddable":true,"href":"https:\/\/craftyminis.com\/it\/wp-json\/wp\/v2\/media\/25520"}],"wp:attachment":[{"href":"https:\/\/craftyminis.com\/it\/wp-json\/wp\/v2\/media?parent=25517"}],"wp:term":[{"taxonomy":"product_brand","embeddable":true,"href":"https:\/\/craftyminis.com\/it\/wp-json\/wp\/v2\/product_brand?post=25517"},{"taxonomy":"product_cat","embeddable":true,"href":"https:\/\/craftyminis.com\/it\/wp-json\/wp\/v2\/product_cat?post=25517"},{"taxonomy":"product_tag","embeddable":true,"href":"https:\/\/craftyminis.com\/it\/wp-json\/wp\/v2\/product_tag?post=25517"}],"curies":[{"name":"wp","href":"https:\/\/api.w.org\/{rel}","templated":true}]}}