{"id":25245,"date":"2024-04-18T17:22:40","date_gmt":"2024-04-18T16:22:40","guid":{"rendered":"https:\/\/craftyminis.com\/senza-categoria\/slime-grime-light-effect-73823-weathering-fx-vallejo\/"},"modified":"2024-04-18T17:22:40","modified_gmt":"2024-04-18T16:22:40","slug":"slime-grime-light-effect-73823-weathering-fx-vallejo","status":"publish","type":"product","link":"https:\/\/craftyminis.com\/it\/colori\/slime-grime-light-effect-73823-weathering-fx-vallejo\/","title":{"rendered":"Slime Grime Light 73823 Weathering FX Vallejo"},"content":{"rendered":"<div class=\"flex max-w-full flex-col flex-grow\">\n<div class=\"min-h-8 text-message flex w-full flex-col items-end gap-2 whitespace-normal break-words text-start [.text-message+&amp;]:mt-5\" dir=\"auto\" data-message-author-role=\"assistant\" data-message-id=\"dff1372c-8115-40b1-8340-34611218eaa7\" data-message-model-slug=\"gpt-4o\">\n<div class=\"flex w-full flex-col gap-1 empty:hidden first:pt-[3px]\">\n<div class=\"markdown prose w-full break-words dark:prose-invert light\">\n<p>Esplora gli effetti realistici dell&#8217;effetto <strong>Slime Grime Light<\/strong> di Vallejo. <strong>Weathering FX<\/strong> presenta la sua linea di effetti ambientali a base d&#8217;acqua, perfetta per modellisti che vogliono replicare autenticamente le condizioni naturali in modelli e diorami.<\/p>\n<p>Questo prodotto \u00e8 stato formulato meticolosamente per creare effetti visivi sorprendenti come macchie di umidit\u00e0, muschio sul legno e fango sulle rocce, permettendoti di raccontare storie visive coinvolgenti sulla vita operativa di ogni elemento modellato. Applicalo direttamente su qualsiasi superficie per risultati rapidi ed efficaci. Il suo tempo di asciugatura rapido garantisce flessibilit\u00e0 e un flusso di lavoro ininterrotto.<\/p>\n<p><strong>Informazioni di sicurezza e confezionamento:<\/strong><br \/>\nWeathering FX \u00e8 non infiammabile e privo di solventi. \u00c8 disponibile in flaconi da 40 ml progettati per un&#8217;applicazione facile con sprechi minimi. La pulizia degli strumenti \u00e8 semplice con acqua, garantendo un&#8217;esperienza di modellismo sicura ed efficiente.<\/p>\n<p><strong>Raccomandazioni per l&#8217;uso:<\/strong><br \/>\nGli effetti di umidit\u00e0 possono creare texture di melma e muffa, anche in aree esposte al sole. La tonalit\u00e0 pi\u00f9 chiara dello sporco \u00e8 ideale se combinata con Dark Wet Dirt per riprodurre un gradiente tonale dal chiaro allo scuro. Questa tecnica ti permette di simulare realisticamente la variazione e la profondit\u00e0 dell&#8217;umidit\u00e0 accumulata, adatta a tutti i tipi di superfici in diorami e modelli in scala.<\/p>\n<p>Aggiungi Effetto Luce Slime Grime di Vallejo al tuo kit di pittura e ricrea gli effetti dell&#8217;esposizione agli elementi e alla natura.<\/p>\n<\/div>\n<\/div>\n<\/div>\n<\/div>\n<div class=\"mb-2 flex gap-3 empty:hidden -ml-2\">\n<div class=\"items-center justify-start rounded-xl p-1 flex\">\n<div class=\"flex items-center\"><\/div>\n<\/div>\n<\/div>\n","protected":false},"excerpt":{"rendered":"<p>Scopri il Effetto Luce Slime Grime di Vallejo, progettato per simulare realisticamente la variazione e la profondit\u00e0 dell&#8217;<strong>umidit\u00e0 accumulata<\/strong>, adatto a tutti i tipi di superfici in diorami e modelli in scala.<\/p>\n","protected":false},"featured_media":25248,"comment_status":"open","ping_status":"closed","template":"","meta":{"site-sidebar-layout":"default","site-content-layout":"","ast-site-content-layout":"default","site-content-style":"default","site-sidebar-style":"default","ast-global-header-display":"","ast-banner-title-visibility":"","ast-main-header-display":"","ast-hfb-above-header-display":"","ast-hfb-below-header-display":"","ast-hfb-mobile-header-display":"","site-post-title":"","ast-breadcrumbs-content":"","ast-featured-img":"","footer-sml-layout":"","ast-disable-related-posts":"","theme-transparent-header-meta":"default","adv-header-id-meta":"","stick-header-meta":"default","header-above-stick-meta":"","header-main-stick-meta":"","header-below-stick-meta":"","astra-migrate-meta-layouts":"default","ast-page-background-enabled":"default","ast-page-background-meta":{"desktop":{"background-color":"var(--ast-global-color-4)","background-image":"","background-repeat":"repeat","background-position":"center center","background-size":"auto","background-attachment":"scroll","background-type":"","background-media":"","overlay-type":"","overlay-color":"","overlay-opacity":"","overlay-gradient":""},"tablet":{"background-color":"","background-image":"","background-repeat":"repeat","background-position":"center center","background-size":"auto","background-attachment":"scroll","background-type":"","background-media":"","overlay-type":"","overlay-color":"","overlay-opacity":"","overlay-gradient":""},"mobile":{"background-color":"","background-image":"","background-repeat":"repeat","background-position":"center center","background-size":"auto","background-attachment":"scroll","background-type":"","background-media":"","overlay-type":"","overlay-color":"","overlay-opacity":"","overlay-gradient":""}},"ast-content-background-meta":{"desktop":{"background-color":"var(--ast-global-color-5)","background-image":"","background-repeat":"repeat","background-position":"center center","background-size":"auto","background-attachment":"scroll","background-type":"","background-media":"","overlay-type":"","overlay-color":"","overlay-opacity":"","overlay-gradient":""},"tablet":{"background-color":"var(--ast-global-color-5)","background-image":"","background-repeat":"repeat","background-position":"center center","background-size":"auto","background-attachment":"scroll","background-type":"","background-media":"","overlay-type":"","overlay-color":"","overlay-opacity":"","overlay-gradient":""},"mobile":{"background-color":"var(--ast-global-color-5)","background-image":"","background-repeat":"repeat","background-position":"center center","background-size":"auto","background-attachment":"scroll","background-type":"","background-media":"","overlay-type":"","overlay-color":"","overlay-opacity":"","overlay-gradient":""}}},"product_brand":[2243],"product_cat":[1950,1983,2017],"product_tag":[],"class_list":{"0":"post-25245","1":"product","2":"type-product","3":"status-publish","4":"has-post-thumbnail","6":"product_brand-vallejo","7":"product_cat-colori","8":"product_cat-effetti","9":"product_cat-weathering-fx-vallejo","10":"desktop-align-left","11":"tablet-align-left","12":"mobile-align-left","13":"ast-product-gallery-layout-first-image-large","14":"ast-magnify-disabled","15":"ast-product-tabs-layout-accordion","17":"first","18":"instock","19":"taxable","20":"shipping-taxable","21":"purchasable","22":"product-type-simple"},"_links":{"self":[{"href":"https:\/\/craftyminis.com\/it\/wp-json\/wp\/v2\/product\/25245","targetHints":{"allow":["GET"]}}],"collection":[{"href":"https:\/\/craftyminis.com\/it\/wp-json\/wp\/v2\/product"}],"about":[{"href":"https:\/\/craftyminis.com\/it\/wp-json\/wp\/v2\/types\/product"}],"replies":[{"embeddable":true,"href":"https:\/\/craftyminis.com\/it\/wp-json\/wp\/v2\/comments?post=25245"}],"wp:featuredmedia":[{"embeddable":true,"href":"https:\/\/craftyminis.com\/it\/wp-json\/wp\/v2\/media\/25248"}],"wp:attachment":[{"href":"https:\/\/craftyminis.com\/it\/wp-json\/wp\/v2\/media?parent=25245"}],"wp:term":[{"taxonomy":"product_brand","embeddable":true,"href":"https:\/\/craftyminis.com\/it\/wp-json\/wp\/v2\/product_brand?post=25245"},{"taxonomy":"product_cat","embeddable":true,"href":"https:\/\/craftyminis.com\/it\/wp-json\/wp\/v2\/product_cat?post=25245"},{"taxonomy":"product_tag","embeddable":true,"href":"https:\/\/craftyminis.com\/it\/wp-json\/wp\/v2\/product_tag?post=25245"}],"curies":[{"name":"wp","href":"https:\/\/api.w.org\/{rel}","templated":true}]}}