{"id":25165,"date":"2024-04-18T17:53:36","date_gmt":"2024-04-18T16:53:36","guid":{"rendered":"https:\/\/craftyminis.com\/senza-categoria\/vallejos-wet-effects-weathering-fx-vallejo\/"},"modified":"2024-04-18T17:53:36","modified_gmt":"2024-04-18T16:53:36","slug":"vallejos-wet-effects-weathering-fx-vallejo","status":"publish","type":"product","link":"https:\/\/craftyminis.com\/it\/colori\/vallejos-wet-effects-weathering-fx-vallejo\/","title":{"rendered":"Wet Effects 73828 Weathering FX Vallejo"},"content":{"rendered":"<p>Scopri gli effetti realistici ottenibili con Effetti Bagnati di Vallejo. Weathering FX presenta la sua linea a base d&#8217;acqua di effetti ambientali, ideale per modellisti che desiderano replicare autenticamente le condizioni naturali in modelli e diorami.<\/p>\n<p>Questo prodotto \u00e8 stato formulato meticolosamente per creare effetti visivi sorprendenti come macchie di umidit\u00e0, muschio sul legno e fango sulle rocce, permettendoti di creare narrazioni visive coinvolgenti sulla vita operativa di ogni elemento modellato. Pu\u00f2 essere applicato direttamente su qualsiasi superficie per risultati rapidi ed efficaci. Il suo tempo di asciugatura rapido garantisce un flusso di lavoro senza interruzioni.<\/p>\n<p><strong>Informazioni di sicurezza e confezionamento:<\/strong><br \/>\nWeathering FX \u00e8 non infiammabile e privo di solventi. \u00c8 disponibile in flaconi da 40 ml progettati per un&#8217;applicazione facile con sprechi minimi. La pulizia degli strumenti \u00e8 semplice con acqua, garantendo un&#8217;esperienza di modellismo sicura ed efficiente.<\/p>\n<p><strong>Raccomandazioni d&#8217;uso:<\/strong><br \/>\nWet Effects ricrea l&#8217;aspetto dell&#8217;umidit\u00e0 su modelli e diorami, aggiungendo un tocco di realismo a qualsiasi scena. Questo prodotto pu\u00f2 essere combinato con altri effetti della gamma per migliorare la sensazione di bagnato e profondit\u00e0, ottenendo una finitura pi\u00f9 dinamica e autentica per i tuoi progetti di modellismo.<\/p>\n<p>Aggiungi Effetti Bagnati di Vallejo al tuo kit di pittura e dai vita agli effetti dell&#8217;esposizione agli elementi naturali.<\/p>\n","protected":false},"excerpt":{"rendered":"<p>Esplora gli Effetti Bagnati di Vallejo, aggiungendo un tocco di realismo a qualsiasi scena. Questo prodotto pu\u00f2 essere combinato con altri effetti della gamma per migliorare la sensazione di umidit\u00e0 e profondit\u00e0, ottenendo una finitura pi\u00f9 dinamica e autentica nei tuoi progetti di modellismo.<\/p>\n","protected":false},"featured_media":25168,"comment_status":"open","ping_status":"closed","template":"","meta":{"site-sidebar-layout":"default","site-content-layout":"","ast-site-content-layout":"default","site-content-style":"default","site-sidebar-style":"default","ast-global-header-display":"","ast-banner-title-visibility":"","ast-main-header-display":"","ast-hfb-above-header-display":"","ast-hfb-below-header-display":"","ast-hfb-mobile-header-display":"","site-post-title":"","ast-breadcrumbs-content":"","ast-featured-img":"","footer-sml-layout":"","ast-disable-related-posts":"","theme-transparent-header-meta":"default","adv-header-id-meta":"","stick-header-meta":"default","header-above-stick-meta":"","header-main-stick-meta":"","header-below-stick-meta":"","astra-migrate-meta-layouts":"default","ast-page-background-enabled":"default","ast-page-background-meta":{"desktop":{"background-color":"var(--ast-global-color-4)","background-image":"","background-repeat":"repeat","background-position":"center center","background-size":"auto","background-attachment":"scroll","background-type":"","background-media":"","overlay-type":"","overlay-color":"","overlay-opacity":"","overlay-gradient":""},"tablet":{"background-color":"","background-image":"","background-repeat":"repeat","background-position":"center center","background-size":"auto","background-attachment":"scroll","background-type":"","background-media":"","overlay-type":"","overlay-color":"","overlay-opacity":"","overlay-gradient":""},"mobile":{"background-color":"","background-image":"","background-repeat":"repeat","background-position":"center center","background-size":"auto","background-attachment":"scroll","background-type":"","background-media":"","overlay-type":"","overlay-color":"","overlay-opacity":"","overlay-gradient":""}},"ast-content-background-meta":{"desktop":{"background-color":"var(--ast-global-color-5)","background-image":"","background-repeat":"repeat","background-position":"center center","background-size":"auto","background-attachment":"scroll","background-type":"","background-media":"","overlay-type":"","overlay-color":"","overlay-opacity":"","overlay-gradient":""},"tablet":{"background-color":"var(--ast-global-color-5)","background-image":"","background-repeat":"repeat","background-position":"center center","background-size":"auto","background-attachment":"scroll","background-type":"","background-media":"","overlay-type":"","overlay-color":"","overlay-opacity":"","overlay-gradient":""},"mobile":{"background-color":"var(--ast-global-color-5)","background-image":"","background-repeat":"repeat","background-position":"center center","background-size":"auto","background-attachment":"scroll","background-type":"","background-media":"","overlay-type":"","overlay-color":"","overlay-opacity":"","overlay-gradient":""}}},"product_brand":[2243],"product_cat":[1950,1983,2017],"product_tag":[],"class_list":{"0":"post-25165","1":"product","2":"type-product","3":"status-publish","4":"has-post-thumbnail","6":"product_brand-vallejo","7":"product_cat-colori","8":"product_cat-effetti","9":"product_cat-weathering-fx-vallejo","10":"desktop-align-left","11":"tablet-align-left","12":"mobile-align-left","13":"ast-product-gallery-layout-first-image-large","14":"ast-magnify-disabled","15":"ast-product-tabs-layout-accordion","17":"first","18":"instock","19":"taxable","20":"shipping-taxable","21":"purchasable","22":"product-type-simple"},"_links":{"self":[{"href":"https:\/\/craftyminis.com\/it\/wp-json\/wp\/v2\/product\/25165","targetHints":{"allow":["GET"]}}],"collection":[{"href":"https:\/\/craftyminis.com\/it\/wp-json\/wp\/v2\/product"}],"about":[{"href":"https:\/\/craftyminis.com\/it\/wp-json\/wp\/v2\/types\/product"}],"replies":[{"embeddable":true,"href":"https:\/\/craftyminis.com\/it\/wp-json\/wp\/v2\/comments?post=25165"}],"wp:featuredmedia":[{"embeddable":true,"href":"https:\/\/craftyminis.com\/it\/wp-json\/wp\/v2\/media\/25168"}],"wp:attachment":[{"href":"https:\/\/craftyminis.com\/it\/wp-json\/wp\/v2\/media?parent=25165"}],"wp:term":[{"taxonomy":"product_brand","embeddable":true,"href":"https:\/\/craftyminis.com\/it\/wp-json\/wp\/v2\/product_brand?post=25165"},{"taxonomy":"product_cat","embeddable":true,"href":"https:\/\/craftyminis.com\/it\/wp-json\/wp\/v2\/product_cat?post=25165"},{"taxonomy":"product_tag","embeddable":true,"href":"https:\/\/craftyminis.com\/it\/wp-json\/wp\/v2\/product_tag?post=25165"}],"curies":[{"name":"wp","href":"https:\/\/api.w.org\/{rel}","templated":true}]}}