{"id":25099,"date":"2025-07-17T22:52:47","date_gmt":"2025-07-17T21:52:47","guid":{"rendered":"https:\/\/craftyminis.com\/senza-categoria\/vallejo-diorama-fx-pacific-blue-26203\/"},"modified":"2025-07-17T22:52:47","modified_gmt":"2025-07-17T21:52:47","slug":"vallejo-diorama-fx-pacific-blue-26203","status":"publish","type":"product","link":"https:\/\/craftyminis.com\/it\/colori\/vallejo-diorama-fx-pacific-blue-26203\/","title":{"rendered":"Vallejo Diorama FX \u2013 Pacific Blue (26203)"},"content":{"rendered":"<h4>Vallejo Diorama FX \u2013 Pacific Blue (26203): gel d&#8217;acqua realistico per diorami<\/h4>\n<p>Nella gamma <strong>Diorama FX<\/strong> di <strong>Vallejo<\/strong>, il prodotto <strong>Pacific Blue<\/strong> (26203) ti permette di ricreare acque profonde e vibranti con un realismo sorprendente nelle tue scene di modellismo. Questa linea offre tutto il necessario per simulare terreni ed effetti ambientali\u2014da strade polverose a neve, fango o acqua\u2014dando vita e contesto ai tuoi progetti. Tutti i prodotti Diorama FX sono a base acrilica, <strong>non infiammabili e privi di solventi<\/strong>, e si applicano facilmente con pennelli, spatole o spugne.<\/p>\n<p>Il <strong>Pacific Blue Vallejo (26203)<\/strong> \u00e8 un gel blu denso la cui tonalit\u00e0 ricorda l&#8217;Oceano Pacifico. Grazie alla sua natura traslucida, \u00e8 meglio applicarlo su una base scura dipinta per esaltare la profondit\u00e0. Con una texture che permette di scolpire onde, increspature o superfici calme, asciuga in circa 24 ore, lasciando una finitura completamente trasparente e lucida.<\/p>\n<p>Perfetto per ricreare spiagge tropicali, fiumi oceanici, lagune profonde o scene marittime drammatiche. Scopri altri effetti nella <a href=\"https:\/\/craftyminis.com\/en\/paintings\/effects\/diorama-fx-vallejo\/\"><strong>categoria Diorama FX<\/strong><\/a> o esplora tutti i prodotti del <a href=\"https:\/\/craftyminis.com\/en\/brand\/vallejo\/\"><strong>marchio Vallejo<\/strong><\/a>.<\/p>\n<p><small>Consulta i dettagli tecnici completi sul <a href=\"https:\/\/acrylicosvallejo.com\/\" target=\"_blank\" rel=\"noopener\">sito ufficiale Vallejo<\/a>.<\/small><\/p>\n","protected":false},"excerpt":{"rendered":"<p><strong>Ricrea acqua profonda e vibrante con Vallejo Pacific Blue (26203). <\/strong>Gel traslucido, asciuga in 24\u202fh, ideale per spiagge, oceani e scene marittime nei diorami.<\/p>\n","protected":false},"featured_media":25100,"comment_status":"open","ping_status":"closed","template":"","meta":{"site-sidebar-layout":"default","site-content-layout":"","ast-site-content-layout":"default","site-content-style":"default","site-sidebar-style":"default","ast-global-header-display":"","ast-banner-title-visibility":"","ast-main-header-display":"","ast-hfb-above-header-display":"","ast-hfb-below-header-display":"","ast-hfb-mobile-header-display":"","site-post-title":"","ast-breadcrumbs-content":"","ast-featured-img":"","footer-sml-layout":"","ast-disable-related-posts":"","theme-transparent-header-meta":"default","adv-header-id-meta":"","stick-header-meta":"default","header-above-stick-meta":"","header-main-stick-meta":"","header-below-stick-meta":"","astra-migrate-meta-layouts":"default","ast-page-background-enabled":"default","ast-page-background-meta":{"desktop":{"background-color":"var(--ast-global-color-4)","background-image":"","background-repeat":"repeat","background-position":"center center","background-size":"auto","background-attachment":"scroll","background-type":"","background-media":"","overlay-type":"","overlay-color":"","overlay-opacity":"","overlay-gradient":""},"tablet":{"background-color":"","background-image":"","background-repeat":"repeat","background-position":"center center","background-size":"auto","background-attachment":"scroll","background-type":"","background-media":"","overlay-type":"","overlay-color":"","overlay-opacity":"","overlay-gradient":""},"mobile":{"background-color":"","background-image":"","background-repeat":"repeat","background-position":"center center","background-size":"auto","background-attachment":"scroll","background-type":"","background-media":"","overlay-type":"","overlay-color":"","overlay-opacity":"","overlay-gradient":""}},"ast-content-background-meta":{"desktop":{"background-color":"var(--ast-global-color-5)","background-image":"","background-repeat":"repeat","background-position":"center center","background-size":"auto","background-attachment":"scroll","background-type":"","background-media":"","overlay-type":"","overlay-color":"","overlay-opacity":"","overlay-gradient":""},"tablet":{"background-color":"var(--ast-global-color-5)","background-image":"","background-repeat":"repeat","background-position":"center center","background-size":"auto","background-attachment":"scroll","background-type":"","background-media":"","overlay-type":"","overlay-color":"","overlay-opacity":"","overlay-gradient":""},"mobile":{"background-color":"var(--ast-global-color-5)","background-image":"","background-repeat":"repeat","background-position":"center center","background-size":"auto","background-attachment":"scroll","background-type":"","background-media":"","overlay-type":"","overlay-color":"","overlay-opacity":"","overlay-gradient":""}}},"product_brand":[2243],"product_cat":[1950,2003,1983],"product_tag":[],"class_list":{"0":"post-25099","1":"product","2":"type-product","3":"status-publish","4":"has-post-thumbnail","6":"product_brand-vallejo","7":"product_cat-colori","8":"product_cat-diorama-fx-vallejo","9":"product_cat-effetti","10":"desktop-align-left","11":"tablet-align-left","12":"mobile-align-left","13":"ast-product-gallery-layout-first-image-large","14":"ast-magnify-disabled","15":"ast-product-tabs-layout-accordion","17":"first","18":"instock","19":"taxable","20":"shipping-taxable","21":"purchasable","22":"product-type-simple"},"_links":{"self":[{"href":"https:\/\/craftyminis.com\/it\/wp-json\/wp\/v2\/product\/25099","targetHints":{"allow":["GET"]}}],"collection":[{"href":"https:\/\/craftyminis.com\/it\/wp-json\/wp\/v2\/product"}],"about":[{"href":"https:\/\/craftyminis.com\/it\/wp-json\/wp\/v2\/types\/product"}],"replies":[{"embeddable":true,"href":"https:\/\/craftyminis.com\/it\/wp-json\/wp\/v2\/comments?post=25099"}],"wp:featuredmedia":[{"embeddable":true,"href":"https:\/\/craftyminis.com\/it\/wp-json\/wp\/v2\/media\/25100"}],"wp:attachment":[{"href":"https:\/\/craftyminis.com\/it\/wp-json\/wp\/v2\/media?parent=25099"}],"wp:term":[{"taxonomy":"product_brand","embeddable":true,"href":"https:\/\/craftyminis.com\/it\/wp-json\/wp\/v2\/product_brand?post=25099"},{"taxonomy":"product_cat","embeddable":true,"href":"https:\/\/craftyminis.com\/it\/wp-json\/wp\/v2\/product_cat?post=25099"},{"taxonomy":"product_tag","embeddable":true,"href":"https:\/\/craftyminis.com\/it\/wp-json\/wp\/v2\/product_tag?post=25099"}],"curies":[{"name":"wp","href":"https:\/\/api.w.org\/{rel}","templated":true}]}}