{"id":24991,"date":"2025-07-18T07:21:20","date_gmt":"2025-07-18T06:21:20","guid":{"rendered":"https:\/\/craftyminis.com\/senza-categoria\/vallejo-diorama-fx-desert-sand-26217\/"},"modified":"2025-07-18T07:21:20","modified_gmt":"2025-07-18T06:21:20","slug":"vallejo-diorama-fx-desert-sand-26217","status":"publish","type":"product","link":"https:\/\/craftyminis.com\/it\/colori\/vallejo-diorama-fx-desert-sand-26217\/","title":{"rendered":"Vallejo Diorama FX \u2013 Desert Sand (26217)"},"content":{"rendered":"<h4>Vallejo Diorama FX \u2013 Desert Sand (26217): pasta per terreni realistici per diorami<\/h4>\n<p>Nella gamma <strong>Diorama FX<\/strong> di <strong>Vallejo<\/strong>, il prodotto <strong>Desert Sand<\/strong> (26217) si distingue per la fedele ricostruzione di terreni sabbiosi, caratteristici di spiagge, deserti o zone aride. Diorama FX offre ai modellisti tutto il necessario per simulare effetti variati\u2014da strade polverose a neve, fango e acqua\u2014aggiungendo realismo e profondit\u00e0 alle tue scene. Tutti i prodotti sono a base acrilica, <strong>non infiammabili e privi di solventi<\/strong>, garantendo un uso sicuro anche in ambienti chiusi, e una facile applicazione con pennelli, spatole o spugne.<\/p>\n<p>Grazie alla sua versatilit\u00e0, Diorama FX \u00e8 ideale sia per modelli in scala sia per basi di miniature in <strong>wargames<\/strong>, trattati come veri e propri diorami. Nella nostra <a href=\"https:\/\/craftyminis.com\/en\/paintings\/effects\/diorama-fx-vallejo\/\"><strong>categoria Diorama FX<\/strong><\/a> troverai tutti questi effetti specializzati, supportati dalla qualit\u00e0 del <a href=\"https:\/\/craftyminis.com\/en\/brand\/vallejo\/\"><strong>marchio Vallejo<\/strong><\/a>, leader nelle vernici e scenografie.<\/p>\n<p>Il <strong>Desert Sand Vallejo (26217)<\/strong> \u00e8 una pasta acrilica in una tonalit\u00e0 ocra chiara, con una **texture granulosa a viscosit\u00e0 media**, progettata per imitare sabbie secche in diorami costieri o desertici. Si distingue per il suo aspetto naturale e permette di aggiungere ghiaia fine o pigmenti per arricchire l\u2019effetto visivo. Si consiglia di applicarlo su una base pi\u00f9 scura per esaltare la profondit\u00e0, asciugando in circa 24 ore e offrendo un risultato solido e realistico. Perfetto per ricreare spiagge, sbarchi, scene desertiche o basi di paesaggi aridi.<\/p>\n<p><small>Consulta i dettagli tecnici completi sul <a href=\"https:\/\/acrylicosvallejo.com\/\" target=\"_blank\" rel=\"noopener\">sito ufficiale Vallejo<\/a>.<\/small><\/p>\n","protected":false},"excerpt":{"rendered":"<p><strong>Ricrea terreni sabbiosi realistici nei tuoi diorami con Vallejo Desert Sand (26217).<\/strong> Pasta acrilica granulare, asciuga in 24\u202fh, ideale per scene aride e costiere.<\/p>\n","protected":false},"featured_media":24992,"comment_status":"open","ping_status":"closed","template":"","meta":{"site-sidebar-layout":"default","site-content-layout":"","ast-site-content-layout":"default","site-content-style":"default","site-sidebar-style":"default","ast-global-header-display":"","ast-banner-title-visibility":"","ast-main-header-display":"","ast-hfb-above-header-display":"","ast-hfb-below-header-display":"","ast-hfb-mobile-header-display":"","site-post-title":"","ast-breadcrumbs-content":"","ast-featured-img":"","footer-sml-layout":"","ast-disable-related-posts":"","theme-transparent-header-meta":"default","adv-header-id-meta":"","stick-header-meta":"default","header-above-stick-meta":"","header-main-stick-meta":"","header-below-stick-meta":"","astra-migrate-meta-layouts":"default","ast-page-background-enabled":"default","ast-page-background-meta":{"desktop":{"background-color":"var(--ast-global-color-4)","background-image":"","background-repeat":"repeat","background-position":"center center","background-size":"auto","background-attachment":"scroll","background-type":"","background-media":"","overlay-type":"","overlay-color":"","overlay-opacity":"","overlay-gradient":""},"tablet":{"background-color":"","background-image":"","background-repeat":"repeat","background-position":"center center","background-size":"auto","background-attachment":"scroll","background-type":"","background-media":"","overlay-type":"","overlay-color":"","overlay-opacity":"","overlay-gradient":""},"mobile":{"background-color":"","background-image":"","background-repeat":"repeat","background-position":"center center","background-size":"auto","background-attachment":"scroll","background-type":"","background-media":"","overlay-type":"","overlay-color":"","overlay-opacity":"","overlay-gradient":""}},"ast-content-background-meta":{"desktop":{"background-color":"var(--ast-global-color-5)","background-image":"","background-repeat":"repeat","background-position":"center center","background-size":"auto","background-attachment":"scroll","background-type":"","background-media":"","overlay-type":"","overlay-color":"","overlay-opacity":"","overlay-gradient":""},"tablet":{"background-color":"var(--ast-global-color-5)","background-image":"","background-repeat":"repeat","background-position":"center center","background-size":"auto","background-attachment":"scroll","background-type":"","background-media":"","overlay-type":"","overlay-color":"","overlay-opacity":"","overlay-gradient":""},"mobile":{"background-color":"var(--ast-global-color-5)","background-image":"","background-repeat":"repeat","background-position":"center center","background-size":"auto","background-attachment":"scroll","background-type":"","background-media":"","overlay-type":"","overlay-color":"","overlay-opacity":"","overlay-gradient":""}}},"product_brand":[2243],"product_cat":[1950,2003,1983],"product_tag":[],"class_list":{"0":"post-24991","1":"product","2":"type-product","3":"status-publish","4":"has-post-thumbnail","6":"product_brand-vallejo","7":"product_cat-colori","8":"product_cat-diorama-fx-vallejo","9":"product_cat-effetti","10":"desktop-align-left","11":"tablet-align-left","12":"mobile-align-left","13":"ast-product-gallery-layout-first-image-large","14":"ast-magnify-disabled","15":"ast-product-tabs-layout-accordion","17":"first","18":"instock","19":"taxable","20":"shipping-taxable","21":"purchasable","22":"product-type-simple"},"_links":{"self":[{"href":"https:\/\/craftyminis.com\/it\/wp-json\/wp\/v2\/product\/24991","targetHints":{"allow":["GET"]}}],"collection":[{"href":"https:\/\/craftyminis.com\/it\/wp-json\/wp\/v2\/product"}],"about":[{"href":"https:\/\/craftyminis.com\/it\/wp-json\/wp\/v2\/types\/product"}],"replies":[{"embeddable":true,"href":"https:\/\/craftyminis.com\/it\/wp-json\/wp\/v2\/comments?post=24991"}],"wp:featuredmedia":[{"embeddable":true,"href":"https:\/\/craftyminis.com\/it\/wp-json\/wp\/v2\/media\/24992"}],"wp:attachment":[{"href":"https:\/\/craftyminis.com\/it\/wp-json\/wp\/v2\/media?parent=24991"}],"wp:term":[{"taxonomy":"product_brand","embeddable":true,"href":"https:\/\/craftyminis.com\/it\/wp-json\/wp\/v2\/product_brand?post=24991"},{"taxonomy":"product_cat","embeddable":true,"href":"https:\/\/craftyminis.com\/it\/wp-json\/wp\/v2\/product_cat?post=24991"},{"taxonomy":"product_tag","embeddable":true,"href":"https:\/\/craftyminis.com\/it\/wp-json\/wp\/v2\/product_tag?post=24991"}],"curies":[{"name":"wp","href":"https:\/\/api.w.org\/{rel}","templated":true}]}}