{"id":23849,"date":"2024-04-23T10:18:43","date_gmt":"2024-04-23T09:18:43","guid":{"rendered":"https:\/\/craftyminis.com\/senza-categoria\/stucco-di-armatura-tipo-acrilico-sep-sitename\/"},"modified":"2024-04-23T10:18:43","modified_gmt":"2024-04-23T09:18:43","slug":"stucco-di-armatura-tipo-acrilico-sep-sitename","status":"publish","type":"product","link":"https:\/\/craftyminis.com\/it\/accessori\/stucco\/stucco-di-armatura-tipo-acrilico-sep-sitename\/","title":{"rendered":"Arming Putty &#8211; Tipo Acrilico"},"content":{"rendered":"<p>Migliora i tuoi modelli con <strong>Arming Putty &#8211; Filler Acrilico per Assemblaggio<\/strong>.<\/p>\n<p>Questa stucco acrilico \u00e8 specificamente formulato per <strong>riempire e levigare giunti o imperfezioni<\/strong> in modelli e miniature. Confezionato in un tubo da 20 mL, \u00e8 facile da applicare con un pennello e pu\u00f2 essere diluito o pulito con acqua mentre \u00e8 ancora umido.<\/p>\n<p>Dopo un periodo di asciugatura di 24 ore, crea una <strong>superficie liscia e durevole<\/strong>, perfetta per carteggiare, incidere e dipingere, garantendo una finitura professionale per i tuoi progetti.<\/p>\n","protected":false},"excerpt":{"rendered":"<p>Stucco Arming &#8211; Stucco acrilico in tubo da 20 mL, facile da usare e perfetto per <strong>levigare giunti e imperfezioni<\/strong> sui modelli, pronto per essere dipinto una volta asciutto.<\/p>\n","protected":false},"featured_media":23434,"comment_status":"open","ping_status":"closed","template":"","meta":{"site-sidebar-layout":"default","site-content-layout":"","ast-site-content-layout":"default","site-content-style":"default","site-sidebar-style":"default","ast-global-header-display":"","ast-banner-title-visibility":"","ast-main-header-display":"","ast-hfb-above-header-display":"","ast-hfb-below-header-display":"","ast-hfb-mobile-header-display":"","site-post-title":"","ast-breadcrumbs-content":"","ast-featured-img":"","footer-sml-layout":"","ast-disable-related-posts":"","theme-transparent-header-meta":"default","adv-header-id-meta":"","stick-header-meta":"default","header-above-stick-meta":"","header-main-stick-meta":"","header-below-stick-meta":"","astra-migrate-meta-layouts":"default","ast-page-background-enabled":"default","ast-page-background-meta":{"desktop":{"background-color":"var(--ast-global-color-4)","background-image":"","background-repeat":"repeat","background-position":"center center","background-size":"auto","background-attachment":"scroll","background-type":"","background-media":"","overlay-type":"","overlay-color":"","overlay-opacity":"","overlay-gradient":""},"tablet":{"background-color":"","background-image":"","background-repeat":"repeat","background-position":"center center","background-size":"auto","background-attachment":"scroll","background-type":"","background-media":"","overlay-type":"","overlay-color":"","overlay-opacity":"","overlay-gradient":""},"mobile":{"background-color":"","background-image":"","background-repeat":"repeat","background-position":"center center","background-size":"auto","background-attachment":"scroll","background-type":"","background-media":"","overlay-type":"","overlay-color":"","overlay-opacity":"","overlay-gradient":""}},"ast-content-background-meta":{"desktop":{"background-color":"var(--ast-global-color-5)","background-image":"","background-repeat":"repeat","background-position":"center center","background-size":"auto","background-attachment":"scroll","background-type":"","background-media":"","overlay-type":"","overlay-color":"","overlay-opacity":"","overlay-gradient":""},"tablet":{"background-color":"var(--ast-global-color-5)","background-image":"","background-repeat":"repeat","background-position":"center center","background-size":"auto","background-attachment":"scroll","background-type":"","background-media":"","overlay-type":"","overlay-color":"","overlay-opacity":"","overlay-gradient":""},"mobile":{"background-color":"var(--ast-global-color-5)","background-image":"","background-repeat":"repeat","background-position":"center center","background-size":"auto","background-attachment":"scroll","background-type":"","background-media":"","overlay-type":"","overlay-color":"","overlay-opacity":"","overlay-gradient":""}}},"product_brand":[2183],"product_cat":[1696,1584,1697],"product_tag":[],"class_list":{"0":"post-23849","1":"product","2":"type-product","3":"status-publish","4":"has-post-thumbnail","6":"product_brand-ammo-mig-jimenez","7":"product_cat-stucco","8":"product_cat-accessori","9":"product_cat-stucco-ammo","10":"desktop-align-left","11":"tablet-align-left","12":"mobile-align-left","13":"ast-product-gallery-layout-first-image-large","14":"ast-product-gallery-with-no-image","15":"ast-magnify-disabled","16":"ast-product-tabs-layout-accordion","18":"first","19":"instock","20":"taxable","21":"shipping-taxable","22":"purchasable","23":"product-type-simple"},"_links":{"self":[{"href":"https:\/\/craftyminis.com\/it\/wp-json\/wp\/v2\/product\/23849","targetHints":{"allow":["GET"]}}],"collection":[{"href":"https:\/\/craftyminis.com\/it\/wp-json\/wp\/v2\/product"}],"about":[{"href":"https:\/\/craftyminis.com\/it\/wp-json\/wp\/v2\/types\/product"}],"replies":[{"embeddable":true,"href":"https:\/\/craftyminis.com\/it\/wp-json\/wp\/v2\/comments?post=23849"}],"wp:featuredmedia":[{"embeddable":true,"href":"https:\/\/craftyminis.com\/it\/wp-json\/wp\/v2\/media\/23434"}],"wp:attachment":[{"href":"https:\/\/craftyminis.com\/it\/wp-json\/wp\/v2\/media?parent=23849"}],"wp:term":[{"taxonomy":"product_brand","embeddable":true,"href":"https:\/\/craftyminis.com\/it\/wp-json\/wp\/v2\/product_brand?post=23849"},{"taxonomy":"product_cat","embeddable":true,"href":"https:\/\/craftyminis.com\/it\/wp-json\/wp\/v2\/product_cat?post=23849"},{"taxonomy":"product_tag","embeddable":true,"href":"https:\/\/craftyminis.com\/it\/wp-json\/wp\/v2\/product_tag?post=23849"}],"curies":[{"name":"wp","href":"https:\/\/api.w.org\/{rel}","templated":true}]}}