{"id":23459,"date":"2024-04-21T17:27:57","date_gmt":"2024-04-21T16:27:57","guid":{"rendered":"https:\/\/craftyminis.com\/senza-categoria\/deluxe-roket-rapid\/"},"modified":"2024-04-21T17:27:57","modified_gmt":"2024-04-21T16:27:57","slug":"deluxe-roket-rapid","status":"publish","type":"product","link":"https:\/\/craftyminis.com\/it\/accessori\/adesivi\/deluxe-roket-rapid\/","title":{"rendered":"Deluxe Roket Rapid"},"content":{"rendered":"<p>Massimizza l&#8217;efficienza con <strong>Deluxe Roket Rapid.<\/strong><\/p>\n<p>Questo adesivo cianoacrilato a viscosit\u00e0 media \u00e8 di altissima qualit\u00e0, progettato per un incollaggio rapido con un tempo di presa da 5 a 10 secondi. \u00c8 perfetto per progetti che richiedono un&#8217;adesione forte e veloce. Basta applicare l&#8217;adesivo su una superficie, premere le parti insieme e ottenere un legame durevole in pochi secondi.<\/p>\n<p>Conservare questo prodotto in un luogo fresco, asciutto e buio per mantenere la sua efficacia.<\/p>\n<p>Confezionato in una bottiglia da 20 g, <strong>Deluxe Roket Rapid<\/strong> \u00e8 adatto per legno, metallo, plastiche rigide come stirene e PVC, nonch\u00e9 per schiume come EPO ed EPP.<\/p>\n","protected":false},"excerpt":{"rendered":"<p>Deluxe Roket Rapid, un <strong>adesivo cianoacrilico a media viscosit\u00e0<\/strong> con tempo di asciugatura ultra-rapido (<strong>5-10 secondi<\/strong>), perfetto per legno, metallo e plastiche rigide.<\/p>\n","protected":false},"featured_media":23460,"comment_status":"open","ping_status":"closed","template":"","meta":{"site-sidebar-layout":"default","site-content-layout":"","ast-site-content-layout":"default","site-content-style":"default","site-sidebar-style":"default","ast-global-header-display":"","ast-banner-title-visibility":"","ast-main-header-display":"","ast-hfb-above-header-display":"","ast-hfb-below-header-display":"","ast-hfb-mobile-header-display":"","site-post-title":"","ast-breadcrumbs-content":"","ast-featured-img":"","footer-sml-layout":"","ast-disable-related-posts":"","theme-transparent-header-meta":"default","adv-header-id-meta":"","stick-header-meta":"default","header-above-stick-meta":"","header-main-stick-meta":"","header-below-stick-meta":"","astra-migrate-meta-layouts":"default","ast-page-background-enabled":"default","ast-page-background-meta":{"desktop":{"background-color":"var(--ast-global-color-4)","background-image":"","background-repeat":"repeat","background-position":"center center","background-size":"auto","background-attachment":"scroll","background-type":"","background-media":"","overlay-type":"","overlay-color":"","overlay-opacity":"","overlay-gradient":""},"tablet":{"background-color":"","background-image":"","background-repeat":"repeat","background-position":"center center","background-size":"auto","background-attachment":"scroll","background-type":"","background-media":"","overlay-type":"","overlay-color":"","overlay-opacity":"","overlay-gradient":""},"mobile":{"background-color":"","background-image":"","background-repeat":"repeat","background-position":"center center","background-size":"auto","background-attachment":"scroll","background-type":"","background-media":"","overlay-type":"","overlay-color":"","overlay-opacity":"","overlay-gradient":""}},"ast-content-background-meta":{"desktop":{"background-color":"var(--ast-global-color-5)","background-image":"","background-repeat":"repeat","background-position":"center center","background-size":"auto","background-attachment":"scroll","background-type":"","background-media":"","overlay-type":"","overlay-color":"","overlay-opacity":"","overlay-gradient":""},"tablet":{"background-color":"var(--ast-global-color-5)","background-image":"","background-repeat":"repeat","background-position":"center center","background-size":"auto","background-attachment":"scroll","background-type":"","background-media":"","overlay-type":"","overlay-color":"","overlay-opacity":"","overlay-gradient":""},"mobile":{"background-color":"var(--ast-global-color-5)","background-image":"","background-repeat":"repeat","background-position":"center center","background-size":"auto","background-attachment":"scroll","background-type":"","background-media":"","overlay-type":"","overlay-color":"","overlay-opacity":"","overlay-gradient":""}}},"product_brand":[2191],"product_cat":[1588,1584,1602],"product_tag":[],"class_list":{"0":"post-23459","1":"product","2":"type-product","3":"status-publish","4":"has-post-thumbnail","6":"product_brand-deluxe-materials","7":"product_cat-adesivi","8":"product_cat-accessori","9":"product_cat-adesivi-deluxe-materials","10":"desktop-align-left","11":"tablet-align-left","12":"mobile-align-left","13":"ast-product-gallery-layout-first-image-large","14":"ast-product-gallery-with-no-image","15":"ast-magnify-disabled","16":"ast-product-tabs-layout-accordion","18":"first","19":"instock","20":"taxable","21":"shipping-taxable","22":"purchasable","23":"product-type-simple"},"_links":{"self":[{"href":"https:\/\/craftyminis.com\/it\/wp-json\/wp\/v2\/product\/23459","targetHints":{"allow":["GET"]}}],"collection":[{"href":"https:\/\/craftyminis.com\/it\/wp-json\/wp\/v2\/product"}],"about":[{"href":"https:\/\/craftyminis.com\/it\/wp-json\/wp\/v2\/types\/product"}],"replies":[{"embeddable":true,"href":"https:\/\/craftyminis.com\/it\/wp-json\/wp\/v2\/comments?post=23459"}],"wp:featuredmedia":[{"embeddable":true,"href":"https:\/\/craftyminis.com\/it\/wp-json\/wp\/v2\/media\/23460"}],"wp:attachment":[{"href":"https:\/\/craftyminis.com\/it\/wp-json\/wp\/v2\/media?parent=23459"}],"wp:term":[{"taxonomy":"product_brand","embeddable":true,"href":"https:\/\/craftyminis.com\/it\/wp-json\/wp\/v2\/product_brand?post=23459"},{"taxonomy":"product_cat","embeddable":true,"href":"https:\/\/craftyminis.com\/it\/wp-json\/wp\/v2\/product_cat?post=23459"},{"taxonomy":"product_tag","embeddable":true,"href":"https:\/\/craftyminis.com\/it\/wp-json\/wp\/v2\/product_tag?post=23459"}],"curies":[{"name":"wp","href":"https:\/\/api.w.org\/{rel}","templated":true}]}}