{"id":23231,"date":"2024-04-24T17:46:39","date_gmt":"2024-04-24T16:46:39","guid":{"rendered":"https:\/\/craftyminis.com\/senza-categoria\/dark-oxide-a-mig-0041\/"},"modified":"2024-04-24T17:46:39","modified_gmt":"2024-04-24T16:46:39","slug":"dark-oxide-a-mig-0041","status":"publish","type":"product","link":"https:\/\/craftyminis.com\/it\/colori\/dark-oxide-a-mig-0041\/","title":{"rendered":"Dark Oxide A.MIG-0041"},"content":{"rendered":"<p>Perfeziona le tue miniature e modelli con <strong>Dark Rust colore acrilico A.MIG-0041<br \/>\n<\/strong><\/p>\n<p>Questa vernice acrilica arancione opaca \u00e8 perfetta per catturare la texture e il colore delle tonalit\u00e0 di ruggine pi\u00f9 scure. La vernice pu\u00f2 essere usata da sola per ottenere una tonalit\u00e0 di ruggine vibrante, oppure miscelata con altri colori per creare una gamma completa di sfumature autentiche di ruggine.<\/p>\n<p>La sua formula ottimizzata consente un uso efficace sia con pennello che con aerografo, garantendo una copertura uniforme e precisa. La vernice, in flacone da 17 mL, include un effetto di riduzione della scala per assicurare che il colore appaia autentico sui modelli in scala. Solubile in acqua, inodore e non tossica, si consiglia l&#8217;uso di un diluente acrilico per una corretta diluizione.<\/p>\n<p>Asciuga completamente in 24 ore, garantendo una finitura durevole e professionale.<\/p>\n<p>Incorpora il colore acrilico Dark Rust di AMMO MIG nel tuo kit di vernici per migliorare <strong>dettaglio e realismo nelle tue miniature e diorami<\/strong>.<\/p>\n","protected":false},"excerpt":{"rendered":"<p>Vernice acrilica Dark Oxide 17 mL, ideale per <strong>modellismo militare e pittura di miniature<\/strong>, con formula ottimizzata per pennello e aerografo, effetto riduzione scala per un realismo migliorato.<\/p>\n","protected":false},"featured_media":23232,"comment_status":"open","ping_status":"closed","template":"","meta":{"site-sidebar-layout":"default","site-content-layout":"","ast-site-content-layout":"default","site-content-style":"default","site-sidebar-style":"default","ast-global-header-display":"","ast-banner-title-visibility":"","ast-main-header-display":"","ast-hfb-above-header-display":"","ast-hfb-below-header-display":"","ast-hfb-mobile-header-display":"","site-post-title":"","ast-breadcrumbs-content":"","ast-featured-img":"","footer-sml-layout":"","ast-disable-related-posts":"","theme-transparent-header-meta":"default","adv-header-id-meta":"","stick-header-meta":"default","header-above-stick-meta":"","header-main-stick-meta":"","header-below-stick-meta":"","astra-migrate-meta-layouts":"default","ast-page-background-enabled":"default","ast-page-background-meta":{"desktop":{"background-color":"var(--ast-global-color-4)","background-image":"","background-repeat":"repeat","background-position":"center center","background-size":"auto","background-attachment":"scroll","background-type":"","background-media":"","overlay-type":"","overlay-color":"","overlay-opacity":"","overlay-gradient":""},"tablet":{"background-color":"","background-image":"","background-repeat":"repeat","background-position":"center center","background-size":"auto","background-attachment":"scroll","background-type":"","background-media":"","overlay-type":"","overlay-color":"","overlay-opacity":"","overlay-gradient":""},"mobile":{"background-color":"","background-image":"","background-repeat":"repeat","background-position":"center center","background-size":"auto","background-attachment":"scroll","background-type":"","background-media":"","overlay-type":"","overlay-color":"","overlay-opacity":"","overlay-gradient":""}},"ast-content-background-meta":{"desktop":{"background-color":"var(--ast-global-color-5)","background-image":"","background-repeat":"repeat","background-position":"center center","background-size":"auto","background-attachment":"scroll","background-type":"","background-media":"","overlay-type":"","overlay-color":"","overlay-opacity":"","overlay-gradient":""},"tablet":{"background-color":"var(--ast-global-color-5)","background-image":"","background-repeat":"repeat","background-position":"center center","background-size":"auto","background-attachment":"scroll","background-type":"","background-media":"","overlay-type":"","overlay-color":"","overlay-opacity":"","overlay-gradient":""},"mobile":{"background-color":"var(--ast-global-color-5)","background-image":"","background-repeat":"repeat","background-position":"center center","background-size":"auto","background-attachment":"scroll","background-type":"","background-media":"","overlay-type":"","overlay-color":"","overlay-opacity":"","overlay-gradient":""}}},"product_brand":[2183],"product_cat":[1950,2122,2110],"product_tag":[],"class_list":{"0":"post-23231","1":"product","2":"type-product","3":"status-publish","4":"has-post-thumbnail","6":"product_brand-ammo-mig-jimenez","7":"product_cat-colori","8":"product_cat-a-mig-acrylics-ammo","9":"product_cat-colori-acrilici","10":"desktop-align-left","11":"tablet-align-left","12":"mobile-align-left","13":"ast-product-gallery-layout-first-image-large","14":"ast-product-gallery-with-no-image","15":"ast-magnify-disabled","16":"ast-product-tabs-layout-accordion","18":"first","19":"instock","20":"sale","21":"taxable","22":"shipping-taxable","23":"purchasable","24":"product-type-simple"},"_links":{"self":[{"href":"https:\/\/craftyminis.com\/it\/wp-json\/wp\/v2\/product\/23231","targetHints":{"allow":["GET"]}}],"collection":[{"href":"https:\/\/craftyminis.com\/it\/wp-json\/wp\/v2\/product"}],"about":[{"href":"https:\/\/craftyminis.com\/it\/wp-json\/wp\/v2\/types\/product"}],"replies":[{"embeddable":true,"href":"https:\/\/craftyminis.com\/it\/wp-json\/wp\/v2\/comments?post=23231"}],"wp:featuredmedia":[{"embeddable":true,"href":"https:\/\/craftyminis.com\/it\/wp-json\/wp\/v2\/media\/23232"}],"wp:attachment":[{"href":"https:\/\/craftyminis.com\/it\/wp-json\/wp\/v2\/media?parent=23231"}],"wp:term":[{"taxonomy":"product_brand","embeddable":true,"href":"https:\/\/craftyminis.com\/it\/wp-json\/wp\/v2\/product_brand?post=23231"},{"taxonomy":"product_cat","embeddable":true,"href":"https:\/\/craftyminis.com\/it\/wp-json\/wp\/v2\/product_cat?post=23231"},{"taxonomy":"product_tag","embeddable":true,"href":"https:\/\/craftyminis.com\/it\/wp-json\/wp\/v2\/product_tag?post=23231"}],"curies":[{"name":"wp","href":"https:\/\/api.w.org\/{rel}","templated":true}]}}