{"id":22863,"date":"2024-04-26T09:35:56","date_gmt":"2024-04-26T08:35:56","guid":{"rendered":"https:\/\/craftyminis.com\/senza-categoria\/fs-36375-light-gray-compass-ghost-a-mig-0203\/"},"modified":"2024-04-26T09:35:56","modified_gmt":"2024-04-26T08:35:56","slug":"fs-36375-light-gray-compass-ghost-a-mig-0203","status":"publish","type":"product","link":"https:\/\/craftyminis.com\/it\/colori\/fs-36375-light-gray-compass-ghost-a-mig-0203\/","title":{"rendered":"FS-36375 Light Gray Compass Ghost A.MIG-0203"},"content":{"rendered":"<p>Perfeziona le tue miniature e modelli in scala con <strong>colore acrilico <\/strong><strong>FS-36375 Light Gray Compass Ghost A.MIG-0203.<\/strong><\/p>\n<div class=\"flex flex-grow flex-col max-w-full\">\n<div class=\"min-h-[20px] text-message flex flex-col items-start gap-3 whitespace-pre-wrap break-words [.text-message+&amp;]:mt-5 overflow-x-auto\" dir=\"auto\" data-message-author-role=\"assistant\" data-message-id=\"a40ed529-1742-4a93-878a-21eb2b8a3a1c\">\n<div class=\"markdown prose w-full break-words dark:prose-invert light\">\n<p>Il Federal Standard 36375 \u00e8 un colore ampiamente utilizzato da varie forze aeree nel mondo, inclusa la USAF su velivoli come l&#8217;F-15 e l&#8217;A-10, la maggior parte degli aerei della Marina degli Stati Uniti e i primi modelli di aerei russi come MiG-21, MiG-23, MiG-25, MiG-31, Su-24 e Tu-22M. \u00c8 anche un colore predominante sulla maggior parte degli aerei dell&#8217;Aeronautica Israeliana. Inoltre, questa tonalit\u00e0 si adatta perfettamente a progetti di fantascienza, offrendo una finitura autentica e versatile a una variet\u00e0 di modelli.<\/p>\n<\/div>\n<\/div>\n<\/div>\n<p>La sua formula ottimizzata consente un uso efficace sia con pennello che con aerografo, garantendo una copertura uniforme e precisa. La vernice, in un barattolo da 17 mL, include un effetto di riduzione della scala per assicurare che il colore appaia autentico sui modelli in scala. Solubile in acqua, inodore e non tossica, si consiglia l&#8217;uso di un diluente acrilico per una corretta diluizione.<\/p>\n<p>Asciuga completamente entro 24 ore, garantendo una finitura durevole e professionale.<\/p>\n<p>Incorpora il colore acrilico FS-36375 Light Gray Compass Ghost di AMMO MIG nel tuo kit di vernici per migliorare il <strong>dettaglio e il realismo nelle tue miniature e diorami<\/strong>.<\/p>\n","protected":false},"excerpt":{"rendered":"<p>Vernice acrilica FS-36375 Light Gray Compass Ghost, 17 mL, ideale per <strong>modellismo militare e pittura di miniature<\/strong>, con una formula ottimizzata per pennello e aerografo, effetto di riduzione della scala per un realismo migliorato.<\/p>\n","protected":false},"featured_media":22864,"comment_status":"open","ping_status":"closed","template":"","meta":{"site-sidebar-layout":"default","site-content-layout":"","ast-site-content-layout":"default","site-content-style":"default","site-sidebar-style":"default","ast-global-header-display":"","ast-banner-title-visibility":"","ast-main-header-display":"","ast-hfb-above-header-display":"","ast-hfb-below-header-display":"","ast-hfb-mobile-header-display":"","site-post-title":"","ast-breadcrumbs-content":"","ast-featured-img":"","footer-sml-layout":"","ast-disable-related-posts":"","theme-transparent-header-meta":"default","adv-header-id-meta":"","stick-header-meta":"default","header-above-stick-meta":"","header-main-stick-meta":"","header-below-stick-meta":"","astra-migrate-meta-layouts":"default","ast-page-background-enabled":"default","ast-page-background-meta":{"desktop":{"background-color":"var(--ast-global-color-4)","background-image":"","background-repeat":"repeat","background-position":"center center","background-size":"auto","background-attachment":"scroll","background-type":"","background-media":"","overlay-type":"","overlay-color":"","overlay-opacity":"","overlay-gradient":""},"tablet":{"background-color":"","background-image":"","background-repeat":"repeat","background-position":"center center","background-size":"auto","background-attachment":"scroll","background-type":"","background-media":"","overlay-type":"","overlay-color":"","overlay-opacity":"","overlay-gradient":""},"mobile":{"background-color":"","background-image":"","background-repeat":"repeat","background-position":"center center","background-size":"auto","background-attachment":"scroll","background-type":"","background-media":"","overlay-type":"","overlay-color":"","overlay-opacity":"","overlay-gradient":""}},"ast-content-background-meta":{"desktop":{"background-color":"var(--ast-global-color-5)","background-image":"","background-repeat":"repeat","background-position":"center center","background-size":"auto","background-attachment":"scroll","background-type":"","background-media":"","overlay-type":"","overlay-color":"","overlay-opacity":"","overlay-gradient":""},"tablet":{"background-color":"var(--ast-global-color-5)","background-image":"","background-repeat":"repeat","background-position":"center center","background-size":"auto","background-attachment":"scroll","background-type":"","background-media":"","overlay-type":"","overlay-color":"","overlay-opacity":"","overlay-gradient":""},"mobile":{"background-color":"var(--ast-global-color-5)","background-image":"","background-repeat":"repeat","background-position":"center center","background-size":"auto","background-attachment":"scroll","background-type":"","background-media":"","overlay-type":"","overlay-color":"","overlay-opacity":"","overlay-gradient":""}}},"product_brand":[2183],"product_cat":[1950,2122,2110],"product_tag":[],"class_list":{"0":"post-22863","1":"product","2":"type-product","3":"status-publish","4":"has-post-thumbnail","6":"product_brand-ammo-mig-jimenez","7":"product_cat-colori","8":"product_cat-a-mig-acrylics-ammo","9":"product_cat-colori-acrilici","10":"desktop-align-left","11":"tablet-align-left","12":"mobile-align-left","13":"ast-product-gallery-layout-first-image-large","14":"ast-product-gallery-with-no-image","15":"ast-magnify-disabled","16":"ast-product-tabs-layout-accordion","18":"first","19":"instock","20":"sale","21":"taxable","22":"shipping-taxable","23":"purchasable","24":"product-type-simple"},"_links":{"self":[{"href":"https:\/\/craftyminis.com\/it\/wp-json\/wp\/v2\/product\/22863","targetHints":{"allow":["GET"]}}],"collection":[{"href":"https:\/\/craftyminis.com\/it\/wp-json\/wp\/v2\/product"}],"about":[{"href":"https:\/\/craftyminis.com\/it\/wp-json\/wp\/v2\/types\/product"}],"replies":[{"embeddable":true,"href":"https:\/\/craftyminis.com\/it\/wp-json\/wp\/v2\/comments?post=22863"}],"wp:featuredmedia":[{"embeddable":true,"href":"https:\/\/craftyminis.com\/it\/wp-json\/wp\/v2\/media\/22864"}],"wp:attachment":[{"href":"https:\/\/craftyminis.com\/it\/wp-json\/wp\/v2\/media?parent=22863"}],"wp:term":[{"taxonomy":"product_brand","embeddable":true,"href":"https:\/\/craftyminis.com\/it\/wp-json\/wp\/v2\/product_brand?post=22863"},{"taxonomy":"product_cat","embeddable":true,"href":"https:\/\/craftyminis.com\/it\/wp-json\/wp\/v2\/product_cat?post=22863"},{"taxonomy":"product_tag","embeddable":true,"href":"https:\/\/craftyminis.com\/it\/wp-json\/wp\/v2\/product_tag?post=22863"}],"curies":[{"name":"wp","href":"https:\/\/api.w.org\/{rel}","templated":true}]}}