{"id":22335,"date":"2024-12-30T16:26:15","date_gmt":"2024-12-30T15:26:15","guid":{"rendered":"https:\/\/craftyminis.com\/senza-categoria\/ijn-ija-aotake-ak11898-ak-interactive\/"},"modified":"2024-12-30T16:26:15","modified_gmt":"2024-12-30T15:26:15","slug":"ijn-ija-aotake-ak11898-ak-interactive","status":"publish","type":"product","link":"https:\/\/craftyminis.com\/it\/colori\/ijn-ija-aotake-ak11898-ak-interactive\/","title":{"rendered":"IJN\/IJA Aotake AK11898 AK Interactive"},"content":{"rendered":"<div class=\"flex max-w-full flex-col flex-grow\">\n<div class=\"min-h-8 text-message flex w-full flex-col items-end gap-2 whitespace-normal break-words text-start [.text-message+&amp;]:mt-5\" dir=\"auto\" data-message-author-role=\"assistant\" data-message-id=\"db673303-eb9e-4da6-a0fe-b224b63e6554\" data-message-model-slug=\"gpt-4o\">\n<div class=\"flex w-full flex-col gap-1 empty:hidden first:pt-[3px]\">\n<div class=\"markdown prose w-full break-words dark:prose-invert light\">\n<p>Migliora le tue miniature e modelli con il <strong>3GEN IJN\/IJA Aotake AK11898<\/strong> <strong>vernice acrilica<\/strong>.<\/p>\n<p>Scopri gli acrilici 3GEN, l&#8217;ultima innovazione nella formulazione delle vernici progettata specificamente per modellisti e artisti. Questa tecnologia avanzata garantisce una copertura eccezionale, un&#8217;adesione superiore e un&#8217;applicazione senza sforzo, sia con pennello che con aerografo. Perfetta per miniature, modelli e tutti i progetti di modellismo.<\/p>\n<p><strong>Caratteristiche principali:<\/strong><\/p>\n<ul>\n<li><strong>Copertura uniforme e alta pigmentazione:<\/strong> Progettata per offrire finiture precise preservando anche i dettagli pi\u00f9 fini.<\/li>\n<li><strong>Uso versatile:<\/strong> Ideale sia per tecniche a pennello che ad aerografo. Previene l&#8217;intasamento se diluita con il suo specifico diluente.<\/li>\n<li><strong>Formula non tossica:<\/strong> Sicura per gli utenti e rispettosa dell&#8217;ambiente.<\/li>\n<li><strong>Formulazione all&#8217;avanguardia:<\/strong> Garantisce risultati costanti e duraturi su varie superfici.<\/li>\n<\/ul>\n<p><strong>Consigli per l&#8217;uso:<\/strong><\/p>\n<p>Per risultati ottimali, usa un diluente dedicato per aerografo per mantenere le propriet\u00e0 della vernice. Assicurati che la superficie sia primerizzata in precedenza e applica strati sottili e uniformi per evidenziare i dettagli fini.<\/p>\n<p>La vernice acrilica 3GEN \u00e8 la scelta perfetta per i creatori che cercano qualit\u00e0, innovazione e facilit\u00e0 d&#8217;uso. Dai vita alle tue miniature e modelli con finiture professionali e durature.<\/p>\n<p>L&#8217;etichetta <strong>AIR<\/strong> identifica colori specifici per la pittura di Aeromobili di tutte le epoche.<\/p>\n<p>Toni molto speciali usati da diversi eserciti in periodi differenti (FS, RAL, ecc.).<\/p>\n<p>Porta i tuoi progetti al livello successivo con la <strong>3GEN IJN\/IJA Aotake AK11898 vernice acrilica<\/strong>. Ottieni risultati precisi e professionali in ogni dettaglio.<\/p>\n<\/div>\n<\/div>\n<\/div>\n<\/div>\n<div class=\"mb-2 flex gap-3 empty:hidden -ml-2\">\n<div class=\"items-center justify-start rounded-xl p-1 flex\">\n<div class=\"flex items-center\"><\/div>\n<\/div>\n<\/div>\n","protected":false},"excerpt":{"rendered":"<div class=\"flex max-w-full flex-col flex-grow\">\n<div class=\"min-h-8 text-message flex w-full flex-col items-end gap-2 whitespace-normal break-words text-start [.text-message+&amp;]:mt-5\" dir=\"auto\" data-message-author-role=\"assistant\" data-message-id=\"8112ca67-1b08-4592-b271-2e8ad4943a41\" data-message-model-slug=\"gpt-4o\">\n<div class=\"flex w-full flex-col gap-1 empty:hidden first:pt-[3px]\">\n<div class=\"markdown prose w-full break-words dark:prose-invert light\">\n<p><strong>3GEN IJN\/IJA Aotake Vernice Acrilica, 17 ml, progettata per modellisti e artisti esigenti.<\/strong> Una formula all&#8217;avanguardia, non tossica, con alta pigmentazione, copertura uniforme e eccellente adesione. Perfetta per applicazioni a pennello e aerografo, offre finiture professionali per miniature e modelli.<\/p>\n<\/div>\n<\/div>\n<\/div>\n<\/div>\n","protected":false},"featured_media":22336,"comment_status":"open","ping_status":"closed","template":"","meta":{"site-sidebar-layout":"default","site-content-layout":"","ast-site-content-layout":"default","site-content-style":"default","site-sidebar-style":"default","ast-global-header-display":"","ast-banner-title-visibility":"","ast-main-header-display":"","ast-hfb-above-header-display":"","ast-hfb-below-header-display":"","ast-hfb-mobile-header-display":"","site-post-title":"","ast-breadcrumbs-content":"","ast-featured-img":"","footer-sml-layout":"","ast-disable-related-posts":"","theme-transparent-header-meta":"default","adv-header-id-meta":"","stick-header-meta":"default","header-above-stick-meta":"","header-main-stick-meta":"","header-below-stick-meta":"","astra-migrate-meta-layouts":"default","ast-page-background-enabled":"default","ast-page-background-meta":{"desktop":{"background-color":"var(--ast-global-color-4)","background-image":"","background-repeat":"repeat","background-position":"center center","background-size":"auto","background-attachment":"scroll","background-type":"","background-media":"","overlay-type":"","overlay-color":"","overlay-opacity":"","overlay-gradient":""},"tablet":{"background-color":"","background-image":"","background-repeat":"repeat","background-position":"center center","background-size":"auto","background-attachment":"scroll","background-type":"","background-media":"","overlay-type":"","overlay-color":"","overlay-opacity":"","overlay-gradient":""},"mobile":{"background-color":"","background-image":"","background-repeat":"repeat","background-position":"center center","background-size":"auto","background-attachment":"scroll","background-type":"","background-media":"","overlay-type":"","overlay-color":"","overlay-opacity":"","overlay-gradient":""}},"ast-content-background-meta":{"desktop":{"background-color":"var(--ast-global-color-5)","background-image":"","background-repeat":"repeat","background-position":"center center","background-size":"auto","background-attachment":"scroll","background-type":"","background-media":"","overlay-type":"","overlay-color":"","overlay-opacity":"","overlay-gradient":""},"tablet":{"background-color":"var(--ast-global-color-5)","background-image":"","background-repeat":"repeat","background-position":"center center","background-size":"auto","background-attachment":"scroll","background-type":"","background-media":"","overlay-type":"","overlay-color":"","overlay-opacity":"","overlay-gradient":""},"mobile":{"background-color":"var(--ast-global-color-5)","background-image":"","background-repeat":"repeat","background-position":"center center","background-size":"auto","background-attachment":"scroll","background-type":"","background-media":"","overlay-type":"","overlay-color":"","overlay-opacity":"","overlay-gradient":""}}},"product_brand":[2179],"product_cat":[1950,2120,2110],"product_tag":[],"class_list":{"0":"post-22335","1":"product","2":"type-product","3":"status-publish","4":"has-post-thumbnail","6":"product_brand-ak-interactive","7":"product_cat-colori","8":"product_cat-3gen-acrylics-ak-interactive","9":"product_cat-colori-acrilici","10":"desktop-align-left","11":"tablet-align-left","12":"mobile-align-left","13":"ast-product-gallery-layout-first-image-large","14":"ast-product-gallery-with-no-image","15":"ast-magnify-disabled","16":"ast-product-tabs-layout-accordion","18":"first","19":"instock","20":"taxable","21":"shipping-taxable","22":"purchasable","23":"product-type-simple"},"_links":{"self":[{"href":"https:\/\/craftyminis.com\/it\/wp-json\/wp\/v2\/product\/22335","targetHints":{"allow":["GET"]}}],"collection":[{"href":"https:\/\/craftyminis.com\/it\/wp-json\/wp\/v2\/product"}],"about":[{"href":"https:\/\/craftyminis.com\/it\/wp-json\/wp\/v2\/types\/product"}],"replies":[{"embeddable":true,"href":"https:\/\/craftyminis.com\/it\/wp-json\/wp\/v2\/comments?post=22335"}],"wp:featuredmedia":[{"embeddable":true,"href":"https:\/\/craftyminis.com\/it\/wp-json\/wp\/v2\/media\/22336"}],"wp:attachment":[{"href":"https:\/\/craftyminis.com\/it\/wp-json\/wp\/v2\/media?parent=22335"}],"wp:term":[{"taxonomy":"product_brand","embeddable":true,"href":"https:\/\/craftyminis.com\/it\/wp-json\/wp\/v2\/product_brand?post=22335"},{"taxonomy":"product_cat","embeddable":true,"href":"https:\/\/craftyminis.com\/it\/wp-json\/wp\/v2\/product_cat?post=22335"},{"taxonomy":"product_tag","embeddable":true,"href":"https:\/\/craftyminis.com\/it\/wp-json\/wp\/v2\/product_tag?post=22335"}],"curies":[{"name":"wp","href":"https:\/\/api.w.org\/{rel}","templated":true}]}}