{"id":19804,"date":"2024-12-28T20:17:05","date_gmt":"2024-12-28T19:17:05","guid":{"rendered":"https:\/\/craftyminis.com\/senza-categoria\/cavalry-brown-70982-model-color-vallejo\/"},"modified":"2024-12-28T20:17:05","modified_gmt":"2024-12-28T19:17:05","slug":"cavalry-brown-70982-model-color-vallejo","status":"publish","type":"product","link":"https:\/\/craftyminis.com\/it\/colori\/cavalry-brown-70982-model-color-vallejo\/","title":{"rendered":"Cavalry Brown 70982 Model Color Vallejo"},"content":{"rendered":"<p>Perfeziona le tue miniature e modelli con <strong>Cavalleria Brown 70982 Vallejo Model Color vernice acrilica<\/strong>.<\/p>\n<p>Dai alle tue miniature e modelli una finitura professionale con <strong>Model Color<\/strong>, la scelta per modellisti esigenti.<\/p>\n<p>La gamma <strong>Model Color<\/strong> presenta una nuova formulazione che combina eccezionale fluidit\u00e0, alta opacit\u00e0 e una finitura opaca migliorata. Progettata per offrire risultati costanti e di alta qualit\u00e0, questa linea di vernici acriliche \u00e8 perfetta per miniature, modelli e qualsiasi progetto di modellismo.<\/p>\n<p><strong>Caratteristiche principali:<\/strong><\/p>\n<ul>\n<li><strong>Asciugatura rapida:<\/strong> I colori asciugano rapidamente, formando uno strato liscio e autolivellante che preserva anche i dettagli pi\u00f9 fini dei tuoi modelli.<\/li>\n<li><strong>Facile applicazione:<\/strong> Consigliata per l\u2019uso su superfici preparate, questa vernice garantisce una finitura pulita e uniforme.<\/li>\n<li><strong>Confezione pratica:<\/strong> I flaconi contagocce da 18 ml prevengono l\u2019evaporazione o l\u2019essiccazione della vernice, permettendoti di usare solo la quantit\u00e0 necessaria e conservare il resto a lungo.<\/li>\n<\/ul>\n<p><strong>Perch\u00e9 scegliere Model Color:<\/strong><br \/>\nQuesta gamma \u00e8 pensata per i modellisti, offrendo vernici affidabili e versatili. Che tu stia lavorando con un pennello su miniature dettagliate o coprendo superfici di modelli pi\u00f9 grandi, <strong>Model Color<\/strong> garantisce risultati precisi e professionali.<\/p>\n<p>Disponibile in un\u2019ampia variet\u00e0 di tonalit\u00e0, questa vernice \u00e8 ideale per tutti i tipi di progetti, da figure storiche a veicoli, edifici e diorami.<\/p>\n<p><strong>Consigli d\u2019uso:<\/strong><br \/>\nPer i migliori risultati, applica <strong>Model Color<\/strong> su una superficie preparata. Usa strati sottili e uniformi per massimizzare l\u2019adesione e preservare i dettagli intricati.<\/p>\n<p>Eleva i tuoi progetti di modellismo con la vernice acrilica Cavalleria Brown 70982 Vallejo. Perfetta per ottenere accuratezza storica e migliorare il dettaglio e il realismo delle tue miniature e diorami.<\/p>\n","protected":false},"excerpt":{"rendered":"<div class=\"flex max-w-full flex-col flex-grow\">\n<div class=\"min-h-8 text-message flex w-full flex-col items-end gap-2 whitespace-normal break-words text-start [.text-message+&amp;]:mt-5\" dir=\"auto\" data-message-author-role=\"assistant\" data-message-id=\"8112ca67-1b08-4592-b271-2e8ad4943a41\" data-message-model-slug=\"gpt-4o\">\n<div class=\"flex w-full flex-col gap-1 empty:hidden first:pt-[3px]\">\n<div class=\"markdown prose w-full break-words dark:prose-invert light\">\n<p><strong>Cavalry Brown Colore Acrilico per Modellismo (18 ml), perfetto per modelli e miniature.<\/strong> Caratterizzato da un&#8217;eccezionale fluidit\u00e0, alta opacit\u00e0 e una finitura opaca liscia che preserva i dettagli pi\u00f9 fini. Asciugatura rapida con confezione pratica a contagocce per un uso efficiente e una conservazione duratura.<\/p>\n<\/div>\n<\/div>\n<\/div>\n<\/div>\n","protected":false},"featured_media":19805,"comment_status":"open","ping_status":"closed","template":"","meta":{"site-sidebar-layout":"default","site-content-layout":"","ast-site-content-layout":"default","site-content-style":"default","site-sidebar-style":"default","ast-global-header-display":"","ast-banner-title-visibility":"","ast-main-header-display":"","ast-hfb-above-header-display":"","ast-hfb-below-header-display":"","ast-hfb-mobile-header-display":"","site-post-title":"","ast-breadcrumbs-content":"","ast-featured-img":"","footer-sml-layout":"","ast-disable-related-posts":"","theme-transparent-header-meta":"default","adv-header-id-meta":"","stick-header-meta":"default","header-above-stick-meta":"","header-main-stick-meta":"","header-below-stick-meta":"","astra-migrate-meta-layouts":"default","ast-page-background-enabled":"default","ast-page-background-meta":{"desktop":{"background-color":"var(--ast-global-color-4)","background-image":"","background-repeat":"repeat","background-position":"center center","background-size":"auto","background-attachment":"scroll","background-type":"","background-media":"","overlay-type":"","overlay-color":"","overlay-opacity":"","overlay-gradient":""},"tablet":{"background-color":"","background-image":"","background-repeat":"repeat","background-position":"center center","background-size":"auto","background-attachment":"scroll","background-type":"","background-media":"","overlay-type":"","overlay-color":"","overlay-opacity":"","overlay-gradient":""},"mobile":{"background-color":"","background-image":"","background-repeat":"repeat","background-position":"center center","background-size":"auto","background-attachment":"scroll","background-type":"","background-media":"","overlay-type":"","overlay-color":"","overlay-opacity":"","overlay-gradient":""}},"ast-content-background-meta":{"desktop":{"background-color":"var(--ast-global-color-5)","background-image":"","background-repeat":"repeat","background-position":"center center","background-size":"auto","background-attachment":"scroll","background-type":"","background-media":"","overlay-type":"","overlay-color":"","overlay-opacity":"","overlay-gradient":""},"tablet":{"background-color":"var(--ast-global-color-5)","background-image":"","background-repeat":"repeat","background-position":"center center","background-size":"auto","background-attachment":"scroll","background-type":"","background-media":"","overlay-type":"","overlay-color":"","overlay-opacity":"","overlay-gradient":""},"mobile":{"background-color":"var(--ast-global-color-5)","background-image":"","background-repeat":"repeat","background-position":"center center","background-size":"auto","background-attachment":"scroll","background-type":"","background-media":"","overlay-type":"","overlay-color":"","overlay-opacity":"","overlay-gradient":""}}},"product_brand":[2243],"product_cat":[1950,2110,2139],"product_tag":[],"class_list":{"0":"post-19804","1":"product","2":"type-product","3":"status-publish","4":"has-post-thumbnail","6":"product_brand-vallejo","7":"product_cat-colori","8":"product_cat-colori-acrilici","9":"product_cat-model-color-vallejo","10":"desktop-align-left","11":"tablet-align-left","12":"mobile-align-left","13":"ast-product-gallery-layout-first-image-large","14":"ast-product-gallery-with-no-image","15":"ast-magnify-disabled","16":"ast-product-tabs-layout-accordion","18":"first","19":"instock","20":"taxable","21":"shipping-taxable","22":"purchasable","23":"product-type-simple"},"_links":{"self":[{"href":"https:\/\/craftyminis.com\/it\/wp-json\/wp\/v2\/product\/19804","targetHints":{"allow":["GET"]}}],"collection":[{"href":"https:\/\/craftyminis.com\/it\/wp-json\/wp\/v2\/product"}],"about":[{"href":"https:\/\/craftyminis.com\/it\/wp-json\/wp\/v2\/types\/product"}],"replies":[{"embeddable":true,"href":"https:\/\/craftyminis.com\/it\/wp-json\/wp\/v2\/comments?post=19804"}],"wp:featuredmedia":[{"embeddable":true,"href":"https:\/\/craftyminis.com\/it\/wp-json\/wp\/v2\/media\/19805"}],"wp:attachment":[{"href":"https:\/\/craftyminis.com\/it\/wp-json\/wp\/v2\/media?parent=19804"}],"wp:term":[{"taxonomy":"product_brand","embeddable":true,"href":"https:\/\/craftyminis.com\/it\/wp-json\/wp\/v2\/product_brand?post=19804"},{"taxonomy":"product_cat","embeddable":true,"href":"https:\/\/craftyminis.com\/it\/wp-json\/wp\/v2\/product_cat?post=19804"},{"taxonomy":"product_tag","embeddable":true,"href":"https:\/\/craftyminis.com\/it\/wp-json\/wp\/v2\/product_tag?post=19804"}],"curies":[{"name":"wp","href":"https:\/\/api.w.org\/{rel}","templated":true}]}}