{"id":17999,"date":"2025-01-02T22:15:23","date_gmt":"2025-01-02T21:15:23","guid":{"rendered":"https:\/\/craftyminis.com\/senza-categoria\/leopard-2a4-135\/"},"modified":"2025-01-02T22:15:23","modified_gmt":"2025-01-02T21:15:23","slug":"leopard-2a4-135","status":"publish","type":"product","link":"https:\/\/craftyminis.com\/it\/kit-di-modellismo\/carri-armati\/leopard-2a4-135\/","title":{"rendered":"Leopard 2A4 &#8211; Italeri 1:35"},"content":{"rendered":"<p>Il<strong> Leopard 2A4<\/strong> entr\u00f2 in servizio alla fine degli anni &#8217;70 e all&#8217;inizio degli anni &#8217;80, guadagnandosi rapidamente il riconoscimento come uno dei carri armati da battaglia pi\u00f9 rinomati al mondo. Port\u00f2 una significativa modernizzazione all&#8217;esercito tedesco (&#8220;Bundeswehr&#8221;) e sostitu\u00ec il Leopard 1. Il suo armamento include un cannone a anima liscia Rheinmetall L\/55 da 120 mm.<\/p>\n<p>Nonostante la sua pesante corazza, il carro pu\u00f2 raggiungere velocit\u00e0 fino a 65 km\/h. Il suo design garantisce eccellenti prestazioni su vari terreni. Il Leopard 2A4 ampiamente utilizzato dispone di un avanzato sistema di controllo del fuoco e materiali moderni che ne migliorano le capacit\u00e0 protettive.<\/p>\n<p>Il Leopard 2 ha ottenuto un notevole successo commerciale in diversi paesi, tra cui Paesi Bassi, Turchia, Austria e Grecia.<\/p>\n<p>Questo kit di montaggio <strong>include decalcomanie per cinque versioni<\/strong>, istruzioni per la colorazione e nuove cingoli in gomma incollabili.<\/p>\n","protected":false},"excerpt":{"rendered":"<p>Un modello dettagliato del Leopard 2 A4, uno dei carri armati da battaglia pi\u00f9 rinomati al mondo. Include decalcomanie per <strong>5 versioni<\/strong>, istruzioni per i colori e cingoli in gomma incollabili.<\/p>\n<p>[paints_data]<\/p>\n","protected":false},"featured_media":18006,"comment_status":"open","ping_status":"closed","template":"","meta":{"site-sidebar-layout":"default","site-content-layout":"","ast-site-content-layout":"default","site-content-style":"default","site-sidebar-style":"default","ast-global-header-display":"","ast-banner-title-visibility":"","ast-main-header-display":"","ast-hfb-above-header-display":"","ast-hfb-below-header-display":"","ast-hfb-mobile-header-display":"","site-post-title":"","ast-breadcrumbs-content":"","ast-featured-img":"","footer-sml-layout":"","ast-disable-related-posts":"","theme-transparent-header-meta":"default","adv-header-id-meta":"","stick-header-meta":"default","header-above-stick-meta":"","header-main-stick-meta":"","header-below-stick-meta":"","astra-migrate-meta-layouts":"default","ast-page-background-enabled":"default","ast-page-background-meta":{"desktop":{"background-color":"var(--ast-global-color-4)","background-image":"","background-repeat":"repeat","background-position":"center center","background-size":"auto","background-attachment":"scroll","background-type":"","background-media":"","overlay-type":"","overlay-color":"","overlay-opacity":"","overlay-gradient":""},"tablet":{"background-color":"","background-image":"","background-repeat":"repeat","background-position":"center center","background-size":"auto","background-attachment":"scroll","background-type":"","background-media":"","overlay-type":"","overlay-color":"","overlay-opacity":"","overlay-gradient":""},"mobile":{"background-color":"","background-image":"","background-repeat":"repeat","background-position":"center center","background-size":"auto","background-attachment":"scroll","background-type":"","background-media":"","overlay-type":"","overlay-color":"","overlay-opacity":"","overlay-gradient":""}},"ast-content-background-meta":{"desktop":{"background-color":"var(--ast-global-color-5)","background-image":"","background-repeat":"repeat","background-position":"center center","background-size":"auto","background-attachment":"scroll","background-type":"","background-media":"","overlay-type":"","overlay-color":"","overlay-opacity":"","overlay-gradient":""},"tablet":{"background-color":"var(--ast-global-color-5)","background-image":"","background-repeat":"repeat","background-position":"center center","background-size":"auto","background-attachment":"scroll","background-type":"","background-media":"","overlay-type":"","overlay-color":"","overlay-opacity":"","overlay-gradient":""},"mobile":{"background-color":"var(--ast-global-color-5)","background-image":"","background-repeat":"repeat","background-position":"center center","background-size":"auto","background-attachment":"scroll","background-type":"","background-media":"","overlay-type":"","overlay-color":"","overlay-opacity":"","overlay-gradient":""}}},"product_brand":[2207],"product_cat":[1883,1884,1742],"product_tag":[],"class_list":{"0":"post-17999","1":"product","2":"type-product","3":"status-publish","4":"has-post-thumbnail","6":"product_brand-italeri","7":"product_cat-carri-armati","8":"product_cat-carri-armati-italeri","9":"product_cat-kit-di-modellismo","10":"desktop-align-left","11":"tablet-align-left","12":"mobile-align-left","13":"ast-product-gallery-layout-first-image-large","14":"ast-magnify-disabled","15":"ast-product-tabs-layout-accordion","17":"first","18":"instock","19":"taxable","20":"shipping-taxable","21":"purchasable","22":"product-type-simple"},"_links":{"self":[{"href":"https:\/\/craftyminis.com\/it\/wp-json\/wp\/v2\/product\/17999","targetHints":{"allow":["GET"]}}],"collection":[{"href":"https:\/\/craftyminis.com\/it\/wp-json\/wp\/v2\/product"}],"about":[{"href":"https:\/\/craftyminis.com\/it\/wp-json\/wp\/v2\/types\/product"}],"replies":[{"embeddable":true,"href":"https:\/\/craftyminis.com\/it\/wp-json\/wp\/v2\/comments?post=17999"}],"wp:featuredmedia":[{"embeddable":true,"href":"https:\/\/craftyminis.com\/it\/wp-json\/wp\/v2\/media\/18006"}],"wp:attachment":[{"href":"https:\/\/craftyminis.com\/it\/wp-json\/wp\/v2\/media?parent=17999"}],"wp:term":[{"taxonomy":"product_brand","embeddable":true,"href":"https:\/\/craftyminis.com\/it\/wp-json\/wp\/v2\/product_brand?post=17999"},{"taxonomy":"product_cat","embeddable":true,"href":"https:\/\/craftyminis.com\/it\/wp-json\/wp\/v2\/product_cat?post=17999"},{"taxonomy":"product_tag","embeddable":true,"href":"https:\/\/craftyminis.com\/it\/wp-json\/wp\/v2\/product_tag?post=17999"}],"curies":[{"name":"wp","href":"https:\/\/api.w.org\/{rel}","templated":true}]}}