{"id":17841,"date":"2025-01-06T09:13:28","date_gmt":"2025-01-06T08:13:28","guid":{"rendered":"https:\/\/craftyminis.com\/senza-categoria\/messerschmitt-bf109-g-6-tamiya-148\/"},"modified":"2025-01-06T09:13:28","modified_gmt":"2025-01-06T08:13:28","slug":"messerschmitt-bf109-g-6-tamiya-148","status":"publish","type":"product","link":"https:\/\/craftyminis.com\/it\/kit-di-modellismo\/messerschmitt-bf109-g-6-tamiya-148\/","title":{"rendered":"Messerschmitt BF109 G-6 &#8211; Tamiya 1:48"},"content":{"rendered":"<div class=\"flex max-w-full flex-col flex-grow\">\n<div class=\"min-h-8 text-message flex w-full flex-col items-end gap-2 whitespace-normal break-words text-start [.text-message+&amp;]:mt-5\" dir=\"auto\" data-message-author-role=\"assistant\" data-message-id=\"2d9e0ff9-65a3-4043-b742-fa8fbde119b9\" data-message-model-slug=\"gpt-4o\">\n<div class=\"flex w-full flex-col gap-1 empty:hidden first:pt-[3px]\">\n<div class=\"markdown prose w-full break-words dark:prose-invert light\">\n<div class=\"flex max-w-full flex-col flex-grow\">\n<div class=\"min-h-8 text-message flex w-full flex-col items-end gap-2 whitespace-normal break-words text-start [.text-message+&amp;]:mt-5\" dir=\"auto\" data-message-author-role=\"assistant\" data-message-id=\"23ac4595-bea1-4700-b3fb-d40dbaa5a21f\" data-message-model-slug=\"gpt-4o\">\n<div class=\"flex w-full flex-col gap-1 empty:hidden first:pt-[3px]\">\n<div class=\"markdown prose w-full break-words dark:prose-invert light\">\n<p><strong>Messerschmitt Bf109 G-6 in scala 1\/48<\/strong><\/p>\n<p>Il Messerschmitt Bf109 \u00e8 uno degli aerei da caccia pi\u00f9 iconici della Seconda Guerra Mondiale e l&#8217;aereo da combattimento pi\u00f9 prodotto nella storia, con oltre 30.000 esemplari costruiti. Tra le sue varianti, il modello G-6 si distingue come il pi\u00f9 numeroso, con circa 13.000 unit\u00e0. Progettato per contrastare aerei alleati sempre pi\u00f9 avanzati, il Bf109 G-6 era dotato del potente motore DB605 e di due mitragliatrici MG131 da 13mm, riconoscibili per le caratteristiche gobbe sulla carenatura, note come &#8220;Beule&#8221;. Alcune versioni erano inoltre equipaggiate con cannoni da 20mm montati sotto le ali, che ne aumentavano significativamente la potenza di fuoco. Questo modello ha operato sia sul fronte occidentale che su quello orientale, dimostrandosi particolarmente efficace contro gli aerei sovietici e rimanendo in servizio fino alla fine della guerra.<\/p>\n<p><strong>Caratteristiche del kit Messerschmitt Bf109 G-6:<\/strong><\/p>\n<ul>\n<li><strong>Scala:<\/strong> 1\/48.<\/li>\n<li><strong>Dimensioni:<\/strong> Lunghezza: 188mm, Apertura alare: 207mm.<\/li>\n<li>Motore DB605 altamente dettagliato, basato su ricerche approfondite sull&#8217;aereo reale.<\/li>\n<li>Parti opzionali per aggiungere gondole con cannoni da 20mm sotto le ali.<\/li>\n<li>Serbatoio carburante rimovibile fissato con tappi flessibili in poliuretano.<\/li>\n<li>Due opzioni per le prese d&#8217;aria: standard o con filtro antipolvere.<\/li>\n<li>Cockpit configurabile con armatura posteriore standard o &#8220;Galland panzer&#8221;.<\/li>\n<li>Pu\u00f2 essere assemblato con la cabina aperta o chiusa.<\/li>\n<li>Flap principali e flap radiatore regolabili.<\/li>\n<li>Include una figura del pilota seduto per maggiore realismo.<\/li>\n<li>Include tre opzioni di marcatura, adesivi per mascheratura della cabina e una guida colori per la verniciatura.<\/li>\n<\/ul>\n<\/div>\n<\/div>\n<\/div>\n<\/div>\n<\/div>\n<\/div>\n<\/div>\n<\/div>\n","protected":false},"excerpt":{"rendered":"<div class=\"flex max-w-full flex-col flex-grow\">\n<div class=\"min-h-8 text-message flex w-full flex-col items-end gap-2 whitespace-normal break-words text-start [.text-message+&amp;]:mt-5\" dir=\"auto\" data-message-author-role=\"assistant\" data-message-id=\"e327890b-e52b-428d-be6c-c7619ed41317\" data-message-model-slug=\"gpt-4o\">\n<div class=\"flex w-full flex-col gap-1 empty:hidden first:pt-[3px]\">\n<div class=\"markdown prose w-full break-words dark:prose-invert light\">\n<div class=\"flex max-w-full flex-col flex-grow\">\n<div class=\"min-h-8 text-message flex w-full flex-col items-end gap-2 whitespace-normal break-words text-start [.text-message+&amp;]:mt-5\" dir=\"auto\" data-message-author-role=\"assistant\" data-message-id=\"bf2e8976-46ca-41b5-86c3-80d6c99be9d7\" data-message-model-slug=\"gpt-4o\">\n<div class=\"flex w-full flex-col gap-1 empty:hidden first:pt-[3px]\">\n<div class=\"markdown prose w-full break-words dark:prose-invert light\">\n<div class=\"flex max-w-full flex-col flex-grow\">\n<div class=\"min-h-8 text-message flex w-full flex-col items-end gap-2 whitespace-normal break-words text-start [.text-message+&amp;]:mt-5\" dir=\"auto\" data-message-author-role=\"assistant\" data-message-id=\"1dbfcc70-0af1-4e21-9d7f-3fabab6c69fb\" data-message-model-slug=\"gpt-4o\">\n<div class=\"flex w-full flex-col gap-1 empty:hidden first:pt-[3px]\">\n<div class=\"markdown prose w-full break-words dark:prose-invert light\">\n<p>Scopri questo kit di montaggio altamente dettagliato del leggendario caccia Bf109 G-6. Include parti opzionali, un motore DB605 ricreato con precisione, una figura del pilota, tre opzioni di decalcomanie e altro ancora per un modello realistico e personalizzabile. Perfetto per gli appassionati di modelli storici.<\/p>\n<\/div>\n<\/div>\n<\/div>\n<\/div>\n<\/div>\n<\/div>\n<\/div>\n<\/div>\n<\/div>\n<\/div>\n<\/div>\n<\/div>\n<p>[paints_data]<\/p>\n","protected":false},"featured_media":17842,"comment_status":"open","ping_status":"closed","template":"","meta":{"site-sidebar-layout":"default","site-content-layout":"","ast-site-content-layout":"default","site-content-style":"default","site-sidebar-style":"default","ast-global-header-display":"","ast-banner-title-visibility":"","ast-main-header-display":"","ast-hfb-above-header-display":"","ast-hfb-below-header-display":"","ast-hfb-mobile-header-display":"","site-post-title":"","ast-breadcrumbs-content":"","ast-featured-img":"","footer-sml-layout":"","ast-disable-related-posts":"","theme-transparent-header-meta":"default","adv-header-id-meta":"","stick-header-meta":"default","header-above-stick-meta":"","header-main-stick-meta":"","header-below-stick-meta":"","astra-migrate-meta-layouts":"default","ast-page-background-enabled":"default","ast-page-background-meta":{"desktop":{"background-color":"var(--ast-global-color-4)","background-image":"","background-repeat":"repeat","background-position":"center center","background-size":"auto","background-attachment":"scroll","background-type":"","background-media":"","overlay-type":"","overlay-color":"","overlay-opacity":"","overlay-gradient":""},"tablet":{"background-color":"","background-image":"","background-repeat":"repeat","background-position":"center center","background-size":"auto","background-attachment":"scroll","background-type":"","background-media":"","overlay-type":"","overlay-color":"","overlay-opacity":"","overlay-gradient":""},"mobile":{"background-color":"","background-image":"","background-repeat":"repeat","background-position":"center center","background-size":"auto","background-attachment":"scroll","background-type":"","background-media":"","overlay-type":"","overlay-color":"","overlay-opacity":"","overlay-gradient":""}},"ast-content-background-meta":{"desktop":{"background-color":"var(--ast-global-color-5)","background-image":"","background-repeat":"repeat","background-position":"center center","background-size":"auto","background-attachment":"scroll","background-type":"","background-media":"","overlay-type":"","overlay-color":"","overlay-opacity":"","overlay-gradient":""},"tablet":{"background-color":"var(--ast-global-color-5)","background-image":"","background-repeat":"repeat","background-position":"center center","background-size":"auto","background-attachment":"scroll","background-type":"","background-media":"","overlay-type":"","overlay-color":"","overlay-opacity":"","overlay-gradient":""},"mobile":{"background-color":"var(--ast-global-color-5)","background-image":"","background-repeat":"repeat","background-position":"center center","background-size":"auto","background-attachment":"scroll","background-type":"","background-media":"","overlay-type":"","overlay-color":"","overlay-opacity":"","overlay-gradient":""}}},"product_brand":[2235],"product_cat":[1742,1746,1771,1758],"product_tag":[],"class_list":{"0":"post-17841","1":"product","2":"type-product","3":"status-publish","4":"has-post-thumbnail","6":"product_brand-tamiya","7":"product_cat-kit-di-modellismo","8":"product_cat-aerei","9":"product_cat-aerei-tamiya","10":"product_cat-aerei-militari-storici","11":"desktop-align-left","12":"tablet-align-left","13":"mobile-align-left","14":"ast-product-gallery-layout-first-image-large","15":"ast-magnify-disabled","16":"ast-product-tabs-layout-accordion","18":"first","19":"instock","20":"taxable","21":"shipping-taxable","22":"purchasable","23":"product-type-simple"},"_links":{"self":[{"href":"https:\/\/craftyminis.com\/it\/wp-json\/wp\/v2\/product\/17841","targetHints":{"allow":["GET"]}}],"collection":[{"href":"https:\/\/craftyminis.com\/it\/wp-json\/wp\/v2\/product"}],"about":[{"href":"https:\/\/craftyminis.com\/it\/wp-json\/wp\/v2\/types\/product"}],"replies":[{"embeddable":true,"href":"https:\/\/craftyminis.com\/it\/wp-json\/wp\/v2\/comments?post=17841"}],"wp:featuredmedia":[{"embeddable":true,"href":"https:\/\/craftyminis.com\/it\/wp-json\/wp\/v2\/media\/17842"}],"wp:attachment":[{"href":"https:\/\/craftyminis.com\/it\/wp-json\/wp\/v2\/media?parent=17841"}],"wp:term":[{"taxonomy":"product_brand","embeddable":true,"href":"https:\/\/craftyminis.com\/it\/wp-json\/wp\/v2\/product_brand?post=17841"},{"taxonomy":"product_cat","embeddable":true,"href":"https:\/\/craftyminis.com\/it\/wp-json\/wp\/v2\/product_cat?post=17841"},{"taxonomy":"product_tag","embeddable":true,"href":"https:\/\/craftyminis.com\/it\/wp-json\/wp\/v2\/product_tag?post=17841"}],"curies":[{"name":"wp","href":"https:\/\/api.w.org\/{rel}","templated":true}]}}