{"id":17194,"date":"2025-01-15T21:43:15","date_gmt":"2025-01-15T19:43:15","guid":{"rendered":"https:\/\/craftyminis.com\/senza-categoria\/mb-military-vehicle-vs-011-meng-model-135\/"},"modified":"2026-02-24T13:54:39","modified_gmt":"2026-02-24T12:54:39","slug":"mb-military-vehicle-vs-011-meng-model-135","status":"publish","type":"product","link":"https:\/\/craftyminis.com\/it\/kit-di-modellismo\/mb-military-vehicle-vs-011-meng-model-135\/","title":{"rendered":"MB Military Vehicle &#8211; Meng Model 1:35"},"content":{"rendered":"<div class=\"flex max-w-full flex-col flex-grow\">\n<div class=\"min-h-8 text-message flex w-full flex-col items-end gap-2 whitespace-normal break-words text-start [.text-message+&amp;]:mt-5\" dir=\"auto\" data-message-author-role=\"assistant\" data-message-id=\"ec58c06d-028f-4b4d-861b-187c6bf83d28\" data-message-model-slug=\"gpt-4o\">\n<div class=\"flex w-full flex-col gap-1 empty:hidden first:pt-[3px]\">\n<div class=\"markdown prose w-full break-words dark:prose-invert light\">\n<div class=\"flex max-w-full flex-col flex-grow\">\n<div class=\"min-h-8 text-message flex w-full flex-col items-end gap-2 whitespace-normal break-words text-start [.text-message+&amp;]:mt-5\" dir=\"auto\" data-message-author-role=\"assistant\" data-message-id=\"dba85688-f9bb-448b-a451-a3b85f4fc592\" data-message-model-slug=\"gpt-4o\">\n<div class=\"flex w-full flex-col gap-1 empty:hidden first:pt-[3px]\">\n<div class=\"markdown prose w-full break-words dark:prose-invert light\">\n<p>Il<strong> Veicolo Militare MB Meng Model VS 011<\/strong> \u00e8 un iconico veicolo militare fuoristrada che ha svolto un ruolo cruciale durante la Seconda Guerra Mondiale, noto per la sua versatilit\u00e0 e durata in vari scenari di combattimento. Il suo corpo verde oliva presenta le classiche marcature dell&#8217;esercito degli Stati Uniti, inclusa la famosa stella bianca e il nome \u201cSonny Boy.\u201d Questo robusto veicolo \u00e8 rapidamente diventato un punto di riferimento per la manovrabilit\u00e0 e l&#8217;affidabilit\u00e0 meccanica, grazie in parte al suo leggendario motore Go-Devil 441, che \u00e8 stato fondamentale nelle missioni di ricognizione e supporto.<\/p>\n<p>Questo <strong>kit di montaggio in scala 1:35<\/strong> riproduce meticolosamente i dettagli per offrire un&#8217;esperienza di assemblaggio realistica. Il kit include due tipi di mitragliatrici (M2 e M1919A4) con i loro supporti, oltre a strumenti da campo, permettendoti di ricreare tipiche situazioni di combattimento dell&#8217;epoca. Inoltre, la possibilit\u00e0 di ruotare indipendentemente ogni ruota anteriore aggiunge un tocco dinamico al progetto, mentre il parabrezza e le luci sono realizzati con parti trasparenti per una finitura pi\u00f9 autentica.<\/p>\n<p>Il <strong>Veicolo Militare MB Meng Model VS 011<\/strong> offre l&#8217;opportunit\u00e0 di rivivere la storia e l&#8217;emozione della Seconda Guerra Mondiale attraverso un modello fedele e coinvolgente, perfetto sia per i collezionisti che per gli appassionati di modellismo.<\/p>\n<\/div>\n<\/div>\n<\/div>\n<\/div>\n<\/div>\n<\/div>\n<\/div>\n<\/div>\n","protected":false},"excerpt":{"rendered":"<p>Scopri l&#8217;incredibile modello in scala 1:35 di un leggendario veicolo militare fuoristrada, con dettagli autentici e accessori accurati per il periodo\u2014perfetto per ricreare l&#8217;atmosfera della Seconda Guerra Mondiale.<br \/>\n[paints_data]<\/p>\n","protected":false},"featured_media":17195,"comment_status":"open","ping_status":"closed","template":"","meta":{"site-sidebar-layout":"default","site-content-layout":"","ast-site-content-layout":"default","site-content-style":"default","site-sidebar-style":"default","ast-global-header-display":"","ast-banner-title-visibility":"","ast-main-header-display":"","ast-hfb-above-header-display":"","ast-hfb-below-header-display":"","ast-hfb-mobile-header-display":"","site-post-title":"","ast-breadcrumbs-content":"","ast-featured-img":"","footer-sml-layout":"","ast-disable-related-posts":"","theme-transparent-header-meta":"default","adv-header-id-meta":"","stick-header-meta":"default","header-above-stick-meta":"","header-main-stick-meta":"","header-below-stick-meta":"","astra-migrate-meta-layouts":"default","ast-page-background-enabled":"default","ast-page-background-meta":{"desktop":{"background-color":"var(--ast-global-color-4)","background-image":"","background-repeat":"repeat","background-position":"center center","background-size":"auto","background-attachment":"scroll","background-type":"","background-media":"","overlay-type":"","overlay-color":"","overlay-opacity":"","overlay-gradient":""},"tablet":{"background-color":"","background-image":"","background-repeat":"repeat","background-position":"center center","background-size":"auto","background-attachment":"scroll","background-type":"","background-media":"","overlay-type":"","overlay-color":"","overlay-opacity":"","overlay-gradient":""},"mobile":{"background-color":"","background-image":"","background-repeat":"repeat","background-position":"center center","background-size":"auto","background-attachment":"scroll","background-type":"","background-media":"","overlay-type":"","overlay-color":"","overlay-opacity":"","overlay-gradient":""}},"ast-content-background-meta":{"desktop":{"background-color":"var(--ast-global-color-5)","background-image":"","background-repeat":"repeat","background-position":"center center","background-size":"auto","background-attachment":"scroll","background-type":"","background-media":"","overlay-type":"","overlay-color":"","overlay-opacity":"","overlay-gradient":""},"tablet":{"background-color":"var(--ast-global-color-5)","background-image":"","background-repeat":"repeat","background-position":"center center","background-size":"auto","background-attachment":"scroll","background-type":"","background-media":"","overlay-type":"","overlay-color":"","overlay-opacity":"","overlay-gradient":""},"mobile":{"background-color":"var(--ast-global-color-5)","background-image":"","background-repeat":"repeat","background-position":"center center","background-size":"auto","background-attachment":"scroll","background-type":"","background-media":"","overlay-type":"","overlay-color":"","overlay-opacity":"","overlay-gradient":""}}},"product_brand":[2211],"product_cat":[1742,1800,1802],"product_tag":[],"class_list":{"0":"post-17194","1":"product","2":"type-product","3":"status-publish","4":"has-post-thumbnail","6":"product_brand-meng-models","7":"product_cat-kit-di-modellismo","8":"product_cat-auto","9":"product_cat-auto-meng-models","10":"desktop-align-left","11":"tablet-align-left","12":"mobile-align-left","13":"ast-product-gallery-layout-first-image-large","14":"ast-product-gallery-with-no-image","15":"ast-magnify-disabled","16":"ast-product-tabs-layout-accordion","18":"first","19":"instock","20":"taxable","21":"shipping-taxable","22":"purchasable","23":"product-type-simple"},"_links":{"self":[{"href":"https:\/\/craftyminis.com\/it\/wp-json\/wp\/v2\/product\/17194","targetHints":{"allow":["GET"]}}],"collection":[{"href":"https:\/\/craftyminis.com\/it\/wp-json\/wp\/v2\/product"}],"about":[{"href":"https:\/\/craftyminis.com\/it\/wp-json\/wp\/v2\/types\/product"}],"replies":[{"embeddable":true,"href":"https:\/\/craftyminis.com\/it\/wp-json\/wp\/v2\/comments?post=17194"}],"wp:featuredmedia":[{"embeddable":true,"href":"https:\/\/craftyminis.com\/it\/wp-json\/wp\/v2\/media\/17195"}],"wp:attachment":[{"href":"https:\/\/craftyminis.com\/it\/wp-json\/wp\/v2\/media?parent=17194"}],"wp:term":[{"taxonomy":"product_brand","embeddable":true,"href":"https:\/\/craftyminis.com\/it\/wp-json\/wp\/v2\/product_brand?post=17194"},{"taxonomy":"product_cat","embeddable":true,"href":"https:\/\/craftyminis.com\/it\/wp-json\/wp\/v2\/product_cat?post=17194"},{"taxonomy":"product_tag","embeddable":true,"href":"https:\/\/craftyminis.com\/it\/wp-json\/wp\/v2\/product_tag?post=17194"}],"curies":[{"name":"wp","href":"https:\/\/api.w.org\/{rel}","templated":true}]}}